{"id":13355,"date":"2019-06-01T03:12:40","date_gmt":"2019-06-01T00:12:40","guid":{"rendered":"https:\/\/masterchem.fi\/product\/thinner-butyl-acetate-bt-5090\/"},"modified":"2019-06-01T03:12:40","modified_gmt":"2019-06-01T00:12:40","slug":"thinner-butyl-acetate-bt-5090","status":"publish","type":"product","link":"https:\/\/masterchem.fi\/en\/product\/thinner-butyl-acetate-bt-5090\/","title":{"rendered":"Thinner  Butyl acetate BT-5090"},"content":{"rendered":"<p><strong>Description: <\/strong><\/p>\n<p>Thinner Butyl acetate is a proprietary product of MasterChem. The purpose of its creation was the creation of a universal solvent for polyurethane paints and varnishes, as well as when used in nitrosystems that betray better spreading of materials on a varnished surface. This solvent is of medium volatility. The composition is a mixture of esters of glycols, acetates, aromatic solvents.<\/p>\n<p><strong>Application and use: <\/strong><\/p>\n<p>BT-5090 butyl acetate solvent is designed to reduce the viscosity of transparent or tinted polyurethane varnishes, as well as for paints before applying them in different ways. It can be used for washing various varnish-and-paint equipment. It is also used to maintain and reduce the viscosity of coatings for application by spraying or dipping processes.<\/p>\n<p>Tip: Store the product at a temperature between 0 \u00b0C and 35 \u00b0C and do not expose it to direct sunlight.<\/p>\n<p><strong>Properties:<\/strong><br \/>\nDensity: at 20 degrees C \u2013 0.86 g\/cm3 +-0.05<br \/>\nAppearance : Clear and Colorless Liquid<\/p>\n","protected":false},"excerpt":{"rendered":"<p>BT-5090 butyl acetate solvent is designed to reduce the viscosity of transparent or tinted polyurethane varnishes, as well as for paints before applying them in different ways. It can be used for washing various varnish-and-paint equipment. It is also used to maintain and reduce the viscosity of coatings for application by spraying or dipping processes.<\/p>\n","protected":false},"featured_media":6437,"template":"","meta":[],"product_brand":[],"product_cat":[199,205,208,209,210,201],"product_tag":[],"class_list":{"0":"post-13355","1":"product","2":"type-product","3":"status-publish","4":"has-post-thumbnail","6":"product_cat-all-products","7":"product_cat-metal-chemicals","8":"product_cat-wood-chemicals","9":"product_cat-construction-industry","10":"product_cat-road-painting","11":"product_cat-car-and-machine-chemicals","13":"first","14":"instock","15":"featured","16":"taxable","17":"shipping-taxable","18":"purchasable","19":"product-type-variable","20":"has-default-attributes","21":"rtwpvg-product"},"yoast_head":"<!-- This site is optimized with the Yoast SEO plugin v27.5 - https:\/\/yoast.com\/product\/yoast-seo-wordpress\/ -->\n<title>Thinner Butyl acetate BT-5090 - MasterChem | kemikaalien tuotanto ja myynti<\/title>\n<meta name=\"description\" content=\"Lahusti But\u00fc\u00fclatsetaat BT-5090 on v\u00e4ljat\u00f6\u00f6datud MasterChemi poolt. Eesm\u00e4rk oli luua pol\u00fcuretaanv\u00e4rvide ja \u2013 lakkide jaoks universaalne lahusti, samuti nitros\u00fcsteemides kasutamisel, mis n\u00f5uavad matejalide paremat laotamist lakitud pinnale.\" \/>\n<meta name=\"robots\" content=\"index, follow, max-snippet:-1, max-image-preview:large, max-video-preview:-1\" \/>\n<link rel=\"canonical\" href=\"https:\/\/masterchem.fi\/en\/product\/thinner-butyl-acetate-bt-5090\/\" \/>\n<meta property=\"og:locale\" content=\"en_US\" \/>\n<meta property=\"og:type\" content=\"article\" \/>\n<meta property=\"og:title\" content=\"Thinner Butyl acetate BT-5090 - MasterChem | kemikaalien tuotanto ja myynti\" \/>\n<meta property=\"og:description\" content=\"Lahusti But\u00fc\u00fclatsetaat BT-5090 on v\u00e4ljat\u00f6\u00f6datud MasterChemi poolt. Eesm\u00e4rk oli luua pol\u00fcuretaanv\u00e4rvide ja \u2013 lakkide jaoks universaalne lahusti, samuti nitros\u00fcsteemides kasutamisel, mis n\u00f5uavad matejalide paremat laotamist lakitud pinnale.\" \/>\n<meta property=\"og:url\" content=\"https:\/\/masterchem.fi\/en\/product\/thinner-butyl-acetate-bt-5090\/\" \/>\n<meta property=\"og:site_name\" content=\"MasterChem | kemikaalien tuotanto ja myynti\" \/>\n<meta name=\"twitter:card\" content=\"summary_large_image\" \/>\n<meta name=\"twitter:label1\" content=\"Est. reading time\" \/>\n\t<meta name=\"twitter:data1\" content=\"1 minute\" \/>\n<script type=\"application\/ld+json\" class=\"yoast-schema-graph\">{\"@context\":\"https:\\\/\\\/schema.org\",\"@graph\":[{\"@type\":\"WebPage\",\"@id\":\"https:\\\/\\\/masterchem.fi\\\/en\\\/product\\\/thinner-butyl-acetate-bt-5090\\\/\",\"url\":\"https:\\\/\\\/masterchem.fi\\\/en\\\/product\\\/thinner-butyl-acetate-bt-5090\\\/\",\"name\":\"Thinner Butyl acetate BT-5090 - MasterChem | kemikaalien tuotanto ja myynti\",\"isPartOf\":{\"@id\":\"https:\\\/\\\/masterchem.fi\\\/en\\\/#website\"},\"primaryImageOfPage\":{\"@id\":\"https:\\\/\\\/masterchem.fi\\\/en\\\/product\\\/thinner-butyl-acetate-bt-5090\\\/#primaryimage\"},\"image\":{\"@id\":\"https:\\\/\\\/masterchem.fi\\\/en\\\/product\\\/thinner-butyl-acetate-bt-5090\\\/#primaryimage\"},\"thumbnailUrl\":\"https:\\\/\\\/masterchem.fi\\\/wp-content\\\/uploads\\\/2019\\\/06\\\/Thinner-Butylacetate-BT-5090-1000L.jpg\",\"datePublished\":\"2019-06-01T00:12:40+00:00\",\"description\":\"Lahusti But\u00fc\u00fclatsetaat BT-5090 on v\u00e4ljat\u00f6\u00f6datud MasterChemi poolt. Eesm\u00e4rk oli luua pol\u00fcuretaanv\u00e4rvide ja \u2013 lakkide jaoks universaalne lahusti, samuti nitros\u00fcsteemides kasutamisel, mis n\u00f5uavad matejalide paremat laotamist lakitud pinnale.\",\"breadcrumb\":{\"@id\":\"https:\\\/\\\/masterchem.fi\\\/en\\\/product\\\/thinner-butyl-acetate-bt-5090\\\/#breadcrumb\"},\"inLanguage\":\"en-US\",\"potentialAction\":[{\"@type\":\"ReadAction\",\"target\":[\"https:\\\/\\\/masterchem.fi\\\/en\\\/product\\\/thinner-butyl-acetate-bt-5090\\\/\"]}]},{\"@type\":\"ImageObject\",\"inLanguage\":\"en-US\",\"@id\":\"https:\\\/\\\/masterchem.fi\\\/en\\\/product\\\/thinner-butyl-acetate-bt-5090\\\/#primaryimage\",\"url\":\"https:\\\/\\\/masterchem.fi\\\/wp-content\\\/uploads\\\/2019\\\/06\\\/Thinner-Butylacetate-BT-5090-1000L.jpg\",\"contentUrl\":\"https:\\\/\\\/masterchem.fi\\\/wp-content\\\/uploads\\\/2019\\\/06\\\/Thinner-Butylacetate-BT-5090-1000L.jpg\",\"width\":700,\"height\":700,\"caption\":\"Thinner Butylacetate BT-5090 1000L\"},{\"@type\":\"BreadcrumbList\",\"@id\":\"https:\\\/\\\/masterchem.fi\\\/en\\\/product\\\/thinner-butyl-acetate-bt-5090\\\/#breadcrumb\",\"itemListElement\":[{\"@type\":\"ListItem\",\"position\":1,\"name\":\"Home\",\"item\":\"https:\\\/\\\/masterchem.fi\\\/en\\\/\"},{\"@type\":\"ListItem\",\"position\":2,\"name\":\"Shop\",\"item\":\"https:\\\/\\\/masterchem.fi\\\/shop\\\/\"},{\"@type\":\"ListItem\",\"position\":3,\"name\":\"Thinner Butyl acetate BT-5090\"}]},{\"@type\":\"WebSite\",\"@id\":\"https:\\\/\\\/masterchem.fi\\\/en\\\/#website\",\"url\":\"https:\\\/\\\/masterchem.fi\\\/en\\\/\",\"name\":\"MasterChem | kemikaalien tuotanto ja myynti\",\"description\":\"t\u00f6\u00f6stuskemikaalide suurtarnija. Keemiatoodete tootmine.\",\"potentialAction\":[{\"@type\":\"SearchAction\",\"target\":{\"@type\":\"EntryPoint\",\"urlTemplate\":\"https:\\\/\\\/masterchem.fi\\\/en\\\/?s={search_term_string}\"},\"query-input\":{\"@type\":\"PropertyValueSpecification\",\"valueRequired\":true,\"valueName\":\"search_term_string\"}}],\"inLanguage\":\"en-US\"}]}<\/script>\n<!-- \/ Yoast SEO plugin. -->","yoast_head_json":{"title":"Thinner Butyl acetate BT-5090 - MasterChem | kemikaalien tuotanto ja myynti","description":"Lahusti But\u00fc\u00fclatsetaat BT-5090 on v\u00e4ljat\u00f6\u00f6datud MasterChemi poolt. Eesm\u00e4rk oli luua pol\u00fcuretaanv\u00e4rvide ja \u2013 lakkide jaoks universaalne lahusti, samuti nitros\u00fcsteemides kasutamisel, mis n\u00f5uavad matejalide paremat laotamist lakitud pinnale.","robots":{"index":"index","follow":"follow","max-snippet":"max-snippet:-1","max-image-preview":"max-image-preview:large","max-video-preview":"max-video-preview:-1"},"canonical":"https:\/\/masterchem.fi\/en\/product\/thinner-butyl-acetate-bt-5090\/","og_locale":"en_US","og_type":"article","og_title":"Thinner Butyl acetate BT-5090 - MasterChem | kemikaalien tuotanto ja myynti","og_description":"Lahusti But\u00fc\u00fclatsetaat BT-5090 on v\u00e4ljat\u00f6\u00f6datud MasterChemi poolt. Eesm\u00e4rk oli luua pol\u00fcuretaanv\u00e4rvide ja \u2013 lakkide jaoks universaalne lahusti, samuti nitros\u00fcsteemides kasutamisel, mis n\u00f5uavad matejalide paremat laotamist lakitud pinnale.","og_url":"https:\/\/masterchem.fi\/en\/product\/thinner-butyl-acetate-bt-5090\/","og_site_name":"MasterChem | kemikaalien tuotanto ja myynti","twitter_card":"summary_large_image","twitter_misc":{"Est. reading time":"1 minute"},"schema":{"@context":"https:\/\/schema.org","@graph":[{"@type":"WebPage","@id":"https:\/\/masterchem.fi\/en\/product\/thinner-butyl-acetate-bt-5090\/","url":"https:\/\/masterchem.fi\/en\/product\/thinner-butyl-acetate-bt-5090\/","name":"Thinner Butyl acetate BT-5090 - MasterChem | kemikaalien tuotanto ja myynti","isPartOf":{"@id":"https:\/\/masterchem.fi\/en\/#website"},"primaryImageOfPage":{"@id":"https:\/\/masterchem.fi\/en\/product\/thinner-butyl-acetate-bt-5090\/#primaryimage"},"image":{"@id":"https:\/\/masterchem.fi\/en\/product\/thinner-butyl-acetate-bt-5090\/#primaryimage"},"thumbnailUrl":"https:\/\/masterchem.fi\/wp-content\/uploads\/2019\/06\/Thinner-Butylacetate-BT-5090-1000L.jpg","datePublished":"2019-06-01T00:12:40+00:00","description":"Lahusti But\u00fc\u00fclatsetaat BT-5090 on v\u00e4ljat\u00f6\u00f6datud MasterChemi poolt. Eesm\u00e4rk oli luua pol\u00fcuretaanv\u00e4rvide ja \u2013 lakkide jaoks universaalne lahusti, samuti nitros\u00fcsteemides kasutamisel, mis n\u00f5uavad matejalide paremat laotamist lakitud pinnale.","breadcrumb":{"@id":"https:\/\/masterchem.fi\/en\/product\/thinner-butyl-acetate-bt-5090\/#breadcrumb"},"inLanguage":"en-US","potentialAction":[{"@type":"ReadAction","target":["https:\/\/masterchem.fi\/en\/product\/thinner-butyl-acetate-bt-5090\/"]}]},{"@type":"ImageObject","inLanguage":"en-US","@id":"https:\/\/masterchem.fi\/en\/product\/thinner-butyl-acetate-bt-5090\/#primaryimage","url":"https:\/\/masterchem.fi\/wp-content\/uploads\/2019\/06\/Thinner-Butylacetate-BT-5090-1000L.jpg","contentUrl":"https:\/\/masterchem.fi\/wp-content\/uploads\/2019\/06\/Thinner-Butylacetate-BT-5090-1000L.jpg","width":700,"height":700,"caption":"Thinner Butylacetate BT-5090 1000L"},{"@type":"BreadcrumbList","@id":"https:\/\/masterchem.fi\/en\/product\/thinner-butyl-acetate-bt-5090\/#breadcrumb","itemListElement":[{"@type":"ListItem","position":1,"name":"Home","item":"https:\/\/masterchem.fi\/en\/"},{"@type":"ListItem","position":2,"name":"Shop","item":"https:\/\/masterchem.fi\/shop\/"},{"@type":"ListItem","position":3,"name":"Thinner Butyl acetate BT-5090"}]},{"@type":"WebSite","@id":"https:\/\/masterchem.fi\/en\/#website","url":"https:\/\/masterchem.fi\/en\/","name":"MasterChem | kemikaalien tuotanto ja myynti","description":"t\u00f6\u00f6stuskemikaalide suurtarnija. Keemiatoodete tootmine.","potentialAction":[{"@type":"SearchAction","target":{"@type":"EntryPoint","urlTemplate":"https:\/\/masterchem.fi\/en\/?s={search_term_string}"},"query-input":{"@type":"PropertyValueSpecification","valueRequired":true,"valueName":"search_term_string"}}],"inLanguage":"en-US"}]}},"_links":{"self":[{"href":"https:\/\/masterchem.fi\/en\/wp-json\/wp\/v2\/product\/13355","targetHints":{"allow":["GET"]}}],"collection":[{"href":"https:\/\/masterchem.fi\/en\/wp-json\/wp\/v2\/product"}],"about":[{"href":"https:\/\/masterchem.fi\/en\/wp-json\/wp\/v2\/types\/product"}],"wp:featuredmedia":[{"embeddable":true,"href":"https:\/\/masterchem.fi\/en\/wp-json\/wp\/v2\/media\/6437"}],"wp:attachment":[{"href":"https:\/\/masterchem.fi\/en\/wp-json\/wp\/v2\/media?parent=13355"}],"wp:term":[{"taxonomy":"product_brand","embeddable":true,"href":"https:\/\/masterchem.fi\/en\/wp-json\/wp\/v2\/product_brand?post=13355"},{"taxonomy":"product_cat","embeddable":true,"href":"https:\/\/masterchem.fi\/en\/wp-json\/wp\/v2\/product_cat?post=13355"},{"taxonomy":"product_tag","embeddable":true,"href":"https:\/\/masterchem.fi\/en\/wp-json\/wp\/v2\/product_tag?post=13355"}],"curies":[{"name":"wp","href":"https:\/\/api.w.org\/{rel}","templated":true}]}}