{"id":16545,"date":"2025-09-05T14:28:18","date_gmt":"2025-09-05T11:28:19","guid":{"rendered":"https:\/\/masterchem.fi\/?post_type=product&#038;p=16545"},"modified":"2025-09-05T14:33:08","modified_gmt":"2025-09-05T11:33:08","slug":"food-rock-salt","status":"publish","type":"product","link":"https:\/\/masterchem.fi\/en\/product\/food-rock-salt\/","title":{"rendered":"Food rock salt"},"content":{"rendered":"<p><strong>Toidukivisool (1,0\u20130,16 mm)<\/strong><br \/>\nF\u00fc\u00fcsikalised omadused:<br \/>\nSool on enamasti naatriumkloriid (NaCl). Meresool ja kaevandussool v\u00f5ivad sisaldada mikroelemente. Kaevandussool on sageli rafineeritud. Soolakristallid on pooll\u00e4bipaistvad ja kuubikujulised; tavaliselt on nad valged, kuid lisandid v\u00f5ivad anda neile sinise v\u00f5i lillaka varjundi. Vees lahustununa eraldub naatriumkloriid Na+ ja Cl\u2212 ioonideks ning lahustuvus on 359 grammi liitri kohta. K\u00fclmadest lahustest kristalliseerub sool dih\u00fcdraadina NaCl\u00b72H2O. Naatriumkloriidi lahustel on puhta vee lahustest v\u00e4ga erinevad omadused; k\u00fclmumistemperatuur on \u221221,12 \u00b0C (\u22126,02 \u00b0F) 23,31 massiprotsendi soola puhul ja k\u00fcllastunud soolalahuse keemistemperatuur on umbes 108,7 \u00b0C (227,7 \u00b0F).<\/p>\n","protected":false},"excerpt":{"rendered":"<p>Tavakasutuses on sool mineraal, mis koosneb peamiselt naatriumkloriidist (NaCl). Toidus kasutamisel, eriti granuleeritud kujul, nimetatakse seda ametlikumalt lauasoolaks. Loodusliku kristallilise mineraali kujul on sool tuntud ka kivisoola v\u00f5i haliidina.<\/p>\n","protected":false},"featured_media":16552,"template":"","meta":[],"product_brand":[],"product_cat":[199,197,198,203],"product_tag":[],"class_list":{"0":"post-16545","1":"product","2":"type-product","3":"status-publish","4":"has-post-thumbnail","6":"product_cat-all-products","7":"product_cat-rehuteollisuus-en","8":"product_cat-food-industry","9":"product_cat-pharmaceutical-industry","11":"first","12":"instock","13":"taxable","14":"shipping-taxable","15":"purchasable","16":"product-type-variable","17":"has-default-attributes","18":"rtwpvg-product"},"yoast_head":"<!-- This site is optimized with the Yoast SEO plugin v27.2 - https:\/\/yoast.com\/product\/yoast-seo-wordpress\/ -->\n<title>Food rock salt - MasterChem | kemikaalien tuotanto ja myynti<\/title>\n<meta name=\"description\" content=\"\u00dcldkasutuses on sool mineraal, mis koosneb peamiselt naatriumkloriidist (NaCl). Toidus, eriti granuleeritud kujul, kasutatakse seda ametlikumalt lauasoolana.\" \/>\n<meta name=\"robots\" content=\"index, follow, max-snippet:-1, max-image-preview:large, max-video-preview:-1\" \/>\n<link rel=\"canonical\" href=\"https:\/\/masterchem.fi\/en\/product\/food-rock-salt\/\" \/>\n<meta property=\"og:locale\" content=\"en_US\" \/>\n<meta property=\"og:type\" content=\"article\" \/>\n<meta property=\"og:title\" content=\"Food rock salt - MasterChem | kemikaalien tuotanto ja myynti\" \/>\n<meta property=\"og:description\" content=\"\u00dcldkasutuses on sool mineraal, mis koosneb peamiselt naatriumkloriidist (NaCl). Toidus, eriti granuleeritud kujul, kasutatakse seda ametlikumalt lauasoolana.\" \/>\n<meta property=\"og:url\" content=\"https:\/\/masterchem.fi\/en\/product\/food-rock-salt\/\" \/>\n<meta property=\"og:site_name\" content=\"MasterChem | kemikaalien tuotanto ja myynti\" \/>\n<meta property=\"article:modified_time\" content=\"2025-09-05T11:33:08+00:00\" \/>\n<meta property=\"og:image\" content=\"https:\/\/masterchem.fi\/wp-content\/uploads\/2025\/09\/Peent-soogisoola-25kg-MasterChem.jpg\" \/>\n\t<meta property=\"og:image:width\" content=\"1000\" \/>\n\t<meta property=\"og:image:height\" content=\"1000\" \/>\n\t<meta property=\"og:image:type\" content=\"image\/jpeg\" \/>\n<meta name=\"twitter:card\" content=\"summary_large_image\" \/>\n<meta name=\"twitter:label1\" content=\"Est. reading time\" \/>\n\t<meta name=\"twitter:data1\" content=\"1 minute\" \/>\n<script type=\"application\/ld+json\" class=\"yoast-schema-graph\">{\"@context\":\"https:\/\/schema.org\",\"@graph\":[{\"@type\":\"WebPage\",\"@id\":\"https:\/\/masterchem.fi\/en\/product\/food-rock-salt\/\",\"url\":\"https:\/\/masterchem.fi\/en\/product\/food-rock-salt\/\",\"name\":\"Food rock salt - MasterChem | kemikaalien tuotanto ja myynti\",\"isPartOf\":{\"@id\":\"https:\/\/masterchem.fi\/en\/#website\"},\"primaryImageOfPage\":{\"@id\":\"https:\/\/masterchem.fi\/en\/product\/food-rock-salt\/#primaryimage\"},\"image\":{\"@id\":\"https:\/\/masterchem.fi\/en\/product\/food-rock-salt\/#primaryimage\"},\"thumbnailUrl\":\"https:\/\/masterchem.fi\/wp-content\/uploads\/2025\/09\/Peent-soogisoola-25kg-MasterChem.jpg\",\"datePublished\":\"2025-09-05T11:28:19+00:00\",\"dateModified\":\"2025-09-05T11:33:08+00:00\",\"description\":\"\u00dcldkasutuses on sool mineraal, mis koosneb peamiselt naatriumkloriidist (NaCl). Toidus, eriti granuleeritud kujul, kasutatakse seda ametlikumalt lauasoolana.\",\"breadcrumb\":{\"@id\":\"https:\/\/masterchem.fi\/en\/product\/food-rock-salt\/#breadcrumb\"},\"inLanguage\":\"en-US\",\"potentialAction\":[{\"@type\":\"ReadAction\",\"target\":[\"https:\/\/masterchem.fi\/en\/product\/food-rock-salt\/\"]}]},{\"@type\":\"ImageObject\",\"inLanguage\":\"en-US\",\"@id\":\"https:\/\/masterchem.fi\/en\/product\/food-rock-salt\/#primaryimage\",\"url\":\"https:\/\/masterchem.fi\/wp-content\/uploads\/2025\/09\/Peent-soogisoola-25kg-MasterChem.jpg\",\"contentUrl\":\"https:\/\/masterchem.fi\/wp-content\/uploads\/2025\/09\/Peent-soogisoola-25kg-MasterChem.jpg\",\"width\":1000,\"height\":1000,\"caption\":\"Food rock salt 25kg-MasterChem\"},{\"@type\":\"BreadcrumbList\",\"@id\":\"https:\/\/masterchem.fi\/en\/product\/food-rock-salt\/#breadcrumb\",\"itemListElement\":[{\"@type\":\"ListItem\",\"position\":1,\"name\":\"Home\",\"item\":\"https:\/\/masterchem.fi\/en\/\"},{\"@type\":\"ListItem\",\"position\":2,\"name\":\"Shop\",\"item\":\"https:\/\/masterchem.fi\/shop\/\"},{\"@type\":\"ListItem\",\"position\":3,\"name\":\"Food rock salt\"}]},{\"@type\":\"WebSite\",\"@id\":\"https:\/\/masterchem.fi\/en\/#website\",\"url\":\"https:\/\/masterchem.fi\/en\/\",\"name\":\"MasterChem | kemikaalien tuotanto ja myynti\",\"description\":\"t\u00f6\u00f6stuskemikaalide suurtarnija. Keemiatoodete tootmine.\",\"potentialAction\":[{\"@type\":\"SearchAction\",\"target\":{\"@type\":\"EntryPoint\",\"urlTemplate\":\"https:\/\/masterchem.fi\/en\/?s={search_term_string}\"},\"query-input\":{\"@type\":\"PropertyValueSpecification\",\"valueRequired\":true,\"valueName\":\"search_term_string\"}}],\"inLanguage\":\"en-US\"}]}<\/script>\n<!-- \/ Yoast SEO plugin. -->","yoast_head_json":{"title":"Food rock salt - MasterChem | kemikaalien tuotanto ja myynti","description":"\u00dcldkasutuses on sool mineraal, mis koosneb peamiselt naatriumkloriidist (NaCl). Toidus, eriti granuleeritud kujul, kasutatakse seda ametlikumalt lauasoolana.","robots":{"index":"index","follow":"follow","max-snippet":"max-snippet:-1","max-image-preview":"max-image-preview:large","max-video-preview":"max-video-preview:-1"},"canonical":"https:\/\/masterchem.fi\/en\/product\/food-rock-salt\/","og_locale":"en_US","og_type":"article","og_title":"Food rock salt - MasterChem | kemikaalien tuotanto ja myynti","og_description":"\u00dcldkasutuses on sool mineraal, mis koosneb peamiselt naatriumkloriidist (NaCl). Toidus, eriti granuleeritud kujul, kasutatakse seda ametlikumalt lauasoolana.","og_url":"https:\/\/masterchem.fi\/en\/product\/food-rock-salt\/","og_site_name":"MasterChem | kemikaalien tuotanto ja myynti","article_modified_time":"2025-09-05T11:33:08+00:00","og_image":[{"width":1000,"height":1000,"url":"https:\/\/masterchem.fi\/wp-content\/uploads\/2025\/09\/Peent-soogisoola-25kg-MasterChem.jpg","type":"image\/jpeg"}],"twitter_card":"summary_large_image","twitter_misc":{"Est. reading time":"1 minute"},"schema":{"@context":"https:\/\/schema.org","@graph":[{"@type":"WebPage","@id":"https:\/\/masterchem.fi\/en\/product\/food-rock-salt\/","url":"https:\/\/masterchem.fi\/en\/product\/food-rock-salt\/","name":"Food rock salt - MasterChem | kemikaalien tuotanto ja myynti","isPartOf":{"@id":"https:\/\/masterchem.fi\/en\/#website"},"primaryImageOfPage":{"@id":"https:\/\/masterchem.fi\/en\/product\/food-rock-salt\/#primaryimage"},"image":{"@id":"https:\/\/masterchem.fi\/en\/product\/food-rock-salt\/#primaryimage"},"thumbnailUrl":"https:\/\/masterchem.fi\/wp-content\/uploads\/2025\/09\/Peent-soogisoola-25kg-MasterChem.jpg","datePublished":"2025-09-05T11:28:19+00:00","dateModified":"2025-09-05T11:33:08+00:00","description":"\u00dcldkasutuses on sool mineraal, mis koosneb peamiselt naatriumkloriidist (NaCl). Toidus, eriti granuleeritud kujul, kasutatakse seda ametlikumalt lauasoolana.","breadcrumb":{"@id":"https:\/\/masterchem.fi\/en\/product\/food-rock-salt\/#breadcrumb"},"inLanguage":"en-US","potentialAction":[{"@type":"ReadAction","target":["https:\/\/masterchem.fi\/en\/product\/food-rock-salt\/"]}]},{"@type":"ImageObject","inLanguage":"en-US","@id":"https:\/\/masterchem.fi\/en\/product\/food-rock-salt\/#primaryimage","url":"https:\/\/masterchem.fi\/wp-content\/uploads\/2025\/09\/Peent-soogisoola-25kg-MasterChem.jpg","contentUrl":"https:\/\/masterchem.fi\/wp-content\/uploads\/2025\/09\/Peent-soogisoola-25kg-MasterChem.jpg","width":1000,"height":1000,"caption":"Food rock salt 25kg-MasterChem"},{"@type":"BreadcrumbList","@id":"https:\/\/masterchem.fi\/en\/product\/food-rock-salt\/#breadcrumb","itemListElement":[{"@type":"ListItem","position":1,"name":"Home","item":"https:\/\/masterchem.fi\/en\/"},{"@type":"ListItem","position":2,"name":"Shop","item":"https:\/\/masterchem.fi\/shop\/"},{"@type":"ListItem","position":3,"name":"Food rock salt"}]},{"@type":"WebSite","@id":"https:\/\/masterchem.fi\/en\/#website","url":"https:\/\/masterchem.fi\/en\/","name":"MasterChem | kemikaalien tuotanto ja myynti","description":"t\u00f6\u00f6stuskemikaalide suurtarnija. Keemiatoodete tootmine.","potentialAction":[{"@type":"SearchAction","target":{"@type":"EntryPoint","urlTemplate":"https:\/\/masterchem.fi\/en\/?s={search_term_string}"},"query-input":{"@type":"PropertyValueSpecification","valueRequired":true,"valueName":"search_term_string"}}],"inLanguage":"en-US"}]}},"_links":{"self":[{"href":"https:\/\/masterchem.fi\/en\/wp-json\/wp\/v2\/product\/16545","targetHints":{"allow":["GET"]}}],"collection":[{"href":"https:\/\/masterchem.fi\/en\/wp-json\/wp\/v2\/product"}],"about":[{"href":"https:\/\/masterchem.fi\/en\/wp-json\/wp\/v2\/types\/product"}],"wp:featuredmedia":[{"embeddable":true,"href":"https:\/\/masterchem.fi\/en\/wp-json\/wp\/v2\/media\/16552"}],"wp:attachment":[{"href":"https:\/\/masterchem.fi\/en\/wp-json\/wp\/v2\/media?parent=16545"}],"wp:term":[{"taxonomy":"product_brand","embeddable":true,"href":"https:\/\/masterchem.fi\/en\/wp-json\/wp\/v2\/product_brand?post=16545"},{"taxonomy":"product_cat","embeddable":true,"href":"https:\/\/masterchem.fi\/en\/wp-json\/wp\/v2\/product_cat?post=16545"},{"taxonomy":"product_tag","embeddable":true,"href":"https:\/\/masterchem.fi\/en\/wp-json\/wp\/v2\/product_tag?post=16545"}],"curies":[{"name":"wp","href":"https:\/\/api.w.org\/{rel}","templated":true}]}}