{"id":7147,"date":"2020-09-22T22:21:41","date_gmt":"2020-09-22T19:21:41","guid":{"rendered":"https:\/\/masterchem.fi\/om-foretaget\/"},"modified":"2024-02-28T14:40:37","modified_gmt":"2024-02-28T11:40:37","slug":"om-foretaget","status":"publish","type":"page","link":"https:\/\/masterchem.fi\/sv\/om-foretaget\/","title":{"rendered":"Om f\u00f6retaget"},"content":{"rendered":"<p>[vc_row][vc_column width=&#8221;1\/2&#8243; css=&#8221;.vc_custom_1558768868339{padding-right: 130px !important;}&#8221;][vc_custom_heading text=&#8221;MasterChem f\u00f6retagsfilosofi&#8221; font_container=&#8221;tag:h3|font_size:36|text_align:left&#8221; use_theme_fonts=&#8221;yes&#8221; css_animation=&#8221;fadeInLeft&#8221; css=&#8221;.vc_custom_1709119217179{margin-bottom: 50px !important;}&#8221;][vc_column_text css_animation=&#8221;fadeInLeft&#8221;]<\/p>\n<div class=\"vc_row wpb_row vc_row-fluid\">\n<div class=\"wpb_column vc_column_container vc_col-sm-12\">\n<div class=\"vc_column-inner \">\n<div class=\"wpb_wrapper\">\n<div class=\"wpb_text_column wpb_content_element \">\n<div class=\"wpb_wrapper\">\n<p>MasterChem v\u00e4gleds av en filosofi om h\u00e5llbara framsteg, innovation och excellens. Vi tror p\u00e5 att skapa v\u00e4rde inte bara genom v\u00e5ra h\u00f6gkvalitativa kemiska produkter utan ocks\u00e5 genom att uppr\u00e4tth\u00e5lla de h\u00f6gsta standarderna f\u00f6r milj\u00f6v\u00e5rd och s\u00e4kerhet. V\u00e5rt engagemang f\u00f6r kundn\u00f6jdhet driver oss att st\u00e4ndigt f\u00f6rb\u00e4ttra och skr\u00e4ddarsy v\u00e5ra l\u00f6sningar f\u00f6r att m\u00f6ta de olika behoven i de branscher vi betj\u00e4nar. Genom att fr\u00e4mja en kultur av ansvar och integritet str\u00e4var vi efter att vara en p\u00e5litlig partner i v\u00e5ra kunders framg\u00e5ng och en positiv kraft f\u00f6r global milj\u00f6v\u00e5rd.<\/p>\n<\/div>\n<\/div>\n<\/div>\n<\/div>\n<\/div>\n<\/div>\n<div class=\"vc_row wpb_row vc_row-fluid\">\n<div class=\"wpb_column vc_column_container vc_col-sm-3\">\n<div class=\"vc_column-inner \">\n<div class=\"wpb_wrapper\"><\/div>\n<\/div>\n<\/div>\n<\/div>\n<p>[\/vc_column_text][vc_custom_heading text=&#8221;MasterChem uppdragsbeskrivning&#8221; font_container=&#8221;tag:h3|font_size:36|text_align:left&#8221; use_theme_fonts=&#8221;yes&#8221; css_animation=&#8221;fadeInLeft&#8221; css=&#8221;.vc_custom_1709119304826{margin-bottom: 50px !important;}&#8221;][vc_column_text css_animation=&#8221;fadeInLeft&#8221;]<\/p>\n<div class=\"vc_row wpb_row vc_row-fluid\">\n<div class=\"wpb_column vc_column_container vc_col-sm-12\">\n<div class=\"vc_column-inner \">\n<div class=\"wpb_wrapper\">\n<div class=\"wpb_text_column wpb_content_element \">\n<div class=\"wpb_wrapper\">\n<p>P\u00e5 MasterChem \u00e4r v\u00e5rt uppdrag att st\u00e4rka industrier genom att tillhandah\u00e5lla h\u00f6gkvalitativa, milj\u00f6m\u00e4ssigt h\u00e5llbara kemiska l\u00f6sningar. Vi \u00e4r engagerade i innovation, spetskompetens och ansvarsfullt f\u00f6rvaltarskap i alla aspekter av v\u00e5r verksamhet &#8211; fr\u00e5n strategisk ink\u00f6p av r\u00e5varor till leverans av v\u00e5rt omfattande sortiment av kemikalier. V\u00e5rt m\u00e5l \u00e4r att f\u00f6rb\u00e4ttra effektiviteten och produktiviteten f\u00f6r v\u00e5ra kunder inom olika sektorer genom att tillhandah\u00e5lla p\u00e5litliga, konkurrenskraftiga kemiska produkter och tj\u00e4nster. Genom st\u00e4ndiga f\u00f6rb\u00e4ttringar och efterlevnad av de h\u00f6gsta s\u00e4kerhets- och milj\u00f6standarderna str\u00e4var vi efter att bidra positivt f\u00f6r v\u00e5rt samh\u00e4lle och planeten och fr\u00e4mjar en h\u00e5llbar framtid f\u00f6r alla.<\/p>\n<\/div>\n<\/div>\n<\/div>\n<\/div>\n<\/div>\n<\/div>\n<div class=\"vc_row wpb_row vc_row-fluid\">\n<div class=\"wpb_column vc_column_container vc_col-sm-3\">\n<div class=\"vc_column-inner \">\n<div class=\"wpb_wrapper\"><\/div>\n<\/div>\n<\/div>\n<\/div>\n<p>[\/vc_column_text][vc_custom_heading text=&#8221;Masterchem: v\u00e4nlig kemi&#8221; font_container=&#8221;tag:h3|font_size:36|text_align:left&#8221; use_theme_fonts=&#8221;yes&#8221; css_animation=&#8221;fadeInLeft&#8221; css=&#8221;.vc_custom_1600284336610{margin-bottom: 50px !important;}&#8221;][vc_column_text css_animation=&#8221;fadeInLeft&#8221;]<\/p>\n<div class=\"vc_row wpb_row vc_row-fluid\">\n<div class=\"wpb_column vc_column_container vc_col-sm-12\">\n<div class=\"vc_column-inner \">\n<div class=\"wpb_wrapper\">\n<div class=\"wpb_text_column wpb_content_element \">\n<div class=\"wpb_wrapper\">\n<p>V\u00e4lkommen till v\u00e5r webbplats, s\u00e4ger Masterchem &#8211; den estniska huvudleverant\u00f6ren av industriella kemikalier. Varf\u00f6r &#8220;v\u00e4nlig kemi&#8221;? F\u00f6rst och fr\u00e4mst bryr vi oss om milj\u00f6n och v\u00e5ra produkter har goda egenskaper n\u00e4r det g\u00e4ller milj\u00f6v\u00e4nlighet. F\u00f6r det andra &#8211; vi s\u00e4tter riktigt v\u00e4nliga priser f\u00f6r produkterna!<\/p>\n<\/div>\n<\/div>\n<\/div>\n<\/div>\n<\/div>\n<\/div>\n<p>[\/vc_column_text][vc_custom_heading text=&#8221;Masterchem \u00e4r ett mycket aktivt f\u00f6retag med stor erfarenhet&#8221; font_container=&#8221;tag:h3|font_size:36|text_align:left&#8221; use_theme_fonts=&#8221;yes&#8221; css_animation=&#8221;fadeInLeft&#8221; css=&#8221;.vc_custom_1600358275611{margin-bottom: 50px !important;}&#8221;][vc_column_text css_animation=&#8221;fadeInLeft&#8221;]Varje dag levererar vi massor av kemikalier fr\u00e5n v\u00e5rt lager, ordnar att r\u00e5varor levereras till v\u00e5ra kunder i olika l\u00e4nder och regelbundet genom att v\u00e4lja och k\u00f6pa h\u00f6gkvalitativa produkter \u00f6ver hela v\u00e4rlden. Vi arbetar flitigt f\u00f6r att s\u00e4kerst\u00e4lla att varje produkt lagras i enlighet med villkoren[\/vc_column_text][vc_column_text css_animation=&#8221;fadeInLeft&#8221;]<\/p>\n<h3>Den 11 januari 2011 blev <a href=\"https:\/\/www.koda.ee\/en\/about-chamber-commerce\" target=\"_blank\" rel=\"noopener noreferrer\">Masterchem fullv\u00e4rdig medlem av den estniska handelskammaren<\/a><\/h3>\n<p>Detta visar den seri\u00f6sa och stabila utvecklingen av v\u00e5rt f\u00f6retag. Kontor och lager (total yta 1500 m2) finns i det industriella logistikcentret n\u00e4ra Muuga hamn. Detta ger oss flera f\u00f6rdelar vid leverans av varor, som utf\u00f6rs i strikt \u00f6verensst\u00e4mmelse med g\u00e4llande regler och flexibla villkor.[\/vc_column_text][\/vc_column][vc_column width=&#8221;1\/2&#8243;][vc_single_image image=&#8221;6984&#8243; img_size=&#8221;full&#8221; alignment=&#8221;center&#8221; css_animation=&#8221;fadeInRight&#8221;][\/vc_column][\/vc_row][vc_row][vc_column][vc_custom_heading text=&#8221;Masterchem erbjuder regelbundet f\u00f6ljande produkter:&#8221; font_container=&#8221;tag:h3|font_size:36|text_align:center&#8221; use_theme_fonts=&#8221;yes&#8221; css_animation=&#8221;fadeInDown&#8221; css=&#8221;.vc_custom_1600358777464{margin-bottom: 50px !important;}&#8221;][vc_column_text css_animation=&#8221;fadeInDown&#8221;]<\/p>\n<table style=\"border-collapse: collapse; width: 100%; border: 1px solid rgba(255,255,255,0);\">\n<tbody>\n<tr>\n<td style=\"width: 25%; text-align: center; border: 1px solid rgba(255,255,255,0);\"><strong>Aceton<\/strong><\/td>\n<td style=\"width: 25%; text-align: center; border: 1px solid rgba(255,255,255,0);\"><strong>L\u00f6sningsmedel<\/strong><\/td>\n<td style=\"width: 25%; text-align: center; border: 1px solid rgba(255,255,255,0);\"><strong>Tunnare<\/strong><\/td>\n<td style=\"width: 25%; text-align: center; border: 1px solid rgba(255,255,255,0);\"><strong>Metanol<\/strong><\/td>\n<\/tr>\n<tr>\n<td style=\"width: 25%; text-align: center; border: 1px solid rgba(255,255,255,0);\"><strong>Etanol<\/strong><\/td>\n<td style=\"width: 25%; text-align: center; border: 1px solid rgba(255,255,255,0);\"><strong>2-propanol<\/strong><\/td>\n<td style=\"width: 25%; text-align: center; border: 1px solid rgba(255,255,255,0);\"><strong>Lack f\u00f6r m\u00f6bler<\/strong><\/td>\n<td style=\"width: 25%; text-align: center; border: 1px solid rgba(255,255,255,0);\"><strong>Och s\u00e5 vidare<\/strong><\/td>\n<\/tr>\n<\/tbody>\n<\/table>\n<p>[\/vc_column_text][vc_column_text css_animation=&#8221;fadeInDown&#8221;]<strong>Flera viktiga produkter finns st\u00e4ndigt tillg\u00e4ngliga fr\u00e5n v\u00e5rt lager.<\/strong><\/p>\n<p>I avsaknad av den \u00f6nskade produkten levererar vi snabbt och p\u00e5litligt alla n\u00f6dv\u00e4ndiga varor till v\u00e5r d\u00f6rr.[\/vc_column_text][\/vc_column][\/vc_row]<\/p>\n","protected":false},"excerpt":{"rendered":"<p>[vc_row][vc_column width=&#8221;1\/2&#8243; css=&#8221;.vc_custom_1558768868339{padding-right: 130px !important;}&#8221;][vc_custom_heading text=&#8221;MasterChem f\u00f6retagsfilosofi&#8221; font_container=&#8221;tag:h3|font_size:36|text_align:left&#8221; use_theme_fonts=&#8221;yes&#8221; css_animation=&#8221;fadeInLeft&#8221; css=&#8221;.vc_custom_1709119217179{margin-bottom: 50px !important;}&#8221;][vc_column_text css_animation=&#8221;fadeInLeft&#8221;] MasterChem v\u00e4gleds av en filosofi om &hellip;<\/p>\n","protected":false},"author":1,"featured_media":0,"parent":0,"menu_order":0,"comment_status":"closed","ping_status":"closed","template":"","meta":{"footnotes":""},"class_list":["post-7147","page","type-page","status-publish","hentry"],"yoast_head":"<!-- This site is optimized with the Yoast SEO plugin v27.2 - https:\/\/yoast.com\/product\/yoast-seo-wordpress\/ -->\n<title>Om f\u00f6retaget - MasterChem | kemikaalien tuotanto ja myynti<\/title>\n<meta name=\"robots\" content=\"index, follow, max-snippet:-1, max-image-preview:large, max-video-preview:-1\" \/>\n<link rel=\"canonical\" href=\"https:\/\/masterchem.fi\/sv\/om-foretaget\/\" \/>\n<meta property=\"og:locale\" content=\"sv_SE\" \/>\n<meta property=\"og:type\" content=\"article\" \/>\n<meta property=\"og:title\" content=\"Om f\u00f6retaget - MasterChem | kemikaalien tuotanto ja myynti\" \/>\n<meta property=\"og:description\" content=\"[vc_row][vc_column width=&#8221;1\/2&#8243; css=&#8221;.vc_custom_1558768868339{padding-right: 130px !important;}&#8221;][vc_custom_heading text=&#8221;MasterChem f\u00f6retagsfilosofi&#8221; font_container=&#8221;tag:h3|font_size:36|text_align:left&#8221; use_theme_fonts=&#8221;yes&#8221; css_animation=&#8221;fadeInLeft&#8221; css=&#8221;.vc_custom_1709119217179{margin-bottom: 50px !important;}&#8221;][vc_column_text css_animation=&#8221;fadeInLeft&#8221;] MasterChem v\u00e4gleds av en filosofi om &hellip;\" \/>\n<meta property=\"og:url\" content=\"https:\/\/masterchem.fi\/sv\/om-foretaget\/\" \/>\n<meta property=\"og:site_name\" content=\"MasterChem | kemikaalien tuotanto ja myynti\" \/>\n<meta property=\"article:modified_time\" content=\"2024-02-28T11:40:37+00:00\" \/>\n<meta name=\"twitter:card\" content=\"summary_large_image\" \/>\n<meta name=\"twitter:label1\" content=\"Ber\u00e4knad l\u00e4stid\" \/>\n\t<meta name=\"twitter:data1\" content=\"4 minuter\" \/>\n<script type=\"application\/ld+json\" class=\"yoast-schema-graph\">{\"@context\":\"https:\/\/schema.org\",\"@graph\":[{\"@type\":\"WebPage\",\"@id\":\"https:\/\/masterchem.fi\/sv\/om-foretaget\/\",\"url\":\"https:\/\/masterchem.fi\/sv\/om-foretaget\/\",\"name\":\"Om f\u00f6retaget - MasterChem | kemikaalien tuotanto ja myynti\",\"isPartOf\":{\"@id\":\"https:\/\/masterchem.fi\/sv\/#website\"},\"datePublished\":\"2020-09-22T19:21:41+00:00\",\"dateModified\":\"2024-02-28T11:40:37+00:00\",\"breadcrumb\":{\"@id\":\"https:\/\/masterchem.fi\/sv\/om-foretaget\/#breadcrumb\"},\"inLanguage\":\"sv-SE\",\"potentialAction\":[{\"@type\":\"ReadAction\",\"target\":[\"https:\/\/masterchem.fi\/sv\/om-foretaget\/\"]}]},{\"@type\":\"BreadcrumbList\",\"@id\":\"https:\/\/masterchem.fi\/sv\/om-foretaget\/#breadcrumb\",\"itemListElement\":[{\"@type\":\"ListItem\",\"position\":1,\"name\":\"Home\",\"item\":\"https:\/\/masterchem.fi\/sv\/\"},{\"@type\":\"ListItem\",\"position\":2,\"name\":\"Om f\u00f6retaget\"}]},{\"@type\":\"WebSite\",\"@id\":\"https:\/\/masterchem.fi\/sv\/#website\",\"url\":\"https:\/\/masterchem.fi\/sv\/\",\"name\":\"MasterChem | kemikaalien tuotanto ja myynti\",\"description\":\"kemikaalien tuotanto ja myynti\",\"potentialAction\":[{\"@type\":\"SearchAction\",\"target\":{\"@type\":\"EntryPoint\",\"urlTemplate\":\"https:\/\/masterchem.fi\/sv\/?s={search_term_string}\"},\"query-input\":{\"@type\":\"PropertyValueSpecification\",\"valueRequired\":true,\"valueName\":\"search_term_string\"}}],\"inLanguage\":\"sv-SE\"}]}<\/script>\n<!-- \/ Yoast SEO plugin. -->","yoast_head_json":{"title":"Om f\u00f6retaget - MasterChem | kemikaalien tuotanto ja myynti","robots":{"index":"index","follow":"follow","max-snippet":"max-snippet:-1","max-image-preview":"max-image-preview:large","max-video-preview":"max-video-preview:-1"},"canonical":"https:\/\/masterchem.fi\/sv\/om-foretaget\/","og_locale":"sv_SE","og_type":"article","og_title":"Om f\u00f6retaget - MasterChem | kemikaalien tuotanto ja myynti","og_description":"[vc_row][vc_column width=&#8221;1\/2&#8243; css=&#8221;.vc_custom_1558768868339{padding-right: 130px !important;}&#8221;][vc_custom_heading text=&#8221;MasterChem f\u00f6retagsfilosofi&#8221; font_container=&#8221;tag:h3|font_size:36|text_align:left&#8221; use_theme_fonts=&#8221;yes&#8221; css_animation=&#8221;fadeInLeft&#8221; css=&#8221;.vc_custom_1709119217179{margin-bottom: 50px !important;}&#8221;][vc_column_text css_animation=&#8221;fadeInLeft&#8221;] MasterChem v\u00e4gleds av en filosofi om &hellip;","og_url":"https:\/\/masterchem.fi\/sv\/om-foretaget\/","og_site_name":"MasterChem | kemikaalien tuotanto ja myynti","article_modified_time":"2024-02-28T11:40:37+00:00","twitter_card":"summary_large_image","twitter_misc":{"Ber\u00e4knad l\u00e4stid":"4 minuter"},"schema":{"@context":"https:\/\/schema.org","@graph":[{"@type":"WebPage","@id":"https:\/\/masterchem.fi\/sv\/om-foretaget\/","url":"https:\/\/masterchem.fi\/sv\/om-foretaget\/","name":"Om f\u00f6retaget - MasterChem | kemikaalien tuotanto ja myynti","isPartOf":{"@id":"https:\/\/masterchem.fi\/sv\/#website"},"datePublished":"2020-09-22T19:21:41+00:00","dateModified":"2024-02-28T11:40:37+00:00","breadcrumb":{"@id":"https:\/\/masterchem.fi\/sv\/om-foretaget\/#breadcrumb"},"inLanguage":"sv-SE","potentialAction":[{"@type":"ReadAction","target":["https:\/\/masterchem.fi\/sv\/om-foretaget\/"]}]},{"@type":"BreadcrumbList","@id":"https:\/\/masterchem.fi\/sv\/om-foretaget\/#breadcrumb","itemListElement":[{"@type":"ListItem","position":1,"name":"Home","item":"https:\/\/masterchem.fi\/sv\/"},{"@type":"ListItem","position":2,"name":"Om f\u00f6retaget"}]},{"@type":"WebSite","@id":"https:\/\/masterchem.fi\/sv\/#website","url":"https:\/\/masterchem.fi\/sv\/","name":"MasterChem | kemikaalien tuotanto ja myynti","description":"kemikaalien tuotanto ja myynti","potentialAction":[{"@type":"SearchAction","target":{"@type":"EntryPoint","urlTemplate":"https:\/\/masterchem.fi\/sv\/?s={search_term_string}"},"query-input":{"@type":"PropertyValueSpecification","valueRequired":true,"valueName":"search_term_string"}}],"inLanguage":"sv-SE"}]}},"_links":{"self":[{"href":"https:\/\/masterchem.fi\/sv\/wp-json\/wp\/v2\/pages\/7147","targetHints":{"allow":["GET"]}}],"collection":[{"href":"https:\/\/masterchem.fi\/sv\/wp-json\/wp\/v2\/pages"}],"about":[{"href":"https:\/\/masterchem.fi\/sv\/wp-json\/wp\/v2\/types\/page"}],"author":[{"embeddable":true,"href":"https:\/\/masterchem.fi\/sv\/wp-json\/wp\/v2\/users\/1"}],"replies":[{"embeddable":true,"href":"https:\/\/masterchem.fi\/sv\/wp-json\/wp\/v2\/comments?post=7147"}],"version-history":[{"count":6,"href":"https:\/\/masterchem.fi\/sv\/wp-json\/wp\/v2\/pages\/7147\/revisions"}],"predecessor-version":[{"id":15913,"href":"https:\/\/masterchem.fi\/sv\/wp-json\/wp\/v2\/pages\/7147\/revisions\/15913"}],"wp:attachment":[{"href":"https:\/\/masterchem.fi\/sv\/wp-json\/wp\/v2\/media?parent=7147"}],"curies":[{"name":"wp","href":"https:\/\/api.w.org\/{rel}","templated":true}]}}