{"id":10019,"date":"2022-05-24T20:32:24","date_gmt":"2022-05-24T17:32:25","guid":{"rendered":"https:\/\/masterchem.fi\/?post_type=product&#038;p=10019"},"modified":"2022-05-24T20:37:18","modified_gmt":"2022-05-24T17:37:18","slug":"allantoin-cas-97-59-6","status":"publish","type":"product","link":"https:\/\/masterchem.fi\/sv\/produkt\/allantoin-cas-97-59-6\/","title":{"rendered":"Allantoin (CAS 97-59-6)"},"content":{"rendered":"<p> <strong> Information <\/strong> <\/p>\n<p> Branscher: Kosmetika, l\u00e4kemedel <br \/>\nCAS-nummer: 97-59-6 <br \/>\nWE-nummer: 202-592-8 <br \/>\nKemisk formel: C4H6N4O3 <\/p>\n<p> <strong> Andra fysiska egenskaper <\/strong> <\/p>\n<p> pH: 4,5-6,5 <br \/>\nSm\u00e4ltpunkt \/ fryspunkt: 226 \u00b0 C &#8211; 240 \u00b0 C <br \/>\nRelativ densitet: 1,7 g\/cm3 (25\u00baC) <br \/>\nL\u00f6slighet i vatten: 5,7 g \/ l (25 \u00b0 C) <\/p>\n","protected":false},"excerpt":{"rendered":"<p> <strong> Allantoin (CAS 97-59-6) <\/strong> <\/p>\n<p>Allantoin \u00e4r en kemisk f\u00f6rening med formeln C4H6N4O3. Det kallas ocks\u00e5 5-ureidohydantoin eller glyoxyldiurid. Det \u00e4r en diurid av glyoxylsyra. Allantoin \u00e4r den huvudsakliga mellanprodukten i \u00e4mnesoms\u00e4ttningen i de flesta organismer, inklusive djur, v\u00e4xter och bakterier. Det framst\u00e4lls av urinsyra, som i sig \u00e4r produkten av nedbrytningen av nukleinsyror av uratoxidas (urikas). <\/p>\n<p>Allantoin finns i v\u00e4xtextrakt av \u00f6rtartade v\u00e4xter och i urinen hos de flesta d\u00e4ggdjur. Kemiskt syntetiserat bulk allantoin, som \u00e4r kemiskt likv\u00e4rdigt med naturligt allantoin, \u00e4r s\u00e4kert, ogiftigt, kompatibelt med kosmetiska r\u00e5varor och uppfyller CTFA- och JSCI-kraven. Mer \u00e4n 10 000 patent h\u00e4nvisar till allantoin.<\/p>\n","protected":false},"featured_media":10023,"template":"","meta":[],"product_brand":[],"product_cat":[177,106,116],"product_tag":[],"class_list":{"0":"post-10019","1":"product","2":"type-product","3":"status-publish","4":"has-post-thumbnail","6":"product_cat-kosmetikindustrin","7":"product_cat-lakemedelsindustri","8":"product_cat-alla-produkter","10":"first","11":"outofstock","12":"taxable","13":"shipping-taxable","14":"purchasable","15":"product-type-variable","16":"has-default-attributes","17":"rtwpvg-product"},"yoast_head":"<!-- This site is optimized with the Yoast SEO plugin v27.2 - https:\/\/yoast.com\/product\/yoast-seo-wordpress\/ -->\n<title>Allantoin (CAS 97-59-6) - MasterChem | kemikaalien tuotanto ja myynti<\/title>\n<meta name=\"description\" content=\"Allantoin \u00e4r en kemisk f\u00f6rening med formeln C4H6N4O3. Det kallas ocks\u00e5 5-ureidohydantoin eller glyoxyldiurid. Det \u00e4r en diurid av glyoxylsyra.\" \/>\n<meta name=\"robots\" content=\"index, follow, max-snippet:-1, max-image-preview:large, max-video-preview:-1\" \/>\n<link rel=\"canonical\" href=\"https:\/\/masterchem.fi\/sv\/produkt\/allantoin-cas-97-59-6\/\" \/>\n<meta property=\"og:locale\" content=\"sv_SE\" \/>\n<meta property=\"og:type\" content=\"article\" \/>\n<meta property=\"og:title\" content=\"Allantoin (CAS 97-59-6) - MasterChem | kemikaalien tuotanto ja myynti\" \/>\n<meta property=\"og:description\" content=\"Allantoin \u00e4r en kemisk f\u00f6rening med formeln C4H6N4O3. Det kallas ocks\u00e5 5-ureidohydantoin eller glyoxyldiurid. Det \u00e4r en diurid av glyoxylsyra.\" \/>\n<meta property=\"og:url\" content=\"https:\/\/masterchem.fi\/sv\/produkt\/allantoin-cas-97-59-6\/\" \/>\n<meta property=\"og:site_name\" content=\"MasterChem | kemikaalien tuotanto ja myynti\" \/>\n<meta property=\"article:modified_time\" content=\"2022-05-24T17:37:18+00:00\" \/>\n<meta property=\"og:image\" content=\"https:\/\/masterchem.fi\/wp-content\/uploads\/2022\/05\/Allantoiini-CAS-97-59-6-25kg-MasterChem.jpg\" \/>\n\t<meta property=\"og:image:width\" content=\"1000\" \/>\n\t<meta property=\"og:image:height\" content=\"1000\" \/>\n\t<meta property=\"og:image:type\" content=\"image\/jpeg\" \/>\n<meta name=\"twitter:card\" content=\"summary_large_image\" \/>\n<script type=\"application\/ld+json\" class=\"yoast-schema-graph\">{\"@context\":\"https:\/\/schema.org\",\"@graph\":[{\"@type\":\"WebPage\",\"@id\":\"https:\/\/masterchem.fi\/sv\/produkt\/allantoin-cas-97-59-6\/\",\"url\":\"https:\/\/masterchem.fi\/sv\/produkt\/allantoin-cas-97-59-6\/\",\"name\":\"Allantoin (CAS 97-59-6) - MasterChem | kemikaalien tuotanto ja myynti\",\"isPartOf\":{\"@id\":\"https:\/\/masterchem.fi\/sv\/#website\"},\"primaryImageOfPage\":{\"@id\":\"https:\/\/masterchem.fi\/sv\/produkt\/allantoin-cas-97-59-6\/#primaryimage\"},\"image\":{\"@id\":\"https:\/\/masterchem.fi\/sv\/produkt\/allantoin-cas-97-59-6\/#primaryimage\"},\"thumbnailUrl\":\"https:\/\/masterchem.fi\/wp-content\/uploads\/2022\/05\/Allantoiini-CAS-97-59-6-25kg-MasterChem.jpg\",\"datePublished\":\"2022-05-24T17:32:25+00:00\",\"dateModified\":\"2022-05-24T17:37:18+00:00\",\"description\":\"Allantoin \u00e4r en kemisk f\u00f6rening med formeln C4H6N4O3. Det kallas ocks\u00e5 5-ureidohydantoin eller glyoxyldiurid. Det \u00e4r en diurid av glyoxylsyra.\",\"breadcrumb\":{\"@id\":\"https:\/\/masterchem.fi\/sv\/produkt\/allantoin-cas-97-59-6\/#breadcrumb\"},\"inLanguage\":\"sv-SE\",\"potentialAction\":[{\"@type\":\"ReadAction\",\"target\":[\"https:\/\/masterchem.fi\/sv\/produkt\/allantoin-cas-97-59-6\/\"]}]},{\"@type\":\"ImageObject\",\"inLanguage\":\"sv-SE\",\"@id\":\"https:\/\/masterchem.fi\/sv\/produkt\/allantoin-cas-97-59-6\/#primaryimage\",\"url\":\"https:\/\/masterchem.fi\/wp-content\/uploads\/2022\/05\/Allantoiini-CAS-97-59-6-25kg-MasterChem.jpg\",\"contentUrl\":\"https:\/\/masterchem.fi\/wp-content\/uploads\/2022\/05\/Allantoiini-CAS-97-59-6-25kg-MasterChem.jpg\",\"width\":1000,\"height\":1000,\"caption\":\"Allantoiini (CAS 97-59-6) 25kg MasterChem\"},{\"@type\":\"BreadcrumbList\",\"@id\":\"https:\/\/masterchem.fi\/sv\/produkt\/allantoin-cas-97-59-6\/#breadcrumb\",\"itemListElement\":[{\"@type\":\"ListItem\",\"position\":1,\"name\":\"Home\",\"item\":\"https:\/\/masterchem.fi\/sv\/\"},{\"@type\":\"ListItem\",\"position\":2,\"name\":\"Butik\",\"item\":\"https:\/\/masterchem.fi\/sv\/butik\/\"},{\"@type\":\"ListItem\",\"position\":3,\"name\":\"Allantoin (CAS 97-59-6)\"}]},{\"@type\":\"WebSite\",\"@id\":\"https:\/\/masterchem.fi\/sv\/#website\",\"url\":\"https:\/\/masterchem.fi\/sv\/\",\"name\":\"MasterChem | kemikaalien tuotanto ja myynti\",\"description\":\"kemikaalien tuotanto ja myynti\",\"potentialAction\":[{\"@type\":\"SearchAction\",\"target\":{\"@type\":\"EntryPoint\",\"urlTemplate\":\"https:\/\/masterchem.fi\/sv\/?s={search_term_string}\"},\"query-input\":{\"@type\":\"PropertyValueSpecification\",\"valueRequired\":true,\"valueName\":\"search_term_string\"}}],\"inLanguage\":\"sv-SE\"}]}<\/script>\n<!-- \/ Yoast SEO plugin. -->","yoast_head_json":{"title":"Allantoin (CAS 97-59-6) - MasterChem | kemikaalien tuotanto ja myynti","description":"Allantoin \u00e4r en kemisk f\u00f6rening med formeln C4H6N4O3. Det kallas ocks\u00e5 5-ureidohydantoin eller glyoxyldiurid. Det \u00e4r en diurid av glyoxylsyra.","robots":{"index":"index","follow":"follow","max-snippet":"max-snippet:-1","max-image-preview":"max-image-preview:large","max-video-preview":"max-video-preview:-1"},"canonical":"https:\/\/masterchem.fi\/sv\/produkt\/allantoin-cas-97-59-6\/","og_locale":"sv_SE","og_type":"article","og_title":"Allantoin (CAS 97-59-6) - MasterChem | kemikaalien tuotanto ja myynti","og_description":"Allantoin \u00e4r en kemisk f\u00f6rening med formeln C4H6N4O3. Det kallas ocks\u00e5 5-ureidohydantoin eller glyoxyldiurid. Det \u00e4r en diurid av glyoxylsyra.","og_url":"https:\/\/masterchem.fi\/sv\/produkt\/allantoin-cas-97-59-6\/","og_site_name":"MasterChem | kemikaalien tuotanto ja myynti","article_modified_time":"2022-05-24T17:37:18+00:00","og_image":[{"width":1000,"height":1000,"url":"https:\/\/masterchem.fi\/wp-content\/uploads\/2022\/05\/Allantoiini-CAS-97-59-6-25kg-MasterChem.jpg","type":"image\/jpeg"}],"twitter_card":"summary_large_image","schema":{"@context":"https:\/\/schema.org","@graph":[{"@type":"WebPage","@id":"https:\/\/masterchem.fi\/sv\/produkt\/allantoin-cas-97-59-6\/","url":"https:\/\/masterchem.fi\/sv\/produkt\/allantoin-cas-97-59-6\/","name":"Allantoin (CAS 97-59-6) - MasterChem | kemikaalien tuotanto ja myynti","isPartOf":{"@id":"https:\/\/masterchem.fi\/sv\/#website"},"primaryImageOfPage":{"@id":"https:\/\/masterchem.fi\/sv\/produkt\/allantoin-cas-97-59-6\/#primaryimage"},"image":{"@id":"https:\/\/masterchem.fi\/sv\/produkt\/allantoin-cas-97-59-6\/#primaryimage"},"thumbnailUrl":"https:\/\/masterchem.fi\/wp-content\/uploads\/2022\/05\/Allantoiini-CAS-97-59-6-25kg-MasterChem.jpg","datePublished":"2022-05-24T17:32:25+00:00","dateModified":"2022-05-24T17:37:18+00:00","description":"Allantoin \u00e4r en kemisk f\u00f6rening med formeln C4H6N4O3. Det kallas ocks\u00e5 5-ureidohydantoin eller glyoxyldiurid. Det \u00e4r en diurid av glyoxylsyra.","breadcrumb":{"@id":"https:\/\/masterchem.fi\/sv\/produkt\/allantoin-cas-97-59-6\/#breadcrumb"},"inLanguage":"sv-SE","potentialAction":[{"@type":"ReadAction","target":["https:\/\/masterchem.fi\/sv\/produkt\/allantoin-cas-97-59-6\/"]}]},{"@type":"ImageObject","inLanguage":"sv-SE","@id":"https:\/\/masterchem.fi\/sv\/produkt\/allantoin-cas-97-59-6\/#primaryimage","url":"https:\/\/masterchem.fi\/wp-content\/uploads\/2022\/05\/Allantoiini-CAS-97-59-6-25kg-MasterChem.jpg","contentUrl":"https:\/\/masterchem.fi\/wp-content\/uploads\/2022\/05\/Allantoiini-CAS-97-59-6-25kg-MasterChem.jpg","width":1000,"height":1000,"caption":"Allantoiini (CAS 97-59-6) 25kg MasterChem"},{"@type":"BreadcrumbList","@id":"https:\/\/masterchem.fi\/sv\/produkt\/allantoin-cas-97-59-6\/#breadcrumb","itemListElement":[{"@type":"ListItem","position":1,"name":"Home","item":"https:\/\/masterchem.fi\/sv\/"},{"@type":"ListItem","position":2,"name":"Butik","item":"https:\/\/masterchem.fi\/sv\/butik\/"},{"@type":"ListItem","position":3,"name":"Allantoin (CAS 97-59-6)"}]},{"@type":"WebSite","@id":"https:\/\/masterchem.fi\/sv\/#website","url":"https:\/\/masterchem.fi\/sv\/","name":"MasterChem | kemikaalien tuotanto ja myynti","description":"kemikaalien tuotanto ja myynti","potentialAction":[{"@type":"SearchAction","target":{"@type":"EntryPoint","urlTemplate":"https:\/\/masterchem.fi\/sv\/?s={search_term_string}"},"query-input":{"@type":"PropertyValueSpecification","valueRequired":true,"valueName":"search_term_string"}}],"inLanguage":"sv-SE"}]}},"_links":{"self":[{"href":"https:\/\/masterchem.fi\/sv\/wp-json\/wp\/v2\/product\/10019","targetHints":{"allow":["GET"]}}],"collection":[{"href":"https:\/\/masterchem.fi\/sv\/wp-json\/wp\/v2\/product"}],"about":[{"href":"https:\/\/masterchem.fi\/sv\/wp-json\/wp\/v2\/types\/product"}],"wp:featuredmedia":[{"embeddable":true,"href":"https:\/\/masterchem.fi\/sv\/wp-json\/wp\/v2\/media\/10023"}],"wp:attachment":[{"href":"https:\/\/masterchem.fi\/sv\/wp-json\/wp\/v2\/media?parent=10019"}],"wp:term":[{"taxonomy":"product_brand","embeddable":true,"href":"https:\/\/masterchem.fi\/sv\/wp-json\/wp\/v2\/product_brand?post=10019"},{"taxonomy":"product_cat","embeddable":true,"href":"https:\/\/masterchem.fi\/sv\/wp-json\/wp\/v2\/product_cat?post=10019"},{"taxonomy":"product_tag","embeddable":true,"href":"https:\/\/masterchem.fi\/sv\/wp-json\/wp\/v2\/product_tag?post=10019"}],"curies":[{"name":"wp","href":"https:\/\/api.w.org\/{rel}","templated":true}]}}