{"id":10029,"date":"2022-05-24T20:38:40","date_gmt":"2022-05-24T17:38:41","guid":{"rendered":"https:\/\/masterchem.fi\/?post_type=product&#038;p=10029"},"modified":"2022-05-24T20:42:36","modified_gmt":"2022-05-24T17:42:36","slug":"kamfer-cas-21368-68-3","status":"publish","type":"product","link":"https:\/\/masterchem.fi\/sv\/produkt\/kamfer-cas-21368-68-3\/","title":{"rendered":"Kamfer (CAS 21368-68-3)"},"content":{"rendered":"<p> <strong> Information <\/strong> <\/p>\n<p> Branscher: Kosmetikindustri <br \/>\nCAS-nummer: 21368-68-3 <br \/>\nWE-nummer: 244-350-4 <br \/>\nKemisk formel: C10H16O <br \/>\nMolekylvikt: 152,23 g\/mol <\/p>\n<p> <strong> Andra fysiska egenskaper <\/strong> <\/p>\n<p> Sm\u00e4ltpunkt \/ fryspunkt: 175 \u00b0 C <br \/>\nKokpunkt\/intervall: 204 \u00b0C <br \/>\nRelativ densitet: 0,992 g\/cm3 <\/p>\n","protected":false},"excerpt":{"rendered":"<p> <strong> Kamfer (CAS 21368-68-3) <\/strong> <\/p>\n<p> Kamfer \u00e4r en organisk, terpenvaxartad, fast, f\u00e4rgl\u00f6s eller vit kristallin substans vid rumstemperatur med en stark penetrerande, stickande lukt. Kamfer erh\u00e5lls naturligt fr\u00e5n kamfertr\u00e4det (Cinnamomum camphora) och andra b\u00e4rande tr\u00e4d som v\u00e4xer i Asien, s\u00e4rskilt i Borneo och Taiwan. Den kan ocks\u00e5 tillverkas syntetiskt av terpentinolja. Kamfer anv\u00e4nds bland annat i parfym, matlagning, balsameringsv\u00e4tska, religi\u00f6sa h\u00f6gtider och \u00e4ven inom medicin. F\u00f6reningen finns i v\u00e4xter och blomdofter och som en halvkemikalie i kommunikationen av organismer. <\/p>\n","protected":false},"featured_media":10033,"template":"","meta":[],"product_brand":[],"product_cat":[116,177],"product_tag":[],"class_list":{"0":"post-10029","1":"product","2":"type-product","3":"status-publish","4":"has-post-thumbnail","6":"product_cat-alla-produkter","7":"product_cat-kosmetikindustrin","9":"first","10":"outofstock","11":"taxable","12":"shipping-taxable","13":"purchasable","14":"product-type-variable","15":"has-default-attributes","16":"rtwpvg-product"},"yoast_head":"<!-- This site is optimized with the Yoast SEO plugin v27.2 - https:\/\/yoast.com\/product\/yoast-seo-wordpress\/ -->\n<title>Kamfer (CAS 21368-68-3) - MasterChem | kemikaalien tuotanto ja myynti<\/title>\n<meta name=\"description\" content=\"Kamfer \u00e4r en organisk, terpenvaxartad, fast, f\u00e4rgl\u00f6s eller vit kristallin substans vid rumstemperatur med en stark penetrerande, stickande lukt.\" \/>\n<meta name=\"robots\" content=\"index, follow, max-snippet:-1, max-image-preview:large, max-video-preview:-1\" \/>\n<link rel=\"canonical\" href=\"https:\/\/masterchem.fi\/sv\/produkt\/kamfer-cas-21368-68-3\/\" \/>\n<meta property=\"og:locale\" content=\"sv_SE\" \/>\n<meta property=\"og:type\" content=\"article\" \/>\n<meta property=\"og:title\" content=\"Kamfer (CAS 21368-68-3) - MasterChem | kemikaalien tuotanto ja myynti\" \/>\n<meta property=\"og:description\" content=\"Kamfer \u00e4r en organisk, terpenvaxartad, fast, f\u00e4rgl\u00f6s eller vit kristallin substans vid rumstemperatur med en stark penetrerande, stickande lukt.\" \/>\n<meta property=\"og:url\" content=\"https:\/\/masterchem.fi\/sv\/produkt\/kamfer-cas-21368-68-3\/\" \/>\n<meta property=\"og:site_name\" content=\"MasterChem | kemikaalien tuotanto ja myynti\" \/>\n<meta property=\"article:modified_time\" content=\"2022-05-24T17:42:36+00:00\" \/>\n<meta property=\"og:image\" content=\"https:\/\/masterchem.fi\/wp-content\/uploads\/2022\/05\/Kamferi-CAS-21368-68-3-25kg-MasterChem.jpg\" \/>\n\t<meta property=\"og:image:width\" content=\"1000\" \/>\n\t<meta property=\"og:image:height\" content=\"1000\" \/>\n\t<meta property=\"og:image:type\" content=\"image\/jpeg\" \/>\n<meta name=\"twitter:card\" content=\"summary_large_image\" \/>\n<script type=\"application\/ld+json\" class=\"yoast-schema-graph\">{\"@context\":\"https:\/\/schema.org\",\"@graph\":[{\"@type\":\"WebPage\",\"@id\":\"https:\/\/masterchem.fi\/sv\/produkt\/kamfer-cas-21368-68-3\/\",\"url\":\"https:\/\/masterchem.fi\/sv\/produkt\/kamfer-cas-21368-68-3\/\",\"name\":\"Kamfer (CAS 21368-68-3) - MasterChem | kemikaalien tuotanto ja myynti\",\"isPartOf\":{\"@id\":\"https:\/\/masterchem.fi\/sv\/#website\"},\"primaryImageOfPage\":{\"@id\":\"https:\/\/masterchem.fi\/sv\/produkt\/kamfer-cas-21368-68-3\/#primaryimage\"},\"image\":{\"@id\":\"https:\/\/masterchem.fi\/sv\/produkt\/kamfer-cas-21368-68-3\/#primaryimage\"},\"thumbnailUrl\":\"https:\/\/masterchem.fi\/wp-content\/uploads\/2022\/05\/Kamferi-CAS-21368-68-3-25kg-MasterChem.jpg\",\"datePublished\":\"2022-05-24T17:38:41+00:00\",\"dateModified\":\"2022-05-24T17:42:36+00:00\",\"description\":\"Kamfer \u00e4r en organisk, terpenvaxartad, fast, f\u00e4rgl\u00f6s eller vit kristallin substans vid rumstemperatur med en stark penetrerande, stickande lukt.\",\"breadcrumb\":{\"@id\":\"https:\/\/masterchem.fi\/sv\/produkt\/kamfer-cas-21368-68-3\/#breadcrumb\"},\"inLanguage\":\"sv-SE\",\"potentialAction\":[{\"@type\":\"ReadAction\",\"target\":[\"https:\/\/masterchem.fi\/sv\/produkt\/kamfer-cas-21368-68-3\/\"]}]},{\"@type\":\"ImageObject\",\"inLanguage\":\"sv-SE\",\"@id\":\"https:\/\/masterchem.fi\/sv\/produkt\/kamfer-cas-21368-68-3\/#primaryimage\",\"url\":\"https:\/\/masterchem.fi\/wp-content\/uploads\/2022\/05\/Kamferi-CAS-21368-68-3-25kg-MasterChem.jpg\",\"contentUrl\":\"https:\/\/masterchem.fi\/wp-content\/uploads\/2022\/05\/Kamferi-CAS-21368-68-3-25kg-MasterChem.jpg\",\"width\":1000,\"height\":1000,\"caption\":\"Kamfer (CAS 21368-68-3) 25kg MasterChem\"},{\"@type\":\"BreadcrumbList\",\"@id\":\"https:\/\/masterchem.fi\/sv\/produkt\/kamfer-cas-21368-68-3\/#breadcrumb\",\"itemListElement\":[{\"@type\":\"ListItem\",\"position\":1,\"name\":\"Home\",\"item\":\"https:\/\/masterchem.fi\/sv\/\"},{\"@type\":\"ListItem\",\"position\":2,\"name\":\"Butik\",\"item\":\"https:\/\/masterchem.fi\/sv\/butik\/\"},{\"@type\":\"ListItem\",\"position\":3,\"name\":\"Kamfer (CAS 21368-68-3)\"}]},{\"@type\":\"WebSite\",\"@id\":\"https:\/\/masterchem.fi\/sv\/#website\",\"url\":\"https:\/\/masterchem.fi\/sv\/\",\"name\":\"MasterChem | kemikaalien tuotanto ja myynti\",\"description\":\"kemikaalien tuotanto ja myynti\",\"potentialAction\":[{\"@type\":\"SearchAction\",\"target\":{\"@type\":\"EntryPoint\",\"urlTemplate\":\"https:\/\/masterchem.fi\/sv\/?s={search_term_string}\"},\"query-input\":{\"@type\":\"PropertyValueSpecification\",\"valueRequired\":true,\"valueName\":\"search_term_string\"}}],\"inLanguage\":\"sv-SE\"}]}<\/script>\n<!-- \/ Yoast SEO plugin. -->","yoast_head_json":{"title":"Kamfer (CAS 21368-68-3) - MasterChem | kemikaalien tuotanto ja myynti","description":"Kamfer \u00e4r en organisk, terpenvaxartad, fast, f\u00e4rgl\u00f6s eller vit kristallin substans vid rumstemperatur med en stark penetrerande, stickande lukt.","robots":{"index":"index","follow":"follow","max-snippet":"max-snippet:-1","max-image-preview":"max-image-preview:large","max-video-preview":"max-video-preview:-1"},"canonical":"https:\/\/masterchem.fi\/sv\/produkt\/kamfer-cas-21368-68-3\/","og_locale":"sv_SE","og_type":"article","og_title":"Kamfer (CAS 21368-68-3) - MasterChem | kemikaalien tuotanto ja myynti","og_description":"Kamfer \u00e4r en organisk, terpenvaxartad, fast, f\u00e4rgl\u00f6s eller vit kristallin substans vid rumstemperatur med en stark penetrerande, stickande lukt.","og_url":"https:\/\/masterchem.fi\/sv\/produkt\/kamfer-cas-21368-68-3\/","og_site_name":"MasterChem | kemikaalien tuotanto ja myynti","article_modified_time":"2022-05-24T17:42:36+00:00","og_image":[{"width":1000,"height":1000,"url":"https:\/\/masterchem.fi\/wp-content\/uploads\/2022\/05\/Kamferi-CAS-21368-68-3-25kg-MasterChem.jpg","type":"image\/jpeg"}],"twitter_card":"summary_large_image","schema":{"@context":"https:\/\/schema.org","@graph":[{"@type":"WebPage","@id":"https:\/\/masterchem.fi\/sv\/produkt\/kamfer-cas-21368-68-3\/","url":"https:\/\/masterchem.fi\/sv\/produkt\/kamfer-cas-21368-68-3\/","name":"Kamfer (CAS 21368-68-3) - MasterChem | kemikaalien tuotanto ja myynti","isPartOf":{"@id":"https:\/\/masterchem.fi\/sv\/#website"},"primaryImageOfPage":{"@id":"https:\/\/masterchem.fi\/sv\/produkt\/kamfer-cas-21368-68-3\/#primaryimage"},"image":{"@id":"https:\/\/masterchem.fi\/sv\/produkt\/kamfer-cas-21368-68-3\/#primaryimage"},"thumbnailUrl":"https:\/\/masterchem.fi\/wp-content\/uploads\/2022\/05\/Kamferi-CAS-21368-68-3-25kg-MasterChem.jpg","datePublished":"2022-05-24T17:38:41+00:00","dateModified":"2022-05-24T17:42:36+00:00","description":"Kamfer \u00e4r en organisk, terpenvaxartad, fast, f\u00e4rgl\u00f6s eller vit kristallin substans vid rumstemperatur med en stark penetrerande, stickande lukt.","breadcrumb":{"@id":"https:\/\/masterchem.fi\/sv\/produkt\/kamfer-cas-21368-68-3\/#breadcrumb"},"inLanguage":"sv-SE","potentialAction":[{"@type":"ReadAction","target":["https:\/\/masterchem.fi\/sv\/produkt\/kamfer-cas-21368-68-3\/"]}]},{"@type":"ImageObject","inLanguage":"sv-SE","@id":"https:\/\/masterchem.fi\/sv\/produkt\/kamfer-cas-21368-68-3\/#primaryimage","url":"https:\/\/masterchem.fi\/wp-content\/uploads\/2022\/05\/Kamferi-CAS-21368-68-3-25kg-MasterChem.jpg","contentUrl":"https:\/\/masterchem.fi\/wp-content\/uploads\/2022\/05\/Kamferi-CAS-21368-68-3-25kg-MasterChem.jpg","width":1000,"height":1000,"caption":"Kamfer (CAS 21368-68-3) 25kg MasterChem"},{"@type":"BreadcrumbList","@id":"https:\/\/masterchem.fi\/sv\/produkt\/kamfer-cas-21368-68-3\/#breadcrumb","itemListElement":[{"@type":"ListItem","position":1,"name":"Home","item":"https:\/\/masterchem.fi\/sv\/"},{"@type":"ListItem","position":2,"name":"Butik","item":"https:\/\/masterchem.fi\/sv\/butik\/"},{"@type":"ListItem","position":3,"name":"Kamfer (CAS 21368-68-3)"}]},{"@type":"WebSite","@id":"https:\/\/masterchem.fi\/sv\/#website","url":"https:\/\/masterchem.fi\/sv\/","name":"MasterChem | kemikaalien tuotanto ja myynti","description":"kemikaalien tuotanto ja myynti","potentialAction":[{"@type":"SearchAction","target":{"@type":"EntryPoint","urlTemplate":"https:\/\/masterchem.fi\/sv\/?s={search_term_string}"},"query-input":{"@type":"PropertyValueSpecification","valueRequired":true,"valueName":"search_term_string"}}],"inLanguage":"sv-SE"}]}},"_links":{"self":[{"href":"https:\/\/masterchem.fi\/sv\/wp-json\/wp\/v2\/product\/10029","targetHints":{"allow":["GET"]}}],"collection":[{"href":"https:\/\/masterchem.fi\/sv\/wp-json\/wp\/v2\/product"}],"about":[{"href":"https:\/\/masterchem.fi\/sv\/wp-json\/wp\/v2\/types\/product"}],"wp:featuredmedia":[{"embeddable":true,"href":"https:\/\/masterchem.fi\/sv\/wp-json\/wp\/v2\/media\/10033"}],"wp:attachment":[{"href":"https:\/\/masterchem.fi\/sv\/wp-json\/wp\/v2\/media?parent=10029"}],"wp:term":[{"taxonomy":"product_brand","embeddable":true,"href":"https:\/\/masterchem.fi\/sv\/wp-json\/wp\/v2\/product_brand?post=10029"},{"taxonomy":"product_cat","embeddable":true,"href":"https:\/\/masterchem.fi\/sv\/wp-json\/wp\/v2\/product_cat?post=10029"},{"taxonomy":"product_tag","embeddable":true,"href":"https:\/\/masterchem.fi\/sv\/wp-json\/wp\/v2\/product_tag?post=10029"}],"curies":[{"name":"wp","href":"https:\/\/api.w.org\/{rel}","templated":true}]}}