{"id":10039,"date":"2022-05-24T20:45:12","date_gmt":"2022-05-24T17:45:12","guid":{"rendered":"https:\/\/masterchem.fi\/?post_type=product&#038;p=10039"},"modified":"2023-02-28T12:56:49","modified_gmt":"2023-02-28T09:56:49","slug":"bensokain-cas-94-09-7","status":"publish","type":"product","link":"https:\/\/masterchem.fi\/sv\/produkt\/bensokain-cas-94-09-7\/","title":{"rendered":"Bensokain (CAS 94-09-7)"},"content":{"rendered":"<p> <strong> Information <\/strong> <\/p>\n<p> Branscher: Kosmetika, l\u00e4kemedel <br \/>\nWE-nummer: 202-303-5 <br \/>\nKemisk formel: C9H11NO2 <br \/>\nMolekylvikt: 165,2 g\/mol <\/p>\n<p> <strong> Andra fysiska egenskaper <\/strong> <\/p>\n<p> Relativ densitet: 2,75 g\/cm3 <br \/>\nL\u00f6slighet i vatten: 1g \/ 2500ml <\/p>\n","protected":false},"excerpt":{"rendered":"<p> <strong> Bensokain (CAS 94-09-7) <\/strong> <\/p>\n<p> Bensokain \u00e4r en ester av para-bensoesyra som saknar den terminala dietylaminogruppen av prokain och har en bed\u00f6vande effekt. Bensokain binder till natriumkanalen och stabiliserar reversibelt det neuronala membranet, vilket minskar dess permeabilitet f\u00f6r natriumjoner. Depolarisering av nervcellsmembranet f\u00f6rhindras, vilket f\u00f6rhindrar uppkomst och ledning av nervimpulser. <\/p>\n","protected":false},"featured_media":10043,"template":"","meta":[],"product_brand":[],"product_cat":[177,106,116],"product_tag":[],"class_list":{"0":"post-10039","1":"product","2":"type-product","3":"status-publish","4":"has-post-thumbnail","6":"product_cat-kosmetikindustrin","7":"product_cat-lakemedelsindustri","8":"product_cat-alla-produkter","10":"first","11":"outofstock","12":"taxable","13":"shipping-taxable","14":"purchasable","15":"product-type-variable","16":"has-default-attributes","17":"rtwpvg-product"},"yoast_head":"<!-- This site is optimized with the Yoast SEO plugin v27.5 - https:\/\/yoast.com\/product\/yoast-seo-wordpress\/ -->\n<title>Bensokain (CAS 94-09-7) - MasterChem | kemikaalien tuotanto ja myynti<\/title>\n<meta name=\"description\" content=\"Bensokain \u00e4r en ester av para-bensoesyra som saknar den terminala dietylaminogruppen av prokain och har en bed\u00f6vningseffekt.\" \/>\n<meta name=\"robots\" content=\"index, follow, max-snippet:-1, max-image-preview:large, max-video-preview:-1\" \/>\n<link rel=\"canonical\" href=\"https:\/\/masterchem.fi\/sv\/produkt\/bensokain-cas-94-09-7\/\" \/>\n<meta property=\"og:locale\" content=\"sv_SE\" \/>\n<meta property=\"og:type\" content=\"article\" \/>\n<meta property=\"og:title\" content=\"Bensokain (CAS 94-09-7) - MasterChem | kemikaalien tuotanto ja myynti\" \/>\n<meta property=\"og:description\" content=\"Bensokain \u00e4r en ester av para-bensoesyra som saknar den terminala dietylaminogruppen av prokain och har en bed\u00f6vningseffekt.\" \/>\n<meta property=\"og:url\" content=\"https:\/\/masterchem.fi\/sv\/produkt\/bensokain-cas-94-09-7\/\" \/>\n<meta property=\"og:site_name\" content=\"MasterChem | kemikaalien tuotanto ja myynti\" \/>\n<meta property=\"article:modified_time\" content=\"2023-02-28T09:56:49+00:00\" \/>\n<meta property=\"og:image\" content=\"https:\/\/masterchem.fi\/wp-content\/uploads\/2022\/05\/Bentsokaiini-WE-202-303-5-25kg-MasterChem.jpg\" \/>\n\t<meta property=\"og:image:width\" content=\"1000\" \/>\n\t<meta property=\"og:image:height\" content=\"1000\" \/>\n\t<meta property=\"og:image:type\" content=\"image\/jpeg\" \/>\n<meta name=\"twitter:card\" content=\"summary_large_image\" \/>\n<script type=\"application\/ld+json\" class=\"yoast-schema-graph\">{\"@context\":\"https:\\\/\\\/schema.org\",\"@graph\":[{\"@type\":\"WebPage\",\"@id\":\"https:\\\/\\\/masterchem.fi\\\/sv\\\/produkt\\\/bensokain-cas-94-09-7\\\/\",\"url\":\"https:\\\/\\\/masterchem.fi\\\/sv\\\/produkt\\\/bensokain-cas-94-09-7\\\/\",\"name\":\"Bensokain (CAS 94-09-7) - MasterChem | kemikaalien tuotanto ja myynti\",\"isPartOf\":{\"@id\":\"https:\\\/\\\/masterchem.fi\\\/sv\\\/#website\"},\"primaryImageOfPage\":{\"@id\":\"https:\\\/\\\/masterchem.fi\\\/sv\\\/produkt\\\/bensokain-cas-94-09-7\\\/#primaryimage\"},\"image\":{\"@id\":\"https:\\\/\\\/masterchem.fi\\\/sv\\\/produkt\\\/bensokain-cas-94-09-7\\\/#primaryimage\"},\"thumbnailUrl\":\"https:\\\/\\\/masterchem.fi\\\/wp-content\\\/uploads\\\/2022\\\/05\\\/Bentsokaiini-WE-202-303-5-25kg-MasterChem.jpg\",\"datePublished\":\"2022-05-24T17:45:12+00:00\",\"dateModified\":\"2023-02-28T09:56:49+00:00\",\"description\":\"Bensokain \u00e4r en ester av para-bensoesyra som saknar den terminala dietylaminogruppen av prokain och har en bed\u00f6vningseffekt.\",\"breadcrumb\":{\"@id\":\"https:\\\/\\\/masterchem.fi\\\/sv\\\/produkt\\\/bensokain-cas-94-09-7\\\/#breadcrumb\"},\"inLanguage\":\"sv-SE\",\"potentialAction\":[{\"@type\":\"ReadAction\",\"target\":[\"https:\\\/\\\/masterchem.fi\\\/sv\\\/produkt\\\/bensokain-cas-94-09-7\\\/\"]}]},{\"@type\":\"ImageObject\",\"inLanguage\":\"sv-SE\",\"@id\":\"https:\\\/\\\/masterchem.fi\\\/sv\\\/produkt\\\/bensokain-cas-94-09-7\\\/#primaryimage\",\"url\":\"https:\\\/\\\/masterchem.fi\\\/wp-content\\\/uploads\\\/2022\\\/05\\\/Bentsokaiini-WE-202-303-5-25kg-MasterChem.jpg\",\"contentUrl\":\"https:\\\/\\\/masterchem.fi\\\/wp-content\\\/uploads\\\/2022\\\/05\\\/Bentsokaiini-WE-202-303-5-25kg-MasterChem.jpg\",\"width\":1000,\"height\":1000,\"caption\":\"Bensokain (CAS 94-09-7) 25kg MasterChem\"},{\"@type\":\"BreadcrumbList\",\"@id\":\"https:\\\/\\\/masterchem.fi\\\/sv\\\/produkt\\\/bensokain-cas-94-09-7\\\/#breadcrumb\",\"itemListElement\":[{\"@type\":\"ListItem\",\"position\":1,\"name\":\"Home\",\"item\":\"https:\\\/\\\/masterchem.fi\\\/sv\\\/\"},{\"@type\":\"ListItem\",\"position\":2,\"name\":\"Butik\",\"item\":\"https:\\\/\\\/masterchem.fi\\\/sv\\\/butik\\\/\"},{\"@type\":\"ListItem\",\"position\":3,\"name\":\"Bensokain (CAS 94-09-7)\"}]},{\"@type\":\"WebSite\",\"@id\":\"https:\\\/\\\/masterchem.fi\\\/sv\\\/#website\",\"url\":\"https:\\\/\\\/masterchem.fi\\\/sv\\\/\",\"name\":\"MasterChem | kemikaalien tuotanto ja myynti\",\"description\":\"kemikaalien tuotanto ja myynti\",\"potentialAction\":[{\"@type\":\"SearchAction\",\"target\":{\"@type\":\"EntryPoint\",\"urlTemplate\":\"https:\\\/\\\/masterchem.fi\\\/sv\\\/?s={search_term_string}\"},\"query-input\":{\"@type\":\"PropertyValueSpecification\",\"valueRequired\":true,\"valueName\":\"search_term_string\"}}],\"inLanguage\":\"sv-SE\"}]}<\/script>\n<!-- \/ Yoast SEO plugin. -->","yoast_head_json":{"title":"Bensokain (CAS 94-09-7) - MasterChem | kemikaalien tuotanto ja myynti","description":"Bensokain \u00e4r en ester av para-bensoesyra som saknar den terminala dietylaminogruppen av prokain och har en bed\u00f6vningseffekt.","robots":{"index":"index","follow":"follow","max-snippet":"max-snippet:-1","max-image-preview":"max-image-preview:large","max-video-preview":"max-video-preview:-1"},"canonical":"https:\/\/masterchem.fi\/sv\/produkt\/bensokain-cas-94-09-7\/","og_locale":"sv_SE","og_type":"article","og_title":"Bensokain (CAS 94-09-7) - MasterChem | kemikaalien tuotanto ja myynti","og_description":"Bensokain \u00e4r en ester av para-bensoesyra som saknar den terminala dietylaminogruppen av prokain och har en bed\u00f6vningseffekt.","og_url":"https:\/\/masterchem.fi\/sv\/produkt\/bensokain-cas-94-09-7\/","og_site_name":"MasterChem | kemikaalien tuotanto ja myynti","article_modified_time":"2023-02-28T09:56:49+00:00","og_image":[{"width":1000,"height":1000,"url":"https:\/\/masterchem.fi\/wp-content\/uploads\/2022\/05\/Bentsokaiini-WE-202-303-5-25kg-MasterChem.jpg","type":"image\/jpeg"}],"twitter_card":"summary_large_image","schema":{"@context":"https:\/\/schema.org","@graph":[{"@type":"WebPage","@id":"https:\/\/masterchem.fi\/sv\/produkt\/bensokain-cas-94-09-7\/","url":"https:\/\/masterchem.fi\/sv\/produkt\/bensokain-cas-94-09-7\/","name":"Bensokain (CAS 94-09-7) - MasterChem | kemikaalien tuotanto ja myynti","isPartOf":{"@id":"https:\/\/masterchem.fi\/sv\/#website"},"primaryImageOfPage":{"@id":"https:\/\/masterchem.fi\/sv\/produkt\/bensokain-cas-94-09-7\/#primaryimage"},"image":{"@id":"https:\/\/masterchem.fi\/sv\/produkt\/bensokain-cas-94-09-7\/#primaryimage"},"thumbnailUrl":"https:\/\/masterchem.fi\/wp-content\/uploads\/2022\/05\/Bentsokaiini-WE-202-303-5-25kg-MasterChem.jpg","datePublished":"2022-05-24T17:45:12+00:00","dateModified":"2023-02-28T09:56:49+00:00","description":"Bensokain \u00e4r en ester av para-bensoesyra som saknar den terminala dietylaminogruppen av prokain och har en bed\u00f6vningseffekt.","breadcrumb":{"@id":"https:\/\/masterchem.fi\/sv\/produkt\/bensokain-cas-94-09-7\/#breadcrumb"},"inLanguage":"sv-SE","potentialAction":[{"@type":"ReadAction","target":["https:\/\/masterchem.fi\/sv\/produkt\/bensokain-cas-94-09-7\/"]}]},{"@type":"ImageObject","inLanguage":"sv-SE","@id":"https:\/\/masterchem.fi\/sv\/produkt\/bensokain-cas-94-09-7\/#primaryimage","url":"https:\/\/masterchem.fi\/wp-content\/uploads\/2022\/05\/Bentsokaiini-WE-202-303-5-25kg-MasterChem.jpg","contentUrl":"https:\/\/masterchem.fi\/wp-content\/uploads\/2022\/05\/Bentsokaiini-WE-202-303-5-25kg-MasterChem.jpg","width":1000,"height":1000,"caption":"Bensokain (CAS 94-09-7) 25kg MasterChem"},{"@type":"BreadcrumbList","@id":"https:\/\/masterchem.fi\/sv\/produkt\/bensokain-cas-94-09-7\/#breadcrumb","itemListElement":[{"@type":"ListItem","position":1,"name":"Home","item":"https:\/\/masterchem.fi\/sv\/"},{"@type":"ListItem","position":2,"name":"Butik","item":"https:\/\/masterchem.fi\/sv\/butik\/"},{"@type":"ListItem","position":3,"name":"Bensokain (CAS 94-09-7)"}]},{"@type":"WebSite","@id":"https:\/\/masterchem.fi\/sv\/#website","url":"https:\/\/masterchem.fi\/sv\/","name":"MasterChem | kemikaalien tuotanto ja myynti","description":"kemikaalien tuotanto ja myynti","potentialAction":[{"@type":"SearchAction","target":{"@type":"EntryPoint","urlTemplate":"https:\/\/masterchem.fi\/sv\/?s={search_term_string}"},"query-input":{"@type":"PropertyValueSpecification","valueRequired":true,"valueName":"search_term_string"}}],"inLanguage":"sv-SE"}]}},"_links":{"self":[{"href":"https:\/\/masterchem.fi\/sv\/wp-json\/wp\/v2\/product\/10039","targetHints":{"allow":["GET"]}}],"collection":[{"href":"https:\/\/masterchem.fi\/sv\/wp-json\/wp\/v2\/product"}],"about":[{"href":"https:\/\/masterchem.fi\/sv\/wp-json\/wp\/v2\/types\/product"}],"wp:featuredmedia":[{"embeddable":true,"href":"https:\/\/masterchem.fi\/sv\/wp-json\/wp\/v2\/media\/10043"}],"wp:attachment":[{"href":"https:\/\/masterchem.fi\/sv\/wp-json\/wp\/v2\/media?parent=10039"}],"wp:term":[{"taxonomy":"product_brand","embeddable":true,"href":"https:\/\/masterchem.fi\/sv\/wp-json\/wp\/v2\/product_brand?post=10039"},{"taxonomy":"product_cat","embeddable":true,"href":"https:\/\/masterchem.fi\/sv\/wp-json\/wp\/v2\/product_cat?post=10039"},{"taxonomy":"product_tag","embeddable":true,"href":"https:\/\/masterchem.fi\/sv\/wp-json\/wp\/v2\/product_tag?post=10039"}],"curies":[{"name":"wp","href":"https:\/\/api.w.org\/{rel}","templated":true}]}}