{"id":10065,"date":"2022-05-24T20:58:05","date_gmt":"2022-05-24T17:58:06","guid":{"rendered":"https:\/\/masterchem.fi\/?post_type=product&#038;p=10065"},"modified":"2022-05-24T21:14:14","modified_gmt":"2022-05-24T18:14:14","slug":"arganolja-cas-223747-87-3","status":"publish","type":"product","link":"https:\/\/masterchem.fi\/sv\/produkt\/arganolja-cas-223747-87-3\/","title":{"rendered":"Arganolja (CAS 223747-87-3)"},"content":{"rendered":"<p> <strong> Information <\/strong> <\/p>\n<p> Branscher: Kosmetikindustri <br \/>\nCAS-nummer: 223747-87-3 <br \/>\nWE-nummer: 273-313-5 <\/p>\n<p> <strong> Andra fysiska egenskaper <\/strong> <\/p>\n<p> Relativ densitet: 0,905 &#8211; 0,917 g\/cm3 (20 \u00b0 C) <\/p>\n","protected":false},"excerpt":{"rendered":"<p> <strong> Arganolja (CAS 223747-87-3) <\/strong> <\/p>\n<p> Arganolja \u00e4r en vegetabilisk olja gjord av k\u00e4rnorna fr\u00e5n argantr\u00e4det (Argania spinosa L.). <\/p>\n<p> Den relativa densiteten f\u00f6r arganolja vid 20 \u00b0C (68 \u00b0F) varierar fr\u00e5n 0,906 till 0,919. <\/p>\n<p>Arganolja inneh\u00e5ller tokoferoler (vitamin E), fenoler, karotener, squalen och fettsyror (80 % om\u00e4ttade). De huvudsakliga naturliga fenolerna i arganolja \u00e4r koffeinsyra, oleuropein, vaniljsyra, tyrosol, katekol, resorcinol, (-) &#8211; epikatekin och (+) &#8211; katekin. <\/p>\n<p> Beroende p\u00e5 extraktionsmetoden kan arganolja vara mer motst\u00e5ndskraftig mot oxidation \u00e4n olivolja. <\/p>\n","protected":false},"featured_media":10087,"template":"","meta":[],"product_brand":[],"product_cat":[177,116],"product_tag":[],"class_list":{"0":"post-10065","1":"product","2":"type-product","3":"status-publish","4":"has-post-thumbnail","6":"product_cat-kosmetikindustrin","7":"product_cat-alla-produkter","9":"first","10":"outofstock","11":"taxable","12":"shipping-taxable","13":"purchasable","14":"product-type-variable","15":"has-default-attributes","16":"rtwpvg-product"},"yoast_head":"<!-- This site is optimized with the Yoast SEO plugin v27.2 - https:\/\/yoast.com\/product\/yoast-seo-wordpress\/ -->\n<title>Arganolja (CAS 223747-87-3) - MasterChem | kemikaalien tuotanto ja myynti<\/title>\n<meta name=\"description\" content=\"Arganolja \u00e4r en vegetabilisk olja gjord av k\u00e4rnorna fr\u00e5n argantr\u00e4det (Argania spinosa L.).\" \/>\n<meta name=\"robots\" content=\"index, follow, max-snippet:-1, max-image-preview:large, max-video-preview:-1\" \/>\n<link rel=\"canonical\" href=\"https:\/\/masterchem.fi\/sv\/produkt\/arganolja-cas-223747-87-3\/\" \/>\n<meta property=\"og:locale\" content=\"sv_SE\" \/>\n<meta property=\"og:type\" content=\"article\" \/>\n<meta property=\"og:title\" content=\"Arganolja (CAS 223747-87-3) - MasterChem | kemikaalien tuotanto ja myynti\" \/>\n<meta property=\"og:description\" content=\"Arganolja \u00e4r en vegetabilisk olja gjord av k\u00e4rnorna fr\u00e5n argantr\u00e4det (Argania spinosa L.).\" \/>\n<meta property=\"og:url\" content=\"https:\/\/masterchem.fi\/sv\/produkt\/arganolja-cas-223747-87-3\/\" \/>\n<meta property=\"og:site_name\" content=\"MasterChem | kemikaalien tuotanto ja myynti\" \/>\n<meta property=\"article:modified_time\" content=\"2022-05-24T18:14:14+00:00\" \/>\n<meta property=\"og:image\" content=\"https:\/\/masterchem.fi\/wp-content\/uploads\/2022\/05\/Arganoljy-CAS-223747-87-3-1000l-MasterChem.jpg\" \/>\n\t<meta property=\"og:image:width\" content=\"1000\" \/>\n\t<meta property=\"og:image:height\" content=\"1000\" \/>\n\t<meta property=\"og:image:type\" content=\"image\/jpeg\" \/>\n<meta name=\"twitter:card\" content=\"summary_large_image\" \/>\n<script type=\"application\/ld+json\" class=\"yoast-schema-graph\">{\"@context\":\"https:\/\/schema.org\",\"@graph\":[{\"@type\":\"WebPage\",\"@id\":\"https:\/\/masterchem.fi\/sv\/produkt\/arganolja-cas-223747-87-3\/\",\"url\":\"https:\/\/masterchem.fi\/sv\/produkt\/arganolja-cas-223747-87-3\/\",\"name\":\"Arganolja (CAS 223747-87-3) - MasterChem | kemikaalien tuotanto ja myynti\",\"isPartOf\":{\"@id\":\"https:\/\/masterchem.fi\/sv\/#website\"},\"primaryImageOfPage\":{\"@id\":\"https:\/\/masterchem.fi\/sv\/produkt\/arganolja-cas-223747-87-3\/#primaryimage\"},\"image\":{\"@id\":\"https:\/\/masterchem.fi\/sv\/produkt\/arganolja-cas-223747-87-3\/#primaryimage\"},\"thumbnailUrl\":\"https:\/\/masterchem.fi\/wp-content\/uploads\/2022\/05\/Arganoljy-CAS-223747-87-3-1000l-MasterChem.jpg\",\"datePublished\":\"2022-05-24T17:58:06+00:00\",\"dateModified\":\"2022-05-24T18:14:14+00:00\",\"description\":\"Arganolja \u00e4r en vegetabilisk olja gjord av k\u00e4rnorna fr\u00e5n argantr\u00e4det (Argania spinosa L.).\",\"breadcrumb\":{\"@id\":\"https:\/\/masterchem.fi\/sv\/produkt\/arganolja-cas-223747-87-3\/#breadcrumb\"},\"inLanguage\":\"sv-SE\",\"potentialAction\":[{\"@type\":\"ReadAction\",\"target\":[\"https:\/\/masterchem.fi\/sv\/produkt\/arganolja-cas-223747-87-3\/\"]}]},{\"@type\":\"ImageObject\",\"inLanguage\":\"sv-SE\",\"@id\":\"https:\/\/masterchem.fi\/sv\/produkt\/arganolja-cas-223747-87-3\/#primaryimage\",\"url\":\"https:\/\/masterchem.fi\/wp-content\/uploads\/2022\/05\/Arganoljy-CAS-223747-87-3-1000l-MasterChem.jpg\",\"contentUrl\":\"https:\/\/masterchem.fi\/wp-content\/uploads\/2022\/05\/Arganoljy-CAS-223747-87-3-1000l-MasterChem.jpg\",\"width\":1000,\"height\":1000,\"caption\":\"Arganolja (CAS 223747-87-3) 1000l MaterChem\"},{\"@type\":\"BreadcrumbList\",\"@id\":\"https:\/\/masterchem.fi\/sv\/produkt\/arganolja-cas-223747-87-3\/#breadcrumb\",\"itemListElement\":[{\"@type\":\"ListItem\",\"position\":1,\"name\":\"Home\",\"item\":\"https:\/\/masterchem.fi\/sv\/\"},{\"@type\":\"ListItem\",\"position\":2,\"name\":\"Butik\",\"item\":\"https:\/\/masterchem.fi\/sv\/butik\/\"},{\"@type\":\"ListItem\",\"position\":3,\"name\":\"Arganolja (CAS 223747-87-3)\"}]},{\"@type\":\"WebSite\",\"@id\":\"https:\/\/masterchem.fi\/sv\/#website\",\"url\":\"https:\/\/masterchem.fi\/sv\/\",\"name\":\"MasterChem | kemikaalien tuotanto ja myynti\",\"description\":\"kemikaalien tuotanto ja myynti\",\"potentialAction\":[{\"@type\":\"SearchAction\",\"target\":{\"@type\":\"EntryPoint\",\"urlTemplate\":\"https:\/\/masterchem.fi\/sv\/?s={search_term_string}\"},\"query-input\":{\"@type\":\"PropertyValueSpecification\",\"valueRequired\":true,\"valueName\":\"search_term_string\"}}],\"inLanguage\":\"sv-SE\"}]}<\/script>\n<!-- \/ Yoast SEO plugin. -->","yoast_head_json":{"title":"Arganolja (CAS 223747-87-3) - MasterChem | kemikaalien tuotanto ja myynti","description":"Arganolja \u00e4r en vegetabilisk olja gjord av k\u00e4rnorna fr\u00e5n argantr\u00e4det (Argania spinosa L.).","robots":{"index":"index","follow":"follow","max-snippet":"max-snippet:-1","max-image-preview":"max-image-preview:large","max-video-preview":"max-video-preview:-1"},"canonical":"https:\/\/masterchem.fi\/sv\/produkt\/arganolja-cas-223747-87-3\/","og_locale":"sv_SE","og_type":"article","og_title":"Arganolja (CAS 223747-87-3) - MasterChem | kemikaalien tuotanto ja myynti","og_description":"Arganolja \u00e4r en vegetabilisk olja gjord av k\u00e4rnorna fr\u00e5n argantr\u00e4det (Argania spinosa L.).","og_url":"https:\/\/masterchem.fi\/sv\/produkt\/arganolja-cas-223747-87-3\/","og_site_name":"MasterChem | kemikaalien tuotanto ja myynti","article_modified_time":"2022-05-24T18:14:14+00:00","og_image":[{"width":1000,"height":1000,"url":"https:\/\/masterchem.fi\/wp-content\/uploads\/2022\/05\/Arganoljy-CAS-223747-87-3-1000l-MasterChem.jpg","type":"image\/jpeg"}],"twitter_card":"summary_large_image","schema":{"@context":"https:\/\/schema.org","@graph":[{"@type":"WebPage","@id":"https:\/\/masterchem.fi\/sv\/produkt\/arganolja-cas-223747-87-3\/","url":"https:\/\/masterchem.fi\/sv\/produkt\/arganolja-cas-223747-87-3\/","name":"Arganolja (CAS 223747-87-3) - MasterChem | kemikaalien tuotanto ja myynti","isPartOf":{"@id":"https:\/\/masterchem.fi\/sv\/#website"},"primaryImageOfPage":{"@id":"https:\/\/masterchem.fi\/sv\/produkt\/arganolja-cas-223747-87-3\/#primaryimage"},"image":{"@id":"https:\/\/masterchem.fi\/sv\/produkt\/arganolja-cas-223747-87-3\/#primaryimage"},"thumbnailUrl":"https:\/\/masterchem.fi\/wp-content\/uploads\/2022\/05\/Arganoljy-CAS-223747-87-3-1000l-MasterChem.jpg","datePublished":"2022-05-24T17:58:06+00:00","dateModified":"2022-05-24T18:14:14+00:00","description":"Arganolja \u00e4r en vegetabilisk olja gjord av k\u00e4rnorna fr\u00e5n argantr\u00e4det (Argania spinosa L.).","breadcrumb":{"@id":"https:\/\/masterchem.fi\/sv\/produkt\/arganolja-cas-223747-87-3\/#breadcrumb"},"inLanguage":"sv-SE","potentialAction":[{"@type":"ReadAction","target":["https:\/\/masterchem.fi\/sv\/produkt\/arganolja-cas-223747-87-3\/"]}]},{"@type":"ImageObject","inLanguage":"sv-SE","@id":"https:\/\/masterchem.fi\/sv\/produkt\/arganolja-cas-223747-87-3\/#primaryimage","url":"https:\/\/masterchem.fi\/wp-content\/uploads\/2022\/05\/Arganoljy-CAS-223747-87-3-1000l-MasterChem.jpg","contentUrl":"https:\/\/masterchem.fi\/wp-content\/uploads\/2022\/05\/Arganoljy-CAS-223747-87-3-1000l-MasterChem.jpg","width":1000,"height":1000,"caption":"Arganolja (CAS 223747-87-3) 1000l MaterChem"},{"@type":"BreadcrumbList","@id":"https:\/\/masterchem.fi\/sv\/produkt\/arganolja-cas-223747-87-3\/#breadcrumb","itemListElement":[{"@type":"ListItem","position":1,"name":"Home","item":"https:\/\/masterchem.fi\/sv\/"},{"@type":"ListItem","position":2,"name":"Butik","item":"https:\/\/masterchem.fi\/sv\/butik\/"},{"@type":"ListItem","position":3,"name":"Arganolja (CAS 223747-87-3)"}]},{"@type":"WebSite","@id":"https:\/\/masterchem.fi\/sv\/#website","url":"https:\/\/masterchem.fi\/sv\/","name":"MasterChem | kemikaalien tuotanto ja myynti","description":"kemikaalien tuotanto ja myynti","potentialAction":[{"@type":"SearchAction","target":{"@type":"EntryPoint","urlTemplate":"https:\/\/masterchem.fi\/sv\/?s={search_term_string}"},"query-input":{"@type":"PropertyValueSpecification","valueRequired":true,"valueName":"search_term_string"}}],"inLanguage":"sv-SE"}]}},"_links":{"self":[{"href":"https:\/\/masterchem.fi\/sv\/wp-json\/wp\/v2\/product\/10065","targetHints":{"allow":["GET"]}}],"collection":[{"href":"https:\/\/masterchem.fi\/sv\/wp-json\/wp\/v2\/product"}],"about":[{"href":"https:\/\/masterchem.fi\/sv\/wp-json\/wp\/v2\/types\/product"}],"wp:featuredmedia":[{"embeddable":true,"href":"https:\/\/masterchem.fi\/sv\/wp-json\/wp\/v2\/media\/10087"}],"wp:attachment":[{"href":"https:\/\/masterchem.fi\/sv\/wp-json\/wp\/v2\/media?parent=10065"}],"wp:term":[{"taxonomy":"product_brand","embeddable":true,"href":"https:\/\/masterchem.fi\/sv\/wp-json\/wp\/v2\/product_brand?post=10065"},{"taxonomy":"product_cat","embeddable":true,"href":"https:\/\/masterchem.fi\/sv\/wp-json\/wp\/v2\/product_cat?post=10065"},{"taxonomy":"product_tag","embeddable":true,"href":"https:\/\/masterchem.fi\/sv\/wp-json\/wp\/v2\/product_tag?post=10065"}],"curies":[{"name":"wp","href":"https:\/\/api.w.org\/{rel}","templated":true}]}}