{"id":10104,"date":"2022-05-24T21:19:12","date_gmt":"2022-05-24T18:19:13","guid":{"rendered":"https:\/\/masterchem.fi\/?post_type=product&#038;p=10104"},"modified":"2022-05-24T21:25:53","modified_gmt":"2022-05-24T18:25:53","slug":"tea-tree-olja","status":"publish","type":"product","link":"https:\/\/masterchem.fi\/sv\/produkt\/tea-tree-olja\/","title":{"rendered":"Tea tree olja"},"content":{"rendered":"<p> <strong> Information <\/strong> <\/p>\n<p> Branscher: Kosmetikindustri <\/p>\n<p> Tea tree-olja har anv\u00e4nts som en traditionell \u00f6rtmedicin eftersom den tros behandla akne, nagelsvamp eller fotsvamp, men det finns f\u00e5 bevis som st\u00f6der denna anv\u00e4ndning. En Cochrane systematisk genomg\u00e5ng av till\u00e4ggsbehandling f\u00f6r akne fr\u00e5n 2015 fann att en enstaka studie av l\u00e5g kvalitet var f\u00f6rdelaktigt j\u00e4mf\u00f6rt med placebo. <\/p>\n","protected":false},"excerpt":{"rendered":"<p> <strong> Tea Tree Oil <\/strong> <\/p>\n<p> Tea tree oil \u00e4r en gulgr\u00f6n med en stark doft av eteriska oljor. Oljan p\u00e5st\u00e5s ha positiva kosmetiska och medicinska effekter (inklusive antiseptiska och svampd\u00f6dande effekter). <\/p>\n","protected":false},"featured_media":10125,"template":"","meta":[],"product_brand":[],"product_cat":[177,116],"product_tag":[],"class_list":{"0":"post-10104","1":"product","2":"type-product","3":"status-publish","4":"has-post-thumbnail","6":"product_cat-kosmetikindustrin","7":"product_cat-alla-produkter","9":"first","10":"outofstock","11":"taxable","12":"shipping-taxable","13":"purchasable","14":"product-type-variable","15":"has-default-attributes","16":"rtwpvg-product"},"yoast_head":"<!-- This site is optimized with the Yoast SEO plugin v27.2 - https:\/\/yoast.com\/product\/yoast-seo-wordpress\/ -->\n<title>Tea tree olja - MasterChem | kemikaalien tuotanto ja myynti<\/title>\n<meta name=\"description\" content=\"Tea tree oil \u00e4r en gulaktig gr\u00f6n med starka dofter av eterisk olja. Oljan p\u00e5st\u00e5s ha positiva kosmetiska och medicinska effekter (inklusive antiseptiska och svampd\u00f6dande effekter).\" \/>\n<meta name=\"robots\" content=\"index, follow, max-snippet:-1, max-image-preview:large, max-video-preview:-1\" \/>\n<link rel=\"canonical\" href=\"https:\/\/masterchem.fi\/sv\/produkt\/tea-tree-olja\/\" \/>\n<meta property=\"og:locale\" content=\"sv_SE\" \/>\n<meta property=\"og:type\" content=\"article\" \/>\n<meta property=\"og:title\" content=\"Tea tree olja - MasterChem | kemikaalien tuotanto ja myynti\" \/>\n<meta property=\"og:description\" content=\"Tea tree oil \u00e4r en gulaktig gr\u00f6n med starka dofter av eterisk olja. Oljan p\u00e5st\u00e5s ha positiva kosmetiska och medicinska effekter (inklusive antiseptiska och svampd\u00f6dande effekter).\" \/>\n<meta property=\"og:url\" content=\"https:\/\/masterchem.fi\/sv\/produkt\/tea-tree-olja\/\" \/>\n<meta property=\"og:site_name\" content=\"MasterChem | kemikaalien tuotanto ja myynti\" \/>\n<meta property=\"article:modified_time\" content=\"2022-05-24T18:25:53+00:00\" \/>\n<meta property=\"og:image\" content=\"https:\/\/masterchem.fi\/wp-content\/uploads\/2022\/05\/Teepuuoljy-1000l-MasterChem.jpg\" \/>\n\t<meta property=\"og:image:width\" content=\"1000\" \/>\n\t<meta property=\"og:image:height\" content=\"1000\" \/>\n\t<meta property=\"og:image:type\" content=\"image\/jpeg\" \/>\n<meta name=\"twitter:card\" content=\"summary_large_image\" \/>\n<script type=\"application\/ld+json\" class=\"yoast-schema-graph\">{\"@context\":\"https:\/\/schema.org\",\"@graph\":[{\"@type\":\"WebPage\",\"@id\":\"https:\/\/masterchem.fi\/sv\/produkt\/tea-tree-olja\/\",\"url\":\"https:\/\/masterchem.fi\/sv\/produkt\/tea-tree-olja\/\",\"name\":\"Tea tree olja - MasterChem | kemikaalien tuotanto ja myynti\",\"isPartOf\":{\"@id\":\"https:\/\/masterchem.fi\/sv\/#website\"},\"primaryImageOfPage\":{\"@id\":\"https:\/\/masterchem.fi\/sv\/produkt\/tea-tree-olja\/#primaryimage\"},\"image\":{\"@id\":\"https:\/\/masterchem.fi\/sv\/produkt\/tea-tree-olja\/#primaryimage\"},\"thumbnailUrl\":\"https:\/\/masterchem.fi\/wp-content\/uploads\/2022\/05\/Teepuuoljy-1000l-MasterChem.jpg\",\"datePublished\":\"2022-05-24T18:19:13+00:00\",\"dateModified\":\"2022-05-24T18:25:53+00:00\",\"description\":\"Tea tree oil \u00e4r en gulaktig gr\u00f6n med starka dofter av eterisk olja. Oljan p\u00e5st\u00e5s ha positiva kosmetiska och medicinska effekter (inklusive antiseptiska och svampd\u00f6dande effekter).\",\"breadcrumb\":{\"@id\":\"https:\/\/masterchem.fi\/sv\/produkt\/tea-tree-olja\/#breadcrumb\"},\"inLanguage\":\"sv-SE\",\"potentialAction\":[{\"@type\":\"ReadAction\",\"target\":[\"https:\/\/masterchem.fi\/sv\/produkt\/tea-tree-olja\/\"]}]},{\"@type\":\"ImageObject\",\"inLanguage\":\"sv-SE\",\"@id\":\"https:\/\/masterchem.fi\/sv\/produkt\/tea-tree-olja\/#primaryimage\",\"url\":\"https:\/\/masterchem.fi\/wp-content\/uploads\/2022\/05\/Teepuuoljy-1000l-MasterChem.jpg\",\"contentUrl\":\"https:\/\/masterchem.fi\/wp-content\/uploads\/2022\/05\/Teepuuoljy-1000l-MasterChem.jpg\",\"width\":1000,\"height\":1000,\"caption\":\"Tea tree olja 1000l MaterChem\"},{\"@type\":\"BreadcrumbList\",\"@id\":\"https:\/\/masterchem.fi\/sv\/produkt\/tea-tree-olja\/#breadcrumb\",\"itemListElement\":[{\"@type\":\"ListItem\",\"position\":1,\"name\":\"Home\",\"item\":\"https:\/\/masterchem.fi\/sv\/\"},{\"@type\":\"ListItem\",\"position\":2,\"name\":\"Butik\",\"item\":\"https:\/\/masterchem.fi\/sv\/butik\/\"},{\"@type\":\"ListItem\",\"position\":3,\"name\":\"Tea tree olja\"}]},{\"@type\":\"WebSite\",\"@id\":\"https:\/\/masterchem.fi\/sv\/#website\",\"url\":\"https:\/\/masterchem.fi\/sv\/\",\"name\":\"MasterChem | kemikaalien tuotanto ja myynti\",\"description\":\"kemikaalien tuotanto ja myynti\",\"potentialAction\":[{\"@type\":\"SearchAction\",\"target\":{\"@type\":\"EntryPoint\",\"urlTemplate\":\"https:\/\/masterchem.fi\/sv\/?s={search_term_string}\"},\"query-input\":{\"@type\":\"PropertyValueSpecification\",\"valueRequired\":true,\"valueName\":\"search_term_string\"}}],\"inLanguage\":\"sv-SE\"}]}<\/script>\n<!-- \/ Yoast SEO plugin. -->","yoast_head_json":{"title":"Tea tree olja - MasterChem | kemikaalien tuotanto ja myynti","description":"Tea tree oil \u00e4r en gulaktig gr\u00f6n med starka dofter av eterisk olja. Oljan p\u00e5st\u00e5s ha positiva kosmetiska och medicinska effekter (inklusive antiseptiska och svampd\u00f6dande effekter).","robots":{"index":"index","follow":"follow","max-snippet":"max-snippet:-1","max-image-preview":"max-image-preview:large","max-video-preview":"max-video-preview:-1"},"canonical":"https:\/\/masterchem.fi\/sv\/produkt\/tea-tree-olja\/","og_locale":"sv_SE","og_type":"article","og_title":"Tea tree olja - MasterChem | kemikaalien tuotanto ja myynti","og_description":"Tea tree oil \u00e4r en gulaktig gr\u00f6n med starka dofter av eterisk olja. Oljan p\u00e5st\u00e5s ha positiva kosmetiska och medicinska effekter (inklusive antiseptiska och svampd\u00f6dande effekter).","og_url":"https:\/\/masterchem.fi\/sv\/produkt\/tea-tree-olja\/","og_site_name":"MasterChem | kemikaalien tuotanto ja myynti","article_modified_time":"2022-05-24T18:25:53+00:00","og_image":[{"width":1000,"height":1000,"url":"https:\/\/masterchem.fi\/wp-content\/uploads\/2022\/05\/Teepuuoljy-1000l-MasterChem.jpg","type":"image\/jpeg"}],"twitter_card":"summary_large_image","schema":{"@context":"https:\/\/schema.org","@graph":[{"@type":"WebPage","@id":"https:\/\/masterchem.fi\/sv\/produkt\/tea-tree-olja\/","url":"https:\/\/masterchem.fi\/sv\/produkt\/tea-tree-olja\/","name":"Tea tree olja - MasterChem | kemikaalien tuotanto ja myynti","isPartOf":{"@id":"https:\/\/masterchem.fi\/sv\/#website"},"primaryImageOfPage":{"@id":"https:\/\/masterchem.fi\/sv\/produkt\/tea-tree-olja\/#primaryimage"},"image":{"@id":"https:\/\/masterchem.fi\/sv\/produkt\/tea-tree-olja\/#primaryimage"},"thumbnailUrl":"https:\/\/masterchem.fi\/wp-content\/uploads\/2022\/05\/Teepuuoljy-1000l-MasterChem.jpg","datePublished":"2022-05-24T18:19:13+00:00","dateModified":"2022-05-24T18:25:53+00:00","description":"Tea tree oil \u00e4r en gulaktig gr\u00f6n med starka dofter av eterisk olja. Oljan p\u00e5st\u00e5s ha positiva kosmetiska och medicinska effekter (inklusive antiseptiska och svampd\u00f6dande effekter).","breadcrumb":{"@id":"https:\/\/masterchem.fi\/sv\/produkt\/tea-tree-olja\/#breadcrumb"},"inLanguage":"sv-SE","potentialAction":[{"@type":"ReadAction","target":["https:\/\/masterchem.fi\/sv\/produkt\/tea-tree-olja\/"]}]},{"@type":"ImageObject","inLanguage":"sv-SE","@id":"https:\/\/masterchem.fi\/sv\/produkt\/tea-tree-olja\/#primaryimage","url":"https:\/\/masterchem.fi\/wp-content\/uploads\/2022\/05\/Teepuuoljy-1000l-MasterChem.jpg","contentUrl":"https:\/\/masterchem.fi\/wp-content\/uploads\/2022\/05\/Teepuuoljy-1000l-MasterChem.jpg","width":1000,"height":1000,"caption":"Tea tree olja 1000l MaterChem"},{"@type":"BreadcrumbList","@id":"https:\/\/masterchem.fi\/sv\/produkt\/tea-tree-olja\/#breadcrumb","itemListElement":[{"@type":"ListItem","position":1,"name":"Home","item":"https:\/\/masterchem.fi\/sv\/"},{"@type":"ListItem","position":2,"name":"Butik","item":"https:\/\/masterchem.fi\/sv\/butik\/"},{"@type":"ListItem","position":3,"name":"Tea tree olja"}]},{"@type":"WebSite","@id":"https:\/\/masterchem.fi\/sv\/#website","url":"https:\/\/masterchem.fi\/sv\/","name":"MasterChem | kemikaalien tuotanto ja myynti","description":"kemikaalien tuotanto ja myynti","potentialAction":[{"@type":"SearchAction","target":{"@type":"EntryPoint","urlTemplate":"https:\/\/masterchem.fi\/sv\/?s={search_term_string}"},"query-input":{"@type":"PropertyValueSpecification","valueRequired":true,"valueName":"search_term_string"}}],"inLanguage":"sv-SE"}]}},"_links":{"self":[{"href":"https:\/\/masterchem.fi\/sv\/wp-json\/wp\/v2\/product\/10104","targetHints":{"allow":["GET"]}}],"collection":[{"href":"https:\/\/masterchem.fi\/sv\/wp-json\/wp\/v2\/product"}],"about":[{"href":"https:\/\/masterchem.fi\/sv\/wp-json\/wp\/v2\/types\/product"}],"wp:featuredmedia":[{"embeddable":true,"href":"https:\/\/masterchem.fi\/sv\/wp-json\/wp\/v2\/media\/10125"}],"wp:attachment":[{"href":"https:\/\/masterchem.fi\/sv\/wp-json\/wp\/v2\/media?parent=10104"}],"wp:term":[{"taxonomy":"product_brand","embeddable":true,"href":"https:\/\/masterchem.fi\/sv\/wp-json\/wp\/v2\/product_brand?post=10104"},{"taxonomy":"product_cat","embeddable":true,"href":"https:\/\/masterchem.fi\/sv\/wp-json\/wp\/v2\/product_cat?post=10104"},{"taxonomy":"product_tag","embeddable":true,"href":"https:\/\/masterchem.fi\/sv\/wp-json\/wp\/v2\/product_tag?post=10104"}],"curies":[{"name":"wp","href":"https:\/\/api.w.org\/{rel}","templated":true}]}}