{"id":10174,"date":"2022-05-25T12:27:21","date_gmt":"2022-05-25T09:27:22","guid":{"rendered":"https:\/\/masterchem.fi\/?post_type=product&#038;p=10174"},"modified":"2022-05-25T12:30:30","modified_gmt":"2022-05-25T09:30:30","slug":"bivax-cas-64742-26-3","status":"publish","type":"product","link":"https:\/\/masterchem.fi\/sv\/produkt\/bivax-cas-64742-26-3\/","title":{"rendered":"Bivax (CAS 64742-26-3)"},"content":{"rendered":"<p> <strong> Information <\/strong> <\/p>\n<p> Branscher: Kosmetikindustri <br \/>\nCAS-nummer: 64742-26-3; 68334-28-1; 2778-96-3 <br \/>\nWE-nummer: 265-126-2; 269-820-6; 220-476-5 <\/p>\n","protected":false},"excerpt":{"rendered":"<p> <strong> Bivax (CAS 64742-26-3) <\/strong> <\/p>\n<p> Absolut bivax erh\u00e5lls genom att extrahera bivax med alkohol. Utbytet \u00e4r i allm\u00e4nhet mindre \u00e4n 1%. Den gulbruna, tr\u00f6gflytande produkten har en mild, honungsliknande arom och h\u00f6g seghet; den anv\u00e4nds n\u00e4stan uteslutande i fina dofter.<\/p>\n<p> R\u00e5 gult bivax samlas in tillsammans med honung och representerar ett sekund\u00e4rt uts\u00f6ndring av bin. Efter att honungen har \u00e5tervunnits fr\u00e5n cellen genom att t\u00f6mma cellerna, tv\u00e4ttas vaxcellerna med vatten, sm\u00e4lts och h\u00e4lls i formar f\u00f6r att h\u00e4rda. Vaxet renas genom att sm\u00e4lta i varmt vatten till vilket svavelsyra eller alkali kan tills\u00e4ttas f\u00f6r att avl\u00e4gsna f\u00f6roreningar. Det erh\u00e5llna vaxet kallas gult bivax. Gult bivax inneh\u00e5ller serolin, en blandning av fettsyror och \u00e4r l\u00f6sligt i varm alkohol och sv\u00e5rl\u00f6sligt i kall alkohol; myricylalkohol och myricylpalmitat, ol\u00f6sliga i alkohol. Bivax produceras \u00f6ver hela v\u00e4rlden med samma kemiska sammans\u00e4ttning. Lukten kan variera n\u00e5got beroende p\u00e5 k\u00e4llan. <\/p>\n","protected":false},"featured_media":10178,"template":"","meta":[],"product_brand":[],"product_cat":[106,116,177],"product_tag":[],"class_list":{"0":"post-10174","1":"product","2":"type-product","3":"status-publish","4":"has-post-thumbnail","6":"product_cat-lakemedelsindustri","7":"product_cat-alla-produkter","8":"product_cat-kosmetikindustrin","10":"first","11":"outofstock","12":"taxable","13":"shipping-taxable","14":"purchasable","15":"product-type-variable","16":"has-default-attributes","17":"rtwpvg-product"},"yoast_head":"<!-- This site is optimized with the Yoast SEO plugin v27.2 - https:\/\/yoast.com\/product\/yoast-seo-wordpress\/ -->\n<title>Bivax (CAS 64742-26-3) - MasterChem | kemikaalien tuotanto ja myynti<\/title>\n<meta name=\"description\" content=\"Absolut bivax erh\u00e5lls genom att extrahera bivax med alkohol. Utbytet \u00e4r i allm\u00e4nhet mindre \u00e4n 1%. Den gulbruna, tr\u00f6gflytande produkten har en mild, honungsliknande arom och h\u00f6g seghet; den anv\u00e4nds n\u00e4stan uteslutande i fina dofter.\" \/>\n<meta name=\"robots\" content=\"index, follow, max-snippet:-1, max-image-preview:large, max-video-preview:-1\" \/>\n<link rel=\"canonical\" href=\"https:\/\/masterchem.fi\/sv\/produkt\/bivax-cas-64742-26-3\/\" \/>\n<meta property=\"og:locale\" content=\"sv_SE\" \/>\n<meta property=\"og:type\" content=\"article\" \/>\n<meta property=\"og:title\" content=\"Bivax (CAS 64742-26-3) - MasterChem | kemikaalien tuotanto ja myynti\" \/>\n<meta property=\"og:description\" content=\"Absolut bivax erh\u00e5lls genom att extrahera bivax med alkohol. Utbytet \u00e4r i allm\u00e4nhet mindre \u00e4n 1%. Den gulbruna, tr\u00f6gflytande produkten har en mild, honungsliknande arom och h\u00f6g seghet; den anv\u00e4nds n\u00e4stan uteslutande i fina dofter.\" \/>\n<meta property=\"og:url\" content=\"https:\/\/masterchem.fi\/sv\/produkt\/bivax-cas-64742-26-3\/\" \/>\n<meta property=\"og:site_name\" content=\"MasterChem | kemikaalien tuotanto ja myynti\" \/>\n<meta property=\"article:modified_time\" content=\"2022-05-25T09:30:30+00:00\" \/>\n<meta property=\"og:image\" content=\"https:\/\/masterchem.fi\/wp-content\/uploads\/2022\/05\/Mehilaisvaha-CAS-64742-26-3-25kg-MasterChem.jpg\" \/>\n\t<meta property=\"og:image:width\" content=\"1000\" \/>\n\t<meta property=\"og:image:height\" content=\"1000\" \/>\n\t<meta property=\"og:image:type\" content=\"image\/jpeg\" \/>\n<meta name=\"twitter:card\" content=\"summary_large_image\" \/>\n<script type=\"application\/ld+json\" class=\"yoast-schema-graph\">{\"@context\":\"https:\/\/schema.org\",\"@graph\":[{\"@type\":\"WebPage\",\"@id\":\"https:\/\/masterchem.fi\/sv\/produkt\/bivax-cas-64742-26-3\/\",\"url\":\"https:\/\/masterchem.fi\/sv\/produkt\/bivax-cas-64742-26-3\/\",\"name\":\"Bivax (CAS 64742-26-3) - MasterChem | kemikaalien tuotanto ja myynti\",\"isPartOf\":{\"@id\":\"https:\/\/masterchem.fi\/sv\/#website\"},\"primaryImageOfPage\":{\"@id\":\"https:\/\/masterchem.fi\/sv\/produkt\/bivax-cas-64742-26-3\/#primaryimage\"},\"image\":{\"@id\":\"https:\/\/masterchem.fi\/sv\/produkt\/bivax-cas-64742-26-3\/#primaryimage\"},\"thumbnailUrl\":\"https:\/\/masterchem.fi\/wp-content\/uploads\/2022\/05\/Mehilaisvaha-CAS-64742-26-3-25kg-MasterChem.jpg\",\"datePublished\":\"2022-05-25T09:27:22+00:00\",\"dateModified\":\"2022-05-25T09:30:30+00:00\",\"description\":\"Absolut bivax erh\u00e5lls genom att extrahera bivax med alkohol. Utbytet \u00e4r i allm\u00e4nhet mindre \u00e4n 1%. Den gulbruna, tr\u00f6gflytande produkten har en mild, honungsliknande arom och h\u00f6g seghet; den anv\u00e4nds n\u00e4stan uteslutande i fina dofter.\",\"breadcrumb\":{\"@id\":\"https:\/\/masterchem.fi\/sv\/produkt\/bivax-cas-64742-26-3\/#breadcrumb\"},\"inLanguage\":\"sv-SE\",\"potentialAction\":[{\"@type\":\"ReadAction\",\"target\":[\"https:\/\/masterchem.fi\/sv\/produkt\/bivax-cas-64742-26-3\/\"]}]},{\"@type\":\"ImageObject\",\"inLanguage\":\"sv-SE\",\"@id\":\"https:\/\/masterchem.fi\/sv\/produkt\/bivax-cas-64742-26-3\/#primaryimage\",\"url\":\"https:\/\/masterchem.fi\/wp-content\/uploads\/2022\/05\/Mehilaisvaha-CAS-64742-26-3-25kg-MasterChem.jpg\",\"contentUrl\":\"https:\/\/masterchem.fi\/wp-content\/uploads\/2022\/05\/Mehilaisvaha-CAS-64742-26-3-25kg-MasterChem.jpg\",\"width\":1000,\"height\":1000,\"caption\":\"Bivax (CAS 64742-26-3) 25kg MasterChem\"},{\"@type\":\"BreadcrumbList\",\"@id\":\"https:\/\/masterchem.fi\/sv\/produkt\/bivax-cas-64742-26-3\/#breadcrumb\",\"itemListElement\":[{\"@type\":\"ListItem\",\"position\":1,\"name\":\"Home\",\"item\":\"https:\/\/masterchem.fi\/sv\/\"},{\"@type\":\"ListItem\",\"position\":2,\"name\":\"Butik\",\"item\":\"https:\/\/masterchem.fi\/sv\/butik\/\"},{\"@type\":\"ListItem\",\"position\":3,\"name\":\"Bivax (CAS 64742-26-3)\"}]},{\"@type\":\"WebSite\",\"@id\":\"https:\/\/masterchem.fi\/sv\/#website\",\"url\":\"https:\/\/masterchem.fi\/sv\/\",\"name\":\"MasterChem | kemikaalien tuotanto ja myynti\",\"description\":\"kemikaalien tuotanto ja myynti\",\"potentialAction\":[{\"@type\":\"SearchAction\",\"target\":{\"@type\":\"EntryPoint\",\"urlTemplate\":\"https:\/\/masterchem.fi\/sv\/?s={search_term_string}\"},\"query-input\":{\"@type\":\"PropertyValueSpecification\",\"valueRequired\":true,\"valueName\":\"search_term_string\"}}],\"inLanguage\":\"sv-SE\"}]}<\/script>\n<!-- \/ Yoast SEO plugin. -->","yoast_head_json":{"title":"Bivax (CAS 64742-26-3) - MasterChem | kemikaalien tuotanto ja myynti","description":"Absolut bivax erh\u00e5lls genom att extrahera bivax med alkohol. Utbytet \u00e4r i allm\u00e4nhet mindre \u00e4n 1%. Den gulbruna, tr\u00f6gflytande produkten har en mild, honungsliknande arom och h\u00f6g seghet; den anv\u00e4nds n\u00e4stan uteslutande i fina dofter.","robots":{"index":"index","follow":"follow","max-snippet":"max-snippet:-1","max-image-preview":"max-image-preview:large","max-video-preview":"max-video-preview:-1"},"canonical":"https:\/\/masterchem.fi\/sv\/produkt\/bivax-cas-64742-26-3\/","og_locale":"sv_SE","og_type":"article","og_title":"Bivax (CAS 64742-26-3) - MasterChem | kemikaalien tuotanto ja myynti","og_description":"Absolut bivax erh\u00e5lls genom att extrahera bivax med alkohol. Utbytet \u00e4r i allm\u00e4nhet mindre \u00e4n 1%. Den gulbruna, tr\u00f6gflytande produkten har en mild, honungsliknande arom och h\u00f6g seghet; den anv\u00e4nds n\u00e4stan uteslutande i fina dofter.","og_url":"https:\/\/masterchem.fi\/sv\/produkt\/bivax-cas-64742-26-3\/","og_site_name":"MasterChem | kemikaalien tuotanto ja myynti","article_modified_time":"2022-05-25T09:30:30+00:00","og_image":[{"width":1000,"height":1000,"url":"https:\/\/masterchem.fi\/wp-content\/uploads\/2022\/05\/Mehilaisvaha-CAS-64742-26-3-25kg-MasterChem.jpg","type":"image\/jpeg"}],"twitter_card":"summary_large_image","schema":{"@context":"https:\/\/schema.org","@graph":[{"@type":"WebPage","@id":"https:\/\/masterchem.fi\/sv\/produkt\/bivax-cas-64742-26-3\/","url":"https:\/\/masterchem.fi\/sv\/produkt\/bivax-cas-64742-26-3\/","name":"Bivax (CAS 64742-26-3) - MasterChem | kemikaalien tuotanto ja myynti","isPartOf":{"@id":"https:\/\/masterchem.fi\/sv\/#website"},"primaryImageOfPage":{"@id":"https:\/\/masterchem.fi\/sv\/produkt\/bivax-cas-64742-26-3\/#primaryimage"},"image":{"@id":"https:\/\/masterchem.fi\/sv\/produkt\/bivax-cas-64742-26-3\/#primaryimage"},"thumbnailUrl":"https:\/\/masterchem.fi\/wp-content\/uploads\/2022\/05\/Mehilaisvaha-CAS-64742-26-3-25kg-MasterChem.jpg","datePublished":"2022-05-25T09:27:22+00:00","dateModified":"2022-05-25T09:30:30+00:00","description":"Absolut bivax erh\u00e5lls genom att extrahera bivax med alkohol. Utbytet \u00e4r i allm\u00e4nhet mindre \u00e4n 1%. Den gulbruna, tr\u00f6gflytande produkten har en mild, honungsliknande arom och h\u00f6g seghet; den anv\u00e4nds n\u00e4stan uteslutande i fina dofter.","breadcrumb":{"@id":"https:\/\/masterchem.fi\/sv\/produkt\/bivax-cas-64742-26-3\/#breadcrumb"},"inLanguage":"sv-SE","potentialAction":[{"@type":"ReadAction","target":["https:\/\/masterchem.fi\/sv\/produkt\/bivax-cas-64742-26-3\/"]}]},{"@type":"ImageObject","inLanguage":"sv-SE","@id":"https:\/\/masterchem.fi\/sv\/produkt\/bivax-cas-64742-26-3\/#primaryimage","url":"https:\/\/masterchem.fi\/wp-content\/uploads\/2022\/05\/Mehilaisvaha-CAS-64742-26-3-25kg-MasterChem.jpg","contentUrl":"https:\/\/masterchem.fi\/wp-content\/uploads\/2022\/05\/Mehilaisvaha-CAS-64742-26-3-25kg-MasterChem.jpg","width":1000,"height":1000,"caption":"Bivax (CAS 64742-26-3) 25kg MasterChem"},{"@type":"BreadcrumbList","@id":"https:\/\/masterchem.fi\/sv\/produkt\/bivax-cas-64742-26-3\/#breadcrumb","itemListElement":[{"@type":"ListItem","position":1,"name":"Home","item":"https:\/\/masterchem.fi\/sv\/"},{"@type":"ListItem","position":2,"name":"Butik","item":"https:\/\/masterchem.fi\/sv\/butik\/"},{"@type":"ListItem","position":3,"name":"Bivax (CAS 64742-26-3)"}]},{"@type":"WebSite","@id":"https:\/\/masterchem.fi\/sv\/#website","url":"https:\/\/masterchem.fi\/sv\/","name":"MasterChem | kemikaalien tuotanto ja myynti","description":"kemikaalien tuotanto ja myynti","potentialAction":[{"@type":"SearchAction","target":{"@type":"EntryPoint","urlTemplate":"https:\/\/masterchem.fi\/sv\/?s={search_term_string}"},"query-input":{"@type":"PropertyValueSpecification","valueRequired":true,"valueName":"search_term_string"}}],"inLanguage":"sv-SE"}]}},"_links":{"self":[{"href":"https:\/\/masterchem.fi\/sv\/wp-json\/wp\/v2\/product\/10174","targetHints":{"allow":["GET"]}}],"collection":[{"href":"https:\/\/masterchem.fi\/sv\/wp-json\/wp\/v2\/product"}],"about":[{"href":"https:\/\/masterchem.fi\/sv\/wp-json\/wp\/v2\/types\/product"}],"wp:featuredmedia":[{"embeddable":true,"href":"https:\/\/masterchem.fi\/sv\/wp-json\/wp\/v2\/media\/10178"}],"wp:attachment":[{"href":"https:\/\/masterchem.fi\/sv\/wp-json\/wp\/v2\/media?parent=10174"}],"wp:term":[{"taxonomy":"product_brand","embeddable":true,"href":"https:\/\/masterchem.fi\/sv\/wp-json\/wp\/v2\/product_brand?post=10174"},{"taxonomy":"product_cat","embeddable":true,"href":"https:\/\/masterchem.fi\/sv\/wp-json\/wp\/v2\/product_cat?post=10174"},{"taxonomy":"product_tag","embeddable":true,"href":"https:\/\/masterchem.fi\/sv\/wp-json\/wp\/v2\/product_tag?post=10174"}],"curies":[{"name":"wp","href":"https:\/\/api.w.org\/{rel}","templated":true}]}}