{"id":10184,"date":"2022-05-25T12:35:26","date_gmt":"2022-05-25T09:35:27","guid":{"rendered":"https:\/\/masterchem.fi\/?post_type=product&#038;p=10184"},"modified":"2022-05-25T12:39:13","modified_gmt":"2022-05-25T09:39:13","slug":"carnaubavax-cas-8015-86-9","status":"publish","type":"product","link":"https:\/\/masterchem.fi\/sv\/produkt\/carnaubavax-cas-8015-86-9\/","title":{"rendered":"Carnaubavax (CAS 8015-86-9)"},"content":{"rendered":"<p> <strong> Information <\/strong> <\/p>\n<p> Branscher: Kosmetikindustri <br \/>\nCAS-nummer: 8015-86-9 <br \/>\nWE-nummer: 232-399-4 <\/p>\n<p> <strong> Andra fysiska egenskaper <\/strong> <br \/>\nSm\u00e4ltpunkt \/ fryspunkt: 78 &#8211; 88 \u00b0 C <br \/>\nRelativ densitet: 0,99 &#8211; 1,0 g\/cm (20 \u00b0C) <\/p>\n","protected":false},"excerpt":{"rendered":"<p> <strong> Carnaubavax (CAS 8015-86-9) <\/strong> <\/p>\n<p> Carnaubavax f\u00f6rekommer fr\u00e5n ljusbrunt till ljusgult pulver, flingor eller som en oregelbunden klump av h\u00e5rt, spr\u00f6tt vax. Den har en typisk mild lukt och praktiskt taget ingen smak. Det \u00e4r fritt fr\u00e5n f\u00f6rfall. Olika typer och kvaliteter finns kommersiellt tillg\u00e4ngliga. <\/p>\n<p> N\u00e4rhelst h\u00e5rt, polerat vax \u00f6nskas, t.ex. i bilvaxer, golvvaxemulsioner, h\u00f6gkvalitativa skokr\u00e4m, inom pappersindustrin (s\u00e4rskilt f\u00f6r tillverkning av karbonpapper). Som mjukg\u00f6rare i tandavtrycksblandningar. \u00d6kar sm\u00e4ltpunkten f\u00f6r andra vaxer; anv\u00e4nds ofta tillsammans med candelillavax. N\u00e4rvaron av ett vax som sm\u00e4lter vid en l\u00e4gre temperatur anses vara en falsk. Renat och blekt karnaubavax anv\u00e4nds i kosmetiska material som h\u00e5rborttagningsmedel och deodorantstickor. Det sista steget i att bel\u00e4gga en tablett p\u00e5 ett apotek. Hudsensibilisering eller irritation orsakad av karnaubavax verkar vara s\u00e4llsynt. <\/p>\n<p> Anv\u00e4nt karnaubavax anv\u00e4nds f\u00f6r att st\u00e4rka och strukturera kosmetika och har en mindre flytande sammans\u00e4ttning. Carnaubavax bildar ocks\u00e5 ett skyddande lager p\u00e5 hudens yta. Den har den h\u00f6gsta sm\u00e4ltpunkten av naturliga v\u00e4xtvaxer och orsakar vanligtvis inte allergiska reaktioner. Detta vax erh\u00e5lls fr\u00e5n bladen och bladknopparna fr\u00e5n en brasiliansk vaxpalm. <\/p>\n<p> Anv\u00e4ndning Carnauba Wax \u00e4r en allm\u00e4n livsmedelstillsats som \u00e4r ett h\u00e5rt och spr\u00f6tt vax. den erh\u00e5lls fr\u00e5n bladknoppar och blad fr\u00e5n den brasilianska vaxpalmen copernicia cerifera. det \u00e4r ett mycket v\u00e4lk\u00e4nt vax och anv\u00e4nds i karamellglasering. <\/p>\n","protected":false},"featured_media":10188,"template":"","meta":[],"product_brand":[],"product_cat":[106,116,177],"product_tag":[],"class_list":{"0":"post-10184","1":"product","2":"type-product","3":"status-publish","4":"has-post-thumbnail","6":"product_cat-lakemedelsindustri","7":"product_cat-alla-produkter","8":"product_cat-kosmetikindustrin","10":"first","11":"outofstock","12":"taxable","13":"shipping-taxable","14":"purchasable","15":"product-type-variable","16":"has-default-attributes","17":"rtwpvg-product"},"yoast_head":"<!-- This site is optimized with the Yoast SEO plugin v27.2 - https:\/\/yoast.com\/product\/yoast-seo-wordpress\/ -->\n<title>Carnaubavax (CAS 8015-86-9) - MasterChem | kemikaalien tuotanto ja myynti<\/title>\n<meta name=\"description\" content=\"Carnaubavax f\u00f6rekommer fr\u00e5n ljusbrunt till ljusgult pulver, flingor eller som en oregelbunden klump av h\u00e5rt, spr\u00f6tt vax.\" \/>\n<meta name=\"robots\" content=\"index, follow, max-snippet:-1, max-image-preview:large, max-video-preview:-1\" \/>\n<link rel=\"canonical\" href=\"https:\/\/masterchem.fi\/sv\/produkt\/carnaubavax-cas-8015-86-9\/\" \/>\n<meta property=\"og:locale\" content=\"sv_SE\" \/>\n<meta property=\"og:type\" content=\"article\" \/>\n<meta property=\"og:title\" content=\"Carnaubavax (CAS 8015-86-9) - MasterChem | kemikaalien tuotanto ja myynti\" \/>\n<meta property=\"og:description\" content=\"Carnaubavax f\u00f6rekommer fr\u00e5n ljusbrunt till ljusgult pulver, flingor eller som en oregelbunden klump av h\u00e5rt, spr\u00f6tt vax.\" \/>\n<meta property=\"og:url\" content=\"https:\/\/masterchem.fi\/sv\/produkt\/carnaubavax-cas-8015-86-9\/\" \/>\n<meta property=\"og:site_name\" content=\"MasterChem | kemikaalien tuotanto ja myynti\" \/>\n<meta property=\"article:modified_time\" content=\"2022-05-25T09:39:13+00:00\" \/>\n<meta property=\"og:image\" content=\"https:\/\/masterchem.fi\/wp-content\/uploads\/2022\/05\/Karnaubavaha-CAS-8015-86-9-25kg-MasterChem.jpg\" \/>\n\t<meta property=\"og:image:width\" content=\"1000\" \/>\n\t<meta property=\"og:image:height\" content=\"1000\" \/>\n\t<meta property=\"og:image:type\" content=\"image\/jpeg\" \/>\n<meta name=\"twitter:card\" content=\"summary_large_image\" \/>\n<script type=\"application\/ld+json\" class=\"yoast-schema-graph\">{\"@context\":\"https:\/\/schema.org\",\"@graph\":[{\"@type\":\"WebPage\",\"@id\":\"https:\/\/masterchem.fi\/sv\/produkt\/carnaubavax-cas-8015-86-9\/\",\"url\":\"https:\/\/masterchem.fi\/sv\/produkt\/carnaubavax-cas-8015-86-9\/\",\"name\":\"Carnaubavax (CAS 8015-86-9) - MasterChem | kemikaalien tuotanto ja myynti\",\"isPartOf\":{\"@id\":\"https:\/\/masterchem.fi\/sv\/#website\"},\"primaryImageOfPage\":{\"@id\":\"https:\/\/masterchem.fi\/sv\/produkt\/carnaubavax-cas-8015-86-9\/#primaryimage\"},\"image\":{\"@id\":\"https:\/\/masterchem.fi\/sv\/produkt\/carnaubavax-cas-8015-86-9\/#primaryimage\"},\"thumbnailUrl\":\"https:\/\/masterchem.fi\/wp-content\/uploads\/2022\/05\/Karnaubavaha-CAS-8015-86-9-25kg-MasterChem.jpg\",\"datePublished\":\"2022-05-25T09:35:27+00:00\",\"dateModified\":\"2022-05-25T09:39:13+00:00\",\"description\":\"Carnaubavax f\u00f6rekommer fr\u00e5n ljusbrunt till ljusgult pulver, flingor eller som en oregelbunden klump av h\u00e5rt, spr\u00f6tt vax.\",\"breadcrumb\":{\"@id\":\"https:\/\/masterchem.fi\/sv\/produkt\/carnaubavax-cas-8015-86-9\/#breadcrumb\"},\"inLanguage\":\"sv-SE\",\"potentialAction\":[{\"@type\":\"ReadAction\",\"target\":[\"https:\/\/masterchem.fi\/sv\/produkt\/carnaubavax-cas-8015-86-9\/\"]}]},{\"@type\":\"ImageObject\",\"inLanguage\":\"sv-SE\",\"@id\":\"https:\/\/masterchem.fi\/sv\/produkt\/carnaubavax-cas-8015-86-9\/#primaryimage\",\"url\":\"https:\/\/masterchem.fi\/wp-content\/uploads\/2022\/05\/Karnaubavaha-CAS-8015-86-9-25kg-MasterChem.jpg\",\"contentUrl\":\"https:\/\/masterchem.fi\/wp-content\/uploads\/2022\/05\/Karnaubavaha-CAS-8015-86-9-25kg-MasterChem.jpg\",\"width\":1000,\"height\":1000,\"caption\":\"Carnaubavax (CAS 8015-86-9) 25kg MasterChem\"},{\"@type\":\"BreadcrumbList\",\"@id\":\"https:\/\/masterchem.fi\/sv\/produkt\/carnaubavax-cas-8015-86-9\/#breadcrumb\",\"itemListElement\":[{\"@type\":\"ListItem\",\"position\":1,\"name\":\"Home\",\"item\":\"https:\/\/masterchem.fi\/sv\/\"},{\"@type\":\"ListItem\",\"position\":2,\"name\":\"Butik\",\"item\":\"https:\/\/masterchem.fi\/sv\/butik\/\"},{\"@type\":\"ListItem\",\"position\":3,\"name\":\"Carnaubavax (CAS 8015-86-9)\"}]},{\"@type\":\"WebSite\",\"@id\":\"https:\/\/masterchem.fi\/sv\/#website\",\"url\":\"https:\/\/masterchem.fi\/sv\/\",\"name\":\"MasterChem | kemikaalien tuotanto ja myynti\",\"description\":\"kemikaalien tuotanto ja myynti\",\"potentialAction\":[{\"@type\":\"SearchAction\",\"target\":{\"@type\":\"EntryPoint\",\"urlTemplate\":\"https:\/\/masterchem.fi\/sv\/?s={search_term_string}\"},\"query-input\":{\"@type\":\"PropertyValueSpecification\",\"valueRequired\":true,\"valueName\":\"search_term_string\"}}],\"inLanguage\":\"sv-SE\"}]}<\/script>\n<!-- \/ Yoast SEO plugin. -->","yoast_head_json":{"title":"Carnaubavax (CAS 8015-86-9) - MasterChem | kemikaalien tuotanto ja myynti","description":"Carnaubavax f\u00f6rekommer fr\u00e5n ljusbrunt till ljusgult pulver, flingor eller som en oregelbunden klump av h\u00e5rt, spr\u00f6tt vax.","robots":{"index":"index","follow":"follow","max-snippet":"max-snippet:-1","max-image-preview":"max-image-preview:large","max-video-preview":"max-video-preview:-1"},"canonical":"https:\/\/masterchem.fi\/sv\/produkt\/carnaubavax-cas-8015-86-9\/","og_locale":"sv_SE","og_type":"article","og_title":"Carnaubavax (CAS 8015-86-9) - MasterChem | kemikaalien tuotanto ja myynti","og_description":"Carnaubavax f\u00f6rekommer fr\u00e5n ljusbrunt till ljusgult pulver, flingor eller som en oregelbunden klump av h\u00e5rt, spr\u00f6tt vax.","og_url":"https:\/\/masterchem.fi\/sv\/produkt\/carnaubavax-cas-8015-86-9\/","og_site_name":"MasterChem | kemikaalien tuotanto ja myynti","article_modified_time":"2022-05-25T09:39:13+00:00","og_image":[{"width":1000,"height":1000,"url":"https:\/\/masterchem.fi\/wp-content\/uploads\/2022\/05\/Karnaubavaha-CAS-8015-86-9-25kg-MasterChem.jpg","type":"image\/jpeg"}],"twitter_card":"summary_large_image","schema":{"@context":"https:\/\/schema.org","@graph":[{"@type":"WebPage","@id":"https:\/\/masterchem.fi\/sv\/produkt\/carnaubavax-cas-8015-86-9\/","url":"https:\/\/masterchem.fi\/sv\/produkt\/carnaubavax-cas-8015-86-9\/","name":"Carnaubavax (CAS 8015-86-9) - MasterChem | kemikaalien tuotanto ja myynti","isPartOf":{"@id":"https:\/\/masterchem.fi\/sv\/#website"},"primaryImageOfPage":{"@id":"https:\/\/masterchem.fi\/sv\/produkt\/carnaubavax-cas-8015-86-9\/#primaryimage"},"image":{"@id":"https:\/\/masterchem.fi\/sv\/produkt\/carnaubavax-cas-8015-86-9\/#primaryimage"},"thumbnailUrl":"https:\/\/masterchem.fi\/wp-content\/uploads\/2022\/05\/Karnaubavaha-CAS-8015-86-9-25kg-MasterChem.jpg","datePublished":"2022-05-25T09:35:27+00:00","dateModified":"2022-05-25T09:39:13+00:00","description":"Carnaubavax f\u00f6rekommer fr\u00e5n ljusbrunt till ljusgult pulver, flingor eller som en oregelbunden klump av h\u00e5rt, spr\u00f6tt vax.","breadcrumb":{"@id":"https:\/\/masterchem.fi\/sv\/produkt\/carnaubavax-cas-8015-86-9\/#breadcrumb"},"inLanguage":"sv-SE","potentialAction":[{"@type":"ReadAction","target":["https:\/\/masterchem.fi\/sv\/produkt\/carnaubavax-cas-8015-86-9\/"]}]},{"@type":"ImageObject","inLanguage":"sv-SE","@id":"https:\/\/masterchem.fi\/sv\/produkt\/carnaubavax-cas-8015-86-9\/#primaryimage","url":"https:\/\/masterchem.fi\/wp-content\/uploads\/2022\/05\/Karnaubavaha-CAS-8015-86-9-25kg-MasterChem.jpg","contentUrl":"https:\/\/masterchem.fi\/wp-content\/uploads\/2022\/05\/Karnaubavaha-CAS-8015-86-9-25kg-MasterChem.jpg","width":1000,"height":1000,"caption":"Carnaubavax (CAS 8015-86-9) 25kg MasterChem"},{"@type":"BreadcrumbList","@id":"https:\/\/masterchem.fi\/sv\/produkt\/carnaubavax-cas-8015-86-9\/#breadcrumb","itemListElement":[{"@type":"ListItem","position":1,"name":"Home","item":"https:\/\/masterchem.fi\/sv\/"},{"@type":"ListItem","position":2,"name":"Butik","item":"https:\/\/masterchem.fi\/sv\/butik\/"},{"@type":"ListItem","position":3,"name":"Carnaubavax (CAS 8015-86-9)"}]},{"@type":"WebSite","@id":"https:\/\/masterchem.fi\/sv\/#website","url":"https:\/\/masterchem.fi\/sv\/","name":"MasterChem | kemikaalien tuotanto ja myynti","description":"kemikaalien tuotanto ja myynti","potentialAction":[{"@type":"SearchAction","target":{"@type":"EntryPoint","urlTemplate":"https:\/\/masterchem.fi\/sv\/?s={search_term_string}"},"query-input":{"@type":"PropertyValueSpecification","valueRequired":true,"valueName":"search_term_string"}}],"inLanguage":"sv-SE"}]}},"_links":{"self":[{"href":"https:\/\/masterchem.fi\/sv\/wp-json\/wp\/v2\/product\/10184","targetHints":{"allow":["GET"]}}],"collection":[{"href":"https:\/\/masterchem.fi\/sv\/wp-json\/wp\/v2\/product"}],"about":[{"href":"https:\/\/masterchem.fi\/sv\/wp-json\/wp\/v2\/types\/product"}],"wp:featuredmedia":[{"embeddable":true,"href":"https:\/\/masterchem.fi\/sv\/wp-json\/wp\/v2\/media\/10188"}],"wp:attachment":[{"href":"https:\/\/masterchem.fi\/sv\/wp-json\/wp\/v2\/media?parent=10184"}],"wp:term":[{"taxonomy":"product_brand","embeddable":true,"href":"https:\/\/masterchem.fi\/sv\/wp-json\/wp\/v2\/product_brand?post=10184"},{"taxonomy":"product_cat","embeddable":true,"href":"https:\/\/masterchem.fi\/sv\/wp-json\/wp\/v2\/product_cat?post=10184"},{"taxonomy":"product_tag","embeddable":true,"href":"https:\/\/masterchem.fi\/sv\/wp-json\/wp\/v2\/product_tag?post=10184"}],"curies":[{"name":"wp","href":"https:\/\/api.w.org\/{rel}","templated":true}]}}