{"id":10194,"date":"2022-05-25T13:37:11","date_gmt":"2022-05-25T10:37:12","guid":{"rendered":"https:\/\/masterchem.fi\/?post_type=product&#038;p=10194"},"modified":"2022-05-25T13:40:18","modified_gmt":"2022-05-25T10:40:18","slug":"candelilla-vax-cas-8006-44-8","status":"publish","type":"product","link":"https:\/\/masterchem.fi\/sv\/produkt\/candelilla-vax-cas-8006-44-8\/","title":{"rendered":"Candelilla vax (CAS 8006-44-8)"},"content":{"rendered":"<p> <strong> Information <\/strong> <\/p>\n<p> Branscher: Kosmetikindustri <br \/>\nCAS-nummer: 8006-44-8 <br \/>\nWE-nummer: 232-347-0 <\/p>\n<p> <strong> Andra fysiska egenskaper <\/strong> <br \/>\nSm\u00e4ltpunkt \/ fryspunkt: 68 &#8211; 73 \u00b0 C <br \/>\nRelativ densitet: 0,76 g\/cm3 <\/p>\n","protected":false},"excerpt":{"rendered":"<p> <strong> Candelilla Wax (CAS 8006-44-8) <\/strong> <\/p>\n<p> Candelilla vax \u00e4r ett vax som h\u00e4rr\u00f6r fr\u00e5n familjen Euphorbia cerifera och Euphorbia antisyphilitica, Euphorbiaceae, som \u00e4r hemma i norra Mexiko och sydv\u00e4stra USA. Den \u00e4r gulbrun, h\u00e5rd, spr\u00f6d, aromatisk och ogenomskinlig eller genomskinlig. <\/p>\n<p> Det anv\u00e4nds oftast blandat med andra vaxer f\u00f6r att h\u00e4rda dem utan att h\u00f6ja deras sm\u00e4ltpunkt. Som livsmedelstillsats har candelilla vax E-numret E 902 och anv\u00e4nds som ytbehandlingsmedel. Det anv\u00e4nds ocks\u00e5 i kosmetikaindustrin som en komponent i l\u00e4ppbalsam och kr\u00e4mbars. En av dess huvudsakliga anv\u00e4ndningsomr\u00e5den \u00e4r som bindemedel i tuggummi. <\/p>\n<p>Candelillavax kan anv\u00e4ndas som ers\u00e4ttning f\u00f6r karnaubavax och bivax. Det anv\u00e4nds ocks\u00e5 f\u00f6r att g\u00f6ra lack. <\/p>\n","protected":false},"featured_media":10198,"template":"","meta":[],"product_brand":[],"product_cat":[106,116,177],"product_tag":[],"class_list":{"0":"post-10194","1":"product","2":"type-product","3":"status-publish","4":"has-post-thumbnail","6":"product_cat-lakemedelsindustri","7":"product_cat-alla-produkter","8":"product_cat-kosmetikindustrin","10":"first","11":"outofstock","12":"taxable","13":"shipping-taxable","14":"purchasable","15":"product-type-variable","16":"has-default-attributes","17":"rtwpvg-product"},"yoast_head":"<!-- This site is optimized with the Yoast SEO plugin v27.2 - https:\/\/yoast.com\/product\/yoast-seo-wordpress\/ -->\n<title>Candelilla vax (CAS 8006-44-8) - MasterChem | kemikaalien tuotanto ja myynti<\/title>\n<meta name=\"description\" content=\"Candelilla vax \u00e4r ett vax som h\u00e4rr\u00f6r fr\u00e5n familjen Euphorbia cerifera och Euphorbia antisyphilitica, Euphorbiaceae, som \u00e4r hemma i norra Mexiko och sydv\u00e4stra USA.\" \/>\n<meta name=\"robots\" content=\"index, follow, max-snippet:-1, max-image-preview:large, max-video-preview:-1\" \/>\n<link rel=\"canonical\" href=\"https:\/\/masterchem.fi\/sv\/produkt\/candelilla-vax-cas-8006-44-8\/\" \/>\n<meta property=\"og:locale\" content=\"sv_SE\" \/>\n<meta property=\"og:type\" content=\"article\" \/>\n<meta property=\"og:title\" content=\"Candelilla vax (CAS 8006-44-8) - MasterChem | kemikaalien tuotanto ja myynti\" \/>\n<meta property=\"og:description\" content=\"Candelilla vax \u00e4r ett vax som h\u00e4rr\u00f6r fr\u00e5n familjen Euphorbia cerifera och Euphorbia antisyphilitica, Euphorbiaceae, som \u00e4r hemma i norra Mexiko och sydv\u00e4stra USA.\" \/>\n<meta property=\"og:url\" content=\"https:\/\/masterchem.fi\/sv\/produkt\/candelilla-vax-cas-8006-44-8\/\" \/>\n<meta property=\"og:site_name\" content=\"MasterChem | kemikaalien tuotanto ja myynti\" \/>\n<meta property=\"article:modified_time\" content=\"2022-05-25T10:40:18+00:00\" \/>\n<meta property=\"og:image\" content=\"https:\/\/masterchem.fi\/wp-content\/uploads\/2022\/05\/Candelilla-vaha-CAS-8006-44-8-25kg-MasterChem.jpg\" \/>\n\t<meta property=\"og:image:width\" content=\"1000\" \/>\n\t<meta property=\"og:image:height\" content=\"1000\" \/>\n\t<meta property=\"og:image:type\" content=\"image\/jpeg\" \/>\n<meta name=\"twitter:card\" content=\"summary_large_image\" \/>\n<script type=\"application\/ld+json\" class=\"yoast-schema-graph\">{\"@context\":\"https:\/\/schema.org\",\"@graph\":[{\"@type\":\"WebPage\",\"@id\":\"https:\/\/masterchem.fi\/sv\/produkt\/candelilla-vax-cas-8006-44-8\/\",\"url\":\"https:\/\/masterchem.fi\/sv\/produkt\/candelilla-vax-cas-8006-44-8\/\",\"name\":\"Candelilla vax (CAS 8006-44-8) - MasterChem | kemikaalien tuotanto ja myynti\",\"isPartOf\":{\"@id\":\"https:\/\/masterchem.fi\/sv\/#website\"},\"primaryImageOfPage\":{\"@id\":\"https:\/\/masterchem.fi\/sv\/produkt\/candelilla-vax-cas-8006-44-8\/#primaryimage\"},\"image\":{\"@id\":\"https:\/\/masterchem.fi\/sv\/produkt\/candelilla-vax-cas-8006-44-8\/#primaryimage\"},\"thumbnailUrl\":\"https:\/\/masterchem.fi\/wp-content\/uploads\/2022\/05\/Candelilla-vaha-CAS-8006-44-8-25kg-MasterChem.jpg\",\"datePublished\":\"2022-05-25T10:37:12+00:00\",\"dateModified\":\"2022-05-25T10:40:18+00:00\",\"description\":\"Candelilla vax \u00e4r ett vax som h\u00e4rr\u00f6r fr\u00e5n familjen Euphorbia cerifera och Euphorbia antisyphilitica, Euphorbiaceae, som \u00e4r hemma i norra Mexiko och sydv\u00e4stra USA.\",\"breadcrumb\":{\"@id\":\"https:\/\/masterchem.fi\/sv\/produkt\/candelilla-vax-cas-8006-44-8\/#breadcrumb\"},\"inLanguage\":\"sv-SE\",\"potentialAction\":[{\"@type\":\"ReadAction\",\"target\":[\"https:\/\/masterchem.fi\/sv\/produkt\/candelilla-vax-cas-8006-44-8\/\"]}]},{\"@type\":\"ImageObject\",\"inLanguage\":\"sv-SE\",\"@id\":\"https:\/\/masterchem.fi\/sv\/produkt\/candelilla-vax-cas-8006-44-8\/#primaryimage\",\"url\":\"https:\/\/masterchem.fi\/wp-content\/uploads\/2022\/05\/Candelilla-vaha-CAS-8006-44-8-25kg-MasterChem.jpg\",\"contentUrl\":\"https:\/\/masterchem.fi\/wp-content\/uploads\/2022\/05\/Candelilla-vaha-CAS-8006-44-8-25kg-MasterChem.jpg\",\"width\":1000,\"height\":1000,\"caption\":\"Candelilla vax (CAS 8006-44-8) 25kg MasterChem\"},{\"@type\":\"BreadcrumbList\",\"@id\":\"https:\/\/masterchem.fi\/sv\/produkt\/candelilla-vax-cas-8006-44-8\/#breadcrumb\",\"itemListElement\":[{\"@type\":\"ListItem\",\"position\":1,\"name\":\"Home\",\"item\":\"https:\/\/masterchem.fi\/sv\/\"},{\"@type\":\"ListItem\",\"position\":2,\"name\":\"Butik\",\"item\":\"https:\/\/masterchem.fi\/sv\/butik\/\"},{\"@type\":\"ListItem\",\"position\":3,\"name\":\"Candelilla vax (CAS 8006-44-8)\"}]},{\"@type\":\"WebSite\",\"@id\":\"https:\/\/masterchem.fi\/sv\/#website\",\"url\":\"https:\/\/masterchem.fi\/sv\/\",\"name\":\"MasterChem | kemikaalien tuotanto ja myynti\",\"description\":\"kemikaalien tuotanto ja myynti\",\"potentialAction\":[{\"@type\":\"SearchAction\",\"target\":{\"@type\":\"EntryPoint\",\"urlTemplate\":\"https:\/\/masterchem.fi\/sv\/?s={search_term_string}\"},\"query-input\":{\"@type\":\"PropertyValueSpecification\",\"valueRequired\":true,\"valueName\":\"search_term_string\"}}],\"inLanguage\":\"sv-SE\"}]}<\/script>\n<!-- \/ Yoast SEO plugin. -->","yoast_head_json":{"title":"Candelilla vax (CAS 8006-44-8) - MasterChem | kemikaalien tuotanto ja myynti","description":"Candelilla vax \u00e4r ett vax som h\u00e4rr\u00f6r fr\u00e5n familjen Euphorbia cerifera och Euphorbia antisyphilitica, Euphorbiaceae, som \u00e4r hemma i norra Mexiko och sydv\u00e4stra USA.","robots":{"index":"index","follow":"follow","max-snippet":"max-snippet:-1","max-image-preview":"max-image-preview:large","max-video-preview":"max-video-preview:-1"},"canonical":"https:\/\/masterchem.fi\/sv\/produkt\/candelilla-vax-cas-8006-44-8\/","og_locale":"sv_SE","og_type":"article","og_title":"Candelilla vax (CAS 8006-44-8) - MasterChem | kemikaalien tuotanto ja myynti","og_description":"Candelilla vax \u00e4r ett vax som h\u00e4rr\u00f6r fr\u00e5n familjen Euphorbia cerifera och Euphorbia antisyphilitica, Euphorbiaceae, som \u00e4r hemma i norra Mexiko och sydv\u00e4stra USA.","og_url":"https:\/\/masterchem.fi\/sv\/produkt\/candelilla-vax-cas-8006-44-8\/","og_site_name":"MasterChem | kemikaalien tuotanto ja myynti","article_modified_time":"2022-05-25T10:40:18+00:00","og_image":[{"width":1000,"height":1000,"url":"https:\/\/masterchem.fi\/wp-content\/uploads\/2022\/05\/Candelilla-vaha-CAS-8006-44-8-25kg-MasterChem.jpg","type":"image\/jpeg"}],"twitter_card":"summary_large_image","schema":{"@context":"https:\/\/schema.org","@graph":[{"@type":"WebPage","@id":"https:\/\/masterchem.fi\/sv\/produkt\/candelilla-vax-cas-8006-44-8\/","url":"https:\/\/masterchem.fi\/sv\/produkt\/candelilla-vax-cas-8006-44-8\/","name":"Candelilla vax (CAS 8006-44-8) - MasterChem | kemikaalien tuotanto ja myynti","isPartOf":{"@id":"https:\/\/masterchem.fi\/sv\/#website"},"primaryImageOfPage":{"@id":"https:\/\/masterchem.fi\/sv\/produkt\/candelilla-vax-cas-8006-44-8\/#primaryimage"},"image":{"@id":"https:\/\/masterchem.fi\/sv\/produkt\/candelilla-vax-cas-8006-44-8\/#primaryimage"},"thumbnailUrl":"https:\/\/masterchem.fi\/wp-content\/uploads\/2022\/05\/Candelilla-vaha-CAS-8006-44-8-25kg-MasterChem.jpg","datePublished":"2022-05-25T10:37:12+00:00","dateModified":"2022-05-25T10:40:18+00:00","description":"Candelilla vax \u00e4r ett vax som h\u00e4rr\u00f6r fr\u00e5n familjen Euphorbia cerifera och Euphorbia antisyphilitica, Euphorbiaceae, som \u00e4r hemma i norra Mexiko och sydv\u00e4stra USA.","breadcrumb":{"@id":"https:\/\/masterchem.fi\/sv\/produkt\/candelilla-vax-cas-8006-44-8\/#breadcrumb"},"inLanguage":"sv-SE","potentialAction":[{"@type":"ReadAction","target":["https:\/\/masterchem.fi\/sv\/produkt\/candelilla-vax-cas-8006-44-8\/"]}]},{"@type":"ImageObject","inLanguage":"sv-SE","@id":"https:\/\/masterchem.fi\/sv\/produkt\/candelilla-vax-cas-8006-44-8\/#primaryimage","url":"https:\/\/masterchem.fi\/wp-content\/uploads\/2022\/05\/Candelilla-vaha-CAS-8006-44-8-25kg-MasterChem.jpg","contentUrl":"https:\/\/masterchem.fi\/wp-content\/uploads\/2022\/05\/Candelilla-vaha-CAS-8006-44-8-25kg-MasterChem.jpg","width":1000,"height":1000,"caption":"Candelilla vax (CAS 8006-44-8) 25kg MasterChem"},{"@type":"BreadcrumbList","@id":"https:\/\/masterchem.fi\/sv\/produkt\/candelilla-vax-cas-8006-44-8\/#breadcrumb","itemListElement":[{"@type":"ListItem","position":1,"name":"Home","item":"https:\/\/masterchem.fi\/sv\/"},{"@type":"ListItem","position":2,"name":"Butik","item":"https:\/\/masterchem.fi\/sv\/butik\/"},{"@type":"ListItem","position":3,"name":"Candelilla vax (CAS 8006-44-8)"}]},{"@type":"WebSite","@id":"https:\/\/masterchem.fi\/sv\/#website","url":"https:\/\/masterchem.fi\/sv\/","name":"MasterChem | kemikaalien tuotanto ja myynti","description":"kemikaalien tuotanto ja myynti","potentialAction":[{"@type":"SearchAction","target":{"@type":"EntryPoint","urlTemplate":"https:\/\/masterchem.fi\/sv\/?s={search_term_string}"},"query-input":{"@type":"PropertyValueSpecification","valueRequired":true,"valueName":"search_term_string"}}],"inLanguage":"sv-SE"}]}},"_links":{"self":[{"href":"https:\/\/masterchem.fi\/sv\/wp-json\/wp\/v2\/product\/10194","targetHints":{"allow":["GET"]}}],"collection":[{"href":"https:\/\/masterchem.fi\/sv\/wp-json\/wp\/v2\/product"}],"about":[{"href":"https:\/\/masterchem.fi\/sv\/wp-json\/wp\/v2\/types\/product"}],"wp:featuredmedia":[{"embeddable":true,"href":"https:\/\/masterchem.fi\/sv\/wp-json\/wp\/v2\/media\/10198"}],"wp:attachment":[{"href":"https:\/\/masterchem.fi\/sv\/wp-json\/wp\/v2\/media?parent=10194"}],"wp:term":[{"taxonomy":"product_brand","embeddable":true,"href":"https:\/\/masterchem.fi\/sv\/wp-json\/wp\/v2\/product_brand?post=10194"},{"taxonomy":"product_cat","embeddable":true,"href":"https:\/\/masterchem.fi\/sv\/wp-json\/wp\/v2\/product_cat?post=10194"},{"taxonomy":"product_tag","embeddable":true,"href":"https:\/\/masterchem.fi\/sv\/wp-json\/wp\/v2\/product_tag?post=10194"}],"curies":[{"name":"wp","href":"https:\/\/api.w.org\/{rel}","templated":true}]}}