{"id":10221,"date":"2022-05-25T14:03:00","date_gmt":"2022-05-25T11:03:01","guid":{"rendered":"https:\/\/masterchem.fi\/?post_type=product&#038;p=10221"},"modified":"2022-05-25T14:09:39","modified_gmt":"2022-05-25T11:09:39","slug":"isopropylmyristat-cas-110-27-0","status":"publish","type":"product","link":"https:\/\/masterchem.fi\/sv\/produkt\/isopropylmyristat-cas-110-27-0\/","title":{"rendered":"Isopropylmyristat (CAS 110-27-0)"},"content":{"rendered":"<p> <strong> Information <\/strong> <\/p>\n<p> Branscher: Kosmetikindustri <br \/>\nCAS: 110-27-0 <br \/>\nWE: 203-751-4 <br \/>\nKemisk formel: C17H34O2 <br \/>\nMolekylvikt: 270,46 g\/mol <br \/>\nTulltaxekod: 29159070 <\/p>\n<p> <strong> Andra fysiska egenskaper <\/strong> <br \/>\nSm\u00e4ltpunkt \/ fryspunkt: ~ 0 \u00b0 C <br \/>\nKokpunkt\/intervall: 300 \u00b0C (760 mmHg) <br \/>\nRelativ densitet: 850,0 &#8211; 855,0 kg\/m3 (15 \u00b0C) <\/p>\n","protected":false},"excerpt":{"rendered":"<p> <strong> Isopropyl Myristat (CAS 110-27-0) <\/strong> <\/p>\n<p> Isopropylmyristat (IPM) \u00e4r en ester av isopropylalkohol och myristinsyra. <\/p>\n<p> Isopropylmyristat \u00e4r en fuktighetskr\u00e4m med pol\u00e4ra egenskaper som anv\u00e4nds i kosmetika och aktuella l\u00e4kemedel f\u00f6r att f\u00f6rb\u00e4ttra hudens absorption. Isopropylmyristat har studerats brett och pulserats som en hudpenetrationsf\u00f6rst\u00e4rkare. F\u00f6r n\u00e4rvarande \u00e4r den prim\u00e4ra anv\u00e4ndningen f\u00f6r vilken isopropylmyristat officiellt \u00e4r avsedd som en aktiv ingrediens i receptfria pedikulicidsk\u00f6ljning. <\/p>\n","protected":false},"featured_media":10242,"template":"","meta":[],"product_brand":[],"product_cat":[177,116],"product_tag":[],"class_list":{"0":"post-10221","1":"product","2":"type-product","3":"status-publish","4":"has-post-thumbnail","6":"product_cat-kosmetikindustrin","7":"product_cat-alla-produkter","9":"first","10":"outofstock","11":"taxable","12":"shipping-taxable","13":"purchasable","14":"product-type-variable","15":"has-default-attributes","16":"rtwpvg-product"},"yoast_head":"<!-- This site is optimized with the Yoast SEO plugin v27.2 - https:\/\/yoast.com\/product\/yoast-seo-wordpress\/ -->\n<title>Isopropylmyristat (CAS 110-27-0) - MasterChem | kemikaalien tuotanto ja myynti<\/title>\n<meta name=\"description\" content=\"Isopropylmyristat (IPM) \u00e4r en ester av isopropylalkohol och myristinsyra.\" \/>\n<meta name=\"robots\" content=\"index, follow, max-snippet:-1, max-image-preview:large, max-video-preview:-1\" \/>\n<link rel=\"canonical\" href=\"https:\/\/masterchem.fi\/sv\/produkt\/isopropylmyristat-cas-110-27-0\/\" \/>\n<meta property=\"og:locale\" content=\"sv_SE\" \/>\n<meta property=\"og:type\" content=\"article\" \/>\n<meta property=\"og:title\" content=\"Isopropylmyristat (CAS 110-27-0) - MasterChem | kemikaalien tuotanto ja myynti\" \/>\n<meta property=\"og:description\" content=\"Isopropylmyristat (IPM) \u00e4r en ester av isopropylalkohol och myristinsyra.\" \/>\n<meta property=\"og:url\" content=\"https:\/\/masterchem.fi\/sv\/produkt\/isopropylmyristat-cas-110-27-0\/\" \/>\n<meta property=\"og:site_name\" content=\"MasterChem | kemikaalien tuotanto ja myynti\" \/>\n<meta property=\"article:modified_time\" content=\"2022-05-25T11:09:39+00:00\" \/>\n<meta property=\"og:image\" content=\"https:\/\/masterchem.fi\/wp-content\/uploads\/2022\/05\/Isopropyylimyristaatti-CAS-110-27-0-1000l-MasterChem.jpg\" \/>\n\t<meta property=\"og:image:width\" content=\"1000\" \/>\n\t<meta property=\"og:image:height\" content=\"1000\" \/>\n\t<meta property=\"og:image:type\" content=\"image\/jpeg\" \/>\n<meta name=\"twitter:card\" content=\"summary_large_image\" \/>\n<script type=\"application\/ld+json\" class=\"yoast-schema-graph\">{\"@context\":\"https:\/\/schema.org\",\"@graph\":[{\"@type\":\"WebPage\",\"@id\":\"https:\/\/masterchem.fi\/sv\/produkt\/isopropylmyristat-cas-110-27-0\/\",\"url\":\"https:\/\/masterchem.fi\/sv\/produkt\/isopropylmyristat-cas-110-27-0\/\",\"name\":\"Isopropylmyristat (CAS 110-27-0) - MasterChem | kemikaalien tuotanto ja myynti\",\"isPartOf\":{\"@id\":\"https:\/\/masterchem.fi\/sv\/#website\"},\"primaryImageOfPage\":{\"@id\":\"https:\/\/masterchem.fi\/sv\/produkt\/isopropylmyristat-cas-110-27-0\/#primaryimage\"},\"image\":{\"@id\":\"https:\/\/masterchem.fi\/sv\/produkt\/isopropylmyristat-cas-110-27-0\/#primaryimage\"},\"thumbnailUrl\":\"https:\/\/masterchem.fi\/wp-content\/uploads\/2022\/05\/Isopropyylimyristaatti-CAS-110-27-0-1000l-MasterChem.jpg\",\"datePublished\":\"2022-05-25T11:03:01+00:00\",\"dateModified\":\"2022-05-25T11:09:39+00:00\",\"description\":\"Isopropylmyristat (IPM) \u00e4r en ester av isopropylalkohol och myristinsyra.\",\"breadcrumb\":{\"@id\":\"https:\/\/masterchem.fi\/sv\/produkt\/isopropylmyristat-cas-110-27-0\/#breadcrumb\"},\"inLanguage\":\"sv-SE\",\"potentialAction\":[{\"@type\":\"ReadAction\",\"target\":[\"https:\/\/masterchem.fi\/sv\/produkt\/isopropylmyristat-cas-110-27-0\/\"]}]},{\"@type\":\"ImageObject\",\"inLanguage\":\"sv-SE\",\"@id\":\"https:\/\/masterchem.fi\/sv\/produkt\/isopropylmyristat-cas-110-27-0\/#primaryimage\",\"url\":\"https:\/\/masterchem.fi\/wp-content\/uploads\/2022\/05\/Isopropyylimyristaatti-CAS-110-27-0-1000l-MasterChem.jpg\",\"contentUrl\":\"https:\/\/masterchem.fi\/wp-content\/uploads\/2022\/05\/Isopropyylimyristaatti-CAS-110-27-0-1000l-MasterChem.jpg\",\"width\":1000,\"height\":1000,\"caption\":\"Isopropylmyristat (CAS 110-27-0) 1000l MaterChem\"},{\"@type\":\"BreadcrumbList\",\"@id\":\"https:\/\/masterchem.fi\/sv\/produkt\/isopropylmyristat-cas-110-27-0\/#breadcrumb\",\"itemListElement\":[{\"@type\":\"ListItem\",\"position\":1,\"name\":\"Home\",\"item\":\"https:\/\/masterchem.fi\/sv\/\"},{\"@type\":\"ListItem\",\"position\":2,\"name\":\"Butik\",\"item\":\"https:\/\/masterchem.fi\/sv\/butik\/\"},{\"@type\":\"ListItem\",\"position\":3,\"name\":\"Isopropylmyristat (CAS 110-27-0)\"}]},{\"@type\":\"WebSite\",\"@id\":\"https:\/\/masterchem.fi\/sv\/#website\",\"url\":\"https:\/\/masterchem.fi\/sv\/\",\"name\":\"MasterChem | kemikaalien tuotanto ja myynti\",\"description\":\"kemikaalien tuotanto ja myynti\",\"potentialAction\":[{\"@type\":\"SearchAction\",\"target\":{\"@type\":\"EntryPoint\",\"urlTemplate\":\"https:\/\/masterchem.fi\/sv\/?s={search_term_string}\"},\"query-input\":{\"@type\":\"PropertyValueSpecification\",\"valueRequired\":true,\"valueName\":\"search_term_string\"}}],\"inLanguage\":\"sv-SE\"}]}<\/script>\n<!-- \/ Yoast SEO plugin. -->","yoast_head_json":{"title":"Isopropylmyristat (CAS 110-27-0) - MasterChem | kemikaalien tuotanto ja myynti","description":"Isopropylmyristat (IPM) \u00e4r en ester av isopropylalkohol och myristinsyra.","robots":{"index":"index","follow":"follow","max-snippet":"max-snippet:-1","max-image-preview":"max-image-preview:large","max-video-preview":"max-video-preview:-1"},"canonical":"https:\/\/masterchem.fi\/sv\/produkt\/isopropylmyristat-cas-110-27-0\/","og_locale":"sv_SE","og_type":"article","og_title":"Isopropylmyristat (CAS 110-27-0) - MasterChem | kemikaalien tuotanto ja myynti","og_description":"Isopropylmyristat (IPM) \u00e4r en ester av isopropylalkohol och myristinsyra.","og_url":"https:\/\/masterchem.fi\/sv\/produkt\/isopropylmyristat-cas-110-27-0\/","og_site_name":"MasterChem | kemikaalien tuotanto ja myynti","article_modified_time":"2022-05-25T11:09:39+00:00","og_image":[{"width":1000,"height":1000,"url":"https:\/\/masterchem.fi\/wp-content\/uploads\/2022\/05\/Isopropyylimyristaatti-CAS-110-27-0-1000l-MasterChem.jpg","type":"image\/jpeg"}],"twitter_card":"summary_large_image","schema":{"@context":"https:\/\/schema.org","@graph":[{"@type":"WebPage","@id":"https:\/\/masterchem.fi\/sv\/produkt\/isopropylmyristat-cas-110-27-0\/","url":"https:\/\/masterchem.fi\/sv\/produkt\/isopropylmyristat-cas-110-27-0\/","name":"Isopropylmyristat (CAS 110-27-0) - MasterChem | kemikaalien tuotanto ja myynti","isPartOf":{"@id":"https:\/\/masterchem.fi\/sv\/#website"},"primaryImageOfPage":{"@id":"https:\/\/masterchem.fi\/sv\/produkt\/isopropylmyristat-cas-110-27-0\/#primaryimage"},"image":{"@id":"https:\/\/masterchem.fi\/sv\/produkt\/isopropylmyristat-cas-110-27-0\/#primaryimage"},"thumbnailUrl":"https:\/\/masterchem.fi\/wp-content\/uploads\/2022\/05\/Isopropyylimyristaatti-CAS-110-27-0-1000l-MasterChem.jpg","datePublished":"2022-05-25T11:03:01+00:00","dateModified":"2022-05-25T11:09:39+00:00","description":"Isopropylmyristat (IPM) \u00e4r en ester av isopropylalkohol och myristinsyra.","breadcrumb":{"@id":"https:\/\/masterchem.fi\/sv\/produkt\/isopropylmyristat-cas-110-27-0\/#breadcrumb"},"inLanguage":"sv-SE","potentialAction":[{"@type":"ReadAction","target":["https:\/\/masterchem.fi\/sv\/produkt\/isopropylmyristat-cas-110-27-0\/"]}]},{"@type":"ImageObject","inLanguage":"sv-SE","@id":"https:\/\/masterchem.fi\/sv\/produkt\/isopropylmyristat-cas-110-27-0\/#primaryimage","url":"https:\/\/masterchem.fi\/wp-content\/uploads\/2022\/05\/Isopropyylimyristaatti-CAS-110-27-0-1000l-MasterChem.jpg","contentUrl":"https:\/\/masterchem.fi\/wp-content\/uploads\/2022\/05\/Isopropyylimyristaatti-CAS-110-27-0-1000l-MasterChem.jpg","width":1000,"height":1000,"caption":"Isopropylmyristat (CAS 110-27-0) 1000l MaterChem"},{"@type":"BreadcrumbList","@id":"https:\/\/masterchem.fi\/sv\/produkt\/isopropylmyristat-cas-110-27-0\/#breadcrumb","itemListElement":[{"@type":"ListItem","position":1,"name":"Home","item":"https:\/\/masterchem.fi\/sv\/"},{"@type":"ListItem","position":2,"name":"Butik","item":"https:\/\/masterchem.fi\/sv\/butik\/"},{"@type":"ListItem","position":3,"name":"Isopropylmyristat (CAS 110-27-0)"}]},{"@type":"WebSite","@id":"https:\/\/masterchem.fi\/sv\/#website","url":"https:\/\/masterchem.fi\/sv\/","name":"MasterChem | kemikaalien tuotanto ja myynti","description":"kemikaalien tuotanto ja myynti","potentialAction":[{"@type":"SearchAction","target":{"@type":"EntryPoint","urlTemplate":"https:\/\/masterchem.fi\/sv\/?s={search_term_string}"},"query-input":{"@type":"PropertyValueSpecification","valueRequired":true,"valueName":"search_term_string"}}],"inLanguage":"sv-SE"}]}},"_links":{"self":[{"href":"https:\/\/masterchem.fi\/sv\/wp-json\/wp\/v2\/product\/10221","targetHints":{"allow":["GET"]}}],"collection":[{"href":"https:\/\/masterchem.fi\/sv\/wp-json\/wp\/v2\/product"}],"about":[{"href":"https:\/\/masterchem.fi\/sv\/wp-json\/wp\/v2\/types\/product"}],"wp:featuredmedia":[{"embeddable":true,"href":"https:\/\/masterchem.fi\/sv\/wp-json\/wp\/v2\/media\/10242"}],"wp:attachment":[{"href":"https:\/\/masterchem.fi\/sv\/wp-json\/wp\/v2\/media?parent=10221"}],"wp:term":[{"taxonomy":"product_brand","embeddable":true,"href":"https:\/\/masterchem.fi\/sv\/wp-json\/wp\/v2\/product_brand?post=10221"},{"taxonomy":"product_cat","embeddable":true,"href":"https:\/\/masterchem.fi\/sv\/wp-json\/wp\/v2\/product_cat?post=10221"},{"taxonomy":"product_tag","embeddable":true,"href":"https:\/\/masterchem.fi\/sv\/wp-json\/wp\/v2\/product_tag?post=10221"}],"curies":[{"name":"wp","href":"https:\/\/api.w.org\/{rel}","templated":true}]}}