{"id":10254,"date":"2022-05-25T14:40:02","date_gmt":"2022-05-25T11:40:03","guid":{"rendered":"https:\/\/masterchem.fi\/?post_type=product&#038;p=10254"},"modified":"2022-05-25T14:43:02","modified_gmt":"2022-05-25T11:43:02","slug":"brand-kalk-cas-1305-78-8","status":"publish","type":"product","link":"https:\/\/masterchem.fi\/sv\/produkt\/brand-kalk-cas-1305-78-8\/","title":{"rendered":"Br\u00e4nd kalk (CAS 1305-78-8)"},"content":{"rendered":"<p> <strong> Information <\/strong> <\/p>\n<p> Bransch: glas och keramik <br \/>\nCAS-nummer: 1305-78-8 <br \/>\nWE-nummer: 215-138-9 <br \/>\nKemisk formel: CaO <br \/>\nMolekylvikt: 56,08 g\/mol <br \/>\nTariffkod: 28259019 <\/p>\n<p> <strong> Andra fysiska egenskaper <\/strong> <\/p>\n<p> pH: 12,3 <\/p>\n","protected":false},"excerpt":{"rendered":"<p> <strong> Br\u00e4nd kalk (CAS 1305-78-8) <\/strong> <\/p>\n<p> Kalciumoxid, CaO, f\u00f6rekommer som vita eller benvita klumpar eller granulerat pulver. N\u00e4rvaron av j\u00e4rn ger den en gulaktig eller brunaktig nyans.<\/p>\n<p> Kalciumoxid \u00e4r en vanlig livsmedelstillsats som best\u00e5r av vita granulat eller pulver med d\u00e5lig vattenl\u00f6slighet. det erh\u00e5lls genom att v\u00e4rma kalksten (kalciumkarbonat) i en ugn. det kallas ocks\u00e5 lime eller br\u00e4nd kalk. det anv\u00e4nds som klumpf\u00f6rebyggande medel, uppstramande och kosttillskott i applikationer som spannm\u00e5l och mjuka konfektyrer. <\/p>\n","protected":false},"featured_media":10258,"template":"","meta":[],"product_brand":[],"product_cat":[175,106,116],"product_tag":[],"class_list":{"0":"post-10254","1":"product","2":"type-product","3":"status-publish","4":"has-post-thumbnail","6":"product_cat-glas-och-keramik","7":"product_cat-lakemedelsindustri","8":"product_cat-alla-produkter","10":"first","11":"outofstock","12":"taxable","13":"shipping-taxable","14":"purchasable","15":"product-type-variable","16":"has-default-attributes","17":"rtwpvg-product"},"yoast_head":"<!-- This site is optimized with the Yoast SEO plugin v27.2 - https:\/\/yoast.com\/product\/yoast-seo-wordpress\/ -->\n<title>Br\u00e4nd kalk (CAS 1305-78-8) - MasterChem | kemikaalien tuotanto ja myynti<\/title>\n<meta name=\"description\" content=\"Kalciumoxid \u00e4r en vanlig livsmedelstillsats som best\u00e5r av vita granulat eller pulver med d\u00e5lig vattenl\u00f6slighet.\" \/>\n<meta name=\"robots\" content=\"index, follow, max-snippet:-1, max-image-preview:large, max-video-preview:-1\" \/>\n<link rel=\"canonical\" href=\"https:\/\/masterchem.fi\/sv\/produkt\/brand-kalk-cas-1305-78-8\/\" \/>\n<meta property=\"og:locale\" content=\"sv_SE\" \/>\n<meta property=\"og:type\" content=\"article\" \/>\n<meta property=\"og:title\" content=\"Br\u00e4nd kalk (CAS 1305-78-8) - MasterChem | kemikaalien tuotanto ja myynti\" \/>\n<meta property=\"og:description\" content=\"Kalciumoxid \u00e4r en vanlig livsmedelstillsats som best\u00e5r av vita granulat eller pulver med d\u00e5lig vattenl\u00f6slighet.\" \/>\n<meta property=\"og:url\" content=\"https:\/\/masterchem.fi\/sv\/produkt\/brand-kalk-cas-1305-78-8\/\" \/>\n<meta property=\"og:site_name\" content=\"MasterChem | kemikaalien tuotanto ja myynti\" \/>\n<meta property=\"article:modified_time\" content=\"2022-05-25T11:43:02+00:00\" \/>\n<meta property=\"og:image\" content=\"https:\/\/masterchem.fi\/wp-content\/uploads\/2022\/05\/Poltettu-kalkki-CAS-1305-78-8-25kg-MasterChem.jpg\" \/>\n\t<meta property=\"og:image:width\" content=\"1000\" \/>\n\t<meta property=\"og:image:height\" content=\"1000\" \/>\n\t<meta property=\"og:image:type\" content=\"image\/jpeg\" \/>\n<meta name=\"twitter:card\" content=\"summary_large_image\" \/>\n<script type=\"application\/ld+json\" class=\"yoast-schema-graph\">{\"@context\":\"https:\/\/schema.org\",\"@graph\":[{\"@type\":\"WebPage\",\"@id\":\"https:\/\/masterchem.fi\/sv\/produkt\/brand-kalk-cas-1305-78-8\/\",\"url\":\"https:\/\/masterchem.fi\/sv\/produkt\/brand-kalk-cas-1305-78-8\/\",\"name\":\"Br\u00e4nd kalk (CAS 1305-78-8) - MasterChem | kemikaalien tuotanto ja myynti\",\"isPartOf\":{\"@id\":\"https:\/\/masterchem.fi\/sv\/#website\"},\"primaryImageOfPage\":{\"@id\":\"https:\/\/masterchem.fi\/sv\/produkt\/brand-kalk-cas-1305-78-8\/#primaryimage\"},\"image\":{\"@id\":\"https:\/\/masterchem.fi\/sv\/produkt\/brand-kalk-cas-1305-78-8\/#primaryimage\"},\"thumbnailUrl\":\"https:\/\/masterchem.fi\/wp-content\/uploads\/2022\/05\/Poltettu-kalkki-CAS-1305-78-8-25kg-MasterChem.jpg\",\"datePublished\":\"2022-05-25T11:40:03+00:00\",\"dateModified\":\"2022-05-25T11:43:02+00:00\",\"description\":\"Kalciumoxid \u00e4r en vanlig livsmedelstillsats som best\u00e5r av vita granulat eller pulver med d\u00e5lig vattenl\u00f6slighet.\",\"breadcrumb\":{\"@id\":\"https:\/\/masterchem.fi\/sv\/produkt\/brand-kalk-cas-1305-78-8\/#breadcrumb\"},\"inLanguage\":\"sv-SE\",\"potentialAction\":[{\"@type\":\"ReadAction\",\"target\":[\"https:\/\/masterchem.fi\/sv\/produkt\/brand-kalk-cas-1305-78-8\/\"]}]},{\"@type\":\"ImageObject\",\"inLanguage\":\"sv-SE\",\"@id\":\"https:\/\/masterchem.fi\/sv\/produkt\/brand-kalk-cas-1305-78-8\/#primaryimage\",\"url\":\"https:\/\/masterchem.fi\/wp-content\/uploads\/2022\/05\/Poltettu-kalkki-CAS-1305-78-8-25kg-MasterChem.jpg\",\"contentUrl\":\"https:\/\/masterchem.fi\/wp-content\/uploads\/2022\/05\/Poltettu-kalkki-CAS-1305-78-8-25kg-MasterChem.jpg\",\"width\":1000,\"height\":1000,\"caption\":\"Br\u00e4nd kalk (CAS 1305-78-8) 25kg MasterChem\"},{\"@type\":\"BreadcrumbList\",\"@id\":\"https:\/\/masterchem.fi\/sv\/produkt\/brand-kalk-cas-1305-78-8\/#breadcrumb\",\"itemListElement\":[{\"@type\":\"ListItem\",\"position\":1,\"name\":\"Home\",\"item\":\"https:\/\/masterchem.fi\/sv\/\"},{\"@type\":\"ListItem\",\"position\":2,\"name\":\"Butik\",\"item\":\"https:\/\/masterchem.fi\/sv\/butik\/\"},{\"@type\":\"ListItem\",\"position\":3,\"name\":\"Br\u00e4nd kalk (CAS 1305-78-8)\"}]},{\"@type\":\"WebSite\",\"@id\":\"https:\/\/masterchem.fi\/sv\/#website\",\"url\":\"https:\/\/masterchem.fi\/sv\/\",\"name\":\"MasterChem | kemikaalien tuotanto ja myynti\",\"description\":\"kemikaalien tuotanto ja myynti\",\"potentialAction\":[{\"@type\":\"SearchAction\",\"target\":{\"@type\":\"EntryPoint\",\"urlTemplate\":\"https:\/\/masterchem.fi\/sv\/?s={search_term_string}\"},\"query-input\":{\"@type\":\"PropertyValueSpecification\",\"valueRequired\":true,\"valueName\":\"search_term_string\"}}],\"inLanguage\":\"sv-SE\"}]}<\/script>\n<!-- \/ Yoast SEO plugin. -->","yoast_head_json":{"title":"Br\u00e4nd kalk (CAS 1305-78-8) - MasterChem | kemikaalien tuotanto ja myynti","description":"Kalciumoxid \u00e4r en vanlig livsmedelstillsats som best\u00e5r av vita granulat eller pulver med d\u00e5lig vattenl\u00f6slighet.","robots":{"index":"index","follow":"follow","max-snippet":"max-snippet:-1","max-image-preview":"max-image-preview:large","max-video-preview":"max-video-preview:-1"},"canonical":"https:\/\/masterchem.fi\/sv\/produkt\/brand-kalk-cas-1305-78-8\/","og_locale":"sv_SE","og_type":"article","og_title":"Br\u00e4nd kalk (CAS 1305-78-8) - MasterChem | kemikaalien tuotanto ja myynti","og_description":"Kalciumoxid \u00e4r en vanlig livsmedelstillsats som best\u00e5r av vita granulat eller pulver med d\u00e5lig vattenl\u00f6slighet.","og_url":"https:\/\/masterchem.fi\/sv\/produkt\/brand-kalk-cas-1305-78-8\/","og_site_name":"MasterChem | kemikaalien tuotanto ja myynti","article_modified_time":"2022-05-25T11:43:02+00:00","og_image":[{"width":1000,"height":1000,"url":"https:\/\/masterchem.fi\/wp-content\/uploads\/2022\/05\/Poltettu-kalkki-CAS-1305-78-8-25kg-MasterChem.jpg","type":"image\/jpeg"}],"twitter_card":"summary_large_image","schema":{"@context":"https:\/\/schema.org","@graph":[{"@type":"WebPage","@id":"https:\/\/masterchem.fi\/sv\/produkt\/brand-kalk-cas-1305-78-8\/","url":"https:\/\/masterchem.fi\/sv\/produkt\/brand-kalk-cas-1305-78-8\/","name":"Br\u00e4nd kalk (CAS 1305-78-8) - MasterChem | kemikaalien tuotanto ja myynti","isPartOf":{"@id":"https:\/\/masterchem.fi\/sv\/#website"},"primaryImageOfPage":{"@id":"https:\/\/masterchem.fi\/sv\/produkt\/brand-kalk-cas-1305-78-8\/#primaryimage"},"image":{"@id":"https:\/\/masterchem.fi\/sv\/produkt\/brand-kalk-cas-1305-78-8\/#primaryimage"},"thumbnailUrl":"https:\/\/masterchem.fi\/wp-content\/uploads\/2022\/05\/Poltettu-kalkki-CAS-1305-78-8-25kg-MasterChem.jpg","datePublished":"2022-05-25T11:40:03+00:00","dateModified":"2022-05-25T11:43:02+00:00","description":"Kalciumoxid \u00e4r en vanlig livsmedelstillsats som best\u00e5r av vita granulat eller pulver med d\u00e5lig vattenl\u00f6slighet.","breadcrumb":{"@id":"https:\/\/masterchem.fi\/sv\/produkt\/brand-kalk-cas-1305-78-8\/#breadcrumb"},"inLanguage":"sv-SE","potentialAction":[{"@type":"ReadAction","target":["https:\/\/masterchem.fi\/sv\/produkt\/brand-kalk-cas-1305-78-8\/"]}]},{"@type":"ImageObject","inLanguage":"sv-SE","@id":"https:\/\/masterchem.fi\/sv\/produkt\/brand-kalk-cas-1305-78-8\/#primaryimage","url":"https:\/\/masterchem.fi\/wp-content\/uploads\/2022\/05\/Poltettu-kalkki-CAS-1305-78-8-25kg-MasterChem.jpg","contentUrl":"https:\/\/masterchem.fi\/wp-content\/uploads\/2022\/05\/Poltettu-kalkki-CAS-1305-78-8-25kg-MasterChem.jpg","width":1000,"height":1000,"caption":"Br\u00e4nd kalk (CAS 1305-78-8) 25kg MasterChem"},{"@type":"BreadcrumbList","@id":"https:\/\/masterchem.fi\/sv\/produkt\/brand-kalk-cas-1305-78-8\/#breadcrumb","itemListElement":[{"@type":"ListItem","position":1,"name":"Home","item":"https:\/\/masterchem.fi\/sv\/"},{"@type":"ListItem","position":2,"name":"Butik","item":"https:\/\/masterchem.fi\/sv\/butik\/"},{"@type":"ListItem","position":3,"name":"Br\u00e4nd kalk (CAS 1305-78-8)"}]},{"@type":"WebSite","@id":"https:\/\/masterchem.fi\/sv\/#website","url":"https:\/\/masterchem.fi\/sv\/","name":"MasterChem | kemikaalien tuotanto ja myynti","description":"kemikaalien tuotanto ja myynti","potentialAction":[{"@type":"SearchAction","target":{"@type":"EntryPoint","urlTemplate":"https:\/\/masterchem.fi\/sv\/?s={search_term_string}"},"query-input":{"@type":"PropertyValueSpecification","valueRequired":true,"valueName":"search_term_string"}}],"inLanguage":"sv-SE"}]}},"_links":{"self":[{"href":"https:\/\/masterchem.fi\/sv\/wp-json\/wp\/v2\/product\/10254","targetHints":{"allow":["GET"]}}],"collection":[{"href":"https:\/\/masterchem.fi\/sv\/wp-json\/wp\/v2\/product"}],"about":[{"href":"https:\/\/masterchem.fi\/sv\/wp-json\/wp\/v2\/types\/product"}],"wp:featuredmedia":[{"embeddable":true,"href":"https:\/\/masterchem.fi\/sv\/wp-json\/wp\/v2\/media\/10258"}],"wp:attachment":[{"href":"https:\/\/masterchem.fi\/sv\/wp-json\/wp\/v2\/media?parent=10254"}],"wp:term":[{"taxonomy":"product_brand","embeddable":true,"href":"https:\/\/masterchem.fi\/sv\/wp-json\/wp\/v2\/product_brand?post=10254"},{"taxonomy":"product_cat","embeddable":true,"href":"https:\/\/masterchem.fi\/sv\/wp-json\/wp\/v2\/product_cat?post=10254"},{"taxonomy":"product_tag","embeddable":true,"href":"https:\/\/masterchem.fi\/sv\/wp-json\/wp\/v2\/product_tag?post=10254"}],"curies":[{"name":"wp","href":"https:\/\/api.w.org\/{rel}","templated":true}]}}