{"id":10264,"date":"2022-05-25T14:44:13","date_gmt":"2022-05-25T11:44:13","guid":{"rendered":"https:\/\/masterchem.fi\/?post_type=product&#038;p=10264"},"modified":"2022-05-25T14:47:28","modified_gmt":"2022-05-25T11:47:28","slug":"fuktad-kalk-cas-1305-62-0","status":"publish","type":"product","link":"https:\/\/masterchem.fi\/sv\/produkt\/fuktad-kalk-cas-1305-62-0\/","title":{"rendered":"Fuktad kalk (CAS 1305-62-0)"},"content":{"rendered":"<p> <strong> Information <\/strong> <\/p>\n<p> Bransch: glas och keramik <br \/>\nCAS: 1305-62-0 <br \/>\nWE: 215-137-3 <br \/>\nKemisk formel: Ca (OH) 2 <br \/>\nMolekylvikt: 74,09 g\/mol <br \/>\nTulltaxekod: 25222000 <\/p>\n<p> <strong> Andra fysiska egenskaper <\/strong> <\/p>\n<p> pH: 12,4 (20 \u00b0C) <br \/>\nSm\u00e4ltpunkt \/ fryspunkt:> 450 \u00b0 C <br \/>\nRelativ densitet: 2,24 g\/cm3 <\/p>\n","protected":false},"excerpt":{"rendered":"<p> <strong> \u00c5terfuktad kalk (CAS 1305-62-0) <\/strong> <\/p>\n<p>Kalciumhydroxid (traditionellt kallad sl\u00e4ckt kalk) \u00e4r en oorganisk f\u00f6rening med den kemiska formeln Ca (OH) 2. Det \u00e4r en f\u00e4rgl\u00f6s kristall eller vitt pulver och bildas n\u00e4r br\u00e4nd kalk (kalciumoxid) blandas eller sl\u00e4cks med vatten. Den har m\u00e5nga namn, inklusive hydratiserad kalk, alkalisk kalk, byggkalk, sl\u00e4ckt kalk, cal och betkalk. Kalciumhydroxid anv\u00e4nds i m\u00e5nga applikationer, inklusive matlagning, d\u00e4r den har identifierats som E-nummer E526. Kalkvatten, \u00e4ven k\u00e4nt som lime milk, \u00e4r det vanliga namnet f\u00f6r m\u00e4ttad kalciumhydroxidl\u00f6sning. <\/p>\n","protected":false},"featured_media":10268,"template":"","meta":[],"product_brand":[],"product_cat":[116,175],"product_tag":[],"class_list":{"0":"post-10264","1":"product","2":"type-product","3":"status-publish","4":"has-post-thumbnail","6":"product_cat-alla-produkter","7":"product_cat-glas-och-keramik","9":"first","10":"outofstock","11":"taxable","12":"shipping-taxable","13":"purchasable","14":"product-type-variable","15":"has-default-attributes","16":"rtwpvg-product"},"yoast_head":"<!-- This site is optimized with the Yoast SEO plugin v27.2 - https:\/\/yoast.com\/product\/yoast-seo-wordpress\/ -->\n<title>Fuktad kalk (CAS 1305-62-0) - MasterChem | kemikaalien tuotanto ja myynti<\/title>\n<meta name=\"description\" content=\"Kalciumhydroxid (traditionellt kallad sl\u00e4ckt kalk) \u00e4r en oorganisk f\u00f6rening med den kemiska formeln Ca (OH) 2.\" \/>\n<meta name=\"robots\" content=\"index, follow, max-snippet:-1, max-image-preview:large, max-video-preview:-1\" \/>\n<link rel=\"canonical\" href=\"https:\/\/masterchem.fi\/sv\/produkt\/fuktad-kalk-cas-1305-62-0\/\" \/>\n<meta property=\"og:locale\" content=\"sv_SE\" \/>\n<meta property=\"og:type\" content=\"article\" \/>\n<meta property=\"og:title\" content=\"Fuktad kalk (CAS 1305-62-0) - MasterChem | kemikaalien tuotanto ja myynti\" \/>\n<meta property=\"og:description\" content=\"Kalciumhydroxid (traditionellt kallad sl\u00e4ckt kalk) \u00e4r en oorganisk f\u00f6rening med den kemiska formeln Ca (OH) 2.\" \/>\n<meta property=\"og:url\" content=\"https:\/\/masterchem.fi\/sv\/produkt\/fuktad-kalk-cas-1305-62-0\/\" \/>\n<meta property=\"og:site_name\" content=\"MasterChem | kemikaalien tuotanto ja myynti\" \/>\n<meta property=\"article:modified_time\" content=\"2022-05-25T11:47:28+00:00\" \/>\n<meta property=\"og:image\" content=\"https:\/\/masterchem.fi\/wp-content\/uploads\/2022\/05\/Kosteutettu-kalkki-CAS-1305-62-0-25kg-MasterChem.jpg\" \/>\n\t<meta property=\"og:image:width\" content=\"1000\" \/>\n\t<meta property=\"og:image:height\" content=\"1000\" \/>\n\t<meta property=\"og:image:type\" content=\"image\/jpeg\" \/>\n<meta name=\"twitter:card\" content=\"summary_large_image\" \/>\n<script type=\"application\/ld+json\" class=\"yoast-schema-graph\">{\"@context\":\"https:\/\/schema.org\",\"@graph\":[{\"@type\":\"WebPage\",\"@id\":\"https:\/\/masterchem.fi\/sv\/produkt\/fuktad-kalk-cas-1305-62-0\/\",\"url\":\"https:\/\/masterchem.fi\/sv\/produkt\/fuktad-kalk-cas-1305-62-0\/\",\"name\":\"Fuktad kalk (CAS 1305-62-0) - MasterChem | kemikaalien tuotanto ja myynti\",\"isPartOf\":{\"@id\":\"https:\/\/masterchem.fi\/sv\/#website\"},\"primaryImageOfPage\":{\"@id\":\"https:\/\/masterchem.fi\/sv\/produkt\/fuktad-kalk-cas-1305-62-0\/#primaryimage\"},\"image\":{\"@id\":\"https:\/\/masterchem.fi\/sv\/produkt\/fuktad-kalk-cas-1305-62-0\/#primaryimage\"},\"thumbnailUrl\":\"https:\/\/masterchem.fi\/wp-content\/uploads\/2022\/05\/Kosteutettu-kalkki-CAS-1305-62-0-25kg-MasterChem.jpg\",\"datePublished\":\"2022-05-25T11:44:13+00:00\",\"dateModified\":\"2022-05-25T11:47:28+00:00\",\"description\":\"Kalciumhydroxid (traditionellt kallad sl\u00e4ckt kalk) \u00e4r en oorganisk f\u00f6rening med den kemiska formeln Ca (OH) 2.\",\"breadcrumb\":{\"@id\":\"https:\/\/masterchem.fi\/sv\/produkt\/fuktad-kalk-cas-1305-62-0\/#breadcrumb\"},\"inLanguage\":\"sv-SE\",\"potentialAction\":[{\"@type\":\"ReadAction\",\"target\":[\"https:\/\/masterchem.fi\/sv\/produkt\/fuktad-kalk-cas-1305-62-0\/\"]}]},{\"@type\":\"ImageObject\",\"inLanguage\":\"sv-SE\",\"@id\":\"https:\/\/masterchem.fi\/sv\/produkt\/fuktad-kalk-cas-1305-62-0\/#primaryimage\",\"url\":\"https:\/\/masterchem.fi\/wp-content\/uploads\/2022\/05\/Kosteutettu-kalkki-CAS-1305-62-0-25kg-MasterChem.jpg\",\"contentUrl\":\"https:\/\/masterchem.fi\/wp-content\/uploads\/2022\/05\/Kosteutettu-kalkki-CAS-1305-62-0-25kg-MasterChem.jpg\",\"width\":1000,\"height\":1000,\"caption\":\"Fuktad kalk (CAS 1305-62-0) 25kg MasterChem\"},{\"@type\":\"BreadcrumbList\",\"@id\":\"https:\/\/masterchem.fi\/sv\/produkt\/fuktad-kalk-cas-1305-62-0\/#breadcrumb\",\"itemListElement\":[{\"@type\":\"ListItem\",\"position\":1,\"name\":\"Home\",\"item\":\"https:\/\/masterchem.fi\/sv\/\"},{\"@type\":\"ListItem\",\"position\":2,\"name\":\"Butik\",\"item\":\"https:\/\/masterchem.fi\/sv\/butik\/\"},{\"@type\":\"ListItem\",\"position\":3,\"name\":\"Fuktad kalk (CAS 1305-62-0)\"}]},{\"@type\":\"WebSite\",\"@id\":\"https:\/\/masterchem.fi\/sv\/#website\",\"url\":\"https:\/\/masterchem.fi\/sv\/\",\"name\":\"MasterChem | kemikaalien tuotanto ja myynti\",\"description\":\"kemikaalien tuotanto ja myynti\",\"potentialAction\":[{\"@type\":\"SearchAction\",\"target\":{\"@type\":\"EntryPoint\",\"urlTemplate\":\"https:\/\/masterchem.fi\/sv\/?s={search_term_string}\"},\"query-input\":{\"@type\":\"PropertyValueSpecification\",\"valueRequired\":true,\"valueName\":\"search_term_string\"}}],\"inLanguage\":\"sv-SE\"}]}<\/script>\n<!-- \/ Yoast SEO plugin. -->","yoast_head_json":{"title":"Fuktad kalk (CAS 1305-62-0) - MasterChem | kemikaalien tuotanto ja myynti","description":"Kalciumhydroxid (traditionellt kallad sl\u00e4ckt kalk) \u00e4r en oorganisk f\u00f6rening med den kemiska formeln Ca (OH) 2.","robots":{"index":"index","follow":"follow","max-snippet":"max-snippet:-1","max-image-preview":"max-image-preview:large","max-video-preview":"max-video-preview:-1"},"canonical":"https:\/\/masterchem.fi\/sv\/produkt\/fuktad-kalk-cas-1305-62-0\/","og_locale":"sv_SE","og_type":"article","og_title":"Fuktad kalk (CAS 1305-62-0) - MasterChem | kemikaalien tuotanto ja myynti","og_description":"Kalciumhydroxid (traditionellt kallad sl\u00e4ckt kalk) \u00e4r en oorganisk f\u00f6rening med den kemiska formeln Ca (OH) 2.","og_url":"https:\/\/masterchem.fi\/sv\/produkt\/fuktad-kalk-cas-1305-62-0\/","og_site_name":"MasterChem | kemikaalien tuotanto ja myynti","article_modified_time":"2022-05-25T11:47:28+00:00","og_image":[{"width":1000,"height":1000,"url":"https:\/\/masterchem.fi\/wp-content\/uploads\/2022\/05\/Kosteutettu-kalkki-CAS-1305-62-0-25kg-MasterChem.jpg","type":"image\/jpeg"}],"twitter_card":"summary_large_image","schema":{"@context":"https:\/\/schema.org","@graph":[{"@type":"WebPage","@id":"https:\/\/masterchem.fi\/sv\/produkt\/fuktad-kalk-cas-1305-62-0\/","url":"https:\/\/masterchem.fi\/sv\/produkt\/fuktad-kalk-cas-1305-62-0\/","name":"Fuktad kalk (CAS 1305-62-0) - MasterChem | kemikaalien tuotanto ja myynti","isPartOf":{"@id":"https:\/\/masterchem.fi\/sv\/#website"},"primaryImageOfPage":{"@id":"https:\/\/masterchem.fi\/sv\/produkt\/fuktad-kalk-cas-1305-62-0\/#primaryimage"},"image":{"@id":"https:\/\/masterchem.fi\/sv\/produkt\/fuktad-kalk-cas-1305-62-0\/#primaryimage"},"thumbnailUrl":"https:\/\/masterchem.fi\/wp-content\/uploads\/2022\/05\/Kosteutettu-kalkki-CAS-1305-62-0-25kg-MasterChem.jpg","datePublished":"2022-05-25T11:44:13+00:00","dateModified":"2022-05-25T11:47:28+00:00","description":"Kalciumhydroxid (traditionellt kallad sl\u00e4ckt kalk) \u00e4r en oorganisk f\u00f6rening med den kemiska formeln Ca (OH) 2.","breadcrumb":{"@id":"https:\/\/masterchem.fi\/sv\/produkt\/fuktad-kalk-cas-1305-62-0\/#breadcrumb"},"inLanguage":"sv-SE","potentialAction":[{"@type":"ReadAction","target":["https:\/\/masterchem.fi\/sv\/produkt\/fuktad-kalk-cas-1305-62-0\/"]}]},{"@type":"ImageObject","inLanguage":"sv-SE","@id":"https:\/\/masterchem.fi\/sv\/produkt\/fuktad-kalk-cas-1305-62-0\/#primaryimage","url":"https:\/\/masterchem.fi\/wp-content\/uploads\/2022\/05\/Kosteutettu-kalkki-CAS-1305-62-0-25kg-MasterChem.jpg","contentUrl":"https:\/\/masterchem.fi\/wp-content\/uploads\/2022\/05\/Kosteutettu-kalkki-CAS-1305-62-0-25kg-MasterChem.jpg","width":1000,"height":1000,"caption":"Fuktad kalk (CAS 1305-62-0) 25kg MasterChem"},{"@type":"BreadcrumbList","@id":"https:\/\/masterchem.fi\/sv\/produkt\/fuktad-kalk-cas-1305-62-0\/#breadcrumb","itemListElement":[{"@type":"ListItem","position":1,"name":"Home","item":"https:\/\/masterchem.fi\/sv\/"},{"@type":"ListItem","position":2,"name":"Butik","item":"https:\/\/masterchem.fi\/sv\/butik\/"},{"@type":"ListItem","position":3,"name":"Fuktad kalk (CAS 1305-62-0)"}]},{"@type":"WebSite","@id":"https:\/\/masterchem.fi\/sv\/#website","url":"https:\/\/masterchem.fi\/sv\/","name":"MasterChem | kemikaalien tuotanto ja myynti","description":"kemikaalien tuotanto ja myynti","potentialAction":[{"@type":"SearchAction","target":{"@type":"EntryPoint","urlTemplate":"https:\/\/masterchem.fi\/sv\/?s={search_term_string}"},"query-input":{"@type":"PropertyValueSpecification","valueRequired":true,"valueName":"search_term_string"}}],"inLanguage":"sv-SE"}]}},"_links":{"self":[{"href":"https:\/\/masterchem.fi\/sv\/wp-json\/wp\/v2\/product\/10264","targetHints":{"allow":["GET"]}}],"collection":[{"href":"https:\/\/masterchem.fi\/sv\/wp-json\/wp\/v2\/product"}],"about":[{"href":"https:\/\/masterchem.fi\/sv\/wp-json\/wp\/v2\/types\/product"}],"wp:featuredmedia":[{"embeddable":true,"href":"https:\/\/masterchem.fi\/sv\/wp-json\/wp\/v2\/media\/10268"}],"wp:attachment":[{"href":"https:\/\/masterchem.fi\/sv\/wp-json\/wp\/v2\/media?parent=10264"}],"wp:term":[{"taxonomy":"product_brand","embeddable":true,"href":"https:\/\/masterchem.fi\/sv\/wp-json\/wp\/v2\/product_brand?post=10264"},{"taxonomy":"product_cat","embeddable":true,"href":"https:\/\/masterchem.fi\/sv\/wp-json\/wp\/v2\/product_cat?post=10264"},{"taxonomy":"product_tag","embeddable":true,"href":"https:\/\/masterchem.fi\/sv\/wp-json\/wp\/v2\/product_tag?post=10264"}],"curies":[{"name":"wp","href":"https:\/\/api.w.org\/{rel}","templated":true}]}}