{"id":10275,"date":"2022-05-25T14:49:43","date_gmt":"2022-05-25T11:49:44","guid":{"rendered":"https:\/\/masterchem.fi\/?post_type=product&#038;p=10275"},"modified":"2022-05-25T14:52:39","modified_gmt":"2022-05-25T11:52:39","slug":"kopparoxid-cas-1317-38-0","status":"publish","type":"product","link":"https:\/\/masterchem.fi\/sv\/produkt\/kopparoxid-cas-1317-38-0\/","title":{"rendered":"Kopparoxid (CAS 1317-38-0)"},"content":{"rendered":"<p> <strong> Information <\/strong> <\/p>\n<p> Bransch: glas och keramik <br \/>\nCAS: 1317-38-0 <br \/>\nWE: 215-269-1 <br \/>\nKemisk formel: CuO <br \/>\nTulltaxekod: 28255000 <br \/>\nADR: UN3077 <\/p>\n<p> <strong> Andra fysiska egenskaper <\/strong> <\/p>\n<p> Sm\u00e4ltpunkt \/ fryspunkt: 1326 \u00b0 C <br \/>\nRelativ densitet: 6,31 g \/ cm3 <br \/>\nL\u00f6slighet i vatten: 0,000394 g\/l (ph6) <\/p>\n","protected":false},"excerpt":{"rendered":"<p> <strong> Kopparoxid (CAS 1317-38-0) <\/strong> <\/p>\n<p> Koppar(II)oxid eller kopparoxid \u00e4r en oorganisk f\u00f6rening med formeln CuO. En svart fast substans, det \u00e4r en av tv\u00e5 stabila kopparoxider, den andra \u00e4r Cu2O eller koppar(I)oxid (kopparoxid). Som ett mineral \u00e4r det k\u00e4nt som tenorit. Det \u00e4r en produkt fr\u00e5n kopparbrytning och en f\u00f6reg\u00e5ngare till m\u00e5nga andra kopparhaltiga produkter och kemiska f\u00f6reningar. <\/p>\n<p> Koppar(II)oxid \u00e4r en huvudprodukt fr\u00e5n kopparbrytning och \u00e4r utg\u00e5ngspunkten f\u00f6r produktion av andra kopparsalter. Till exempel \u00e4r m\u00e5nga tr\u00e4skyddsmedel gjorda av kopparoxid.<\/p>\n<p> Kopparoxid anv\u00e4nds som pigment i keramik f\u00f6r att producera bl\u00e5, r\u00f6da och gr\u00f6na och ibland gr\u00e5, rosa eller svarta glasyrer. <\/p>\n<p> Det har missbrukats som kosttillskott i djurfoder. P\u00e5 grund av dess l\u00e5ga bioaktivitet absorberas lite koppar.<\/p>\n<p> Kopparoxidelektroden var en del av en tidig typ av batteri k\u00e4nd som Edison-Lalande-cellen. Kopparoxid anv\u00e4ndes ocks\u00e5 i litiumbatterityper (IEC 60086 kod &#8220;G&#8221;). <\/p>\n","protected":false},"featured_media":10279,"template":"","meta":[],"product_brand":[],"product_cat":[116,175],"product_tag":[],"class_list":{"0":"post-10275","1":"product","2":"type-product","3":"status-publish","4":"has-post-thumbnail","6":"product_cat-alla-produkter","7":"product_cat-glas-och-keramik","9":"first","10":"outofstock","11":"taxable","12":"shipping-taxable","13":"purchasable","14":"product-type-variable","15":"has-default-attributes","16":"rtwpvg-product"},"yoast_head":"<!-- This site is optimized with the Yoast SEO plugin v27.2 - https:\/\/yoast.com\/product\/yoast-seo-wordpress\/ -->\n<title>Kopparoxid (CAS 1317-38-0) - MasterChem | kemikaalien tuotanto ja myynti<\/title>\n<meta name=\"description\" content=\"Koppar(II)oxid eller kopparoxid \u00e4r en oorganisk f\u00f6rening med formeln CuO. En svart fast substans, det \u00e4r en av tv\u00e5 stabila kopparoxider, den andra \u00e4r Cu2O eller koppar(I)oxid (kopparoxid).\" \/>\n<meta name=\"robots\" content=\"index, follow, max-snippet:-1, max-image-preview:large, max-video-preview:-1\" \/>\n<link rel=\"canonical\" href=\"https:\/\/masterchem.fi\/sv\/produkt\/kopparoxid-cas-1317-38-0\/\" \/>\n<meta property=\"og:locale\" content=\"sv_SE\" \/>\n<meta property=\"og:type\" content=\"article\" \/>\n<meta property=\"og:title\" content=\"Kopparoxid (CAS 1317-38-0) - MasterChem | kemikaalien tuotanto ja myynti\" \/>\n<meta property=\"og:description\" content=\"Koppar(II)oxid eller kopparoxid \u00e4r en oorganisk f\u00f6rening med formeln CuO. En svart fast substans, det \u00e4r en av tv\u00e5 stabila kopparoxider, den andra \u00e4r Cu2O eller koppar(I)oxid (kopparoxid).\" \/>\n<meta property=\"og:url\" content=\"https:\/\/masterchem.fi\/sv\/produkt\/kopparoxid-cas-1317-38-0\/\" \/>\n<meta property=\"og:site_name\" content=\"MasterChem | kemikaalien tuotanto ja myynti\" \/>\n<meta property=\"article:modified_time\" content=\"2022-05-25T11:52:39+00:00\" \/>\n<meta property=\"og:image\" content=\"https:\/\/masterchem.fi\/wp-content\/uploads\/2022\/05\/Kuparioksidi-CAS-1317-38-0-25kg-MasterChem.jpg\" \/>\n\t<meta property=\"og:image:width\" content=\"1000\" \/>\n\t<meta property=\"og:image:height\" content=\"1000\" \/>\n\t<meta property=\"og:image:type\" content=\"image\/jpeg\" \/>\n<meta name=\"twitter:card\" content=\"summary_large_image\" \/>\n<script type=\"application\/ld+json\" class=\"yoast-schema-graph\">{\"@context\":\"https:\/\/schema.org\",\"@graph\":[{\"@type\":\"WebPage\",\"@id\":\"https:\/\/masterchem.fi\/sv\/produkt\/kopparoxid-cas-1317-38-0\/\",\"url\":\"https:\/\/masterchem.fi\/sv\/produkt\/kopparoxid-cas-1317-38-0\/\",\"name\":\"Kopparoxid (CAS 1317-38-0) - MasterChem | kemikaalien tuotanto ja myynti\",\"isPartOf\":{\"@id\":\"https:\/\/masterchem.fi\/sv\/#website\"},\"primaryImageOfPage\":{\"@id\":\"https:\/\/masterchem.fi\/sv\/produkt\/kopparoxid-cas-1317-38-0\/#primaryimage\"},\"image\":{\"@id\":\"https:\/\/masterchem.fi\/sv\/produkt\/kopparoxid-cas-1317-38-0\/#primaryimage\"},\"thumbnailUrl\":\"https:\/\/masterchem.fi\/wp-content\/uploads\/2022\/05\/Kuparioksidi-CAS-1317-38-0-25kg-MasterChem.jpg\",\"datePublished\":\"2022-05-25T11:49:44+00:00\",\"dateModified\":\"2022-05-25T11:52:39+00:00\",\"description\":\"Koppar(II)oxid eller kopparoxid \u00e4r en oorganisk f\u00f6rening med formeln CuO. En svart fast substans, det \u00e4r en av tv\u00e5 stabila kopparoxider, den andra \u00e4r Cu2O eller koppar(I)oxid (kopparoxid).\",\"breadcrumb\":{\"@id\":\"https:\/\/masterchem.fi\/sv\/produkt\/kopparoxid-cas-1317-38-0\/#breadcrumb\"},\"inLanguage\":\"sv-SE\",\"potentialAction\":[{\"@type\":\"ReadAction\",\"target\":[\"https:\/\/masterchem.fi\/sv\/produkt\/kopparoxid-cas-1317-38-0\/\"]}]},{\"@type\":\"ImageObject\",\"inLanguage\":\"sv-SE\",\"@id\":\"https:\/\/masterchem.fi\/sv\/produkt\/kopparoxid-cas-1317-38-0\/#primaryimage\",\"url\":\"https:\/\/masterchem.fi\/wp-content\/uploads\/2022\/05\/Kuparioksidi-CAS-1317-38-0-25kg-MasterChem.jpg\",\"contentUrl\":\"https:\/\/masterchem.fi\/wp-content\/uploads\/2022\/05\/Kuparioksidi-CAS-1317-38-0-25kg-MasterChem.jpg\",\"width\":1000,\"height\":1000,\"caption\":\"Kopparoxid (CAS 1317-38-0) 25kg MasterChem\"},{\"@type\":\"BreadcrumbList\",\"@id\":\"https:\/\/masterchem.fi\/sv\/produkt\/kopparoxid-cas-1317-38-0\/#breadcrumb\",\"itemListElement\":[{\"@type\":\"ListItem\",\"position\":1,\"name\":\"Home\",\"item\":\"https:\/\/masterchem.fi\/sv\/\"},{\"@type\":\"ListItem\",\"position\":2,\"name\":\"Butik\",\"item\":\"https:\/\/masterchem.fi\/sv\/butik\/\"},{\"@type\":\"ListItem\",\"position\":3,\"name\":\"Kopparoxid (CAS 1317-38-0)\"}]},{\"@type\":\"WebSite\",\"@id\":\"https:\/\/masterchem.fi\/sv\/#website\",\"url\":\"https:\/\/masterchem.fi\/sv\/\",\"name\":\"MasterChem | kemikaalien tuotanto ja myynti\",\"description\":\"kemikaalien tuotanto ja myynti\",\"potentialAction\":[{\"@type\":\"SearchAction\",\"target\":{\"@type\":\"EntryPoint\",\"urlTemplate\":\"https:\/\/masterchem.fi\/sv\/?s={search_term_string}\"},\"query-input\":{\"@type\":\"PropertyValueSpecification\",\"valueRequired\":true,\"valueName\":\"search_term_string\"}}],\"inLanguage\":\"sv-SE\"}]}<\/script>\n<!-- \/ Yoast SEO plugin. -->","yoast_head_json":{"title":"Kopparoxid (CAS 1317-38-0) - MasterChem | kemikaalien tuotanto ja myynti","description":"Koppar(II)oxid eller kopparoxid \u00e4r en oorganisk f\u00f6rening med formeln CuO. En svart fast substans, det \u00e4r en av tv\u00e5 stabila kopparoxider, den andra \u00e4r Cu2O eller koppar(I)oxid (kopparoxid).","robots":{"index":"index","follow":"follow","max-snippet":"max-snippet:-1","max-image-preview":"max-image-preview:large","max-video-preview":"max-video-preview:-1"},"canonical":"https:\/\/masterchem.fi\/sv\/produkt\/kopparoxid-cas-1317-38-0\/","og_locale":"sv_SE","og_type":"article","og_title":"Kopparoxid (CAS 1317-38-0) - MasterChem | kemikaalien tuotanto ja myynti","og_description":"Koppar(II)oxid eller kopparoxid \u00e4r en oorganisk f\u00f6rening med formeln CuO. En svart fast substans, det \u00e4r en av tv\u00e5 stabila kopparoxider, den andra \u00e4r Cu2O eller koppar(I)oxid (kopparoxid).","og_url":"https:\/\/masterchem.fi\/sv\/produkt\/kopparoxid-cas-1317-38-0\/","og_site_name":"MasterChem | kemikaalien tuotanto ja myynti","article_modified_time":"2022-05-25T11:52:39+00:00","og_image":[{"width":1000,"height":1000,"url":"https:\/\/masterchem.fi\/wp-content\/uploads\/2022\/05\/Kuparioksidi-CAS-1317-38-0-25kg-MasterChem.jpg","type":"image\/jpeg"}],"twitter_card":"summary_large_image","schema":{"@context":"https:\/\/schema.org","@graph":[{"@type":"WebPage","@id":"https:\/\/masterchem.fi\/sv\/produkt\/kopparoxid-cas-1317-38-0\/","url":"https:\/\/masterchem.fi\/sv\/produkt\/kopparoxid-cas-1317-38-0\/","name":"Kopparoxid (CAS 1317-38-0) - MasterChem | kemikaalien tuotanto ja myynti","isPartOf":{"@id":"https:\/\/masterchem.fi\/sv\/#website"},"primaryImageOfPage":{"@id":"https:\/\/masterchem.fi\/sv\/produkt\/kopparoxid-cas-1317-38-0\/#primaryimage"},"image":{"@id":"https:\/\/masterchem.fi\/sv\/produkt\/kopparoxid-cas-1317-38-0\/#primaryimage"},"thumbnailUrl":"https:\/\/masterchem.fi\/wp-content\/uploads\/2022\/05\/Kuparioksidi-CAS-1317-38-0-25kg-MasterChem.jpg","datePublished":"2022-05-25T11:49:44+00:00","dateModified":"2022-05-25T11:52:39+00:00","description":"Koppar(II)oxid eller kopparoxid \u00e4r en oorganisk f\u00f6rening med formeln CuO. En svart fast substans, det \u00e4r en av tv\u00e5 stabila kopparoxider, den andra \u00e4r Cu2O eller koppar(I)oxid (kopparoxid).","breadcrumb":{"@id":"https:\/\/masterchem.fi\/sv\/produkt\/kopparoxid-cas-1317-38-0\/#breadcrumb"},"inLanguage":"sv-SE","potentialAction":[{"@type":"ReadAction","target":["https:\/\/masterchem.fi\/sv\/produkt\/kopparoxid-cas-1317-38-0\/"]}]},{"@type":"ImageObject","inLanguage":"sv-SE","@id":"https:\/\/masterchem.fi\/sv\/produkt\/kopparoxid-cas-1317-38-0\/#primaryimage","url":"https:\/\/masterchem.fi\/wp-content\/uploads\/2022\/05\/Kuparioksidi-CAS-1317-38-0-25kg-MasterChem.jpg","contentUrl":"https:\/\/masterchem.fi\/wp-content\/uploads\/2022\/05\/Kuparioksidi-CAS-1317-38-0-25kg-MasterChem.jpg","width":1000,"height":1000,"caption":"Kopparoxid (CAS 1317-38-0) 25kg MasterChem"},{"@type":"BreadcrumbList","@id":"https:\/\/masterchem.fi\/sv\/produkt\/kopparoxid-cas-1317-38-0\/#breadcrumb","itemListElement":[{"@type":"ListItem","position":1,"name":"Home","item":"https:\/\/masterchem.fi\/sv\/"},{"@type":"ListItem","position":2,"name":"Butik","item":"https:\/\/masterchem.fi\/sv\/butik\/"},{"@type":"ListItem","position":3,"name":"Kopparoxid (CAS 1317-38-0)"}]},{"@type":"WebSite","@id":"https:\/\/masterchem.fi\/sv\/#website","url":"https:\/\/masterchem.fi\/sv\/","name":"MasterChem | kemikaalien tuotanto ja myynti","description":"kemikaalien tuotanto ja myynti","potentialAction":[{"@type":"SearchAction","target":{"@type":"EntryPoint","urlTemplate":"https:\/\/masterchem.fi\/sv\/?s={search_term_string}"},"query-input":{"@type":"PropertyValueSpecification","valueRequired":true,"valueName":"search_term_string"}}],"inLanguage":"sv-SE"}]}},"_links":{"self":[{"href":"https:\/\/masterchem.fi\/sv\/wp-json\/wp\/v2\/product\/10275","targetHints":{"allow":["GET"]}}],"collection":[{"href":"https:\/\/masterchem.fi\/sv\/wp-json\/wp\/v2\/product"}],"about":[{"href":"https:\/\/masterchem.fi\/sv\/wp-json\/wp\/v2\/types\/product"}],"wp:featuredmedia":[{"embeddable":true,"href":"https:\/\/masterchem.fi\/sv\/wp-json\/wp\/v2\/media\/10279"}],"wp:attachment":[{"href":"https:\/\/masterchem.fi\/sv\/wp-json\/wp\/v2\/media?parent=10275"}],"wp:term":[{"taxonomy":"product_brand","embeddable":true,"href":"https:\/\/masterchem.fi\/sv\/wp-json\/wp\/v2\/product_brand?post=10275"},{"taxonomy":"product_cat","embeddable":true,"href":"https:\/\/masterchem.fi\/sv\/wp-json\/wp\/v2\/product_cat?post=10275"},{"taxonomy":"product_tag","embeddable":true,"href":"https:\/\/masterchem.fi\/sv\/wp-json\/wp\/v2\/product_tag?post=10275"}],"curies":[{"name":"wp","href":"https:\/\/api.w.org\/{rel}","templated":true}]}}