{"id":10296,"date":"2022-05-25T15:10:24","date_gmt":"2022-05-25T12:10:25","guid":{"rendered":"https:\/\/masterchem.fi\/?post_type=product&#038;p=10296"},"modified":"2022-05-25T15:14:40","modified_gmt":"2022-05-25T12:14:40","slug":"erbiumoxid-cas-12061-16-4","status":"publish","type":"product","link":"https:\/\/masterchem.fi\/sv\/produkt\/erbiumoxid-cas-12061-16-4\/","title":{"rendered":"Erbiumoxid (CAS 12061-16-4)"},"content":{"rendered":"<p> <strong> Information <\/strong> <\/p>\n<p> Bransch: glas och keramik <br \/>\nCAS-nummer: 12061-16-4 <br \/>\nWE-nummer: 235-045-7 <br \/>\nKemisk formel: Er2O3 <br \/>\nMolekylvikt: 382,52 g\/mol <\/p>\n<p> <strong> Andra fysiska egenskaper <\/strong> <br \/>\nRelativ densitet: 8,64 g\/cm3 <\/p>\n","protected":false},"excerpt":{"rendered":"<p> <strong> Erbiumoxid (CAS 12061-16-4) <\/strong> <\/p>\n<p> Till\u00e4mpningarna av Er2O3 varierar beroende p\u00e5 deras elektriska, optiska och fotoluminescerande egenskaper. Material i nanoskala dopade med Er3+ \u00e4r av stort intresse p\u00e5 grund av deras specifika partikelstorleksberoende optiska och elektriska egenskaper. Erbiumoxiddopade nanopartikelmaterial kan dispergeras i glas eller plast f\u00f6r visnings\u00e4ndam\u00e5l s\u00e5som bildsk\u00e4rmar. Spektroskopi av Er3 + elektroniska \u00f6verg\u00e5ngar i nanopartikelv\u00e4rdkristallgitter kombinerat med ultraljudsgenererade geometrier i vattenhaltiga kolnanor\u00f6r \u00e4r av stort intresse f\u00f6r syntesen av fotoluminescerande nanopartiklar i &#8220;gr\u00f6n&#8221; kemi. Erbiumoxid \u00e4r en av de viktigaste s\u00e4llsynta jordartsmetallerna som anv\u00e4nds inom biomedicin. Fotoluminescensegenskapen hos erbiumoxidnanopartiklar p\u00e5 ytan av kolnanor\u00f6r g\u00f6r dem anv\u00e4ndbara i biomedicinska till\u00e4mpningar. Till exempel kan ytan p\u00e5 nanopartiklar av erbiumoxid modifieras f\u00f6r uppdelning i vattenhaltiga och icke-vattenhaltiga medier f\u00f6r biografi. Erbiumoxider anv\u00e4nds ocks\u00e5 som grindisolatorer i halvledarenheter p\u00e5 grund av deras h\u00f6ga dielektricitetskonstant (10\u201314) och stora bandgap. Erbium anv\u00e4nds ibland som f\u00e4rg\u00e4mne f\u00f6r glas\u00f6gon, och erbiumoxid kan ocks\u00e5 anv\u00e4ndas som ett br\u00e4nnbart neutrongift i k\u00e4rnbr\u00e4nsle. <\/p>\n","protected":false},"featured_media":10300,"template":"","meta":[],"product_brand":[],"product_cat":[116,175],"product_tag":[],"class_list":{"0":"post-10296","1":"product","2":"type-product","3":"status-publish","4":"has-post-thumbnail","6":"product_cat-alla-produkter","7":"product_cat-glas-och-keramik","9":"first","10":"outofstock","11":"taxable","12":"shipping-taxable","13":"purchasable","14":"product-type-variable","15":"has-default-attributes","16":"rtwpvg-product"},"yoast_head":"<!-- This site is optimized with the Yoast SEO plugin v27.2 - https:\/\/yoast.com\/product\/yoast-seo-wordpress\/ -->\n<title>Erbiumoxid (CAS 12061-16-4) - MasterChem | kemikaalien tuotanto ja myynti<\/title>\n<meta name=\"description\" content=\"Till\u00e4mpningarna av Er2O3 varierar p\u00e5 grund av deras elektriska, optiska och fotoluminescensegenskaper.\" \/>\n<meta name=\"robots\" content=\"index, follow, max-snippet:-1, max-image-preview:large, max-video-preview:-1\" \/>\n<link rel=\"canonical\" href=\"https:\/\/masterchem.fi\/sv\/produkt\/erbiumoxid-cas-12061-16-4\/\" \/>\n<meta property=\"og:locale\" content=\"sv_SE\" \/>\n<meta property=\"og:type\" content=\"article\" \/>\n<meta property=\"og:title\" content=\"Erbiumoxid (CAS 12061-16-4) - MasterChem | kemikaalien tuotanto ja myynti\" \/>\n<meta property=\"og:description\" content=\"Till\u00e4mpningarna av Er2O3 varierar p\u00e5 grund av deras elektriska, optiska och fotoluminescensegenskaper.\" \/>\n<meta property=\"og:url\" content=\"https:\/\/masterchem.fi\/sv\/produkt\/erbiumoxid-cas-12061-16-4\/\" \/>\n<meta property=\"og:site_name\" content=\"MasterChem | kemikaalien tuotanto ja myynti\" \/>\n<meta property=\"article:modified_time\" content=\"2022-05-25T12:14:40+00:00\" \/>\n<meta property=\"og:image\" content=\"https:\/\/masterchem.fi\/wp-content\/uploads\/2022\/05\/Erbiumoksidi-CAS-12061-16-4-25kg-MasterChem.jpg\" \/>\n\t<meta property=\"og:image:width\" content=\"1000\" \/>\n\t<meta property=\"og:image:height\" content=\"1000\" \/>\n\t<meta property=\"og:image:type\" content=\"image\/jpeg\" \/>\n<meta name=\"twitter:card\" content=\"summary_large_image\" \/>\n<script type=\"application\/ld+json\" class=\"yoast-schema-graph\">{\"@context\":\"https:\/\/schema.org\",\"@graph\":[{\"@type\":\"WebPage\",\"@id\":\"https:\/\/masterchem.fi\/sv\/produkt\/erbiumoxid-cas-12061-16-4\/\",\"url\":\"https:\/\/masterchem.fi\/sv\/produkt\/erbiumoxid-cas-12061-16-4\/\",\"name\":\"Erbiumoxid (CAS 12061-16-4) - MasterChem | kemikaalien tuotanto ja myynti\",\"isPartOf\":{\"@id\":\"https:\/\/masterchem.fi\/sv\/#website\"},\"primaryImageOfPage\":{\"@id\":\"https:\/\/masterchem.fi\/sv\/produkt\/erbiumoxid-cas-12061-16-4\/#primaryimage\"},\"image\":{\"@id\":\"https:\/\/masterchem.fi\/sv\/produkt\/erbiumoxid-cas-12061-16-4\/#primaryimage\"},\"thumbnailUrl\":\"https:\/\/masterchem.fi\/wp-content\/uploads\/2022\/05\/Erbiumoksidi-CAS-12061-16-4-25kg-MasterChem.jpg\",\"datePublished\":\"2022-05-25T12:10:25+00:00\",\"dateModified\":\"2022-05-25T12:14:40+00:00\",\"description\":\"Till\u00e4mpningarna av Er2O3 varierar p\u00e5 grund av deras elektriska, optiska och fotoluminescensegenskaper.\",\"breadcrumb\":{\"@id\":\"https:\/\/masterchem.fi\/sv\/produkt\/erbiumoxid-cas-12061-16-4\/#breadcrumb\"},\"inLanguage\":\"sv-SE\",\"potentialAction\":[{\"@type\":\"ReadAction\",\"target\":[\"https:\/\/masterchem.fi\/sv\/produkt\/erbiumoxid-cas-12061-16-4\/\"]}]},{\"@type\":\"ImageObject\",\"inLanguage\":\"sv-SE\",\"@id\":\"https:\/\/masterchem.fi\/sv\/produkt\/erbiumoxid-cas-12061-16-4\/#primaryimage\",\"url\":\"https:\/\/masterchem.fi\/wp-content\/uploads\/2022\/05\/Erbiumoksidi-CAS-12061-16-4-25kg-MasterChem.jpg\",\"contentUrl\":\"https:\/\/masterchem.fi\/wp-content\/uploads\/2022\/05\/Erbiumoksidi-CAS-12061-16-4-25kg-MasterChem.jpg\",\"width\":1000,\"height\":1000,\"caption\":\"Erbiumoxid (CAS 12061-16-4) 25kg MasterChem\"},{\"@type\":\"BreadcrumbList\",\"@id\":\"https:\/\/masterchem.fi\/sv\/produkt\/erbiumoxid-cas-12061-16-4\/#breadcrumb\",\"itemListElement\":[{\"@type\":\"ListItem\",\"position\":1,\"name\":\"Home\",\"item\":\"https:\/\/masterchem.fi\/sv\/\"},{\"@type\":\"ListItem\",\"position\":2,\"name\":\"Butik\",\"item\":\"https:\/\/masterchem.fi\/sv\/butik\/\"},{\"@type\":\"ListItem\",\"position\":3,\"name\":\"Erbiumoxid (CAS 12061-16-4)\"}]},{\"@type\":\"WebSite\",\"@id\":\"https:\/\/masterchem.fi\/sv\/#website\",\"url\":\"https:\/\/masterchem.fi\/sv\/\",\"name\":\"MasterChem | kemikaalien tuotanto ja myynti\",\"description\":\"kemikaalien tuotanto ja myynti\",\"potentialAction\":[{\"@type\":\"SearchAction\",\"target\":{\"@type\":\"EntryPoint\",\"urlTemplate\":\"https:\/\/masterchem.fi\/sv\/?s={search_term_string}\"},\"query-input\":{\"@type\":\"PropertyValueSpecification\",\"valueRequired\":true,\"valueName\":\"search_term_string\"}}],\"inLanguage\":\"sv-SE\"}]}<\/script>\n<!-- \/ Yoast SEO plugin. -->","yoast_head_json":{"title":"Erbiumoxid (CAS 12061-16-4) - MasterChem | kemikaalien tuotanto ja myynti","description":"Till\u00e4mpningarna av Er2O3 varierar p\u00e5 grund av deras elektriska, optiska och fotoluminescensegenskaper.","robots":{"index":"index","follow":"follow","max-snippet":"max-snippet:-1","max-image-preview":"max-image-preview:large","max-video-preview":"max-video-preview:-1"},"canonical":"https:\/\/masterchem.fi\/sv\/produkt\/erbiumoxid-cas-12061-16-4\/","og_locale":"sv_SE","og_type":"article","og_title":"Erbiumoxid (CAS 12061-16-4) - MasterChem | kemikaalien tuotanto ja myynti","og_description":"Till\u00e4mpningarna av Er2O3 varierar p\u00e5 grund av deras elektriska, optiska och fotoluminescensegenskaper.","og_url":"https:\/\/masterchem.fi\/sv\/produkt\/erbiumoxid-cas-12061-16-4\/","og_site_name":"MasterChem | kemikaalien tuotanto ja myynti","article_modified_time":"2022-05-25T12:14:40+00:00","og_image":[{"width":1000,"height":1000,"url":"https:\/\/masterchem.fi\/wp-content\/uploads\/2022\/05\/Erbiumoksidi-CAS-12061-16-4-25kg-MasterChem.jpg","type":"image\/jpeg"}],"twitter_card":"summary_large_image","schema":{"@context":"https:\/\/schema.org","@graph":[{"@type":"WebPage","@id":"https:\/\/masterchem.fi\/sv\/produkt\/erbiumoxid-cas-12061-16-4\/","url":"https:\/\/masterchem.fi\/sv\/produkt\/erbiumoxid-cas-12061-16-4\/","name":"Erbiumoxid (CAS 12061-16-4) - MasterChem | kemikaalien tuotanto ja myynti","isPartOf":{"@id":"https:\/\/masterchem.fi\/sv\/#website"},"primaryImageOfPage":{"@id":"https:\/\/masterchem.fi\/sv\/produkt\/erbiumoxid-cas-12061-16-4\/#primaryimage"},"image":{"@id":"https:\/\/masterchem.fi\/sv\/produkt\/erbiumoxid-cas-12061-16-4\/#primaryimage"},"thumbnailUrl":"https:\/\/masterchem.fi\/wp-content\/uploads\/2022\/05\/Erbiumoksidi-CAS-12061-16-4-25kg-MasterChem.jpg","datePublished":"2022-05-25T12:10:25+00:00","dateModified":"2022-05-25T12:14:40+00:00","description":"Till\u00e4mpningarna av Er2O3 varierar p\u00e5 grund av deras elektriska, optiska och fotoluminescensegenskaper.","breadcrumb":{"@id":"https:\/\/masterchem.fi\/sv\/produkt\/erbiumoxid-cas-12061-16-4\/#breadcrumb"},"inLanguage":"sv-SE","potentialAction":[{"@type":"ReadAction","target":["https:\/\/masterchem.fi\/sv\/produkt\/erbiumoxid-cas-12061-16-4\/"]}]},{"@type":"ImageObject","inLanguage":"sv-SE","@id":"https:\/\/masterchem.fi\/sv\/produkt\/erbiumoxid-cas-12061-16-4\/#primaryimage","url":"https:\/\/masterchem.fi\/wp-content\/uploads\/2022\/05\/Erbiumoksidi-CAS-12061-16-4-25kg-MasterChem.jpg","contentUrl":"https:\/\/masterchem.fi\/wp-content\/uploads\/2022\/05\/Erbiumoksidi-CAS-12061-16-4-25kg-MasterChem.jpg","width":1000,"height":1000,"caption":"Erbiumoxid (CAS 12061-16-4) 25kg MasterChem"},{"@type":"BreadcrumbList","@id":"https:\/\/masterchem.fi\/sv\/produkt\/erbiumoxid-cas-12061-16-4\/#breadcrumb","itemListElement":[{"@type":"ListItem","position":1,"name":"Home","item":"https:\/\/masterchem.fi\/sv\/"},{"@type":"ListItem","position":2,"name":"Butik","item":"https:\/\/masterchem.fi\/sv\/butik\/"},{"@type":"ListItem","position":3,"name":"Erbiumoxid (CAS 12061-16-4)"}]},{"@type":"WebSite","@id":"https:\/\/masterchem.fi\/sv\/#website","url":"https:\/\/masterchem.fi\/sv\/","name":"MasterChem | kemikaalien tuotanto ja myynti","description":"kemikaalien tuotanto ja myynti","potentialAction":[{"@type":"SearchAction","target":{"@type":"EntryPoint","urlTemplate":"https:\/\/masterchem.fi\/sv\/?s={search_term_string}"},"query-input":{"@type":"PropertyValueSpecification","valueRequired":true,"valueName":"search_term_string"}}],"inLanguage":"sv-SE"}]}},"_links":{"self":[{"href":"https:\/\/masterchem.fi\/sv\/wp-json\/wp\/v2\/product\/10296","targetHints":{"allow":["GET"]}}],"collection":[{"href":"https:\/\/masterchem.fi\/sv\/wp-json\/wp\/v2\/product"}],"about":[{"href":"https:\/\/masterchem.fi\/sv\/wp-json\/wp\/v2\/types\/product"}],"wp:featuredmedia":[{"embeddable":true,"href":"https:\/\/masterchem.fi\/sv\/wp-json\/wp\/v2\/media\/10300"}],"wp:attachment":[{"href":"https:\/\/masterchem.fi\/sv\/wp-json\/wp\/v2\/media?parent=10296"}],"wp:term":[{"taxonomy":"product_brand","embeddable":true,"href":"https:\/\/masterchem.fi\/sv\/wp-json\/wp\/v2\/product_brand?post=10296"},{"taxonomy":"product_cat","embeddable":true,"href":"https:\/\/masterchem.fi\/sv\/wp-json\/wp\/v2\/product_cat?post=10296"},{"taxonomy":"product_tag","embeddable":true,"href":"https:\/\/masterchem.fi\/sv\/wp-json\/wp\/v2\/product_tag?post=10296"}],"curies":[{"name":"wp","href":"https:\/\/api.w.org\/{rel}","templated":true}]}}