{"id":10306,"date":"2022-05-25T15:17:58","date_gmt":"2022-05-25T12:17:59","guid":{"rendered":"https:\/\/masterchem.fi\/?post_type=product&#038;p=10306"},"modified":"2022-05-25T15:20:58","modified_gmt":"2022-05-25T12:20:58","slug":"zinkoxid-cas-1314-13-2","status":"publish","type":"product","link":"https:\/\/masterchem.fi\/sv\/produkt\/zinkoxid-cas-1314-13-2\/","title":{"rendered":"Zinkoxid (CAS 1314-13-2)"},"content":{"rendered":"<p> <strong> Information <\/strong> <\/p>\n<p> Bransch: glas och keramik <br \/>\nCAS-nummer: 1314-13-2 <br \/>\nWE-nummer: 215-222-5 <br \/>\nKemisk formel: ZnO <br \/>\nMolekylvikt: 81,37 g\/mol <br \/>\nTulltaxekod: 28170000 <br \/>\nADR: UN3077 <\/p>\n<p> <strong> Andra fysiska egenskaper <\/strong> <br \/>\npH: 7,4 <br \/>\nSm\u00e4ltpunkt\/fryspunkt: 1970 &#8211; 1975 \u00b0C <br \/>\nRelativ densitet: 5,61 g\/cm3 <br \/>\nL\u00f6slighet i vatten: 0,0029 g \/ l (20 \u00b0 C) <\/p>\n","protected":false},"excerpt":{"rendered":"<p> <strong> Zinkoxid (CAS 1314-13-2) <\/strong> <\/p>\n<p>Zinkoxid \u00e4r en oorganisk f\u00f6rening med formeln ZnO. ZnO \u00e4r ett vitt pulver som \u00e4r ol\u00f6sligt i vatten. Det anv\u00e4nds som tillsats i ett brett utbud av material och produkter, inklusive kosmetika, kosttillskott, gummi, plast, keramik, glas, cement, sm\u00f6rjmedel, f\u00e4rger, kr\u00e4mer, lim, t\u00e4tningsmedel, pigment, mat, batterier, ferriter, flamma retardanter och f\u00f6rst. &#8211; hj\u00e4lpband. \u00c4ven om zinkoxid f\u00f6rekommer naturligt som mineral, produceras det mesta av zinkoxid syntetiskt. <\/p>\n<p>ZnO \u00e4r en bredbandshalvledare i II-VI-halvledarfamiljen. Den naturliga dopningen av en halvledare p\u00e5 grund av syreavskiljande eller zinkmedia \u00e4r av n-typ. Andra f\u00f6rdelaktiga egenskaper \u00e4r god transparens, h\u00f6g elektronr\u00f6rlighet, brett bandgap och stark rumstemperaturluminescens. Dessa egenskaper g\u00f6r ZnO v\u00e4rdefull f\u00f6r m\u00e5nga nya till\u00e4mpningar: transparenta elektroder i flytande kristallsk\u00e4rmar, energibesparande eller v\u00e4rmeavsk\u00e4rmande f\u00f6nster och elektronik som tunnfilmstransistorer och lysdioder. <\/p>\n","protected":false},"featured_media":10310,"template":"","meta":[],"product_brand":[],"product_cat":[116,175],"product_tag":[],"class_list":{"0":"post-10306","1":"product","2":"type-product","3":"status-publish","4":"has-post-thumbnail","6":"product_cat-alla-produkter","7":"product_cat-glas-och-keramik","9":"first","10":"outofstock","11":"taxable","12":"shipping-taxable","13":"purchasable","14":"product-type-variable","15":"has-default-attributes","16":"rtwpvg-product"},"yoast_head":"<!-- This site is optimized with the Yoast SEO plugin v27.2 - https:\/\/yoast.com\/product\/yoast-seo-wordpress\/ -->\n<title>Zinkoxid (CAS 1314-13-2) - MasterChem | kemikaalien tuotanto ja myynti<\/title>\n<meta name=\"description\" content=\"Zinkoxid \u00e4r en oorganisk f\u00f6rening med formeln ZnO. ZnO \u00e4r ett vitt pulver som \u00e4r ol\u00f6sligt i vatten.\" \/>\n<meta name=\"robots\" content=\"index, follow, max-snippet:-1, max-image-preview:large, max-video-preview:-1\" \/>\n<link rel=\"canonical\" href=\"https:\/\/masterchem.fi\/sv\/produkt\/zinkoxid-cas-1314-13-2\/\" \/>\n<meta property=\"og:locale\" content=\"sv_SE\" \/>\n<meta property=\"og:type\" content=\"article\" \/>\n<meta property=\"og:title\" content=\"Zinkoxid (CAS 1314-13-2) - MasterChem | kemikaalien tuotanto ja myynti\" \/>\n<meta property=\"og:description\" content=\"Zinkoxid \u00e4r en oorganisk f\u00f6rening med formeln ZnO. ZnO \u00e4r ett vitt pulver som \u00e4r ol\u00f6sligt i vatten.\" \/>\n<meta property=\"og:url\" content=\"https:\/\/masterchem.fi\/sv\/produkt\/zinkoxid-cas-1314-13-2\/\" \/>\n<meta property=\"og:site_name\" content=\"MasterChem | kemikaalien tuotanto ja myynti\" \/>\n<meta property=\"article:modified_time\" content=\"2022-05-25T12:20:58+00:00\" \/>\n<meta property=\"og:image\" content=\"https:\/\/masterchem.fi\/wp-content\/uploads\/2022\/05\/Sinkkioksidi-CAS-1314-13-2-25kg-MasterChem.jpg\" \/>\n\t<meta property=\"og:image:width\" content=\"1000\" \/>\n\t<meta property=\"og:image:height\" content=\"1000\" \/>\n\t<meta property=\"og:image:type\" content=\"image\/jpeg\" \/>\n<meta name=\"twitter:card\" content=\"summary_large_image\" \/>\n<script type=\"application\/ld+json\" class=\"yoast-schema-graph\">{\"@context\":\"https:\/\/schema.org\",\"@graph\":[{\"@type\":\"WebPage\",\"@id\":\"https:\/\/masterchem.fi\/sv\/produkt\/zinkoxid-cas-1314-13-2\/\",\"url\":\"https:\/\/masterchem.fi\/sv\/produkt\/zinkoxid-cas-1314-13-2\/\",\"name\":\"Zinkoxid (CAS 1314-13-2) - MasterChem | kemikaalien tuotanto ja myynti\",\"isPartOf\":{\"@id\":\"https:\/\/masterchem.fi\/sv\/#website\"},\"primaryImageOfPage\":{\"@id\":\"https:\/\/masterchem.fi\/sv\/produkt\/zinkoxid-cas-1314-13-2\/#primaryimage\"},\"image\":{\"@id\":\"https:\/\/masterchem.fi\/sv\/produkt\/zinkoxid-cas-1314-13-2\/#primaryimage\"},\"thumbnailUrl\":\"https:\/\/masterchem.fi\/wp-content\/uploads\/2022\/05\/Sinkkioksidi-CAS-1314-13-2-25kg-MasterChem.jpg\",\"datePublished\":\"2022-05-25T12:17:59+00:00\",\"dateModified\":\"2022-05-25T12:20:58+00:00\",\"description\":\"Zinkoxid \u00e4r en oorganisk f\u00f6rening med formeln ZnO. ZnO \u00e4r ett vitt pulver som \u00e4r ol\u00f6sligt i vatten.\",\"breadcrumb\":{\"@id\":\"https:\/\/masterchem.fi\/sv\/produkt\/zinkoxid-cas-1314-13-2\/#breadcrumb\"},\"inLanguage\":\"sv-SE\",\"potentialAction\":[{\"@type\":\"ReadAction\",\"target\":[\"https:\/\/masterchem.fi\/sv\/produkt\/zinkoxid-cas-1314-13-2\/\"]}]},{\"@type\":\"ImageObject\",\"inLanguage\":\"sv-SE\",\"@id\":\"https:\/\/masterchem.fi\/sv\/produkt\/zinkoxid-cas-1314-13-2\/#primaryimage\",\"url\":\"https:\/\/masterchem.fi\/wp-content\/uploads\/2022\/05\/Sinkkioksidi-CAS-1314-13-2-25kg-MasterChem.jpg\",\"contentUrl\":\"https:\/\/masterchem.fi\/wp-content\/uploads\/2022\/05\/Sinkkioksidi-CAS-1314-13-2-25kg-MasterChem.jpg\",\"width\":1000,\"height\":1000,\"caption\":\"Zinkoxid (CAS 1314-13-2) 25kg MasterChem\"},{\"@type\":\"BreadcrumbList\",\"@id\":\"https:\/\/masterchem.fi\/sv\/produkt\/zinkoxid-cas-1314-13-2\/#breadcrumb\",\"itemListElement\":[{\"@type\":\"ListItem\",\"position\":1,\"name\":\"Home\",\"item\":\"https:\/\/masterchem.fi\/sv\/\"},{\"@type\":\"ListItem\",\"position\":2,\"name\":\"Butik\",\"item\":\"https:\/\/masterchem.fi\/sv\/butik\/\"},{\"@type\":\"ListItem\",\"position\":3,\"name\":\"Zinkoxid (CAS 1314-13-2)\"}]},{\"@type\":\"WebSite\",\"@id\":\"https:\/\/masterchem.fi\/sv\/#website\",\"url\":\"https:\/\/masterchem.fi\/sv\/\",\"name\":\"MasterChem | kemikaalien tuotanto ja myynti\",\"description\":\"kemikaalien tuotanto ja myynti\",\"potentialAction\":[{\"@type\":\"SearchAction\",\"target\":{\"@type\":\"EntryPoint\",\"urlTemplate\":\"https:\/\/masterchem.fi\/sv\/?s={search_term_string}\"},\"query-input\":{\"@type\":\"PropertyValueSpecification\",\"valueRequired\":true,\"valueName\":\"search_term_string\"}}],\"inLanguage\":\"sv-SE\"}]}<\/script>\n<!-- \/ Yoast SEO plugin. -->","yoast_head_json":{"title":"Zinkoxid (CAS 1314-13-2) - MasterChem | kemikaalien tuotanto ja myynti","description":"Zinkoxid \u00e4r en oorganisk f\u00f6rening med formeln ZnO. ZnO \u00e4r ett vitt pulver som \u00e4r ol\u00f6sligt i vatten.","robots":{"index":"index","follow":"follow","max-snippet":"max-snippet:-1","max-image-preview":"max-image-preview:large","max-video-preview":"max-video-preview:-1"},"canonical":"https:\/\/masterchem.fi\/sv\/produkt\/zinkoxid-cas-1314-13-2\/","og_locale":"sv_SE","og_type":"article","og_title":"Zinkoxid (CAS 1314-13-2) - MasterChem | kemikaalien tuotanto ja myynti","og_description":"Zinkoxid \u00e4r en oorganisk f\u00f6rening med formeln ZnO. ZnO \u00e4r ett vitt pulver som \u00e4r ol\u00f6sligt i vatten.","og_url":"https:\/\/masterchem.fi\/sv\/produkt\/zinkoxid-cas-1314-13-2\/","og_site_name":"MasterChem | kemikaalien tuotanto ja myynti","article_modified_time":"2022-05-25T12:20:58+00:00","og_image":[{"width":1000,"height":1000,"url":"https:\/\/masterchem.fi\/wp-content\/uploads\/2022\/05\/Sinkkioksidi-CAS-1314-13-2-25kg-MasterChem.jpg","type":"image\/jpeg"}],"twitter_card":"summary_large_image","schema":{"@context":"https:\/\/schema.org","@graph":[{"@type":"WebPage","@id":"https:\/\/masterchem.fi\/sv\/produkt\/zinkoxid-cas-1314-13-2\/","url":"https:\/\/masterchem.fi\/sv\/produkt\/zinkoxid-cas-1314-13-2\/","name":"Zinkoxid (CAS 1314-13-2) - MasterChem | kemikaalien tuotanto ja myynti","isPartOf":{"@id":"https:\/\/masterchem.fi\/sv\/#website"},"primaryImageOfPage":{"@id":"https:\/\/masterchem.fi\/sv\/produkt\/zinkoxid-cas-1314-13-2\/#primaryimage"},"image":{"@id":"https:\/\/masterchem.fi\/sv\/produkt\/zinkoxid-cas-1314-13-2\/#primaryimage"},"thumbnailUrl":"https:\/\/masterchem.fi\/wp-content\/uploads\/2022\/05\/Sinkkioksidi-CAS-1314-13-2-25kg-MasterChem.jpg","datePublished":"2022-05-25T12:17:59+00:00","dateModified":"2022-05-25T12:20:58+00:00","description":"Zinkoxid \u00e4r en oorganisk f\u00f6rening med formeln ZnO. ZnO \u00e4r ett vitt pulver som \u00e4r ol\u00f6sligt i vatten.","breadcrumb":{"@id":"https:\/\/masterchem.fi\/sv\/produkt\/zinkoxid-cas-1314-13-2\/#breadcrumb"},"inLanguage":"sv-SE","potentialAction":[{"@type":"ReadAction","target":["https:\/\/masterchem.fi\/sv\/produkt\/zinkoxid-cas-1314-13-2\/"]}]},{"@type":"ImageObject","inLanguage":"sv-SE","@id":"https:\/\/masterchem.fi\/sv\/produkt\/zinkoxid-cas-1314-13-2\/#primaryimage","url":"https:\/\/masterchem.fi\/wp-content\/uploads\/2022\/05\/Sinkkioksidi-CAS-1314-13-2-25kg-MasterChem.jpg","contentUrl":"https:\/\/masterchem.fi\/wp-content\/uploads\/2022\/05\/Sinkkioksidi-CAS-1314-13-2-25kg-MasterChem.jpg","width":1000,"height":1000,"caption":"Zinkoxid (CAS 1314-13-2) 25kg MasterChem"},{"@type":"BreadcrumbList","@id":"https:\/\/masterchem.fi\/sv\/produkt\/zinkoxid-cas-1314-13-2\/#breadcrumb","itemListElement":[{"@type":"ListItem","position":1,"name":"Home","item":"https:\/\/masterchem.fi\/sv\/"},{"@type":"ListItem","position":2,"name":"Butik","item":"https:\/\/masterchem.fi\/sv\/butik\/"},{"@type":"ListItem","position":3,"name":"Zinkoxid (CAS 1314-13-2)"}]},{"@type":"WebSite","@id":"https:\/\/masterchem.fi\/sv\/#website","url":"https:\/\/masterchem.fi\/sv\/","name":"MasterChem | kemikaalien tuotanto ja myynti","description":"kemikaalien tuotanto ja myynti","potentialAction":[{"@type":"SearchAction","target":{"@type":"EntryPoint","urlTemplate":"https:\/\/masterchem.fi\/sv\/?s={search_term_string}"},"query-input":{"@type":"PropertyValueSpecification","valueRequired":true,"valueName":"search_term_string"}}],"inLanguage":"sv-SE"}]}},"_links":{"self":[{"href":"https:\/\/masterchem.fi\/sv\/wp-json\/wp\/v2\/product\/10306","targetHints":{"allow":["GET"]}}],"collection":[{"href":"https:\/\/masterchem.fi\/sv\/wp-json\/wp\/v2\/product"}],"about":[{"href":"https:\/\/masterchem.fi\/sv\/wp-json\/wp\/v2\/types\/product"}],"wp:featuredmedia":[{"embeddable":true,"href":"https:\/\/masterchem.fi\/sv\/wp-json\/wp\/v2\/media\/10310"}],"wp:attachment":[{"href":"https:\/\/masterchem.fi\/sv\/wp-json\/wp\/v2\/media?parent=10306"}],"wp:term":[{"taxonomy":"product_brand","embeddable":true,"href":"https:\/\/masterchem.fi\/sv\/wp-json\/wp\/v2\/product_brand?post=10306"},{"taxonomy":"product_cat","embeddable":true,"href":"https:\/\/masterchem.fi\/sv\/wp-json\/wp\/v2\/product_cat?post=10306"},{"taxonomy":"product_tag","embeddable":true,"href":"https:\/\/masterchem.fi\/sv\/wp-json\/wp\/v2\/product_tag?post=10306"}],"curies":[{"name":"wp","href":"https:\/\/api.w.org\/{rel}","templated":true}]}}