{"id":10317,"date":"2022-05-31T15:31:50","date_gmt":"2022-05-31T12:31:50","guid":{"rendered":"https:\/\/masterchem.fi\/?post_type=product&#038;p=10317"},"modified":"2022-05-31T15:37:10","modified_gmt":"2022-05-31T12:37:10","slug":"plastfat-50l","status":"publish","type":"product","link":"https:\/\/masterchem.fi\/sv\/produkt\/plastfat-50l\/","title":{"rendered":"Plastfat 50L"},"content":{"rendered":"<p> En praktisk plastfat som l\u00e4mpar sig f\u00f6r f\u00f6rvaring av exempelvis mat i b\u00e5de fast och flytande form. Lockets kl\u00e4mring ser till att locket t\u00e4tar t\u00e4tt mot smuts och st\u00e4nk, men m\u00f6jligg\u00f6r enkel \u00f6ppning och st\u00e4ngning. <\/p>\n<p> Trumman \u00e4r formbl\u00e5st i ett stycke, vilket g\u00f6r HDPE-plast t\u00e5lig och h\u00e5llbar. Perfekt f\u00f6r transport och f\u00f6rvaring! <\/p>\n<p> Robust, livsmedelsgodk\u00e4nd trumma av HDPE-plast. Trumlocket har en platt kl\u00e4mring f\u00f6r att f\u00f6rhindra l\u00e4ckage.<\/p>\n","protected":false},"excerpt":{"rendered":"<p> H\u00f6jd: 610 mm <br \/>\nDiameter: 390 mm <br \/>\nKapacitet: 50 L (max 60) <br \/>\nF\u00e4rg: Bl\u00e5 <br \/>\nMaterial: HD polyeten <br \/>\nVikt: 3,1 kg <\/p>\n","protected":false},"featured_media":10319,"template":"","meta":[],"product_brand":[],"product_cat":[110,116],"product_tag":[],"class_list":{"0":"post-10317","1":"product","2":"type-product","3":"status-publish","4":"has-post-thumbnail","6":"product_cat-forpackning","7":"product_cat-alla-produkter","9":"first","10":"instock","11":"taxable","12":"shipping-taxable","13":"purchasable","14":"product-type-simple"},"yoast_head":"<!-- This site is optimized with the Yoast SEO plugin v27.2 - https:\/\/yoast.com\/product\/yoast-seo-wordpress\/ -->\n<title>Plastfat 50L - MasterChem | kemikaalien tuotanto ja myynti<\/title>\n<meta name=\"description\" content=\"Praktisk plastfat l\u00e4mplig f\u00f6r f\u00f6rvaring av b\u00e5de fast och flytande mat etc. Perfekt f\u00f6r transport och f\u00f6rvaring!\" \/>\n<meta name=\"robots\" content=\"index, follow, max-snippet:-1, max-image-preview:large, max-video-preview:-1\" \/>\n<link rel=\"canonical\" href=\"https:\/\/masterchem.fi\/sv\/produkt\/plastfat-50l\/\" \/>\n<meta property=\"og:locale\" content=\"sv_SE\" \/>\n<meta property=\"og:type\" content=\"article\" \/>\n<meta property=\"og:title\" content=\"Plastfat 50L - MasterChem | kemikaalien tuotanto ja myynti\" \/>\n<meta property=\"og:description\" content=\"Praktisk plastfat l\u00e4mplig f\u00f6r f\u00f6rvaring av b\u00e5de fast och flytande mat etc. Perfekt f\u00f6r transport och f\u00f6rvaring!\" \/>\n<meta property=\"og:url\" content=\"https:\/\/masterchem.fi\/sv\/produkt\/plastfat-50l\/\" \/>\n<meta property=\"og:site_name\" content=\"MasterChem | kemikaalien tuotanto ja myynti\" \/>\n<meta property=\"article:modified_time\" content=\"2022-05-31T12:37:10+00:00\" \/>\n<meta property=\"og:image\" content=\"https:\/\/masterchem.fi\/wp-content\/uploads\/2022\/05\/Plastiktunn_60l_sinine.jpg\" \/>\n\t<meta property=\"og:image:width\" content=\"709\" \/>\n\t<meta property=\"og:image:height\" content=\"709\" \/>\n\t<meta property=\"og:image:type\" content=\"image\/jpeg\" \/>\n<meta name=\"twitter:card\" content=\"summary_large_image\" \/>\n<script type=\"application\/ld+json\" class=\"yoast-schema-graph\">{\"@context\":\"https:\/\/schema.org\",\"@graph\":[{\"@type\":\"WebPage\",\"@id\":\"https:\/\/masterchem.fi\/sv\/produkt\/plastfat-50l\/\",\"url\":\"https:\/\/masterchem.fi\/sv\/produkt\/plastfat-50l\/\",\"name\":\"Plastfat 50L - MasterChem | kemikaalien tuotanto ja myynti\",\"isPartOf\":{\"@id\":\"https:\/\/masterchem.fi\/sv\/#website\"},\"primaryImageOfPage\":{\"@id\":\"https:\/\/masterchem.fi\/sv\/produkt\/plastfat-50l\/#primaryimage\"},\"image\":{\"@id\":\"https:\/\/masterchem.fi\/sv\/produkt\/plastfat-50l\/#primaryimage\"},\"thumbnailUrl\":\"https:\/\/masterchem.fi\/wp-content\/uploads\/2022\/05\/Plastiktunn_60l_sinine.jpg\",\"datePublished\":\"2022-05-31T12:31:50+00:00\",\"dateModified\":\"2022-05-31T12:37:10+00:00\",\"description\":\"Praktisk plastfat l\u00e4mplig f\u00f6r f\u00f6rvaring av b\u00e5de fast och flytande mat etc. Perfekt f\u00f6r transport och f\u00f6rvaring!\",\"breadcrumb\":{\"@id\":\"https:\/\/masterchem.fi\/sv\/produkt\/plastfat-50l\/#breadcrumb\"},\"inLanguage\":\"sv-SE\",\"potentialAction\":[{\"@type\":\"ReadAction\",\"target\":[\"https:\/\/masterchem.fi\/sv\/produkt\/plastfat-50l\/\"]}]},{\"@type\":\"ImageObject\",\"inLanguage\":\"sv-SE\",\"@id\":\"https:\/\/masterchem.fi\/sv\/produkt\/plastfat-50l\/#primaryimage\",\"url\":\"https:\/\/masterchem.fi\/wp-content\/uploads\/2022\/05\/Plastiktunn_60l_sinine.jpg\",\"contentUrl\":\"https:\/\/masterchem.fi\/wp-content\/uploads\/2022\/05\/Plastiktunn_60l_sinine.jpg\",\"width\":709,\"height\":709,\"caption\":\"Plastfat 50L\"},{\"@type\":\"BreadcrumbList\",\"@id\":\"https:\/\/masterchem.fi\/sv\/produkt\/plastfat-50l\/#breadcrumb\",\"itemListElement\":[{\"@type\":\"ListItem\",\"position\":1,\"name\":\"Home\",\"item\":\"https:\/\/masterchem.fi\/sv\/\"},{\"@type\":\"ListItem\",\"position\":2,\"name\":\"Butik\",\"item\":\"https:\/\/masterchem.fi\/sv\/butik\/\"},{\"@type\":\"ListItem\",\"position\":3,\"name\":\"Plastfat 50L\"}]},{\"@type\":\"WebSite\",\"@id\":\"https:\/\/masterchem.fi\/sv\/#website\",\"url\":\"https:\/\/masterchem.fi\/sv\/\",\"name\":\"MasterChem | kemikaalien tuotanto ja myynti\",\"description\":\"kemikaalien tuotanto ja myynti\",\"potentialAction\":[{\"@type\":\"SearchAction\",\"target\":{\"@type\":\"EntryPoint\",\"urlTemplate\":\"https:\/\/masterchem.fi\/sv\/?s={search_term_string}\"},\"query-input\":{\"@type\":\"PropertyValueSpecification\",\"valueRequired\":true,\"valueName\":\"search_term_string\"}}],\"inLanguage\":\"sv-SE\"}]}<\/script>\n<!-- \/ Yoast SEO plugin. -->","yoast_head_json":{"title":"Plastfat 50L - MasterChem | kemikaalien tuotanto ja myynti","description":"Praktisk plastfat l\u00e4mplig f\u00f6r f\u00f6rvaring av b\u00e5de fast och flytande mat etc. Perfekt f\u00f6r transport och f\u00f6rvaring!","robots":{"index":"index","follow":"follow","max-snippet":"max-snippet:-1","max-image-preview":"max-image-preview:large","max-video-preview":"max-video-preview:-1"},"canonical":"https:\/\/masterchem.fi\/sv\/produkt\/plastfat-50l\/","og_locale":"sv_SE","og_type":"article","og_title":"Plastfat 50L - MasterChem | kemikaalien tuotanto ja myynti","og_description":"Praktisk plastfat l\u00e4mplig f\u00f6r f\u00f6rvaring av b\u00e5de fast och flytande mat etc. Perfekt f\u00f6r transport och f\u00f6rvaring!","og_url":"https:\/\/masterchem.fi\/sv\/produkt\/plastfat-50l\/","og_site_name":"MasterChem | kemikaalien tuotanto ja myynti","article_modified_time":"2022-05-31T12:37:10+00:00","og_image":[{"width":709,"height":709,"url":"https:\/\/masterchem.fi\/wp-content\/uploads\/2022\/05\/Plastiktunn_60l_sinine.jpg","type":"image\/jpeg"}],"twitter_card":"summary_large_image","schema":{"@context":"https:\/\/schema.org","@graph":[{"@type":"WebPage","@id":"https:\/\/masterchem.fi\/sv\/produkt\/plastfat-50l\/","url":"https:\/\/masterchem.fi\/sv\/produkt\/plastfat-50l\/","name":"Plastfat 50L - MasterChem | kemikaalien tuotanto ja myynti","isPartOf":{"@id":"https:\/\/masterchem.fi\/sv\/#website"},"primaryImageOfPage":{"@id":"https:\/\/masterchem.fi\/sv\/produkt\/plastfat-50l\/#primaryimage"},"image":{"@id":"https:\/\/masterchem.fi\/sv\/produkt\/plastfat-50l\/#primaryimage"},"thumbnailUrl":"https:\/\/masterchem.fi\/wp-content\/uploads\/2022\/05\/Plastiktunn_60l_sinine.jpg","datePublished":"2022-05-31T12:31:50+00:00","dateModified":"2022-05-31T12:37:10+00:00","description":"Praktisk plastfat l\u00e4mplig f\u00f6r f\u00f6rvaring av b\u00e5de fast och flytande mat etc. Perfekt f\u00f6r transport och f\u00f6rvaring!","breadcrumb":{"@id":"https:\/\/masterchem.fi\/sv\/produkt\/plastfat-50l\/#breadcrumb"},"inLanguage":"sv-SE","potentialAction":[{"@type":"ReadAction","target":["https:\/\/masterchem.fi\/sv\/produkt\/plastfat-50l\/"]}]},{"@type":"ImageObject","inLanguage":"sv-SE","@id":"https:\/\/masterchem.fi\/sv\/produkt\/plastfat-50l\/#primaryimage","url":"https:\/\/masterchem.fi\/wp-content\/uploads\/2022\/05\/Plastiktunn_60l_sinine.jpg","contentUrl":"https:\/\/masterchem.fi\/wp-content\/uploads\/2022\/05\/Plastiktunn_60l_sinine.jpg","width":709,"height":709,"caption":"Plastfat 50L"},{"@type":"BreadcrumbList","@id":"https:\/\/masterchem.fi\/sv\/produkt\/plastfat-50l\/#breadcrumb","itemListElement":[{"@type":"ListItem","position":1,"name":"Home","item":"https:\/\/masterchem.fi\/sv\/"},{"@type":"ListItem","position":2,"name":"Butik","item":"https:\/\/masterchem.fi\/sv\/butik\/"},{"@type":"ListItem","position":3,"name":"Plastfat 50L"}]},{"@type":"WebSite","@id":"https:\/\/masterchem.fi\/sv\/#website","url":"https:\/\/masterchem.fi\/sv\/","name":"MasterChem | kemikaalien tuotanto ja myynti","description":"kemikaalien tuotanto ja myynti","potentialAction":[{"@type":"SearchAction","target":{"@type":"EntryPoint","urlTemplate":"https:\/\/masterchem.fi\/sv\/?s={search_term_string}"},"query-input":{"@type":"PropertyValueSpecification","valueRequired":true,"valueName":"search_term_string"}}],"inLanguage":"sv-SE"}]}},"_links":{"self":[{"href":"https:\/\/masterchem.fi\/sv\/wp-json\/wp\/v2\/product\/10317","targetHints":{"allow":["GET"]}}],"collection":[{"href":"https:\/\/masterchem.fi\/sv\/wp-json\/wp\/v2\/product"}],"about":[{"href":"https:\/\/masterchem.fi\/sv\/wp-json\/wp\/v2\/types\/product"}],"wp:featuredmedia":[{"embeddable":true,"href":"https:\/\/masterchem.fi\/sv\/wp-json\/wp\/v2\/media\/10319"}],"wp:attachment":[{"href":"https:\/\/masterchem.fi\/sv\/wp-json\/wp\/v2\/media?parent=10317"}],"wp:term":[{"taxonomy":"product_brand","embeddable":true,"href":"https:\/\/masterchem.fi\/sv\/wp-json\/wp\/v2\/product_brand?post=10317"},{"taxonomy":"product_cat","embeddable":true,"href":"https:\/\/masterchem.fi\/sv\/wp-json\/wp\/v2\/product_cat?post=10317"},{"taxonomy":"product_tag","embeddable":true,"href":"https:\/\/masterchem.fi\/sv\/wp-json\/wp\/v2\/product_tag?post=10317"}],"curies":[{"name":"wp","href":"https:\/\/api.w.org\/{rel}","templated":true}]}}