{"id":10393,"date":"2022-07-05T10:01:08","date_gmt":"2022-07-05T07:01:09","guid":{"rendered":"https:\/\/masterchem.fi\/?post_type=product&#038;p=10393"},"modified":"2022-07-05T10:07:15","modified_gmt":"2022-07-05T07:07:15","slug":"ceriumoxid-cas-1306-38-3","status":"publish","type":"product","link":"https:\/\/masterchem.fi\/sv\/produkt\/ceriumoxid-cas-1306-38-3\/","title":{"rendered":"Ceriumoxid (CAS 1306-38-3)"},"content":{"rendered":"<p> <strong> Information<\/strong> <\/p>\n<p>Bransch: glas och keramik<br \/>\nCAS-nummer: 1306-38-3<br \/>\nWE-nummer: 215-150-4<br \/>\nKemisk formel: CeO2<br \/>\nMolekylvikt: 172 115 g\/mol<br \/>\nTulltaxekod: 28461000<\/p>\n","protected":false},"excerpt":{"rendered":"<p><strong>Ceriumoxid (CAS 1306-38-3)<\/strong><\/p>\n<p>Cerium(IV)oxid, \u00e4ven k\u00e4nd som ceriumoxid, ceriumoxid, ceriumoxid, ceriumoxid eller ceriumdioxid, \u00e4r en oxid av den s\u00e4llsynta jordartsmetallen cerium. Det \u00e4r ett blekt gulvitt pulver med den kemiska formeln CeO2. Det \u00e4r en viktig kommersiell produkt och en mellanprodukt i reningen av grund\u00e4mnet fr\u00e5n malmer. En utm\u00e4rkande egenskap hos detta material \u00e4r dess reversibla omvandling till en icke-st\u00f6kiometrisk oxid.<\/p>\n","protected":false},"featured_media":10397,"template":"","meta":[],"product_brand":[],"product_cat":[116,175],"product_tag":[],"class_list":{"0":"post-10393","1":"product","2":"type-product","3":"status-publish","4":"has-post-thumbnail","6":"product_cat-alla-produkter","7":"product_cat-glas-och-keramik","9":"first","10":"outofstock","11":"taxable","12":"shipping-taxable","13":"purchasable","14":"product-type-variable","15":"has-default-attributes","16":"rtwpvg-product"},"yoast_head":"<!-- This site is optimized with the Yoast SEO plugin v27.2 - https:\/\/yoast.com\/product\/yoast-seo-wordpress\/ -->\n<title>Ceriumoxid (CAS 1306-38-3) - MasterChem | kemikaalien tuotanto ja myynti<\/title>\n<meta name=\"description\" content=\"Cerium(IV)oxid, \u00e4ven k\u00e4nd som ceriumoxid, ceriumoxid, ceriumoxid, ceriumoxid eller ceriumdioxid, \u00e4r en oxid av den s\u00e4llsynta jordartsmetallen cerium.\" \/>\n<meta name=\"robots\" content=\"index, follow, max-snippet:-1, max-image-preview:large, max-video-preview:-1\" \/>\n<link rel=\"canonical\" href=\"https:\/\/masterchem.fi\/sv\/produkt\/ceriumoxid-cas-1306-38-3\/\" \/>\n<meta property=\"og:locale\" content=\"sv_SE\" \/>\n<meta property=\"og:type\" content=\"article\" \/>\n<meta property=\"og:title\" content=\"Ceriumoxid (CAS 1306-38-3) - MasterChem | kemikaalien tuotanto ja myynti\" \/>\n<meta property=\"og:description\" content=\"Cerium(IV)oxid, \u00e4ven k\u00e4nd som ceriumoxid, ceriumoxid, ceriumoxid, ceriumoxid eller ceriumdioxid, \u00e4r en oxid av den s\u00e4llsynta jordartsmetallen cerium.\" \/>\n<meta property=\"og:url\" content=\"https:\/\/masterchem.fi\/sv\/produkt\/ceriumoxid-cas-1306-38-3\/\" \/>\n<meta property=\"og:site_name\" content=\"MasterChem | kemikaalien tuotanto ja myynti\" \/>\n<meta property=\"article:modified_time\" content=\"2022-07-05T07:07:15+00:00\" \/>\n<meta property=\"og:image\" content=\"https:\/\/masterchem.fi\/wp-content\/uploads\/2022\/07\/Tseeriumoksiid-25kg-MasterChem.jpg\" \/>\n\t<meta property=\"og:image:width\" content=\"1000\" \/>\n\t<meta property=\"og:image:height\" content=\"1000\" \/>\n\t<meta property=\"og:image:type\" content=\"image\/jpeg\" \/>\n<meta name=\"twitter:card\" content=\"summary_large_image\" \/>\n<script type=\"application\/ld+json\" class=\"yoast-schema-graph\">{\"@context\":\"https:\/\/schema.org\",\"@graph\":[{\"@type\":\"WebPage\",\"@id\":\"https:\/\/masterchem.fi\/sv\/produkt\/ceriumoxid-cas-1306-38-3\/\",\"url\":\"https:\/\/masterchem.fi\/sv\/produkt\/ceriumoxid-cas-1306-38-3\/\",\"name\":\"Ceriumoxid (CAS 1306-38-3) - MasterChem | kemikaalien tuotanto ja myynti\",\"isPartOf\":{\"@id\":\"https:\/\/masterchem.fi\/sv\/#website\"},\"primaryImageOfPage\":{\"@id\":\"https:\/\/masterchem.fi\/sv\/produkt\/ceriumoxid-cas-1306-38-3\/#primaryimage\"},\"image\":{\"@id\":\"https:\/\/masterchem.fi\/sv\/produkt\/ceriumoxid-cas-1306-38-3\/#primaryimage\"},\"thumbnailUrl\":\"https:\/\/masterchem.fi\/wp-content\/uploads\/2022\/07\/Tseeriumoksiid-25kg-MasterChem.jpg\",\"datePublished\":\"2022-07-05T07:01:09+00:00\",\"dateModified\":\"2022-07-05T07:07:15+00:00\",\"description\":\"Cerium(IV)oxid, \u00e4ven k\u00e4nd som ceriumoxid, ceriumoxid, ceriumoxid, ceriumoxid eller ceriumdioxid, \u00e4r en oxid av den s\u00e4llsynta jordartsmetallen cerium.\",\"breadcrumb\":{\"@id\":\"https:\/\/masterchem.fi\/sv\/produkt\/ceriumoxid-cas-1306-38-3\/#breadcrumb\"},\"inLanguage\":\"sv-SE\",\"potentialAction\":[{\"@type\":\"ReadAction\",\"target\":[\"https:\/\/masterchem.fi\/sv\/produkt\/ceriumoxid-cas-1306-38-3\/\"]}]},{\"@type\":\"ImageObject\",\"inLanguage\":\"sv-SE\",\"@id\":\"https:\/\/masterchem.fi\/sv\/produkt\/ceriumoxid-cas-1306-38-3\/#primaryimage\",\"url\":\"https:\/\/masterchem.fi\/wp-content\/uploads\/2022\/07\/Tseeriumoksiid-25kg-MasterChem.jpg\",\"contentUrl\":\"https:\/\/masterchem.fi\/wp-content\/uploads\/2022\/07\/Tseeriumoksiid-25kg-MasterChem.jpg\",\"width\":1000,\"height\":1000,\"caption\":\"Ceriumoxid (CAS 1306-38-3) 25kg MasterChem\"},{\"@type\":\"BreadcrumbList\",\"@id\":\"https:\/\/masterchem.fi\/sv\/produkt\/ceriumoxid-cas-1306-38-3\/#breadcrumb\",\"itemListElement\":[{\"@type\":\"ListItem\",\"position\":1,\"name\":\"Home\",\"item\":\"https:\/\/masterchem.fi\/sv\/\"},{\"@type\":\"ListItem\",\"position\":2,\"name\":\"Butik\",\"item\":\"https:\/\/masterchem.fi\/sv\/butik\/\"},{\"@type\":\"ListItem\",\"position\":3,\"name\":\"Ceriumoxid (CAS 1306-38-3)\"}]},{\"@type\":\"WebSite\",\"@id\":\"https:\/\/masterchem.fi\/sv\/#website\",\"url\":\"https:\/\/masterchem.fi\/sv\/\",\"name\":\"MasterChem | kemikaalien tuotanto ja myynti\",\"description\":\"kemikaalien tuotanto ja myynti\",\"potentialAction\":[{\"@type\":\"SearchAction\",\"target\":{\"@type\":\"EntryPoint\",\"urlTemplate\":\"https:\/\/masterchem.fi\/sv\/?s={search_term_string}\"},\"query-input\":{\"@type\":\"PropertyValueSpecification\",\"valueRequired\":true,\"valueName\":\"search_term_string\"}}],\"inLanguage\":\"sv-SE\"}]}<\/script>\n<!-- \/ Yoast SEO plugin. -->","yoast_head_json":{"title":"Ceriumoxid (CAS 1306-38-3) - MasterChem | kemikaalien tuotanto ja myynti","description":"Cerium(IV)oxid, \u00e4ven k\u00e4nd som ceriumoxid, ceriumoxid, ceriumoxid, ceriumoxid eller ceriumdioxid, \u00e4r en oxid av den s\u00e4llsynta jordartsmetallen cerium.","robots":{"index":"index","follow":"follow","max-snippet":"max-snippet:-1","max-image-preview":"max-image-preview:large","max-video-preview":"max-video-preview:-1"},"canonical":"https:\/\/masterchem.fi\/sv\/produkt\/ceriumoxid-cas-1306-38-3\/","og_locale":"sv_SE","og_type":"article","og_title":"Ceriumoxid (CAS 1306-38-3) - MasterChem | kemikaalien tuotanto ja myynti","og_description":"Cerium(IV)oxid, \u00e4ven k\u00e4nd som ceriumoxid, ceriumoxid, ceriumoxid, ceriumoxid eller ceriumdioxid, \u00e4r en oxid av den s\u00e4llsynta jordartsmetallen cerium.","og_url":"https:\/\/masterchem.fi\/sv\/produkt\/ceriumoxid-cas-1306-38-3\/","og_site_name":"MasterChem | kemikaalien tuotanto ja myynti","article_modified_time":"2022-07-05T07:07:15+00:00","og_image":[{"width":1000,"height":1000,"url":"https:\/\/masterchem.fi\/wp-content\/uploads\/2022\/07\/Tseeriumoksiid-25kg-MasterChem.jpg","type":"image\/jpeg"}],"twitter_card":"summary_large_image","schema":{"@context":"https:\/\/schema.org","@graph":[{"@type":"WebPage","@id":"https:\/\/masterchem.fi\/sv\/produkt\/ceriumoxid-cas-1306-38-3\/","url":"https:\/\/masterchem.fi\/sv\/produkt\/ceriumoxid-cas-1306-38-3\/","name":"Ceriumoxid (CAS 1306-38-3) - MasterChem | kemikaalien tuotanto ja myynti","isPartOf":{"@id":"https:\/\/masterchem.fi\/sv\/#website"},"primaryImageOfPage":{"@id":"https:\/\/masterchem.fi\/sv\/produkt\/ceriumoxid-cas-1306-38-3\/#primaryimage"},"image":{"@id":"https:\/\/masterchem.fi\/sv\/produkt\/ceriumoxid-cas-1306-38-3\/#primaryimage"},"thumbnailUrl":"https:\/\/masterchem.fi\/wp-content\/uploads\/2022\/07\/Tseeriumoksiid-25kg-MasterChem.jpg","datePublished":"2022-07-05T07:01:09+00:00","dateModified":"2022-07-05T07:07:15+00:00","description":"Cerium(IV)oxid, \u00e4ven k\u00e4nd som ceriumoxid, ceriumoxid, ceriumoxid, ceriumoxid eller ceriumdioxid, \u00e4r en oxid av den s\u00e4llsynta jordartsmetallen cerium.","breadcrumb":{"@id":"https:\/\/masterchem.fi\/sv\/produkt\/ceriumoxid-cas-1306-38-3\/#breadcrumb"},"inLanguage":"sv-SE","potentialAction":[{"@type":"ReadAction","target":["https:\/\/masterchem.fi\/sv\/produkt\/ceriumoxid-cas-1306-38-3\/"]}]},{"@type":"ImageObject","inLanguage":"sv-SE","@id":"https:\/\/masterchem.fi\/sv\/produkt\/ceriumoxid-cas-1306-38-3\/#primaryimage","url":"https:\/\/masterchem.fi\/wp-content\/uploads\/2022\/07\/Tseeriumoksiid-25kg-MasterChem.jpg","contentUrl":"https:\/\/masterchem.fi\/wp-content\/uploads\/2022\/07\/Tseeriumoksiid-25kg-MasterChem.jpg","width":1000,"height":1000,"caption":"Ceriumoxid (CAS 1306-38-3) 25kg MasterChem"},{"@type":"BreadcrumbList","@id":"https:\/\/masterchem.fi\/sv\/produkt\/ceriumoxid-cas-1306-38-3\/#breadcrumb","itemListElement":[{"@type":"ListItem","position":1,"name":"Home","item":"https:\/\/masterchem.fi\/sv\/"},{"@type":"ListItem","position":2,"name":"Butik","item":"https:\/\/masterchem.fi\/sv\/butik\/"},{"@type":"ListItem","position":3,"name":"Ceriumoxid (CAS 1306-38-3)"}]},{"@type":"WebSite","@id":"https:\/\/masterchem.fi\/sv\/#website","url":"https:\/\/masterchem.fi\/sv\/","name":"MasterChem | kemikaalien tuotanto ja myynti","description":"kemikaalien tuotanto ja myynti","potentialAction":[{"@type":"SearchAction","target":{"@type":"EntryPoint","urlTemplate":"https:\/\/masterchem.fi\/sv\/?s={search_term_string}"},"query-input":{"@type":"PropertyValueSpecification","valueRequired":true,"valueName":"search_term_string"}}],"inLanguage":"sv-SE"}]}},"_links":{"self":[{"href":"https:\/\/masterchem.fi\/sv\/wp-json\/wp\/v2\/product\/10393","targetHints":{"allow":["GET"]}}],"collection":[{"href":"https:\/\/masterchem.fi\/sv\/wp-json\/wp\/v2\/product"}],"about":[{"href":"https:\/\/masterchem.fi\/sv\/wp-json\/wp\/v2\/types\/product"}],"wp:featuredmedia":[{"embeddable":true,"href":"https:\/\/masterchem.fi\/sv\/wp-json\/wp\/v2\/media\/10397"}],"wp:attachment":[{"href":"https:\/\/masterchem.fi\/sv\/wp-json\/wp\/v2\/media?parent=10393"}],"wp:term":[{"taxonomy":"product_brand","embeddable":true,"href":"https:\/\/masterchem.fi\/sv\/wp-json\/wp\/v2\/product_brand?post=10393"},{"taxonomy":"product_cat","embeddable":true,"href":"https:\/\/masterchem.fi\/sv\/wp-json\/wp\/v2\/product_cat?post=10393"},{"taxonomy":"product_tag","embeddable":true,"href":"https:\/\/masterchem.fi\/sv\/wp-json\/wp\/v2\/product_tag?post=10393"}],"curies":[{"name":"wp","href":"https:\/\/api.w.org\/{rel}","templated":true}]}}