{"id":10402,"date":"2022-07-05T10:08:41","date_gmt":"2022-07-05T07:08:41","guid":{"rendered":"https:\/\/masterchem.fi\/?post_type=product&#038;p=10402"},"modified":"2022-07-05T10:12:22","modified_gmt":"2022-07-05T07:12:22","slug":"zinkselenit-cas-13597-46-1","status":"publish","type":"product","link":"https:\/\/masterchem.fi\/sv\/produkt\/zinkselenit-cas-13597-46-1\/","title":{"rendered":"Zinkselenit (CAS 13597-46-1)"},"content":{"rendered":"<p> <strong> Information<\/strong> <\/p>\n<p>Bransch: glas och keramik<br \/>\nCAS-nummer: 13597-46-1<br \/>\nWE-nummer: 237-048-9<br \/>\nKemisk formel: ZnSeO3<br \/>\nTulltaxekod: 28429010<br \/>\nADR: UN2630<\/p>\n","protected":false},"excerpt":{"rendered":"<p><strong>Zinkselenit (CAS 13597-46-1)<\/strong><\/p>\n<p>Zinkselenid (ZnSe) \u00e4r en blekgul, fast f\u00f6rening som inneh\u00e5ller zink (Zn) och selen (Se). Det \u00e4r en inneboende halvledare med ett bandgap p\u00e5 cirka 2,70 eV vid 25 \u00b0C (77 \u00b0F). ZnSe finns s\u00e4llan i naturen och finns i ett mineral som heter &#8220;stilleite&#8221; efter Hans Stille.<\/p>\n","protected":false},"featured_media":10405,"template":"","meta":[],"product_brand":[],"product_cat":[116,175],"product_tag":[],"class_list":{"0":"post-10402","1":"product","2":"type-product","3":"status-publish","4":"has-post-thumbnail","6":"product_cat-alla-produkter","7":"product_cat-glas-och-keramik","9":"first","10":"outofstock","11":"taxable","12":"shipping-taxable","13":"purchasable","14":"product-type-variable","15":"has-default-attributes","16":"rtwpvg-product"},"yoast_head":"<!-- This site is optimized with the Yoast SEO plugin v27.2 - https:\/\/yoast.com\/product\/yoast-seo-wordpress\/ -->\n<title>Zinkselenit (CAS 13597-46-1) - MasterChem | kemikaalien tuotanto ja myynti<\/title>\n<meta name=\"description\" content=\"Zinkselenid (ZnSe) \u00e4r en blekgul fast f\u00f6rening som inneh\u00e5ller zink (Zn) och selen (Se).\" \/>\n<meta name=\"robots\" content=\"index, follow, max-snippet:-1, max-image-preview:large, max-video-preview:-1\" \/>\n<link rel=\"canonical\" href=\"https:\/\/masterchem.fi\/sv\/produkt\/zinkselenit-cas-13597-46-1\/\" \/>\n<meta property=\"og:locale\" content=\"sv_SE\" \/>\n<meta property=\"og:type\" content=\"article\" \/>\n<meta property=\"og:title\" content=\"Zinkselenit (CAS 13597-46-1) - MasterChem | kemikaalien tuotanto ja myynti\" \/>\n<meta property=\"og:description\" content=\"Zinkselenid (ZnSe) \u00e4r en blekgul fast f\u00f6rening som inneh\u00e5ller zink (Zn) och selen (Se).\" \/>\n<meta property=\"og:url\" content=\"https:\/\/masterchem.fi\/sv\/produkt\/zinkselenit-cas-13597-46-1\/\" \/>\n<meta property=\"og:site_name\" content=\"MasterChem | kemikaalien tuotanto ja myynti\" \/>\n<meta property=\"article:modified_time\" content=\"2022-07-05T07:12:22+00:00\" \/>\n<meta property=\"og:image\" content=\"https:\/\/masterchem.fi\/wp-content\/uploads\/2022\/07\/Tsink-seleniit-25kg-MasterChem.jpg\" \/>\n\t<meta property=\"og:image:width\" content=\"1000\" \/>\n\t<meta property=\"og:image:height\" content=\"1000\" \/>\n\t<meta property=\"og:image:type\" content=\"image\/jpeg\" \/>\n<meta name=\"twitter:card\" content=\"summary_large_image\" \/>\n<script type=\"application\/ld+json\" class=\"yoast-schema-graph\">{\"@context\":\"https:\/\/schema.org\",\"@graph\":[{\"@type\":\"WebPage\",\"@id\":\"https:\/\/masterchem.fi\/sv\/produkt\/zinkselenit-cas-13597-46-1\/\",\"url\":\"https:\/\/masterchem.fi\/sv\/produkt\/zinkselenit-cas-13597-46-1\/\",\"name\":\"Zinkselenit (CAS 13597-46-1) - MasterChem | kemikaalien tuotanto ja myynti\",\"isPartOf\":{\"@id\":\"https:\/\/masterchem.fi\/sv\/#website\"},\"primaryImageOfPage\":{\"@id\":\"https:\/\/masterchem.fi\/sv\/produkt\/zinkselenit-cas-13597-46-1\/#primaryimage\"},\"image\":{\"@id\":\"https:\/\/masterchem.fi\/sv\/produkt\/zinkselenit-cas-13597-46-1\/#primaryimage\"},\"thumbnailUrl\":\"https:\/\/masterchem.fi\/wp-content\/uploads\/2022\/07\/Tsink-seleniit-25kg-MasterChem.jpg\",\"datePublished\":\"2022-07-05T07:08:41+00:00\",\"dateModified\":\"2022-07-05T07:12:22+00:00\",\"description\":\"Zinkselenid (ZnSe) \u00e4r en blekgul fast f\u00f6rening som inneh\u00e5ller zink (Zn) och selen (Se).\",\"breadcrumb\":{\"@id\":\"https:\/\/masterchem.fi\/sv\/produkt\/zinkselenit-cas-13597-46-1\/#breadcrumb\"},\"inLanguage\":\"sv-SE\",\"potentialAction\":[{\"@type\":\"ReadAction\",\"target\":[\"https:\/\/masterchem.fi\/sv\/produkt\/zinkselenit-cas-13597-46-1\/\"]}]},{\"@type\":\"ImageObject\",\"inLanguage\":\"sv-SE\",\"@id\":\"https:\/\/masterchem.fi\/sv\/produkt\/zinkselenit-cas-13597-46-1\/#primaryimage\",\"url\":\"https:\/\/masterchem.fi\/wp-content\/uploads\/2022\/07\/Tsink-seleniit-25kg-MasterChem.jpg\",\"contentUrl\":\"https:\/\/masterchem.fi\/wp-content\/uploads\/2022\/07\/Tsink-seleniit-25kg-MasterChem.jpg\",\"width\":1000,\"height\":1000,\"caption\":\"Zinkselenit (CAS 13597-46-1) 25kg MasterChem\"},{\"@type\":\"BreadcrumbList\",\"@id\":\"https:\/\/masterchem.fi\/sv\/produkt\/zinkselenit-cas-13597-46-1\/#breadcrumb\",\"itemListElement\":[{\"@type\":\"ListItem\",\"position\":1,\"name\":\"Home\",\"item\":\"https:\/\/masterchem.fi\/sv\/\"},{\"@type\":\"ListItem\",\"position\":2,\"name\":\"Butik\",\"item\":\"https:\/\/masterchem.fi\/sv\/butik\/\"},{\"@type\":\"ListItem\",\"position\":3,\"name\":\"Zinkselenit (CAS 13597-46-1)\"}]},{\"@type\":\"WebSite\",\"@id\":\"https:\/\/masterchem.fi\/sv\/#website\",\"url\":\"https:\/\/masterchem.fi\/sv\/\",\"name\":\"MasterChem | kemikaalien tuotanto ja myynti\",\"description\":\"kemikaalien tuotanto ja myynti\",\"potentialAction\":[{\"@type\":\"SearchAction\",\"target\":{\"@type\":\"EntryPoint\",\"urlTemplate\":\"https:\/\/masterchem.fi\/sv\/?s={search_term_string}\"},\"query-input\":{\"@type\":\"PropertyValueSpecification\",\"valueRequired\":true,\"valueName\":\"search_term_string\"}}],\"inLanguage\":\"sv-SE\"}]}<\/script>\n<!-- \/ Yoast SEO plugin. -->","yoast_head_json":{"title":"Zinkselenit (CAS 13597-46-1) - MasterChem | kemikaalien tuotanto ja myynti","description":"Zinkselenid (ZnSe) \u00e4r en blekgul fast f\u00f6rening som inneh\u00e5ller zink (Zn) och selen (Se).","robots":{"index":"index","follow":"follow","max-snippet":"max-snippet:-1","max-image-preview":"max-image-preview:large","max-video-preview":"max-video-preview:-1"},"canonical":"https:\/\/masterchem.fi\/sv\/produkt\/zinkselenit-cas-13597-46-1\/","og_locale":"sv_SE","og_type":"article","og_title":"Zinkselenit (CAS 13597-46-1) - MasterChem | kemikaalien tuotanto ja myynti","og_description":"Zinkselenid (ZnSe) \u00e4r en blekgul fast f\u00f6rening som inneh\u00e5ller zink (Zn) och selen (Se).","og_url":"https:\/\/masterchem.fi\/sv\/produkt\/zinkselenit-cas-13597-46-1\/","og_site_name":"MasterChem | kemikaalien tuotanto ja myynti","article_modified_time":"2022-07-05T07:12:22+00:00","og_image":[{"width":1000,"height":1000,"url":"https:\/\/masterchem.fi\/wp-content\/uploads\/2022\/07\/Tsink-seleniit-25kg-MasterChem.jpg","type":"image\/jpeg"}],"twitter_card":"summary_large_image","schema":{"@context":"https:\/\/schema.org","@graph":[{"@type":"WebPage","@id":"https:\/\/masterchem.fi\/sv\/produkt\/zinkselenit-cas-13597-46-1\/","url":"https:\/\/masterchem.fi\/sv\/produkt\/zinkselenit-cas-13597-46-1\/","name":"Zinkselenit (CAS 13597-46-1) - MasterChem | kemikaalien tuotanto ja myynti","isPartOf":{"@id":"https:\/\/masterchem.fi\/sv\/#website"},"primaryImageOfPage":{"@id":"https:\/\/masterchem.fi\/sv\/produkt\/zinkselenit-cas-13597-46-1\/#primaryimage"},"image":{"@id":"https:\/\/masterchem.fi\/sv\/produkt\/zinkselenit-cas-13597-46-1\/#primaryimage"},"thumbnailUrl":"https:\/\/masterchem.fi\/wp-content\/uploads\/2022\/07\/Tsink-seleniit-25kg-MasterChem.jpg","datePublished":"2022-07-05T07:08:41+00:00","dateModified":"2022-07-05T07:12:22+00:00","description":"Zinkselenid (ZnSe) \u00e4r en blekgul fast f\u00f6rening som inneh\u00e5ller zink (Zn) och selen (Se).","breadcrumb":{"@id":"https:\/\/masterchem.fi\/sv\/produkt\/zinkselenit-cas-13597-46-1\/#breadcrumb"},"inLanguage":"sv-SE","potentialAction":[{"@type":"ReadAction","target":["https:\/\/masterchem.fi\/sv\/produkt\/zinkselenit-cas-13597-46-1\/"]}]},{"@type":"ImageObject","inLanguage":"sv-SE","@id":"https:\/\/masterchem.fi\/sv\/produkt\/zinkselenit-cas-13597-46-1\/#primaryimage","url":"https:\/\/masterchem.fi\/wp-content\/uploads\/2022\/07\/Tsink-seleniit-25kg-MasterChem.jpg","contentUrl":"https:\/\/masterchem.fi\/wp-content\/uploads\/2022\/07\/Tsink-seleniit-25kg-MasterChem.jpg","width":1000,"height":1000,"caption":"Zinkselenit (CAS 13597-46-1) 25kg MasterChem"},{"@type":"BreadcrumbList","@id":"https:\/\/masterchem.fi\/sv\/produkt\/zinkselenit-cas-13597-46-1\/#breadcrumb","itemListElement":[{"@type":"ListItem","position":1,"name":"Home","item":"https:\/\/masterchem.fi\/sv\/"},{"@type":"ListItem","position":2,"name":"Butik","item":"https:\/\/masterchem.fi\/sv\/butik\/"},{"@type":"ListItem","position":3,"name":"Zinkselenit (CAS 13597-46-1)"}]},{"@type":"WebSite","@id":"https:\/\/masterchem.fi\/sv\/#website","url":"https:\/\/masterchem.fi\/sv\/","name":"MasterChem | kemikaalien tuotanto ja myynti","description":"kemikaalien tuotanto ja myynti","potentialAction":[{"@type":"SearchAction","target":{"@type":"EntryPoint","urlTemplate":"https:\/\/masterchem.fi\/sv\/?s={search_term_string}"},"query-input":{"@type":"PropertyValueSpecification","valueRequired":true,"valueName":"search_term_string"}}],"inLanguage":"sv-SE"}]}},"_links":{"self":[{"href":"https:\/\/masterchem.fi\/sv\/wp-json\/wp\/v2\/product\/10402","targetHints":{"allow":["GET"]}}],"collection":[{"href":"https:\/\/masterchem.fi\/sv\/wp-json\/wp\/v2\/product"}],"about":[{"href":"https:\/\/masterchem.fi\/sv\/wp-json\/wp\/v2\/types\/product"}],"wp:featuredmedia":[{"embeddable":true,"href":"https:\/\/masterchem.fi\/sv\/wp-json\/wp\/v2\/media\/10405"}],"wp:attachment":[{"href":"https:\/\/masterchem.fi\/sv\/wp-json\/wp\/v2\/media?parent=10402"}],"wp:term":[{"taxonomy":"product_brand","embeddable":true,"href":"https:\/\/masterchem.fi\/sv\/wp-json\/wp\/v2\/product_brand?post=10402"},{"taxonomy":"product_cat","embeddable":true,"href":"https:\/\/masterchem.fi\/sv\/wp-json\/wp\/v2\/product_cat?post=10402"},{"taxonomy":"product_tag","embeddable":true,"href":"https:\/\/masterchem.fi\/sv\/wp-json\/wp\/v2\/product_tag?post=10402"}],"curies":[{"name":"wp","href":"https:\/\/api.w.org\/{rel}","templated":true}]}}