{"id":10409,"date":"2022-07-05T10:17:42","date_gmt":"2022-07-05T07:17:42","guid":{"rendered":"https:\/\/masterchem.fi\/?post_type=product&#038;p=10409"},"modified":"2022-07-05T10:21:26","modified_gmt":"2022-07-05T07:21:26","slug":"fluorvatesyra-cas-7664-39-3","status":"publish","type":"product","link":"https:\/\/masterchem.fi\/sv\/produkt\/fluorvatesyra-cas-7664-39-3\/","title":{"rendered":"Fluorv\u00e4tesyra (CAS 7664-39-3)"},"content":{"rendered":"<p> <strong> Information<\/strong> <\/p>\n<p>Bransch: glas och keramik<br \/>\nCAS: 7664-39-3<br \/>\nWE: 231-634-8<br \/>\nIndexnummer: 009-003-00-1<br \/>\nKemisk formel: HF<br \/>\nTulltaxekod: 28111100<br \/>\nADR: UN1790<\/p>\n<p><strong>Andra fysiska egenskaper<\/strong> <br \/>\npH: <1 <br \/>\nRelativ densitet: 1,26 g\/cm3 dla HF 70%<\/p>\n","protected":false},"excerpt":{"rendered":"<p><strong>Fluorv\u00e4tesyra (CAS 7664-39-3)<\/strong><\/p>\n<p>V\u00e4tefluorid eller v\u00e4tefluorid (HF) \u00e4r en molekyl\u00e4r f\u00f6rening som bildas av v\u00e4te och fluor. Till skillnad fr\u00e5n andra halogenider \u00e4r kokpunkten f\u00f6r fluorv\u00e4te mycket n\u00e4ra rumstemperatur. V\u00e4tefluorid \u00e4r en f\u00e4rgl\u00f6s gas \u00f6ver kokpunkten och en r\u00f6kig v\u00e4tska som l\u00e4tt bildar \u00e5ngor vid l\u00e4gre temperatur. Fluorv\u00e4te har en stark och irriterande lukt. \u00c4mnet \u00e4r en svag syra. V\u00e4tefluorid reagerar med vatten f\u00f6r att frig\u00f6ra giftiga och fr\u00e4tande \u00e5ngor. N\u00e4r \u00e4mnet l\u00f6ser sig i vattnet uppst\u00e5r v\u00e4rme som kan orsaka st\u00e4nkrisk. V\u00e4tefluorid korroderar glas, l\u00e4der och m\u00e5nga metaller. I \u00e4mnets reaktion med metaller kan brandfarlig v\u00e4tgas bildas. En vattenl\u00f6sning av v\u00e4tefluorid kallas fluorv\u00e4tesyra, som endast \u00e4r svagt sur, men starkt fr\u00e4tande. \u00c4mnet anv\u00e4nds flitigt inom den petrokemiska industrin, och det \u00e4r en viktig f\u00f6rening vid framst\u00e4llning av s\u00e5 kallade supersyror.<\/p>\n","protected":false},"featured_media":10412,"template":"","meta":[],"product_brand":[],"product_cat":[175,116],"product_tag":[],"class_list":{"0":"post-10409","1":"product","2":"type-product","3":"status-publish","4":"has-post-thumbnail","6":"product_cat-glas-och-keramik","7":"product_cat-alla-produkter","9":"first","10":"outofstock","11":"taxable","12":"shipping-taxable","13":"purchasable","14":"product-type-variable","15":"has-default-attributes","16":"rtwpvg-product"},"yoast_head":"<!-- This site is optimized with the Yoast SEO plugin v27.2 - https:\/\/yoast.com\/product\/yoast-seo-wordpress\/ -->\n<title>Fluorv\u00e4tesyra (CAS 7664-39-3) - MasterChem | kemikaalien tuotanto ja myynti<\/title>\n<meta name=\"description\" content=\"V\u00e4tefluorid eller v\u00e4tefluorid (HF) \u00e4r en molekyl\u00e4r f\u00f6rening som bildas av v\u00e4te och fluor. Till skillnad fr\u00e5n andra halogenider \u00e4r kokpunkten f\u00f6r fluorv\u00e4te mycket n\u00e4ra rumstemperatur.\" \/>\n<meta name=\"robots\" content=\"index, follow, max-snippet:-1, max-image-preview:large, max-video-preview:-1\" \/>\n<link rel=\"canonical\" href=\"https:\/\/masterchem.fi\/sv\/produkt\/fluorvatesyra-cas-7664-39-3\/\" \/>\n<meta property=\"og:locale\" content=\"sv_SE\" \/>\n<meta property=\"og:type\" content=\"article\" \/>\n<meta property=\"og:title\" content=\"Fluorv\u00e4tesyra (CAS 7664-39-3) - MasterChem | kemikaalien tuotanto ja myynti\" \/>\n<meta property=\"og:description\" content=\"V\u00e4tefluorid eller v\u00e4tefluorid (HF) \u00e4r en molekyl\u00e4r f\u00f6rening som bildas av v\u00e4te och fluor. Till skillnad fr\u00e5n andra halogenider \u00e4r kokpunkten f\u00f6r fluorv\u00e4te mycket n\u00e4ra rumstemperatur.\" \/>\n<meta property=\"og:url\" content=\"https:\/\/masterchem.fi\/sv\/produkt\/fluorvatesyra-cas-7664-39-3\/\" \/>\n<meta property=\"og:site_name\" content=\"MasterChem | kemikaalien tuotanto ja myynti\" \/>\n<meta property=\"article:modified_time\" content=\"2022-07-05T07:21:26+00:00\" \/>\n<meta property=\"og:image\" content=\"https:\/\/masterchem.fi\/wp-content\/uploads\/2022\/07\/Vesinikfluoriidhape-25kg-MasterChem.jpg\" \/>\n\t<meta property=\"og:image:width\" content=\"1000\" \/>\n\t<meta property=\"og:image:height\" content=\"1000\" \/>\n\t<meta property=\"og:image:type\" content=\"image\/jpeg\" \/>\n<meta name=\"twitter:card\" content=\"summary_large_image\" \/>\n<script type=\"application\/ld+json\" class=\"yoast-schema-graph\">{\"@context\":\"https:\/\/schema.org\",\"@graph\":[{\"@type\":\"WebPage\",\"@id\":\"https:\/\/masterchem.fi\/sv\/produkt\/fluorvatesyra-cas-7664-39-3\/\",\"url\":\"https:\/\/masterchem.fi\/sv\/produkt\/fluorvatesyra-cas-7664-39-3\/\",\"name\":\"Fluorv\u00e4tesyra (CAS 7664-39-3) - MasterChem | kemikaalien tuotanto ja myynti\",\"isPartOf\":{\"@id\":\"https:\/\/masterchem.fi\/sv\/#website\"},\"primaryImageOfPage\":{\"@id\":\"https:\/\/masterchem.fi\/sv\/produkt\/fluorvatesyra-cas-7664-39-3\/#primaryimage\"},\"image\":{\"@id\":\"https:\/\/masterchem.fi\/sv\/produkt\/fluorvatesyra-cas-7664-39-3\/#primaryimage\"},\"thumbnailUrl\":\"https:\/\/masterchem.fi\/wp-content\/uploads\/2022\/07\/Vesinikfluoriidhape-25kg-MasterChem.jpg\",\"datePublished\":\"2022-07-05T07:17:42+00:00\",\"dateModified\":\"2022-07-05T07:21:26+00:00\",\"description\":\"V\u00e4tefluorid eller v\u00e4tefluorid (HF) \u00e4r en molekyl\u00e4r f\u00f6rening som bildas av v\u00e4te och fluor. Till skillnad fr\u00e5n andra halogenider \u00e4r kokpunkten f\u00f6r fluorv\u00e4te mycket n\u00e4ra rumstemperatur.\",\"breadcrumb\":{\"@id\":\"https:\/\/masterchem.fi\/sv\/produkt\/fluorvatesyra-cas-7664-39-3\/#breadcrumb\"},\"inLanguage\":\"sv-SE\",\"potentialAction\":[{\"@type\":\"ReadAction\",\"target\":[\"https:\/\/masterchem.fi\/sv\/produkt\/fluorvatesyra-cas-7664-39-3\/\"]}]},{\"@type\":\"ImageObject\",\"inLanguage\":\"sv-SE\",\"@id\":\"https:\/\/masterchem.fi\/sv\/produkt\/fluorvatesyra-cas-7664-39-3\/#primaryimage\",\"url\":\"https:\/\/masterchem.fi\/wp-content\/uploads\/2022\/07\/Vesinikfluoriidhape-25kg-MasterChem.jpg\",\"contentUrl\":\"https:\/\/masterchem.fi\/wp-content\/uploads\/2022\/07\/Vesinikfluoriidhape-25kg-MasterChem.jpg\",\"width\":1000,\"height\":1000,\"caption\":\"Fluorv\u00e4tesyra (CAS 7664-39-3) 25kg MasterChem\"},{\"@type\":\"BreadcrumbList\",\"@id\":\"https:\/\/masterchem.fi\/sv\/produkt\/fluorvatesyra-cas-7664-39-3\/#breadcrumb\",\"itemListElement\":[{\"@type\":\"ListItem\",\"position\":1,\"name\":\"Home\",\"item\":\"https:\/\/masterchem.fi\/sv\/\"},{\"@type\":\"ListItem\",\"position\":2,\"name\":\"Butik\",\"item\":\"https:\/\/masterchem.fi\/sv\/butik\/\"},{\"@type\":\"ListItem\",\"position\":3,\"name\":\"Fluorv\u00e4tesyra (CAS 7664-39-3)\"}]},{\"@type\":\"WebSite\",\"@id\":\"https:\/\/masterchem.fi\/sv\/#website\",\"url\":\"https:\/\/masterchem.fi\/sv\/\",\"name\":\"MasterChem | kemikaalien tuotanto ja myynti\",\"description\":\"kemikaalien tuotanto ja myynti\",\"potentialAction\":[{\"@type\":\"SearchAction\",\"target\":{\"@type\":\"EntryPoint\",\"urlTemplate\":\"https:\/\/masterchem.fi\/sv\/?s={search_term_string}\"},\"query-input\":{\"@type\":\"PropertyValueSpecification\",\"valueRequired\":true,\"valueName\":\"search_term_string\"}}],\"inLanguage\":\"sv-SE\"}]}<\/script>\n<!-- \/ Yoast SEO plugin. -->","yoast_head_json":{"title":"Fluorv\u00e4tesyra (CAS 7664-39-3) - MasterChem | kemikaalien tuotanto ja myynti","description":"V\u00e4tefluorid eller v\u00e4tefluorid (HF) \u00e4r en molekyl\u00e4r f\u00f6rening som bildas av v\u00e4te och fluor. Till skillnad fr\u00e5n andra halogenider \u00e4r kokpunkten f\u00f6r fluorv\u00e4te mycket n\u00e4ra rumstemperatur.","robots":{"index":"index","follow":"follow","max-snippet":"max-snippet:-1","max-image-preview":"max-image-preview:large","max-video-preview":"max-video-preview:-1"},"canonical":"https:\/\/masterchem.fi\/sv\/produkt\/fluorvatesyra-cas-7664-39-3\/","og_locale":"sv_SE","og_type":"article","og_title":"Fluorv\u00e4tesyra (CAS 7664-39-3) - MasterChem | kemikaalien tuotanto ja myynti","og_description":"V\u00e4tefluorid eller v\u00e4tefluorid (HF) \u00e4r en molekyl\u00e4r f\u00f6rening som bildas av v\u00e4te och fluor. Till skillnad fr\u00e5n andra halogenider \u00e4r kokpunkten f\u00f6r fluorv\u00e4te mycket n\u00e4ra rumstemperatur.","og_url":"https:\/\/masterchem.fi\/sv\/produkt\/fluorvatesyra-cas-7664-39-3\/","og_site_name":"MasterChem | kemikaalien tuotanto ja myynti","article_modified_time":"2022-07-05T07:21:26+00:00","og_image":[{"width":1000,"height":1000,"url":"https:\/\/masterchem.fi\/wp-content\/uploads\/2022\/07\/Vesinikfluoriidhape-25kg-MasterChem.jpg","type":"image\/jpeg"}],"twitter_card":"summary_large_image","schema":{"@context":"https:\/\/schema.org","@graph":[{"@type":"WebPage","@id":"https:\/\/masterchem.fi\/sv\/produkt\/fluorvatesyra-cas-7664-39-3\/","url":"https:\/\/masterchem.fi\/sv\/produkt\/fluorvatesyra-cas-7664-39-3\/","name":"Fluorv\u00e4tesyra (CAS 7664-39-3) - MasterChem | kemikaalien tuotanto ja myynti","isPartOf":{"@id":"https:\/\/masterchem.fi\/sv\/#website"},"primaryImageOfPage":{"@id":"https:\/\/masterchem.fi\/sv\/produkt\/fluorvatesyra-cas-7664-39-3\/#primaryimage"},"image":{"@id":"https:\/\/masterchem.fi\/sv\/produkt\/fluorvatesyra-cas-7664-39-3\/#primaryimage"},"thumbnailUrl":"https:\/\/masterchem.fi\/wp-content\/uploads\/2022\/07\/Vesinikfluoriidhape-25kg-MasterChem.jpg","datePublished":"2022-07-05T07:17:42+00:00","dateModified":"2022-07-05T07:21:26+00:00","description":"V\u00e4tefluorid eller v\u00e4tefluorid (HF) \u00e4r en molekyl\u00e4r f\u00f6rening som bildas av v\u00e4te och fluor. Till skillnad fr\u00e5n andra halogenider \u00e4r kokpunkten f\u00f6r fluorv\u00e4te mycket n\u00e4ra rumstemperatur.","breadcrumb":{"@id":"https:\/\/masterchem.fi\/sv\/produkt\/fluorvatesyra-cas-7664-39-3\/#breadcrumb"},"inLanguage":"sv-SE","potentialAction":[{"@type":"ReadAction","target":["https:\/\/masterchem.fi\/sv\/produkt\/fluorvatesyra-cas-7664-39-3\/"]}]},{"@type":"ImageObject","inLanguage":"sv-SE","@id":"https:\/\/masterchem.fi\/sv\/produkt\/fluorvatesyra-cas-7664-39-3\/#primaryimage","url":"https:\/\/masterchem.fi\/wp-content\/uploads\/2022\/07\/Vesinikfluoriidhape-25kg-MasterChem.jpg","contentUrl":"https:\/\/masterchem.fi\/wp-content\/uploads\/2022\/07\/Vesinikfluoriidhape-25kg-MasterChem.jpg","width":1000,"height":1000,"caption":"Fluorv\u00e4tesyra (CAS 7664-39-3) 25kg MasterChem"},{"@type":"BreadcrumbList","@id":"https:\/\/masterchem.fi\/sv\/produkt\/fluorvatesyra-cas-7664-39-3\/#breadcrumb","itemListElement":[{"@type":"ListItem","position":1,"name":"Home","item":"https:\/\/masterchem.fi\/sv\/"},{"@type":"ListItem","position":2,"name":"Butik","item":"https:\/\/masterchem.fi\/sv\/butik\/"},{"@type":"ListItem","position":3,"name":"Fluorv\u00e4tesyra (CAS 7664-39-3)"}]},{"@type":"WebSite","@id":"https:\/\/masterchem.fi\/sv\/#website","url":"https:\/\/masterchem.fi\/sv\/","name":"MasterChem | kemikaalien tuotanto ja myynti","description":"kemikaalien tuotanto ja myynti","potentialAction":[{"@type":"SearchAction","target":{"@type":"EntryPoint","urlTemplate":"https:\/\/masterchem.fi\/sv\/?s={search_term_string}"},"query-input":{"@type":"PropertyValueSpecification","valueRequired":true,"valueName":"search_term_string"}}],"inLanguage":"sv-SE"}]}},"_links":{"self":[{"href":"https:\/\/masterchem.fi\/sv\/wp-json\/wp\/v2\/product\/10409","targetHints":{"allow":["GET"]}}],"collection":[{"href":"https:\/\/masterchem.fi\/sv\/wp-json\/wp\/v2\/product"}],"about":[{"href":"https:\/\/masterchem.fi\/sv\/wp-json\/wp\/v2\/types\/product"}],"wp:featuredmedia":[{"embeddable":true,"href":"https:\/\/masterchem.fi\/sv\/wp-json\/wp\/v2\/media\/10412"}],"wp:attachment":[{"href":"https:\/\/masterchem.fi\/sv\/wp-json\/wp\/v2\/media?parent=10409"}],"wp:term":[{"taxonomy":"product_brand","embeddable":true,"href":"https:\/\/masterchem.fi\/sv\/wp-json\/wp\/v2\/product_brand?post=10409"},{"taxonomy":"product_cat","embeddable":true,"href":"https:\/\/masterchem.fi\/sv\/wp-json\/wp\/v2\/product_cat?post=10409"},{"taxonomy":"product_tag","embeddable":true,"href":"https:\/\/masterchem.fi\/sv\/wp-json\/wp\/v2\/product_tag?post=10409"}],"curies":[{"name":"wp","href":"https:\/\/api.w.org\/{rel}","templated":true}]}}