{"id":10416,"date":"2022-07-05T10:23:58","date_gmt":"2022-07-05T07:23:59","guid":{"rendered":"https:\/\/masterchem.fi\/?post_type=product&#038;p=10416"},"modified":"2022-07-05T10:27:45","modified_gmt":"2022-07-05T07:27:45","slug":"zirkoniumsilikat-cas-10101-52-7","status":"publish","type":"product","link":"https:\/\/masterchem.fi\/sv\/produkt\/zirkoniumsilikat-cas-10101-52-7\/","title":{"rendered":"Zirkoniumsilikat (CAS 10101-52-7)"},"content":{"rendered":"<p> <strong> Information<\/strong> <\/p>\n<p>Bransch: glas och keramik<br \/>\nCAS: 10101-52-7<br \/>\nWE: 239-019-6<br \/>\nKemisk formel: ZrSiO4<br \/>\nTulltaxekod: 28399000<\/p>\n","protected":false},"excerpt":{"rendered":"<p><strong>Zirkoniumsilikat (CAS 10101-52-7)<\/strong><\/p>\n<p>Zirkoniumsilikat, \u00e4ven zirkoniumortosilikat, ZrSiO4, \u00e4r en kemisk f\u00f6rening, zirkoniumsilikat. Det f\u00f6rekommer i naturen som zirkon, ett silikatmineral. Pulveriserat zirkoniumsilikat \u00e4r ocks\u00e5 k\u00e4nt som zirkoniummj\u00f6l.<\/p>\n<p>Zirkoniumsilikat \u00e4r vanligtvis f\u00e4rgl\u00f6st, men f\u00f6roreningar orsakar olika f\u00e4rger. Det \u00e4r ol\u00f6sligt i vatten, syror, baser och aqua regia. H\u00e5rdheten \u00e4r 7,5 p\u00e5 Mohs-skalan.<\/p>\n","protected":false},"featured_media":10419,"template":"","meta":[],"product_brand":[],"product_cat":[116,175],"product_tag":[],"class_list":{"0":"post-10416","1":"product","2":"type-product","3":"status-publish","4":"has-post-thumbnail","6":"product_cat-alla-produkter","7":"product_cat-glas-och-keramik","9":"first","10":"outofstock","11":"taxable","12":"shipping-taxable","13":"purchasable","14":"product-type-variable","15":"has-default-attributes","16":"rtwpvg-product"},"yoast_head":"<!-- This site is optimized with the Yoast SEO plugin v27.2 - https:\/\/yoast.com\/product\/yoast-seo-wordpress\/ -->\n<title>Zirkoniumsilikat (CAS 10101-52-7) - MasterChem | kemikaalien tuotanto ja myynti<\/title>\n<meta name=\"description\" content=\"Zirkoniumsilikat, \u00e4ven zirkoniumortosilikat, ZrSiO4, \u00e4r en kemisk f\u00f6rening, zirkoniumsilikat.\" \/>\n<meta name=\"robots\" content=\"index, follow, max-snippet:-1, max-image-preview:large, max-video-preview:-1\" \/>\n<link rel=\"canonical\" href=\"https:\/\/masterchem.fi\/sv\/produkt\/zirkoniumsilikat-cas-10101-52-7\/\" \/>\n<meta property=\"og:locale\" content=\"sv_SE\" \/>\n<meta property=\"og:type\" content=\"article\" \/>\n<meta property=\"og:title\" content=\"Zirkoniumsilikat (CAS 10101-52-7) - MasterChem | kemikaalien tuotanto ja myynti\" \/>\n<meta property=\"og:description\" content=\"Zirkoniumsilikat, \u00e4ven zirkoniumortosilikat, ZrSiO4, \u00e4r en kemisk f\u00f6rening, zirkoniumsilikat.\" \/>\n<meta property=\"og:url\" content=\"https:\/\/masterchem.fi\/sv\/produkt\/zirkoniumsilikat-cas-10101-52-7\/\" \/>\n<meta property=\"og:site_name\" content=\"MasterChem | kemikaalien tuotanto ja myynti\" \/>\n<meta property=\"article:modified_time\" content=\"2022-07-05T07:27:45+00:00\" \/>\n<meta property=\"og:image\" content=\"https:\/\/masterchem.fi\/wp-content\/uploads\/2022\/07\/Tsirkooniumi-silikaat-25kg-MasterChem.jpg\" \/>\n\t<meta property=\"og:image:width\" content=\"1000\" \/>\n\t<meta property=\"og:image:height\" content=\"1000\" \/>\n\t<meta property=\"og:image:type\" content=\"image\/jpeg\" \/>\n<meta name=\"twitter:card\" content=\"summary_large_image\" \/>\n<script type=\"application\/ld+json\" class=\"yoast-schema-graph\">{\"@context\":\"https:\/\/schema.org\",\"@graph\":[{\"@type\":\"WebPage\",\"@id\":\"https:\/\/masterchem.fi\/sv\/produkt\/zirkoniumsilikat-cas-10101-52-7\/\",\"url\":\"https:\/\/masterchem.fi\/sv\/produkt\/zirkoniumsilikat-cas-10101-52-7\/\",\"name\":\"Zirkoniumsilikat (CAS 10101-52-7) - MasterChem | kemikaalien tuotanto ja myynti\",\"isPartOf\":{\"@id\":\"https:\/\/masterchem.fi\/sv\/#website\"},\"primaryImageOfPage\":{\"@id\":\"https:\/\/masterchem.fi\/sv\/produkt\/zirkoniumsilikat-cas-10101-52-7\/#primaryimage\"},\"image\":{\"@id\":\"https:\/\/masterchem.fi\/sv\/produkt\/zirkoniumsilikat-cas-10101-52-7\/#primaryimage\"},\"thumbnailUrl\":\"https:\/\/masterchem.fi\/wp-content\/uploads\/2022\/07\/Tsirkooniumi-silikaat-25kg-MasterChem.jpg\",\"datePublished\":\"2022-07-05T07:23:59+00:00\",\"dateModified\":\"2022-07-05T07:27:45+00:00\",\"description\":\"Zirkoniumsilikat, \u00e4ven zirkoniumortosilikat, ZrSiO4, \u00e4r en kemisk f\u00f6rening, zirkoniumsilikat.\",\"breadcrumb\":{\"@id\":\"https:\/\/masterchem.fi\/sv\/produkt\/zirkoniumsilikat-cas-10101-52-7\/#breadcrumb\"},\"inLanguage\":\"sv-SE\",\"potentialAction\":[{\"@type\":\"ReadAction\",\"target\":[\"https:\/\/masterchem.fi\/sv\/produkt\/zirkoniumsilikat-cas-10101-52-7\/\"]}]},{\"@type\":\"ImageObject\",\"inLanguage\":\"sv-SE\",\"@id\":\"https:\/\/masterchem.fi\/sv\/produkt\/zirkoniumsilikat-cas-10101-52-7\/#primaryimage\",\"url\":\"https:\/\/masterchem.fi\/wp-content\/uploads\/2022\/07\/Tsirkooniumi-silikaat-25kg-MasterChem.jpg\",\"contentUrl\":\"https:\/\/masterchem.fi\/wp-content\/uploads\/2022\/07\/Tsirkooniumi-silikaat-25kg-MasterChem.jpg\",\"width\":1000,\"height\":1000,\"caption\":\"Zirkoniumsilikat (CAS 10101-52-7) 25kg MasterChem\"},{\"@type\":\"BreadcrumbList\",\"@id\":\"https:\/\/masterchem.fi\/sv\/produkt\/zirkoniumsilikat-cas-10101-52-7\/#breadcrumb\",\"itemListElement\":[{\"@type\":\"ListItem\",\"position\":1,\"name\":\"Home\",\"item\":\"https:\/\/masterchem.fi\/sv\/\"},{\"@type\":\"ListItem\",\"position\":2,\"name\":\"Butik\",\"item\":\"https:\/\/masterchem.fi\/sv\/butik\/\"},{\"@type\":\"ListItem\",\"position\":3,\"name\":\"Zirkoniumsilikat (CAS 10101-52-7)\"}]},{\"@type\":\"WebSite\",\"@id\":\"https:\/\/masterchem.fi\/sv\/#website\",\"url\":\"https:\/\/masterchem.fi\/sv\/\",\"name\":\"MasterChem | kemikaalien tuotanto ja myynti\",\"description\":\"kemikaalien tuotanto ja myynti\",\"potentialAction\":[{\"@type\":\"SearchAction\",\"target\":{\"@type\":\"EntryPoint\",\"urlTemplate\":\"https:\/\/masterchem.fi\/sv\/?s={search_term_string}\"},\"query-input\":{\"@type\":\"PropertyValueSpecification\",\"valueRequired\":true,\"valueName\":\"search_term_string\"}}],\"inLanguage\":\"sv-SE\"}]}<\/script>\n<!-- \/ Yoast SEO plugin. -->","yoast_head_json":{"title":"Zirkoniumsilikat (CAS 10101-52-7) - MasterChem | kemikaalien tuotanto ja myynti","description":"Zirkoniumsilikat, \u00e4ven zirkoniumortosilikat, ZrSiO4, \u00e4r en kemisk f\u00f6rening, zirkoniumsilikat.","robots":{"index":"index","follow":"follow","max-snippet":"max-snippet:-1","max-image-preview":"max-image-preview:large","max-video-preview":"max-video-preview:-1"},"canonical":"https:\/\/masterchem.fi\/sv\/produkt\/zirkoniumsilikat-cas-10101-52-7\/","og_locale":"sv_SE","og_type":"article","og_title":"Zirkoniumsilikat (CAS 10101-52-7) - MasterChem | kemikaalien tuotanto ja myynti","og_description":"Zirkoniumsilikat, \u00e4ven zirkoniumortosilikat, ZrSiO4, \u00e4r en kemisk f\u00f6rening, zirkoniumsilikat.","og_url":"https:\/\/masterchem.fi\/sv\/produkt\/zirkoniumsilikat-cas-10101-52-7\/","og_site_name":"MasterChem | kemikaalien tuotanto ja myynti","article_modified_time":"2022-07-05T07:27:45+00:00","og_image":[{"width":1000,"height":1000,"url":"https:\/\/masterchem.fi\/wp-content\/uploads\/2022\/07\/Tsirkooniumi-silikaat-25kg-MasterChem.jpg","type":"image\/jpeg"}],"twitter_card":"summary_large_image","schema":{"@context":"https:\/\/schema.org","@graph":[{"@type":"WebPage","@id":"https:\/\/masterchem.fi\/sv\/produkt\/zirkoniumsilikat-cas-10101-52-7\/","url":"https:\/\/masterchem.fi\/sv\/produkt\/zirkoniumsilikat-cas-10101-52-7\/","name":"Zirkoniumsilikat (CAS 10101-52-7) - MasterChem | kemikaalien tuotanto ja myynti","isPartOf":{"@id":"https:\/\/masterchem.fi\/sv\/#website"},"primaryImageOfPage":{"@id":"https:\/\/masterchem.fi\/sv\/produkt\/zirkoniumsilikat-cas-10101-52-7\/#primaryimage"},"image":{"@id":"https:\/\/masterchem.fi\/sv\/produkt\/zirkoniumsilikat-cas-10101-52-7\/#primaryimage"},"thumbnailUrl":"https:\/\/masterchem.fi\/wp-content\/uploads\/2022\/07\/Tsirkooniumi-silikaat-25kg-MasterChem.jpg","datePublished":"2022-07-05T07:23:59+00:00","dateModified":"2022-07-05T07:27:45+00:00","description":"Zirkoniumsilikat, \u00e4ven zirkoniumortosilikat, ZrSiO4, \u00e4r en kemisk f\u00f6rening, zirkoniumsilikat.","breadcrumb":{"@id":"https:\/\/masterchem.fi\/sv\/produkt\/zirkoniumsilikat-cas-10101-52-7\/#breadcrumb"},"inLanguage":"sv-SE","potentialAction":[{"@type":"ReadAction","target":["https:\/\/masterchem.fi\/sv\/produkt\/zirkoniumsilikat-cas-10101-52-7\/"]}]},{"@type":"ImageObject","inLanguage":"sv-SE","@id":"https:\/\/masterchem.fi\/sv\/produkt\/zirkoniumsilikat-cas-10101-52-7\/#primaryimage","url":"https:\/\/masterchem.fi\/wp-content\/uploads\/2022\/07\/Tsirkooniumi-silikaat-25kg-MasterChem.jpg","contentUrl":"https:\/\/masterchem.fi\/wp-content\/uploads\/2022\/07\/Tsirkooniumi-silikaat-25kg-MasterChem.jpg","width":1000,"height":1000,"caption":"Zirkoniumsilikat (CAS 10101-52-7) 25kg MasterChem"},{"@type":"BreadcrumbList","@id":"https:\/\/masterchem.fi\/sv\/produkt\/zirkoniumsilikat-cas-10101-52-7\/#breadcrumb","itemListElement":[{"@type":"ListItem","position":1,"name":"Home","item":"https:\/\/masterchem.fi\/sv\/"},{"@type":"ListItem","position":2,"name":"Butik","item":"https:\/\/masterchem.fi\/sv\/butik\/"},{"@type":"ListItem","position":3,"name":"Zirkoniumsilikat (CAS 10101-52-7)"}]},{"@type":"WebSite","@id":"https:\/\/masterchem.fi\/sv\/#website","url":"https:\/\/masterchem.fi\/sv\/","name":"MasterChem | kemikaalien tuotanto ja myynti","description":"kemikaalien tuotanto ja myynti","potentialAction":[{"@type":"SearchAction","target":{"@type":"EntryPoint","urlTemplate":"https:\/\/masterchem.fi\/sv\/?s={search_term_string}"},"query-input":{"@type":"PropertyValueSpecification","valueRequired":true,"valueName":"search_term_string"}}],"inLanguage":"sv-SE"}]}},"_links":{"self":[{"href":"https:\/\/masterchem.fi\/sv\/wp-json\/wp\/v2\/product\/10416","targetHints":{"allow":["GET"]}}],"collection":[{"href":"https:\/\/masterchem.fi\/sv\/wp-json\/wp\/v2\/product"}],"about":[{"href":"https:\/\/masterchem.fi\/sv\/wp-json\/wp\/v2\/types\/product"}],"wp:featuredmedia":[{"embeddable":true,"href":"https:\/\/masterchem.fi\/sv\/wp-json\/wp\/v2\/media\/10419"}],"wp:attachment":[{"href":"https:\/\/masterchem.fi\/sv\/wp-json\/wp\/v2\/media?parent=10416"}],"wp:term":[{"taxonomy":"product_brand","embeddable":true,"href":"https:\/\/masterchem.fi\/sv\/wp-json\/wp\/v2\/product_brand?post=10416"},{"taxonomy":"product_cat","embeddable":true,"href":"https:\/\/masterchem.fi\/sv\/wp-json\/wp\/v2\/product_cat?post=10416"},{"taxonomy":"product_tag","embeddable":true,"href":"https:\/\/masterchem.fi\/sv\/wp-json\/wp\/v2\/product_tag?post=10416"}],"curies":[{"name":"wp","href":"https:\/\/api.w.org\/{rel}","templated":true}]}}