{"id":10424,"date":"2022-07-05T10:28:30","date_gmt":"2022-07-05T07:28:31","guid":{"rendered":"https:\/\/masterchem.fi\/?post_type=product&#038;p=10424"},"modified":"2022-07-05T10:31:30","modified_gmt":"2022-07-05T07:31:30","slug":"kryolit-cas-13775-53-6","status":"publish","type":"product","link":"https:\/\/masterchem.fi\/sv\/produkt\/kryolit-cas-13775-53-6\/","title":{"rendered":"Kryolit (CAS 13775-53-6)"},"content":{"rendered":"<p> <strong> Information<\/strong> <\/p>\n<p>Bransch: glas och keramik<br \/>\nCAS: 10101-52-7<br \/>\nWE: 239-019-6<br \/>\nKemisk formel: ZrSiO4<br \/>\nTulltaxekod: 28399000<\/p>\n","protected":false},"excerpt":{"rendered":"<p><strong>Kryolit (CAS 13775-53-6)<\/strong><\/p>\n<p>Natriumhexafluoroaluminat \u00e4r ett biokemiskt \u00e4mne f\u00f6r proteomikforskning. Aluminiumsm\u00e4ltverk anv\u00e4nder det som sm\u00e4lt- eller badmaterial i aluminiumproduktion. Det anv\u00e4nds ocks\u00e5 vid tillverkning av syntetiska hartser f\u00f6r slipmedel och vid tillverkning av sk\u00e4r- eller slipskivor. Mindre anv\u00e4ndningsomr\u00e5den \u00e4r som f\u00e4rg\u00e4mne (opacifierare) i glas-, keramik- och pyroteknisk industri. Det f\u00f6rekommer i naturen som mineralet kryolit, som anv\u00e4nds flitigt i industriell produktion av aluminium.<\/p>\n<p>F\u00f6rvara p\u00e5 en sval plats. F\u00f6rvaras v\u00e4l tillsluten p\u00e5 en torr och v\u00e4lventilerad plats. F\u00f6rvara i rumstemperatur.<\/p>\n","protected":false},"featured_media":10427,"template":"","meta":[],"product_brand":[],"product_cat":[116,175],"product_tag":[],"class_list":{"0":"post-10424","1":"product","2":"type-product","3":"status-publish","4":"has-post-thumbnail","6":"product_cat-alla-produkter","7":"product_cat-glas-och-keramik","9":"first","10":"outofstock","11":"taxable","12":"shipping-taxable","13":"purchasable","14":"product-type-variable","15":"has-default-attributes","16":"rtwpvg-product"},"yoast_head":"<!-- This site is optimized with the Yoast SEO plugin v27.2 - https:\/\/yoast.com\/product\/yoast-seo-wordpress\/ -->\n<title>Kryolit (CAS 13775-53-6) - MasterChem | kemikaalien tuotanto ja myynti<\/title>\n<meta name=\"description\" content=\"Zirkoniumsilikat, \u00e4ven zirkoniumortosilikat, ZrSiO4, \u00e4r en kemisk f\u00f6rening, zirkoniumsilikat.\" \/>\n<meta name=\"robots\" content=\"index, follow, max-snippet:-1, max-image-preview:large, max-video-preview:-1\" \/>\n<link rel=\"canonical\" href=\"https:\/\/masterchem.fi\/sv\/produkt\/kryolit-cas-13775-53-6\/\" \/>\n<meta property=\"og:locale\" content=\"sv_SE\" \/>\n<meta property=\"og:type\" content=\"article\" \/>\n<meta property=\"og:title\" content=\"Kryolit (CAS 13775-53-6) - MasterChem | kemikaalien tuotanto ja myynti\" \/>\n<meta property=\"og:description\" content=\"Zirkoniumsilikat, \u00e4ven zirkoniumortosilikat, ZrSiO4, \u00e4r en kemisk f\u00f6rening, zirkoniumsilikat.\" \/>\n<meta property=\"og:url\" content=\"https:\/\/masterchem.fi\/sv\/produkt\/kryolit-cas-13775-53-6\/\" \/>\n<meta property=\"og:site_name\" content=\"MasterChem | kemikaalien tuotanto ja myynti\" \/>\n<meta property=\"article:modified_time\" content=\"2022-07-05T07:31:30+00:00\" \/>\n<meta property=\"og:image\" content=\"https:\/\/masterchem.fi\/wp-content\/uploads\/2022\/07\/Kruoliit-25kg-MasterChem.jpg\" \/>\n\t<meta property=\"og:image:width\" content=\"1000\" \/>\n\t<meta property=\"og:image:height\" content=\"1000\" \/>\n\t<meta property=\"og:image:type\" content=\"image\/jpeg\" \/>\n<meta name=\"twitter:card\" content=\"summary_large_image\" \/>\n<script type=\"application\/ld+json\" class=\"yoast-schema-graph\">{\"@context\":\"https:\/\/schema.org\",\"@graph\":[{\"@type\":\"WebPage\",\"@id\":\"https:\/\/masterchem.fi\/sv\/produkt\/kryolit-cas-13775-53-6\/\",\"url\":\"https:\/\/masterchem.fi\/sv\/produkt\/kryolit-cas-13775-53-6\/\",\"name\":\"Kryolit (CAS 13775-53-6) - MasterChem | kemikaalien tuotanto ja myynti\",\"isPartOf\":{\"@id\":\"https:\/\/masterchem.fi\/sv\/#website\"},\"primaryImageOfPage\":{\"@id\":\"https:\/\/masterchem.fi\/sv\/produkt\/kryolit-cas-13775-53-6\/#primaryimage\"},\"image\":{\"@id\":\"https:\/\/masterchem.fi\/sv\/produkt\/kryolit-cas-13775-53-6\/#primaryimage\"},\"thumbnailUrl\":\"https:\/\/masterchem.fi\/wp-content\/uploads\/2022\/07\/Kruoliit-25kg-MasterChem.jpg\",\"datePublished\":\"2022-07-05T07:28:31+00:00\",\"dateModified\":\"2022-07-05T07:31:30+00:00\",\"description\":\"Zirkoniumsilikat, \u00e4ven zirkoniumortosilikat, ZrSiO4, \u00e4r en kemisk f\u00f6rening, zirkoniumsilikat.\",\"breadcrumb\":{\"@id\":\"https:\/\/masterchem.fi\/sv\/produkt\/kryolit-cas-13775-53-6\/#breadcrumb\"},\"inLanguage\":\"sv-SE\",\"potentialAction\":[{\"@type\":\"ReadAction\",\"target\":[\"https:\/\/masterchem.fi\/sv\/produkt\/kryolit-cas-13775-53-6\/\"]}]},{\"@type\":\"ImageObject\",\"inLanguage\":\"sv-SE\",\"@id\":\"https:\/\/masterchem.fi\/sv\/produkt\/kryolit-cas-13775-53-6\/#primaryimage\",\"url\":\"https:\/\/masterchem.fi\/wp-content\/uploads\/2022\/07\/Kruoliit-25kg-MasterChem.jpg\",\"contentUrl\":\"https:\/\/masterchem.fi\/wp-content\/uploads\/2022\/07\/Kruoliit-25kg-MasterChem.jpg\",\"width\":1000,\"height\":1000,\"caption\":\"Kryolit (CAS 13775-53-6) 25kg MasterChem\"},{\"@type\":\"BreadcrumbList\",\"@id\":\"https:\/\/masterchem.fi\/sv\/produkt\/kryolit-cas-13775-53-6\/#breadcrumb\",\"itemListElement\":[{\"@type\":\"ListItem\",\"position\":1,\"name\":\"Home\",\"item\":\"https:\/\/masterchem.fi\/sv\/\"},{\"@type\":\"ListItem\",\"position\":2,\"name\":\"Butik\",\"item\":\"https:\/\/masterchem.fi\/sv\/butik\/\"},{\"@type\":\"ListItem\",\"position\":3,\"name\":\"Kryolit (CAS 13775-53-6)\"}]},{\"@type\":\"WebSite\",\"@id\":\"https:\/\/masterchem.fi\/sv\/#website\",\"url\":\"https:\/\/masterchem.fi\/sv\/\",\"name\":\"MasterChem | kemikaalien tuotanto ja myynti\",\"description\":\"kemikaalien tuotanto ja myynti\",\"potentialAction\":[{\"@type\":\"SearchAction\",\"target\":{\"@type\":\"EntryPoint\",\"urlTemplate\":\"https:\/\/masterchem.fi\/sv\/?s={search_term_string}\"},\"query-input\":{\"@type\":\"PropertyValueSpecification\",\"valueRequired\":true,\"valueName\":\"search_term_string\"}}],\"inLanguage\":\"sv-SE\"}]}<\/script>\n<!-- \/ Yoast SEO plugin. -->","yoast_head_json":{"title":"Kryolit (CAS 13775-53-6) - MasterChem | kemikaalien tuotanto ja myynti","description":"Zirkoniumsilikat, \u00e4ven zirkoniumortosilikat, ZrSiO4, \u00e4r en kemisk f\u00f6rening, zirkoniumsilikat.","robots":{"index":"index","follow":"follow","max-snippet":"max-snippet:-1","max-image-preview":"max-image-preview:large","max-video-preview":"max-video-preview:-1"},"canonical":"https:\/\/masterchem.fi\/sv\/produkt\/kryolit-cas-13775-53-6\/","og_locale":"sv_SE","og_type":"article","og_title":"Kryolit (CAS 13775-53-6) - MasterChem | kemikaalien tuotanto ja myynti","og_description":"Zirkoniumsilikat, \u00e4ven zirkoniumortosilikat, ZrSiO4, \u00e4r en kemisk f\u00f6rening, zirkoniumsilikat.","og_url":"https:\/\/masterchem.fi\/sv\/produkt\/kryolit-cas-13775-53-6\/","og_site_name":"MasterChem | kemikaalien tuotanto ja myynti","article_modified_time":"2022-07-05T07:31:30+00:00","og_image":[{"width":1000,"height":1000,"url":"https:\/\/masterchem.fi\/wp-content\/uploads\/2022\/07\/Kruoliit-25kg-MasterChem.jpg","type":"image\/jpeg"}],"twitter_card":"summary_large_image","schema":{"@context":"https:\/\/schema.org","@graph":[{"@type":"WebPage","@id":"https:\/\/masterchem.fi\/sv\/produkt\/kryolit-cas-13775-53-6\/","url":"https:\/\/masterchem.fi\/sv\/produkt\/kryolit-cas-13775-53-6\/","name":"Kryolit (CAS 13775-53-6) - MasterChem | kemikaalien tuotanto ja myynti","isPartOf":{"@id":"https:\/\/masterchem.fi\/sv\/#website"},"primaryImageOfPage":{"@id":"https:\/\/masterchem.fi\/sv\/produkt\/kryolit-cas-13775-53-6\/#primaryimage"},"image":{"@id":"https:\/\/masterchem.fi\/sv\/produkt\/kryolit-cas-13775-53-6\/#primaryimage"},"thumbnailUrl":"https:\/\/masterchem.fi\/wp-content\/uploads\/2022\/07\/Kruoliit-25kg-MasterChem.jpg","datePublished":"2022-07-05T07:28:31+00:00","dateModified":"2022-07-05T07:31:30+00:00","description":"Zirkoniumsilikat, \u00e4ven zirkoniumortosilikat, ZrSiO4, \u00e4r en kemisk f\u00f6rening, zirkoniumsilikat.","breadcrumb":{"@id":"https:\/\/masterchem.fi\/sv\/produkt\/kryolit-cas-13775-53-6\/#breadcrumb"},"inLanguage":"sv-SE","potentialAction":[{"@type":"ReadAction","target":["https:\/\/masterchem.fi\/sv\/produkt\/kryolit-cas-13775-53-6\/"]}]},{"@type":"ImageObject","inLanguage":"sv-SE","@id":"https:\/\/masterchem.fi\/sv\/produkt\/kryolit-cas-13775-53-6\/#primaryimage","url":"https:\/\/masterchem.fi\/wp-content\/uploads\/2022\/07\/Kruoliit-25kg-MasterChem.jpg","contentUrl":"https:\/\/masterchem.fi\/wp-content\/uploads\/2022\/07\/Kruoliit-25kg-MasterChem.jpg","width":1000,"height":1000,"caption":"Kryolit (CAS 13775-53-6) 25kg MasterChem"},{"@type":"BreadcrumbList","@id":"https:\/\/masterchem.fi\/sv\/produkt\/kryolit-cas-13775-53-6\/#breadcrumb","itemListElement":[{"@type":"ListItem","position":1,"name":"Home","item":"https:\/\/masterchem.fi\/sv\/"},{"@type":"ListItem","position":2,"name":"Butik","item":"https:\/\/masterchem.fi\/sv\/butik\/"},{"@type":"ListItem","position":3,"name":"Kryolit (CAS 13775-53-6)"}]},{"@type":"WebSite","@id":"https:\/\/masterchem.fi\/sv\/#website","url":"https:\/\/masterchem.fi\/sv\/","name":"MasterChem | kemikaalien tuotanto ja myynti","description":"kemikaalien tuotanto ja myynti","potentialAction":[{"@type":"SearchAction","target":{"@type":"EntryPoint","urlTemplate":"https:\/\/masterchem.fi\/sv\/?s={search_term_string}"},"query-input":{"@type":"PropertyValueSpecification","valueRequired":true,"valueName":"search_term_string"}}],"inLanguage":"sv-SE"}]}},"_links":{"self":[{"href":"https:\/\/masterchem.fi\/sv\/wp-json\/wp\/v2\/product\/10424","targetHints":{"allow":["GET"]}}],"collection":[{"href":"https:\/\/masterchem.fi\/sv\/wp-json\/wp\/v2\/product"}],"about":[{"href":"https:\/\/masterchem.fi\/sv\/wp-json\/wp\/v2\/types\/product"}],"wp:featuredmedia":[{"embeddable":true,"href":"https:\/\/masterchem.fi\/sv\/wp-json\/wp\/v2\/media\/10427"}],"wp:attachment":[{"href":"https:\/\/masterchem.fi\/sv\/wp-json\/wp\/v2\/media?parent=10424"}],"wp:term":[{"taxonomy":"product_brand","embeddable":true,"href":"https:\/\/masterchem.fi\/sv\/wp-json\/wp\/v2\/product_brand?post=10424"},{"taxonomy":"product_cat","embeddable":true,"href":"https:\/\/masterchem.fi\/sv\/wp-json\/wp\/v2\/product_cat?post=10424"},{"taxonomy":"product_tag","embeddable":true,"href":"https:\/\/masterchem.fi\/sv\/wp-json\/wp\/v2\/product_tag?post=10424"}],"curies":[{"name":"wp","href":"https:\/\/api.w.org\/{rel}","templated":true}]}}