{"id":10432,"date":"2022-07-05T10:33:41","date_gmt":"2022-07-05T07:33:42","guid":{"rendered":"https:\/\/masterchem.fi\/?post_type=product&#038;p=10432"},"modified":"2022-07-05T10:37:51","modified_gmt":"2022-07-05T07:37:51","slug":"fluorit-cas-7789-75-5","status":"publish","type":"product","link":"https:\/\/masterchem.fi\/sv\/produkt\/fluorit-cas-7789-75-5\/","title":{"rendered":"Fluorit (CAS 7789-75-5)"},"content":{"rendered":"<p> <strong> Information<\/strong> <\/p>\n<p>Bransch: glas och keramik<br \/>\nCAS-nummer: 7789-75-5<br \/>\nWE-nummer: 232-188-7<br \/>\nKemisk formel: CaF2<\/p>\n<p><strong>Andra fysiska egenskaper<\/strong><br \/>\nSm\u00e4lt-\/fryspunkt: 1420\u00b0C<br \/>\nKokpunkt\/intervall: 2550\u00b0C<br \/>\nRelativ densitet: 3,18 g\/cm3<br \/>\nL\u00f6slighet i vatten: 0,016 g\/l (18\u00b0C)<\/p>\n","protected":false},"excerpt":{"rendered":"<p><strong>Fluorit (CAS 7789-75-5)<\/strong><\/p>\n<p>Kalciumfluorid \u00e4r en oorganisk f\u00f6rening med formeln CaF2. Det \u00e4r ett vitt ol\u00f6sligt fast \u00e4mne. Det f\u00f6rekommer som mineralet fluorit (\u00e4ven kallat flusspat), som ofta \u00e4r djupt f\u00e4rgad p\u00e5 grund av f\u00f6roreningar.<\/p>\n<p>Kalciumfluorid, 98%+ Cas 7789-75-5 &#8211; anv\u00e4nds f\u00f6r att tillverka optiska komponenter som f\u00f6nster och linser, som anv\u00e4nds i v\u00e4rmeavbildningssystem, spektroskopi och excimerlasrar.<\/p>\n","protected":false},"featured_media":10435,"template":"","meta":[],"product_brand":[],"product_cat":[175,116],"product_tag":[],"class_list":{"0":"post-10432","1":"product","2":"type-product","3":"status-publish","4":"has-post-thumbnail","6":"product_cat-glas-och-keramik","7":"product_cat-alla-produkter","9":"first","10":"outofstock","11":"taxable","12":"shipping-taxable","13":"purchasable","14":"product-type-variable","15":"has-default-attributes","16":"rtwpvg-product"},"yoast_head":"<!-- This site is optimized with the Yoast SEO plugin v27.5 - https:\/\/yoast.com\/product\/yoast-seo-wordpress\/ -->\n<title>Fluorit (CAS 7789-75-5) - MasterChem | kemikaalien tuotanto ja myynti<\/title>\n<meta name=\"description\" content=\"Kalciumfluorid \u00e4r en oorganisk f\u00f6rening med formeln CaF2. Det \u00e4r ett vitt ol\u00f6sligt fast \u00e4mne.\" \/>\n<meta name=\"robots\" content=\"index, follow, max-snippet:-1, max-image-preview:large, max-video-preview:-1\" \/>\n<link rel=\"canonical\" href=\"https:\/\/masterchem.fi\/sv\/produkt\/fluorit-cas-7789-75-5\/\" \/>\n<meta property=\"og:locale\" content=\"sv_SE\" \/>\n<meta property=\"og:type\" content=\"article\" \/>\n<meta property=\"og:title\" content=\"Fluorit (CAS 7789-75-5) - MasterChem | kemikaalien tuotanto ja myynti\" \/>\n<meta property=\"og:description\" content=\"Kalciumfluorid \u00e4r en oorganisk f\u00f6rening med formeln CaF2. Det \u00e4r ett vitt ol\u00f6sligt fast \u00e4mne.\" \/>\n<meta property=\"og:url\" content=\"https:\/\/masterchem.fi\/sv\/produkt\/fluorit-cas-7789-75-5\/\" \/>\n<meta property=\"og:site_name\" content=\"MasterChem | kemikaalien tuotanto ja myynti\" \/>\n<meta property=\"article:modified_time\" content=\"2022-07-05T07:37:51+00:00\" \/>\n<meta property=\"og:image\" content=\"https:\/\/masterchem.fi\/wp-content\/uploads\/2022\/07\/Fluoriit-25kg-MasterChem.jpg\" \/>\n\t<meta property=\"og:image:width\" content=\"1000\" \/>\n\t<meta property=\"og:image:height\" content=\"1000\" \/>\n\t<meta property=\"og:image:type\" content=\"image\/jpeg\" \/>\n<meta name=\"twitter:card\" content=\"summary_large_image\" \/>\n<script type=\"application\/ld+json\" class=\"yoast-schema-graph\">{\"@context\":\"https:\\\/\\\/schema.org\",\"@graph\":[{\"@type\":\"WebPage\",\"@id\":\"https:\\\/\\\/masterchem.fi\\\/sv\\\/produkt\\\/fluorit-cas-7789-75-5\\\/\",\"url\":\"https:\\\/\\\/masterchem.fi\\\/sv\\\/produkt\\\/fluorit-cas-7789-75-5\\\/\",\"name\":\"Fluorit (CAS 7789-75-5) - MasterChem | kemikaalien tuotanto ja myynti\",\"isPartOf\":{\"@id\":\"https:\\\/\\\/masterchem.fi\\\/sv\\\/#website\"},\"primaryImageOfPage\":{\"@id\":\"https:\\\/\\\/masterchem.fi\\\/sv\\\/produkt\\\/fluorit-cas-7789-75-5\\\/#primaryimage\"},\"image\":{\"@id\":\"https:\\\/\\\/masterchem.fi\\\/sv\\\/produkt\\\/fluorit-cas-7789-75-5\\\/#primaryimage\"},\"thumbnailUrl\":\"https:\\\/\\\/masterchem.fi\\\/wp-content\\\/uploads\\\/2022\\\/07\\\/Fluoriit-25kg-MasterChem.jpg\",\"datePublished\":\"2022-07-05T07:33:42+00:00\",\"dateModified\":\"2022-07-05T07:37:51+00:00\",\"description\":\"Kalciumfluorid \u00e4r en oorganisk f\u00f6rening med formeln CaF2. Det \u00e4r ett vitt ol\u00f6sligt fast \u00e4mne.\",\"breadcrumb\":{\"@id\":\"https:\\\/\\\/masterchem.fi\\\/sv\\\/produkt\\\/fluorit-cas-7789-75-5\\\/#breadcrumb\"},\"inLanguage\":\"sv-SE\",\"potentialAction\":[{\"@type\":\"ReadAction\",\"target\":[\"https:\\\/\\\/masterchem.fi\\\/sv\\\/produkt\\\/fluorit-cas-7789-75-5\\\/\"]}]},{\"@type\":\"ImageObject\",\"inLanguage\":\"sv-SE\",\"@id\":\"https:\\\/\\\/masterchem.fi\\\/sv\\\/produkt\\\/fluorit-cas-7789-75-5\\\/#primaryimage\",\"url\":\"https:\\\/\\\/masterchem.fi\\\/wp-content\\\/uploads\\\/2022\\\/07\\\/Fluoriit-25kg-MasterChem.jpg\",\"contentUrl\":\"https:\\\/\\\/masterchem.fi\\\/wp-content\\\/uploads\\\/2022\\\/07\\\/Fluoriit-25kg-MasterChem.jpg\",\"width\":1000,\"height\":1000,\"caption\":\"Fluorit (CAS 7789-75-5) 25kg MasterChem\"},{\"@type\":\"BreadcrumbList\",\"@id\":\"https:\\\/\\\/masterchem.fi\\\/sv\\\/produkt\\\/fluorit-cas-7789-75-5\\\/#breadcrumb\",\"itemListElement\":[{\"@type\":\"ListItem\",\"position\":1,\"name\":\"Home\",\"item\":\"https:\\\/\\\/masterchem.fi\\\/sv\\\/\"},{\"@type\":\"ListItem\",\"position\":2,\"name\":\"Butik\",\"item\":\"https:\\\/\\\/masterchem.fi\\\/sv\\\/butik\\\/\"},{\"@type\":\"ListItem\",\"position\":3,\"name\":\"Fluorit (CAS 7789-75-5)\"}]},{\"@type\":\"WebSite\",\"@id\":\"https:\\\/\\\/masterchem.fi\\\/sv\\\/#website\",\"url\":\"https:\\\/\\\/masterchem.fi\\\/sv\\\/\",\"name\":\"MasterChem | kemikaalien tuotanto ja myynti\",\"description\":\"kemikaalien tuotanto ja myynti\",\"potentialAction\":[{\"@type\":\"SearchAction\",\"target\":{\"@type\":\"EntryPoint\",\"urlTemplate\":\"https:\\\/\\\/masterchem.fi\\\/sv\\\/?s={search_term_string}\"},\"query-input\":{\"@type\":\"PropertyValueSpecification\",\"valueRequired\":true,\"valueName\":\"search_term_string\"}}],\"inLanguage\":\"sv-SE\"}]}<\/script>\n<!-- \/ Yoast SEO plugin. -->","yoast_head_json":{"title":"Fluorit (CAS 7789-75-5) - MasterChem | kemikaalien tuotanto ja myynti","description":"Kalciumfluorid \u00e4r en oorganisk f\u00f6rening med formeln CaF2. Det \u00e4r ett vitt ol\u00f6sligt fast \u00e4mne.","robots":{"index":"index","follow":"follow","max-snippet":"max-snippet:-1","max-image-preview":"max-image-preview:large","max-video-preview":"max-video-preview:-1"},"canonical":"https:\/\/masterchem.fi\/sv\/produkt\/fluorit-cas-7789-75-5\/","og_locale":"sv_SE","og_type":"article","og_title":"Fluorit (CAS 7789-75-5) - MasterChem | kemikaalien tuotanto ja myynti","og_description":"Kalciumfluorid \u00e4r en oorganisk f\u00f6rening med formeln CaF2. Det \u00e4r ett vitt ol\u00f6sligt fast \u00e4mne.","og_url":"https:\/\/masterchem.fi\/sv\/produkt\/fluorit-cas-7789-75-5\/","og_site_name":"MasterChem | kemikaalien tuotanto ja myynti","article_modified_time":"2022-07-05T07:37:51+00:00","og_image":[{"width":1000,"height":1000,"url":"https:\/\/masterchem.fi\/wp-content\/uploads\/2022\/07\/Fluoriit-25kg-MasterChem.jpg","type":"image\/jpeg"}],"twitter_card":"summary_large_image","schema":{"@context":"https:\/\/schema.org","@graph":[{"@type":"WebPage","@id":"https:\/\/masterchem.fi\/sv\/produkt\/fluorit-cas-7789-75-5\/","url":"https:\/\/masterchem.fi\/sv\/produkt\/fluorit-cas-7789-75-5\/","name":"Fluorit (CAS 7789-75-5) - MasterChem | kemikaalien tuotanto ja myynti","isPartOf":{"@id":"https:\/\/masterchem.fi\/sv\/#website"},"primaryImageOfPage":{"@id":"https:\/\/masterchem.fi\/sv\/produkt\/fluorit-cas-7789-75-5\/#primaryimage"},"image":{"@id":"https:\/\/masterchem.fi\/sv\/produkt\/fluorit-cas-7789-75-5\/#primaryimage"},"thumbnailUrl":"https:\/\/masterchem.fi\/wp-content\/uploads\/2022\/07\/Fluoriit-25kg-MasterChem.jpg","datePublished":"2022-07-05T07:33:42+00:00","dateModified":"2022-07-05T07:37:51+00:00","description":"Kalciumfluorid \u00e4r en oorganisk f\u00f6rening med formeln CaF2. Det \u00e4r ett vitt ol\u00f6sligt fast \u00e4mne.","breadcrumb":{"@id":"https:\/\/masterchem.fi\/sv\/produkt\/fluorit-cas-7789-75-5\/#breadcrumb"},"inLanguage":"sv-SE","potentialAction":[{"@type":"ReadAction","target":["https:\/\/masterchem.fi\/sv\/produkt\/fluorit-cas-7789-75-5\/"]}]},{"@type":"ImageObject","inLanguage":"sv-SE","@id":"https:\/\/masterchem.fi\/sv\/produkt\/fluorit-cas-7789-75-5\/#primaryimage","url":"https:\/\/masterchem.fi\/wp-content\/uploads\/2022\/07\/Fluoriit-25kg-MasterChem.jpg","contentUrl":"https:\/\/masterchem.fi\/wp-content\/uploads\/2022\/07\/Fluoriit-25kg-MasterChem.jpg","width":1000,"height":1000,"caption":"Fluorit (CAS 7789-75-5) 25kg MasterChem"},{"@type":"BreadcrumbList","@id":"https:\/\/masterchem.fi\/sv\/produkt\/fluorit-cas-7789-75-5\/#breadcrumb","itemListElement":[{"@type":"ListItem","position":1,"name":"Home","item":"https:\/\/masterchem.fi\/sv\/"},{"@type":"ListItem","position":2,"name":"Butik","item":"https:\/\/masterchem.fi\/sv\/butik\/"},{"@type":"ListItem","position":3,"name":"Fluorit (CAS 7789-75-5)"}]},{"@type":"WebSite","@id":"https:\/\/masterchem.fi\/sv\/#website","url":"https:\/\/masterchem.fi\/sv\/","name":"MasterChem | kemikaalien tuotanto ja myynti","description":"kemikaalien tuotanto ja myynti","potentialAction":[{"@type":"SearchAction","target":{"@type":"EntryPoint","urlTemplate":"https:\/\/masterchem.fi\/sv\/?s={search_term_string}"},"query-input":{"@type":"PropertyValueSpecification","valueRequired":true,"valueName":"search_term_string"}}],"inLanguage":"sv-SE"}]}},"_links":{"self":[{"href":"https:\/\/masterchem.fi\/sv\/wp-json\/wp\/v2\/product\/10432","targetHints":{"allow":["GET"]}}],"collection":[{"href":"https:\/\/masterchem.fi\/sv\/wp-json\/wp\/v2\/product"}],"about":[{"href":"https:\/\/masterchem.fi\/sv\/wp-json\/wp\/v2\/types\/product"}],"wp:featuredmedia":[{"embeddable":true,"href":"https:\/\/masterchem.fi\/sv\/wp-json\/wp\/v2\/media\/10435"}],"wp:attachment":[{"href":"https:\/\/masterchem.fi\/sv\/wp-json\/wp\/v2\/media?parent=10432"}],"wp:term":[{"taxonomy":"product_brand","embeddable":true,"href":"https:\/\/masterchem.fi\/sv\/wp-json\/wp\/v2\/product_brand?post=10432"},{"taxonomy":"product_cat","embeddable":true,"href":"https:\/\/masterchem.fi\/sv\/wp-json\/wp\/v2\/product_cat?post=10432"},{"taxonomy":"product_tag","embeddable":true,"href":"https:\/\/masterchem.fi\/sv\/wp-json\/wp\/v2\/product_tag?post=10432"}],"curies":[{"name":"wp","href":"https:\/\/api.w.org\/{rel}","templated":true}]}}