{"id":10440,"date":"2022-07-05T10:38:45","date_gmt":"2022-07-05T07:38:46","guid":{"rendered":"https:\/\/masterchem.fi\/?post_type=product&#038;p=10440"},"modified":"2022-07-05T10:41:48","modified_gmt":"2022-07-05T07:41:48","slug":"natriumfluorosilikat-cas-16893-85-9","status":"publish","type":"product","link":"https:\/\/masterchem.fi\/sv\/produkt\/natriumfluorosilikat-cas-16893-85-9\/","title":{"rendered":"Natriumfluorosilikat (CAS 16893-85-9)"},"content":{"rendered":"<p> <strong> Information<\/strong> <\/p>\n<p>Bransch: glas och keramik<br \/>\nCAS-nummer: 16893-85-9<br \/>\nWE-nummer: 240-934-8<br \/>\nIndexnummer: 009-012-00-0<br \/>\nKemisk formel: Na2SiF6<br \/>\nMolekylvikt: 188,06 g\/mol<br \/>\nTulltaxekod: 28269080<br \/>\nADR: UN2674<\/p>\n<p><strong>Andra fysiska egenskaper<\/strong><br \/>\npH: 3,3 (r-r 6,5 g\/l)<br \/>\nL\u00f6slighet i vatten: 0,652 g\/100 ml<\/p>\n","protected":false},"excerpt":{"rendered":"<p><strong>Natriumfluorosilikat (CAS 16893-85-9)<\/strong><\/p>\n<p>Natriumfluorosilikat \u00e4r en f\u00f6rening med den kemiska formeln Na2[SiF6].<\/p>\n<p>Det anv\u00e4nds i vissa l\u00e4nder som tillsats vid vattenfluorering, som r\u00e5material f\u00f6r opalglas, vid bearbetning av malm eller vid tillverkning av andra fluorkemikalier (som natriumfluorid, magnesiumsilikofluorid, kryoliter, aluminiumfluorid ).<\/p>\n","protected":false},"featured_media":10443,"template":"","meta":[],"product_brand":[],"product_cat":[116,175],"product_tag":[],"class_list":{"0":"post-10440","1":"product","2":"type-product","3":"status-publish","4":"has-post-thumbnail","6":"product_cat-alla-produkter","7":"product_cat-glas-och-keramik","9":"first","10":"outofstock","11":"taxable","12":"shipping-taxable","13":"purchasable","14":"product-type-variable","15":"has-default-attributes","16":"rtwpvg-product"},"yoast_head":"<!-- This site is optimized with the Yoast SEO plugin v27.2 - https:\/\/yoast.com\/product\/yoast-seo-wordpress\/ -->\n<title>Natriumfluorosilikat (CAS 16893-85-9) - MasterChem | kemikaalien tuotanto ja myynti<\/title>\n<meta name=\"description\" content=\"Natriumfluorosilikat \u00e4r en f\u00f6rening med den kemiska formeln Na2[SiF6].\" \/>\n<meta name=\"robots\" content=\"index, follow, max-snippet:-1, max-image-preview:large, max-video-preview:-1\" \/>\n<link rel=\"canonical\" href=\"https:\/\/masterchem.fi\/sv\/produkt\/natriumfluorosilikat-cas-16893-85-9\/\" \/>\n<meta property=\"og:locale\" content=\"sv_SE\" \/>\n<meta property=\"og:type\" content=\"article\" \/>\n<meta property=\"og:title\" content=\"Natriumfluorosilikat (CAS 16893-85-9) - MasterChem | kemikaalien tuotanto ja myynti\" \/>\n<meta property=\"og:description\" content=\"Natriumfluorosilikat \u00e4r en f\u00f6rening med den kemiska formeln Na2[SiF6].\" \/>\n<meta property=\"og:url\" content=\"https:\/\/masterchem.fi\/sv\/produkt\/natriumfluorosilikat-cas-16893-85-9\/\" \/>\n<meta property=\"og:site_name\" content=\"MasterChem | kemikaalien tuotanto ja myynti\" \/>\n<meta property=\"article:modified_time\" content=\"2022-07-05T07:41:48+00:00\" \/>\n<meta property=\"og:image\" content=\"https:\/\/masterchem.fi\/wp-content\/uploads\/2022\/07\/Naatriumfluorosilikaat-25kg-MasterChem.jpg\" \/>\n\t<meta property=\"og:image:width\" content=\"1000\" \/>\n\t<meta property=\"og:image:height\" content=\"1000\" \/>\n\t<meta property=\"og:image:type\" content=\"image\/jpeg\" \/>\n<meta name=\"twitter:card\" content=\"summary_large_image\" \/>\n<script type=\"application\/ld+json\" class=\"yoast-schema-graph\">{\"@context\":\"https:\/\/schema.org\",\"@graph\":[{\"@type\":\"WebPage\",\"@id\":\"https:\/\/masterchem.fi\/sv\/produkt\/natriumfluorosilikat-cas-16893-85-9\/\",\"url\":\"https:\/\/masterchem.fi\/sv\/produkt\/natriumfluorosilikat-cas-16893-85-9\/\",\"name\":\"Natriumfluorosilikat (CAS 16893-85-9) - MasterChem | kemikaalien tuotanto ja myynti\",\"isPartOf\":{\"@id\":\"https:\/\/masterchem.fi\/sv\/#website\"},\"primaryImageOfPage\":{\"@id\":\"https:\/\/masterchem.fi\/sv\/produkt\/natriumfluorosilikat-cas-16893-85-9\/#primaryimage\"},\"image\":{\"@id\":\"https:\/\/masterchem.fi\/sv\/produkt\/natriumfluorosilikat-cas-16893-85-9\/#primaryimage\"},\"thumbnailUrl\":\"https:\/\/masterchem.fi\/wp-content\/uploads\/2022\/07\/Naatriumfluorosilikaat-25kg-MasterChem.jpg\",\"datePublished\":\"2022-07-05T07:38:46+00:00\",\"dateModified\":\"2022-07-05T07:41:48+00:00\",\"description\":\"Natriumfluorosilikat \u00e4r en f\u00f6rening med den kemiska formeln Na2[SiF6].\",\"breadcrumb\":{\"@id\":\"https:\/\/masterchem.fi\/sv\/produkt\/natriumfluorosilikat-cas-16893-85-9\/#breadcrumb\"},\"inLanguage\":\"sv-SE\",\"potentialAction\":[{\"@type\":\"ReadAction\",\"target\":[\"https:\/\/masterchem.fi\/sv\/produkt\/natriumfluorosilikat-cas-16893-85-9\/\"]}]},{\"@type\":\"ImageObject\",\"inLanguage\":\"sv-SE\",\"@id\":\"https:\/\/masterchem.fi\/sv\/produkt\/natriumfluorosilikat-cas-16893-85-9\/#primaryimage\",\"url\":\"https:\/\/masterchem.fi\/wp-content\/uploads\/2022\/07\/Naatriumfluorosilikaat-25kg-MasterChem.jpg\",\"contentUrl\":\"https:\/\/masterchem.fi\/wp-content\/uploads\/2022\/07\/Naatriumfluorosilikaat-25kg-MasterChem.jpg\",\"width\":1000,\"height\":1000,\"caption\":\"Natriumfluorosilikat (CAS 16893-85-9) 25kg MasterChem\"},{\"@type\":\"BreadcrumbList\",\"@id\":\"https:\/\/masterchem.fi\/sv\/produkt\/natriumfluorosilikat-cas-16893-85-9\/#breadcrumb\",\"itemListElement\":[{\"@type\":\"ListItem\",\"position\":1,\"name\":\"Home\",\"item\":\"https:\/\/masterchem.fi\/sv\/\"},{\"@type\":\"ListItem\",\"position\":2,\"name\":\"Butik\",\"item\":\"https:\/\/masterchem.fi\/sv\/butik\/\"},{\"@type\":\"ListItem\",\"position\":3,\"name\":\"Natriumfluorosilikat (CAS 16893-85-9)\"}]},{\"@type\":\"WebSite\",\"@id\":\"https:\/\/masterchem.fi\/sv\/#website\",\"url\":\"https:\/\/masterchem.fi\/sv\/\",\"name\":\"MasterChem | kemikaalien tuotanto ja myynti\",\"description\":\"kemikaalien tuotanto ja myynti\",\"potentialAction\":[{\"@type\":\"SearchAction\",\"target\":{\"@type\":\"EntryPoint\",\"urlTemplate\":\"https:\/\/masterchem.fi\/sv\/?s={search_term_string}\"},\"query-input\":{\"@type\":\"PropertyValueSpecification\",\"valueRequired\":true,\"valueName\":\"search_term_string\"}}],\"inLanguage\":\"sv-SE\"}]}<\/script>\n<!-- \/ Yoast SEO plugin. -->","yoast_head_json":{"title":"Natriumfluorosilikat (CAS 16893-85-9) - MasterChem | kemikaalien tuotanto ja myynti","description":"Natriumfluorosilikat \u00e4r en f\u00f6rening med den kemiska formeln Na2[SiF6].","robots":{"index":"index","follow":"follow","max-snippet":"max-snippet:-1","max-image-preview":"max-image-preview:large","max-video-preview":"max-video-preview:-1"},"canonical":"https:\/\/masterchem.fi\/sv\/produkt\/natriumfluorosilikat-cas-16893-85-9\/","og_locale":"sv_SE","og_type":"article","og_title":"Natriumfluorosilikat (CAS 16893-85-9) - MasterChem | kemikaalien tuotanto ja myynti","og_description":"Natriumfluorosilikat \u00e4r en f\u00f6rening med den kemiska formeln Na2[SiF6].","og_url":"https:\/\/masterchem.fi\/sv\/produkt\/natriumfluorosilikat-cas-16893-85-9\/","og_site_name":"MasterChem | kemikaalien tuotanto ja myynti","article_modified_time":"2022-07-05T07:41:48+00:00","og_image":[{"width":1000,"height":1000,"url":"https:\/\/masterchem.fi\/wp-content\/uploads\/2022\/07\/Naatriumfluorosilikaat-25kg-MasterChem.jpg","type":"image\/jpeg"}],"twitter_card":"summary_large_image","schema":{"@context":"https:\/\/schema.org","@graph":[{"@type":"WebPage","@id":"https:\/\/masterchem.fi\/sv\/produkt\/natriumfluorosilikat-cas-16893-85-9\/","url":"https:\/\/masterchem.fi\/sv\/produkt\/natriumfluorosilikat-cas-16893-85-9\/","name":"Natriumfluorosilikat (CAS 16893-85-9) - MasterChem | kemikaalien tuotanto ja myynti","isPartOf":{"@id":"https:\/\/masterchem.fi\/sv\/#website"},"primaryImageOfPage":{"@id":"https:\/\/masterchem.fi\/sv\/produkt\/natriumfluorosilikat-cas-16893-85-9\/#primaryimage"},"image":{"@id":"https:\/\/masterchem.fi\/sv\/produkt\/natriumfluorosilikat-cas-16893-85-9\/#primaryimage"},"thumbnailUrl":"https:\/\/masterchem.fi\/wp-content\/uploads\/2022\/07\/Naatriumfluorosilikaat-25kg-MasterChem.jpg","datePublished":"2022-07-05T07:38:46+00:00","dateModified":"2022-07-05T07:41:48+00:00","description":"Natriumfluorosilikat \u00e4r en f\u00f6rening med den kemiska formeln Na2[SiF6].","breadcrumb":{"@id":"https:\/\/masterchem.fi\/sv\/produkt\/natriumfluorosilikat-cas-16893-85-9\/#breadcrumb"},"inLanguage":"sv-SE","potentialAction":[{"@type":"ReadAction","target":["https:\/\/masterchem.fi\/sv\/produkt\/natriumfluorosilikat-cas-16893-85-9\/"]}]},{"@type":"ImageObject","inLanguage":"sv-SE","@id":"https:\/\/masterchem.fi\/sv\/produkt\/natriumfluorosilikat-cas-16893-85-9\/#primaryimage","url":"https:\/\/masterchem.fi\/wp-content\/uploads\/2022\/07\/Naatriumfluorosilikaat-25kg-MasterChem.jpg","contentUrl":"https:\/\/masterchem.fi\/wp-content\/uploads\/2022\/07\/Naatriumfluorosilikaat-25kg-MasterChem.jpg","width":1000,"height":1000,"caption":"Natriumfluorosilikat (CAS 16893-85-9) 25kg MasterChem"},{"@type":"BreadcrumbList","@id":"https:\/\/masterchem.fi\/sv\/produkt\/natriumfluorosilikat-cas-16893-85-9\/#breadcrumb","itemListElement":[{"@type":"ListItem","position":1,"name":"Home","item":"https:\/\/masterchem.fi\/sv\/"},{"@type":"ListItem","position":2,"name":"Butik","item":"https:\/\/masterchem.fi\/sv\/butik\/"},{"@type":"ListItem","position":3,"name":"Natriumfluorosilikat (CAS 16893-85-9)"}]},{"@type":"WebSite","@id":"https:\/\/masterchem.fi\/sv\/#website","url":"https:\/\/masterchem.fi\/sv\/","name":"MasterChem | kemikaalien tuotanto ja myynti","description":"kemikaalien tuotanto ja myynti","potentialAction":[{"@type":"SearchAction","target":{"@type":"EntryPoint","urlTemplate":"https:\/\/masterchem.fi\/sv\/?s={search_term_string}"},"query-input":{"@type":"PropertyValueSpecification","valueRequired":true,"valueName":"search_term_string"}}],"inLanguage":"sv-SE"}]}},"_links":{"self":[{"href":"https:\/\/masterchem.fi\/sv\/wp-json\/wp\/v2\/product\/10440","targetHints":{"allow":["GET"]}}],"collection":[{"href":"https:\/\/masterchem.fi\/sv\/wp-json\/wp\/v2\/product"}],"about":[{"href":"https:\/\/masterchem.fi\/sv\/wp-json\/wp\/v2\/types\/product"}],"wp:featuredmedia":[{"embeddable":true,"href":"https:\/\/masterchem.fi\/sv\/wp-json\/wp\/v2\/media\/10443"}],"wp:attachment":[{"href":"https:\/\/masterchem.fi\/sv\/wp-json\/wp\/v2\/media?parent=10440"}],"wp:term":[{"taxonomy":"product_brand","embeddable":true,"href":"https:\/\/masterchem.fi\/sv\/wp-json\/wp\/v2\/product_brand?post=10440"},{"taxonomy":"product_cat","embeddable":true,"href":"https:\/\/masterchem.fi\/sv\/wp-json\/wp\/v2\/product_cat?post=10440"},{"taxonomy":"product_tag","embeddable":true,"href":"https:\/\/masterchem.fi\/sv\/wp-json\/wp\/v2\/product_tag?post=10440"}],"curies":[{"name":"wp","href":"https:\/\/api.w.org\/{rel}","templated":true}]}}