{"id":10447,"date":"2022-07-05T10:50:25","date_gmt":"2022-07-05T07:50:25","guid":{"rendered":"https:\/\/masterchem.fi\/?post_type=product&#038;p=10447"},"modified":"2022-07-05T10:54:09","modified_gmt":"2022-07-05T07:54:09","slug":"silvernitrat-cas-7761-88-8","status":"publish","type":"product","link":"https:\/\/masterchem.fi\/sv\/produkt\/silvernitrat-cas-7761-88-8\/","title":{"rendered":"Silvernitrat (CAS 7761-88-8)"},"content":{"rendered":"<p> <strong> Information<\/strong> <\/p>\n<p>Branscher: Kosmetikindustri, Glas och keramik, L\u00e4kemedelsindustri<br \/>\nCAS-nummer: 7761-88-8<br \/>\nWE-nummer: 231-853-9<br \/>\nIndexnummer: 047-001-00-2<br \/>\nKemisk formel: AgNO3<br \/>\nMolekylvikt: 169,88 g\/mol<br \/>\nADR: UN1493<\/p>\n<p><strong>Andra fysiska egenskaper<\/strong><br \/>\npH: 5,4 &#8211; 6,4 (100 g\/l H2O w 20\u00b0C)<br \/>\nSm\u00e4lt-\/fryspunkt: 212\u00b0C<br \/>\nKokpunkt\/intervall: 444\u00b0C<br \/>\nRelativ densitet: 4,35 g\/cm3 (25\u00b0C)<br \/>\nL\u00f6slighet i vatten: 2150 g\/l (20\u00b0C)<\/p>\n","protected":false},"excerpt":{"rendered":"<p><strong>Silvernitrat (CAS 7761-88-8)<\/strong><\/p>\n<p>Silvernitrat \u00e4r en oorganisk f\u00f6rening med den kemiska formeln AgNO3. Detta salt \u00e4r en m\u00e5ngsidig f\u00f6reg\u00e5ngare till m\u00e5nga andra silverf\u00f6reningar, till exempel de som anv\u00e4nds inom fotografering. Det \u00e4r mycket mindre ljusk\u00e4nsligt \u00e4n halogeniderna. Det kallades en g\u00e5ng lunar caustic eftersom de gamla alkemisterna som f\u00f6rknippade silver med m\u00e5nen kallade silver luna. I fast silvernitrat \u00e4r silverjonerna trekoordinerade i ett trigonalt plant arrangemang.<\/p>\n","protected":false},"featured_media":10450,"template":"","meta":[],"product_brand":[],"product_cat":[175,177,106,116],"product_tag":[],"class_list":{"0":"post-10447","1":"product","2":"type-product","3":"status-publish","4":"has-post-thumbnail","6":"product_cat-glas-och-keramik","7":"product_cat-kosmetikindustrin","8":"product_cat-lakemedelsindustri","9":"product_cat-alla-produkter","11":"first","12":"outofstock","13":"taxable","14":"shipping-taxable","15":"purchasable","16":"product-type-variable","17":"has-default-attributes","18":"rtwpvg-product"},"yoast_head":"<!-- This site is optimized with the Yoast SEO plugin v27.2 - https:\/\/yoast.com\/product\/yoast-seo-wordpress\/ -->\n<title>Silvernitrat (CAS 7761-88-8) - MasterChem | kemikaalien tuotanto ja myynti<\/title>\n<meta name=\"description\" content=\"Silvernitrat \u00e4r en oorganisk f\u00f6rening med den kemiska formeln AgNO3. Detta salt \u00e4r en m\u00e5ngsidig f\u00f6reg\u00e5ngare till m\u00e5nga andra silverf\u00f6reningar, till exempel de som anv\u00e4nds inom fotografering.\" \/>\n<meta name=\"robots\" content=\"index, follow, max-snippet:-1, max-image-preview:large, max-video-preview:-1\" \/>\n<link rel=\"canonical\" href=\"https:\/\/masterchem.fi\/sv\/produkt\/silvernitrat-cas-7761-88-8\/\" \/>\n<meta property=\"og:locale\" content=\"sv_SE\" \/>\n<meta property=\"og:type\" content=\"article\" \/>\n<meta property=\"og:title\" content=\"Silvernitrat (CAS 7761-88-8) - MasterChem | kemikaalien tuotanto ja myynti\" \/>\n<meta property=\"og:description\" content=\"Silvernitrat \u00e4r en oorganisk f\u00f6rening med den kemiska formeln AgNO3. Detta salt \u00e4r en m\u00e5ngsidig f\u00f6reg\u00e5ngare till m\u00e5nga andra silverf\u00f6reningar, till exempel de som anv\u00e4nds inom fotografering.\" \/>\n<meta property=\"og:url\" content=\"https:\/\/masterchem.fi\/sv\/produkt\/silvernitrat-cas-7761-88-8\/\" \/>\n<meta property=\"og:site_name\" content=\"MasterChem | kemikaalien tuotanto ja myynti\" \/>\n<meta property=\"article:modified_time\" content=\"2022-07-05T07:54:09+00:00\" \/>\n<meta property=\"og:image\" content=\"https:\/\/masterchem.fi\/wp-content\/uploads\/2022\/07\/Hobenitraat-25kg-MasterChem.jpg\" \/>\n\t<meta property=\"og:image:width\" content=\"1000\" \/>\n\t<meta property=\"og:image:height\" content=\"1000\" \/>\n\t<meta property=\"og:image:type\" content=\"image\/jpeg\" \/>\n<meta name=\"twitter:card\" content=\"summary_large_image\" \/>\n<script type=\"application\/ld+json\" class=\"yoast-schema-graph\">{\"@context\":\"https:\/\/schema.org\",\"@graph\":[{\"@type\":\"WebPage\",\"@id\":\"https:\/\/masterchem.fi\/sv\/produkt\/silvernitrat-cas-7761-88-8\/\",\"url\":\"https:\/\/masterchem.fi\/sv\/produkt\/silvernitrat-cas-7761-88-8\/\",\"name\":\"Silvernitrat (CAS 7761-88-8) - MasterChem | kemikaalien tuotanto ja myynti\",\"isPartOf\":{\"@id\":\"https:\/\/masterchem.fi\/sv\/#website\"},\"primaryImageOfPage\":{\"@id\":\"https:\/\/masterchem.fi\/sv\/produkt\/silvernitrat-cas-7761-88-8\/#primaryimage\"},\"image\":{\"@id\":\"https:\/\/masterchem.fi\/sv\/produkt\/silvernitrat-cas-7761-88-8\/#primaryimage\"},\"thumbnailUrl\":\"https:\/\/masterchem.fi\/wp-content\/uploads\/2022\/07\/Hobenitraat-25kg-MasterChem.jpg\",\"datePublished\":\"2022-07-05T07:50:25+00:00\",\"dateModified\":\"2022-07-05T07:54:09+00:00\",\"description\":\"Silvernitrat \u00e4r en oorganisk f\u00f6rening med den kemiska formeln AgNO3. Detta salt \u00e4r en m\u00e5ngsidig f\u00f6reg\u00e5ngare till m\u00e5nga andra silverf\u00f6reningar, till exempel de som anv\u00e4nds inom fotografering.\",\"breadcrumb\":{\"@id\":\"https:\/\/masterchem.fi\/sv\/produkt\/silvernitrat-cas-7761-88-8\/#breadcrumb\"},\"inLanguage\":\"sv-SE\",\"potentialAction\":[{\"@type\":\"ReadAction\",\"target\":[\"https:\/\/masterchem.fi\/sv\/produkt\/silvernitrat-cas-7761-88-8\/\"]}]},{\"@type\":\"ImageObject\",\"inLanguage\":\"sv-SE\",\"@id\":\"https:\/\/masterchem.fi\/sv\/produkt\/silvernitrat-cas-7761-88-8\/#primaryimage\",\"url\":\"https:\/\/masterchem.fi\/wp-content\/uploads\/2022\/07\/Hobenitraat-25kg-MasterChem.jpg\",\"contentUrl\":\"https:\/\/masterchem.fi\/wp-content\/uploads\/2022\/07\/Hobenitraat-25kg-MasterChem.jpg\",\"width\":1000,\"height\":1000,\"caption\":\"Silvernitrat (CAS 7761-88-8) 25kg MasterChem\"},{\"@type\":\"BreadcrumbList\",\"@id\":\"https:\/\/masterchem.fi\/sv\/produkt\/silvernitrat-cas-7761-88-8\/#breadcrumb\",\"itemListElement\":[{\"@type\":\"ListItem\",\"position\":1,\"name\":\"Home\",\"item\":\"https:\/\/masterchem.fi\/sv\/\"},{\"@type\":\"ListItem\",\"position\":2,\"name\":\"Butik\",\"item\":\"https:\/\/masterchem.fi\/sv\/butik\/\"},{\"@type\":\"ListItem\",\"position\":3,\"name\":\"Silvernitrat (CAS 7761-88-8)\"}]},{\"@type\":\"WebSite\",\"@id\":\"https:\/\/masterchem.fi\/sv\/#website\",\"url\":\"https:\/\/masterchem.fi\/sv\/\",\"name\":\"MasterChem | kemikaalien tuotanto ja myynti\",\"description\":\"kemikaalien tuotanto ja myynti\",\"potentialAction\":[{\"@type\":\"SearchAction\",\"target\":{\"@type\":\"EntryPoint\",\"urlTemplate\":\"https:\/\/masterchem.fi\/sv\/?s={search_term_string}\"},\"query-input\":{\"@type\":\"PropertyValueSpecification\",\"valueRequired\":true,\"valueName\":\"search_term_string\"}}],\"inLanguage\":\"sv-SE\"}]}<\/script>\n<!-- \/ Yoast SEO plugin. -->","yoast_head_json":{"title":"Silvernitrat (CAS 7761-88-8) - MasterChem | kemikaalien tuotanto ja myynti","description":"Silvernitrat \u00e4r en oorganisk f\u00f6rening med den kemiska formeln AgNO3. Detta salt \u00e4r en m\u00e5ngsidig f\u00f6reg\u00e5ngare till m\u00e5nga andra silverf\u00f6reningar, till exempel de som anv\u00e4nds inom fotografering.","robots":{"index":"index","follow":"follow","max-snippet":"max-snippet:-1","max-image-preview":"max-image-preview:large","max-video-preview":"max-video-preview:-1"},"canonical":"https:\/\/masterchem.fi\/sv\/produkt\/silvernitrat-cas-7761-88-8\/","og_locale":"sv_SE","og_type":"article","og_title":"Silvernitrat (CAS 7761-88-8) - MasterChem | kemikaalien tuotanto ja myynti","og_description":"Silvernitrat \u00e4r en oorganisk f\u00f6rening med den kemiska formeln AgNO3. Detta salt \u00e4r en m\u00e5ngsidig f\u00f6reg\u00e5ngare till m\u00e5nga andra silverf\u00f6reningar, till exempel de som anv\u00e4nds inom fotografering.","og_url":"https:\/\/masterchem.fi\/sv\/produkt\/silvernitrat-cas-7761-88-8\/","og_site_name":"MasterChem | kemikaalien tuotanto ja myynti","article_modified_time":"2022-07-05T07:54:09+00:00","og_image":[{"width":1000,"height":1000,"url":"https:\/\/masterchem.fi\/wp-content\/uploads\/2022\/07\/Hobenitraat-25kg-MasterChem.jpg","type":"image\/jpeg"}],"twitter_card":"summary_large_image","schema":{"@context":"https:\/\/schema.org","@graph":[{"@type":"WebPage","@id":"https:\/\/masterchem.fi\/sv\/produkt\/silvernitrat-cas-7761-88-8\/","url":"https:\/\/masterchem.fi\/sv\/produkt\/silvernitrat-cas-7761-88-8\/","name":"Silvernitrat (CAS 7761-88-8) - MasterChem | kemikaalien tuotanto ja myynti","isPartOf":{"@id":"https:\/\/masterchem.fi\/sv\/#website"},"primaryImageOfPage":{"@id":"https:\/\/masterchem.fi\/sv\/produkt\/silvernitrat-cas-7761-88-8\/#primaryimage"},"image":{"@id":"https:\/\/masterchem.fi\/sv\/produkt\/silvernitrat-cas-7761-88-8\/#primaryimage"},"thumbnailUrl":"https:\/\/masterchem.fi\/wp-content\/uploads\/2022\/07\/Hobenitraat-25kg-MasterChem.jpg","datePublished":"2022-07-05T07:50:25+00:00","dateModified":"2022-07-05T07:54:09+00:00","description":"Silvernitrat \u00e4r en oorganisk f\u00f6rening med den kemiska formeln AgNO3. Detta salt \u00e4r en m\u00e5ngsidig f\u00f6reg\u00e5ngare till m\u00e5nga andra silverf\u00f6reningar, till exempel de som anv\u00e4nds inom fotografering.","breadcrumb":{"@id":"https:\/\/masterchem.fi\/sv\/produkt\/silvernitrat-cas-7761-88-8\/#breadcrumb"},"inLanguage":"sv-SE","potentialAction":[{"@type":"ReadAction","target":["https:\/\/masterchem.fi\/sv\/produkt\/silvernitrat-cas-7761-88-8\/"]}]},{"@type":"ImageObject","inLanguage":"sv-SE","@id":"https:\/\/masterchem.fi\/sv\/produkt\/silvernitrat-cas-7761-88-8\/#primaryimage","url":"https:\/\/masterchem.fi\/wp-content\/uploads\/2022\/07\/Hobenitraat-25kg-MasterChem.jpg","contentUrl":"https:\/\/masterchem.fi\/wp-content\/uploads\/2022\/07\/Hobenitraat-25kg-MasterChem.jpg","width":1000,"height":1000,"caption":"Silvernitrat (CAS 7761-88-8) 25kg MasterChem"},{"@type":"BreadcrumbList","@id":"https:\/\/masterchem.fi\/sv\/produkt\/silvernitrat-cas-7761-88-8\/#breadcrumb","itemListElement":[{"@type":"ListItem","position":1,"name":"Home","item":"https:\/\/masterchem.fi\/sv\/"},{"@type":"ListItem","position":2,"name":"Butik","item":"https:\/\/masterchem.fi\/sv\/butik\/"},{"@type":"ListItem","position":3,"name":"Silvernitrat (CAS 7761-88-8)"}]},{"@type":"WebSite","@id":"https:\/\/masterchem.fi\/sv\/#website","url":"https:\/\/masterchem.fi\/sv\/","name":"MasterChem | kemikaalien tuotanto ja myynti","description":"kemikaalien tuotanto ja myynti","potentialAction":[{"@type":"SearchAction","target":{"@type":"EntryPoint","urlTemplate":"https:\/\/masterchem.fi\/sv\/?s={search_term_string}"},"query-input":{"@type":"PropertyValueSpecification","valueRequired":true,"valueName":"search_term_string"}}],"inLanguage":"sv-SE"}]}},"_links":{"self":[{"href":"https:\/\/masterchem.fi\/sv\/wp-json\/wp\/v2\/product\/10447","targetHints":{"allow":["GET"]}}],"collection":[{"href":"https:\/\/masterchem.fi\/sv\/wp-json\/wp\/v2\/product"}],"about":[{"href":"https:\/\/masterchem.fi\/sv\/wp-json\/wp\/v2\/types\/product"}],"wp:featuredmedia":[{"embeddable":true,"href":"https:\/\/masterchem.fi\/sv\/wp-json\/wp\/v2\/media\/10450"}],"wp:attachment":[{"href":"https:\/\/masterchem.fi\/sv\/wp-json\/wp\/v2\/media?parent=10447"}],"wp:term":[{"taxonomy":"product_brand","embeddable":true,"href":"https:\/\/masterchem.fi\/sv\/wp-json\/wp\/v2\/product_brand?post=10447"},{"taxonomy":"product_cat","embeddable":true,"href":"https:\/\/masterchem.fi\/sv\/wp-json\/wp\/v2\/product_cat?post=10447"},{"taxonomy":"product_tag","embeddable":true,"href":"https:\/\/masterchem.fi\/sv\/wp-json\/wp\/v2\/product_tag?post=10447"}],"curies":[{"name":"wp","href":"https:\/\/api.w.org\/{rel}","templated":true}]}}