{"id":10498,"date":"2022-07-05T11:11:57","date_gmt":"2022-07-05T08:11:58","guid":{"rendered":"https:\/\/masterchem.fi\/?post_type=product&#038;p=10498"},"modified":"2022-07-05T11:19:30","modified_gmt":"2022-07-05T08:19:30","slug":"oktylstearat-cas-22047-49-0","status":"publish","type":"product","link":"https:\/\/masterchem.fi\/sv\/produkt\/oktylstearat-cas-22047-49-0\/","title":{"rendered":"Oktylstearat (CAS 22047-49-0)"},"content":{"rendered":"<p> <strong> Information<\/strong> <\/p>\n<p>Branscher: Kosmetikindustrin<br \/>\nCAS-nummer: 22047-49-0<br \/>\nWE-nummer: 244-754-0<br \/>\nKemisk formel: C26H52O2<br \/>\nMolekylvikt: 396,69 g\/mol<br \/>\nTulltaxekod: 29157050<\/p>\n<p><strong>Andra fysiska egenskaper<\/strong><br \/>\nSm\u00e4lt-\/fryspunkt: -10\u00b0C (1013 hPa)<br \/>\nRelativ densitet: 0,854 \u2013 0,86 g\/cm (20\u00b0C)<br \/>\nL\u00f6slighet i vatten: <0,05 mg\/l (25\u00b0C )<\/p>\n","protected":false},"excerpt":{"rendered":"<p><strong>Oktylstearat (CAS 22047-49-0)<\/strong><\/p>\n<p>Lightening agent; Supersm\u00f6rjolja; EP-ombud; Sm\u00f6rjmedel f\u00f6r PVC, textilspinning, metallbearbetning; mjukg\u00f6rare\/l\u00f6sningsmedel f\u00f6r pappersbel\u00e4ggning, metallbearbetningsv\u00e4tskor; mjukg\u00f6rande medel, fuktighetskr\u00e4m, sm\u00f6rjmedel, spridare, fl\u00e4ckborttagningsmedel, solubiliseringsmedel, glans, pigmentv\u00e4tnings-\/dispergeringsmedel f\u00f6r kosmetika, farmaceutiska topikaler<\/p>\n","protected":false},"featured_media":10519,"template":"","meta":[],"product_brand":[],"product_cat":[177,116],"product_tag":[],"class_list":{"0":"post-10498","1":"product","2":"type-product","3":"status-publish","4":"has-post-thumbnail","6":"product_cat-kosmetikindustrin","7":"product_cat-alla-produkter","9":"first","10":"outofstock","11":"taxable","12":"shipping-taxable","13":"purchasable","14":"product-type-variable","15":"has-default-attributes","16":"rtwpvg-product"},"yoast_head":"<!-- This site is optimized with the Yoast SEO plugin v27.2 - https:\/\/yoast.com\/product\/yoast-seo-wordpress\/ -->\n<title>Oktylstearat (CAS 22047-49-0) - MasterChem | kemikaalien tuotanto ja myynti<\/title>\n<meta name=\"description\" content=\"Kylmedel; Supersm\u00f6rjolja; EP-ombud; Sm\u00f6rjmedel f\u00f6r PVC, textilspinning, metallbearbetning;\" \/>\n<meta name=\"robots\" content=\"index, follow, max-snippet:-1, max-image-preview:large, max-video-preview:-1\" \/>\n<link rel=\"canonical\" href=\"https:\/\/masterchem.fi\/sv\/produkt\/oktylstearat-cas-22047-49-0\/\" \/>\n<meta property=\"og:locale\" content=\"sv_SE\" \/>\n<meta property=\"og:type\" content=\"article\" \/>\n<meta property=\"og:title\" content=\"Oktylstearat (CAS 22047-49-0) - MasterChem | kemikaalien tuotanto ja myynti\" \/>\n<meta property=\"og:description\" content=\"Kylmedel; Supersm\u00f6rjolja; EP-ombud; Sm\u00f6rjmedel f\u00f6r PVC, textilspinning, metallbearbetning;\" \/>\n<meta property=\"og:url\" content=\"https:\/\/masterchem.fi\/sv\/produkt\/oktylstearat-cas-22047-49-0\/\" \/>\n<meta property=\"og:site_name\" content=\"MasterChem | kemikaalien tuotanto ja myynti\" \/>\n<meta property=\"article:modified_time\" content=\"2022-07-05T08:19:30+00:00\" \/>\n<meta property=\"og:image\" content=\"https:\/\/masterchem.fi\/wp-content\/uploads\/2022\/07\/Oktuulstearaat-1000l-MasterChem.jpg\" \/>\n\t<meta property=\"og:image:width\" content=\"1000\" \/>\n\t<meta property=\"og:image:height\" content=\"1000\" \/>\n\t<meta property=\"og:image:type\" content=\"image\/jpeg\" \/>\n<meta name=\"twitter:card\" content=\"summary_large_image\" \/>\n<script type=\"application\/ld+json\" class=\"yoast-schema-graph\">{\"@context\":\"https:\/\/schema.org\",\"@graph\":[{\"@type\":\"WebPage\",\"@id\":\"https:\/\/masterchem.fi\/sv\/produkt\/oktylstearat-cas-22047-49-0\/\",\"url\":\"https:\/\/masterchem.fi\/sv\/produkt\/oktylstearat-cas-22047-49-0\/\",\"name\":\"Oktylstearat (CAS 22047-49-0) - MasterChem | kemikaalien tuotanto ja myynti\",\"isPartOf\":{\"@id\":\"https:\/\/masterchem.fi\/sv\/#website\"},\"primaryImageOfPage\":{\"@id\":\"https:\/\/masterchem.fi\/sv\/produkt\/oktylstearat-cas-22047-49-0\/#primaryimage\"},\"image\":{\"@id\":\"https:\/\/masterchem.fi\/sv\/produkt\/oktylstearat-cas-22047-49-0\/#primaryimage\"},\"thumbnailUrl\":\"https:\/\/masterchem.fi\/wp-content\/uploads\/2022\/07\/Oktuulstearaat-1000l-MasterChem.jpg\",\"datePublished\":\"2022-07-05T08:11:58+00:00\",\"dateModified\":\"2022-07-05T08:19:30+00:00\",\"description\":\"Kylmedel; Supersm\u00f6rjolja; EP-ombud; Sm\u00f6rjmedel f\u00f6r PVC, textilspinning, metallbearbetning;\",\"breadcrumb\":{\"@id\":\"https:\/\/masterchem.fi\/sv\/produkt\/oktylstearat-cas-22047-49-0\/#breadcrumb\"},\"inLanguage\":\"sv-SE\",\"potentialAction\":[{\"@type\":\"ReadAction\",\"target\":[\"https:\/\/masterchem.fi\/sv\/produkt\/oktylstearat-cas-22047-49-0\/\"]}]},{\"@type\":\"ImageObject\",\"inLanguage\":\"sv-SE\",\"@id\":\"https:\/\/masterchem.fi\/sv\/produkt\/oktylstearat-cas-22047-49-0\/#primaryimage\",\"url\":\"https:\/\/masterchem.fi\/wp-content\/uploads\/2022\/07\/Oktuulstearaat-1000l-MasterChem.jpg\",\"contentUrl\":\"https:\/\/masterchem.fi\/wp-content\/uploads\/2022\/07\/Oktuulstearaat-1000l-MasterChem.jpg\",\"width\":1000,\"height\":1000,\"caption\":\"Oktylstearat (CAS 22047-49-0) 1000l MaterChem\"},{\"@type\":\"BreadcrumbList\",\"@id\":\"https:\/\/masterchem.fi\/sv\/produkt\/oktylstearat-cas-22047-49-0\/#breadcrumb\",\"itemListElement\":[{\"@type\":\"ListItem\",\"position\":1,\"name\":\"Home\",\"item\":\"https:\/\/masterchem.fi\/sv\/\"},{\"@type\":\"ListItem\",\"position\":2,\"name\":\"Butik\",\"item\":\"https:\/\/masterchem.fi\/sv\/butik\/\"},{\"@type\":\"ListItem\",\"position\":3,\"name\":\"Oktylstearat (CAS 22047-49-0)\"}]},{\"@type\":\"WebSite\",\"@id\":\"https:\/\/masterchem.fi\/sv\/#website\",\"url\":\"https:\/\/masterchem.fi\/sv\/\",\"name\":\"MasterChem | kemikaalien tuotanto ja myynti\",\"description\":\"kemikaalien tuotanto ja myynti\",\"potentialAction\":[{\"@type\":\"SearchAction\",\"target\":{\"@type\":\"EntryPoint\",\"urlTemplate\":\"https:\/\/masterchem.fi\/sv\/?s={search_term_string}\"},\"query-input\":{\"@type\":\"PropertyValueSpecification\",\"valueRequired\":true,\"valueName\":\"search_term_string\"}}],\"inLanguage\":\"sv-SE\"}]}<\/script>\n<!-- \/ Yoast SEO plugin. -->","yoast_head_json":{"title":"Oktylstearat (CAS 22047-49-0) - MasterChem | kemikaalien tuotanto ja myynti","description":"Kylmedel; Supersm\u00f6rjolja; EP-ombud; Sm\u00f6rjmedel f\u00f6r PVC, textilspinning, metallbearbetning;","robots":{"index":"index","follow":"follow","max-snippet":"max-snippet:-1","max-image-preview":"max-image-preview:large","max-video-preview":"max-video-preview:-1"},"canonical":"https:\/\/masterchem.fi\/sv\/produkt\/oktylstearat-cas-22047-49-0\/","og_locale":"sv_SE","og_type":"article","og_title":"Oktylstearat (CAS 22047-49-0) - MasterChem | kemikaalien tuotanto ja myynti","og_description":"Kylmedel; Supersm\u00f6rjolja; EP-ombud; Sm\u00f6rjmedel f\u00f6r PVC, textilspinning, metallbearbetning;","og_url":"https:\/\/masterchem.fi\/sv\/produkt\/oktylstearat-cas-22047-49-0\/","og_site_name":"MasterChem | kemikaalien tuotanto ja myynti","article_modified_time":"2022-07-05T08:19:30+00:00","og_image":[{"width":1000,"height":1000,"url":"https:\/\/masterchem.fi\/wp-content\/uploads\/2022\/07\/Oktuulstearaat-1000l-MasterChem.jpg","type":"image\/jpeg"}],"twitter_card":"summary_large_image","schema":{"@context":"https:\/\/schema.org","@graph":[{"@type":"WebPage","@id":"https:\/\/masterchem.fi\/sv\/produkt\/oktylstearat-cas-22047-49-0\/","url":"https:\/\/masterchem.fi\/sv\/produkt\/oktylstearat-cas-22047-49-0\/","name":"Oktylstearat (CAS 22047-49-0) - MasterChem | kemikaalien tuotanto ja myynti","isPartOf":{"@id":"https:\/\/masterchem.fi\/sv\/#website"},"primaryImageOfPage":{"@id":"https:\/\/masterchem.fi\/sv\/produkt\/oktylstearat-cas-22047-49-0\/#primaryimage"},"image":{"@id":"https:\/\/masterchem.fi\/sv\/produkt\/oktylstearat-cas-22047-49-0\/#primaryimage"},"thumbnailUrl":"https:\/\/masterchem.fi\/wp-content\/uploads\/2022\/07\/Oktuulstearaat-1000l-MasterChem.jpg","datePublished":"2022-07-05T08:11:58+00:00","dateModified":"2022-07-05T08:19:30+00:00","description":"Kylmedel; Supersm\u00f6rjolja; EP-ombud; Sm\u00f6rjmedel f\u00f6r PVC, textilspinning, metallbearbetning;","breadcrumb":{"@id":"https:\/\/masterchem.fi\/sv\/produkt\/oktylstearat-cas-22047-49-0\/#breadcrumb"},"inLanguage":"sv-SE","potentialAction":[{"@type":"ReadAction","target":["https:\/\/masterchem.fi\/sv\/produkt\/oktylstearat-cas-22047-49-0\/"]}]},{"@type":"ImageObject","inLanguage":"sv-SE","@id":"https:\/\/masterchem.fi\/sv\/produkt\/oktylstearat-cas-22047-49-0\/#primaryimage","url":"https:\/\/masterchem.fi\/wp-content\/uploads\/2022\/07\/Oktuulstearaat-1000l-MasterChem.jpg","contentUrl":"https:\/\/masterchem.fi\/wp-content\/uploads\/2022\/07\/Oktuulstearaat-1000l-MasterChem.jpg","width":1000,"height":1000,"caption":"Oktylstearat (CAS 22047-49-0) 1000l MaterChem"},{"@type":"BreadcrumbList","@id":"https:\/\/masterchem.fi\/sv\/produkt\/oktylstearat-cas-22047-49-0\/#breadcrumb","itemListElement":[{"@type":"ListItem","position":1,"name":"Home","item":"https:\/\/masterchem.fi\/sv\/"},{"@type":"ListItem","position":2,"name":"Butik","item":"https:\/\/masterchem.fi\/sv\/butik\/"},{"@type":"ListItem","position":3,"name":"Oktylstearat (CAS 22047-49-0)"}]},{"@type":"WebSite","@id":"https:\/\/masterchem.fi\/sv\/#website","url":"https:\/\/masterchem.fi\/sv\/","name":"MasterChem | kemikaalien tuotanto ja myynti","description":"kemikaalien tuotanto ja myynti","potentialAction":[{"@type":"SearchAction","target":{"@type":"EntryPoint","urlTemplate":"https:\/\/masterchem.fi\/sv\/?s={search_term_string}"},"query-input":{"@type":"PropertyValueSpecification","valueRequired":true,"valueName":"search_term_string"}}],"inLanguage":"sv-SE"}]}},"_links":{"self":[{"href":"https:\/\/masterchem.fi\/sv\/wp-json\/wp\/v2\/product\/10498","targetHints":{"allow":["GET"]}}],"collection":[{"href":"https:\/\/masterchem.fi\/sv\/wp-json\/wp\/v2\/product"}],"about":[{"href":"https:\/\/masterchem.fi\/sv\/wp-json\/wp\/v2\/types\/product"}],"wp:featuredmedia":[{"embeddable":true,"href":"https:\/\/masterchem.fi\/sv\/wp-json\/wp\/v2\/media\/10519"}],"wp:attachment":[{"href":"https:\/\/masterchem.fi\/sv\/wp-json\/wp\/v2\/media?parent=10498"}],"wp:term":[{"taxonomy":"product_brand","embeddable":true,"href":"https:\/\/masterchem.fi\/sv\/wp-json\/wp\/v2\/product_brand?post=10498"},{"taxonomy":"product_cat","embeddable":true,"href":"https:\/\/masterchem.fi\/sv\/wp-json\/wp\/v2\/product_cat?post=10498"},{"taxonomy":"product_tag","embeddable":true,"href":"https:\/\/masterchem.fi\/sv\/wp-json\/wp\/v2\/product_tag?post=10498"}],"curies":[{"name":"wp","href":"https:\/\/api.w.org\/{rel}","templated":true}]}}