{"id":10529,"date":"2022-07-05T12:04:14","date_gmt":"2022-07-05T09:04:14","guid":{"rendered":"https:\/\/masterchem.fi\/?post_type=product&#038;p=10529"},"modified":"2022-07-05T12:08:29","modified_gmt":"2022-07-05T09:08:29","slug":"natriumformiat-cas-141-53-7","status":"publish","type":"product","link":"https:\/\/masterchem.fi\/sv\/produkt\/natriumformiat-cas-141-53-7\/","title":{"rendered":"Natriumformiat (CAS 141-53-7)"},"content":{"rendered":"<p> <strong> Information<\/strong> <\/p>\n<p><strong>Information<\/strong><\/p>\n<p>Branscher: Kosmetikindustrin<br \/>\nCAS-nummer: 141-53-7<br \/>\nWE-nummer: 205-488-0<br \/>\nKemisk formel: CHNaO2<br \/>\nMolekylvikt: 68,01 g\/mol<br \/>\nTulltaxekod: 291512003<\/p>\n<p><strong>Andra fysiska egenskaper<\/strong><br \/>\npH: 7,0-8,5 (50 g\/l H2O w 20\u00b0C)<br \/>\nSm\u00e4lt-\/fryspunkt: 253\u00b0C<br \/>\nRelativ densitet: 1,92 g\/cm3 (20\u00b0C)<br \/>\nL\u00f6slighet i vatten: 550 g\/l<\/p>\n","protected":false},"excerpt":{"rendered":"<p><strong>Natriumformiat (CAS 141-53-7)<\/strong><\/p>\n<p>Natriumformiat \u00e4r natriumsaltet av myrsyra, som under normala f\u00f6rh\u00e5llanden \u00e4r fasta vita korn eller kristaller. Dess kemiska formel \u00e4r HCOONa. Natriumformiat s\u00f6nderfaller vid upphettning och producerar bland annat kolmonoxid och v\u00e4te, vilket orsakar brand- och explosionsrisk. Den mol\u00e4ra massan av natriumformiat \u00e4r 68,0 g\/mol, sm\u00e4ltpunkt 253 \u00b0C, relativ densitet 1,9 g\/cm3 (vatten = 1,0 g\/cm3), l\u00f6slighet i vatten vid 20 \u00b0C 97 g\/100 ml och CAS-nummer 141 -53-7.<\/p>\n<p>Natriumformiat \u00e4r ett hygroskopiskt \u00e4mne, dvs det \u00e4r ett \u00e4mne som binder och h\u00e5ller kvar fukt fr\u00e5n luften. Det anv\u00e4nds som ett kristallint \u00e4mne f\u00f6r att ta bort tjockare is p\u00e5 flygplatsens landningsbanor, till exempel tillsammans med natriumacetat och urea. Andra anv\u00e4ndningsomr\u00e5den inkluderar anv\u00e4ndning som konserveringsmedel, vid betning, garvning och i industriella processer som reduktionsmedel.<\/p>\n","protected":false},"featured_media":10532,"template":"","meta":[],"product_brand":[],"product_cat":[116,177,106],"product_tag":[],"class_list":{"0":"post-10529","1":"product","2":"type-product","3":"status-publish","4":"has-post-thumbnail","6":"product_cat-alla-produkter","7":"product_cat-kosmetikindustrin","8":"product_cat-lakemedelsindustri","10":"first","11":"outofstock","12":"taxable","13":"shipping-taxable","14":"purchasable","15":"product-type-variable","16":"has-default-attributes","17":"rtwpvg-product"},"yoast_head":"<!-- This site is optimized with the Yoast SEO plugin v27.5 - https:\/\/yoast.com\/product\/yoast-seo-wordpress\/ -->\n<title>Natriumformiat (CAS 141-53-7) - MasterChem | kemikaalien tuotanto ja myynti<\/title>\n<meta name=\"description\" content=\"Natriumformiat \u00e4r natriumsaltet av myrsyra, som under normala f\u00f6rh\u00e5llanden \u00e4r fasta vita korn eller kristaller.\" \/>\n<meta name=\"robots\" content=\"index, follow, max-snippet:-1, max-image-preview:large, max-video-preview:-1\" \/>\n<link rel=\"canonical\" href=\"https:\/\/masterchem.fi\/sv\/produkt\/natriumformiat-cas-141-53-7\/\" \/>\n<meta property=\"og:locale\" content=\"sv_SE\" \/>\n<meta property=\"og:type\" content=\"article\" \/>\n<meta property=\"og:title\" content=\"Natriumformiat (CAS 141-53-7) - MasterChem | kemikaalien tuotanto ja myynti\" \/>\n<meta property=\"og:description\" content=\"Natriumformiat \u00e4r natriumsaltet av myrsyra, som under normala f\u00f6rh\u00e5llanden \u00e4r fasta vita korn eller kristaller.\" \/>\n<meta property=\"og:url\" content=\"https:\/\/masterchem.fi\/sv\/produkt\/natriumformiat-cas-141-53-7\/\" \/>\n<meta property=\"og:site_name\" content=\"MasterChem | kemikaalien tuotanto ja myynti\" \/>\n<meta property=\"article:modified_time\" content=\"2022-07-05T09:08:29+00:00\" \/>\n<meta property=\"og:image\" content=\"https:\/\/masterchem.fi\/wp-content\/uploads\/2022\/07\/Naatriumformiaat-25kg-MasterChem.jpg\" \/>\n\t<meta property=\"og:image:width\" content=\"1000\" \/>\n\t<meta property=\"og:image:height\" content=\"1000\" \/>\n\t<meta property=\"og:image:type\" content=\"image\/jpeg\" \/>\n<meta name=\"twitter:card\" content=\"summary_large_image\" \/>\n<script type=\"application\/ld+json\" class=\"yoast-schema-graph\">{\"@context\":\"https:\\\/\\\/schema.org\",\"@graph\":[{\"@type\":\"WebPage\",\"@id\":\"https:\\\/\\\/masterchem.fi\\\/sv\\\/produkt\\\/natriumformiat-cas-141-53-7\\\/\",\"url\":\"https:\\\/\\\/masterchem.fi\\\/sv\\\/produkt\\\/natriumformiat-cas-141-53-7\\\/\",\"name\":\"Natriumformiat (CAS 141-53-7) - MasterChem | kemikaalien tuotanto ja myynti\",\"isPartOf\":{\"@id\":\"https:\\\/\\\/masterchem.fi\\\/sv\\\/#website\"},\"primaryImageOfPage\":{\"@id\":\"https:\\\/\\\/masterchem.fi\\\/sv\\\/produkt\\\/natriumformiat-cas-141-53-7\\\/#primaryimage\"},\"image\":{\"@id\":\"https:\\\/\\\/masterchem.fi\\\/sv\\\/produkt\\\/natriumformiat-cas-141-53-7\\\/#primaryimage\"},\"thumbnailUrl\":\"https:\\\/\\\/masterchem.fi\\\/wp-content\\\/uploads\\\/2022\\\/07\\\/Naatriumformiaat-25kg-MasterChem.jpg\",\"datePublished\":\"2022-07-05T09:04:14+00:00\",\"dateModified\":\"2022-07-05T09:08:29+00:00\",\"description\":\"Natriumformiat \u00e4r natriumsaltet av myrsyra, som under normala f\u00f6rh\u00e5llanden \u00e4r fasta vita korn eller kristaller.\",\"breadcrumb\":{\"@id\":\"https:\\\/\\\/masterchem.fi\\\/sv\\\/produkt\\\/natriumformiat-cas-141-53-7\\\/#breadcrumb\"},\"inLanguage\":\"sv-SE\",\"potentialAction\":[{\"@type\":\"ReadAction\",\"target\":[\"https:\\\/\\\/masterchem.fi\\\/sv\\\/produkt\\\/natriumformiat-cas-141-53-7\\\/\"]}]},{\"@type\":\"ImageObject\",\"inLanguage\":\"sv-SE\",\"@id\":\"https:\\\/\\\/masterchem.fi\\\/sv\\\/produkt\\\/natriumformiat-cas-141-53-7\\\/#primaryimage\",\"url\":\"https:\\\/\\\/masterchem.fi\\\/wp-content\\\/uploads\\\/2022\\\/07\\\/Naatriumformiaat-25kg-MasterChem.jpg\",\"contentUrl\":\"https:\\\/\\\/masterchem.fi\\\/wp-content\\\/uploads\\\/2022\\\/07\\\/Naatriumformiaat-25kg-MasterChem.jpg\",\"width\":1000,\"height\":1000,\"caption\":\"Natriumformiat (CAS 141-53-7) 25kg MasterChem\"},{\"@type\":\"BreadcrumbList\",\"@id\":\"https:\\\/\\\/masterchem.fi\\\/sv\\\/produkt\\\/natriumformiat-cas-141-53-7\\\/#breadcrumb\",\"itemListElement\":[{\"@type\":\"ListItem\",\"position\":1,\"name\":\"Home\",\"item\":\"https:\\\/\\\/masterchem.fi\\\/sv\\\/\"},{\"@type\":\"ListItem\",\"position\":2,\"name\":\"Butik\",\"item\":\"https:\\\/\\\/masterchem.fi\\\/sv\\\/butik\\\/\"},{\"@type\":\"ListItem\",\"position\":3,\"name\":\"Natriumformiat (CAS 141-53-7)\"}]},{\"@type\":\"WebSite\",\"@id\":\"https:\\\/\\\/masterchem.fi\\\/sv\\\/#website\",\"url\":\"https:\\\/\\\/masterchem.fi\\\/sv\\\/\",\"name\":\"MasterChem | kemikaalien tuotanto ja myynti\",\"description\":\"kemikaalien tuotanto ja myynti\",\"potentialAction\":[{\"@type\":\"SearchAction\",\"target\":{\"@type\":\"EntryPoint\",\"urlTemplate\":\"https:\\\/\\\/masterchem.fi\\\/sv\\\/?s={search_term_string}\"},\"query-input\":{\"@type\":\"PropertyValueSpecification\",\"valueRequired\":true,\"valueName\":\"search_term_string\"}}],\"inLanguage\":\"sv-SE\"}]}<\/script>\n<!-- \/ Yoast SEO plugin. -->","yoast_head_json":{"title":"Natriumformiat (CAS 141-53-7) - MasterChem | kemikaalien tuotanto ja myynti","description":"Natriumformiat \u00e4r natriumsaltet av myrsyra, som under normala f\u00f6rh\u00e5llanden \u00e4r fasta vita korn eller kristaller.","robots":{"index":"index","follow":"follow","max-snippet":"max-snippet:-1","max-image-preview":"max-image-preview:large","max-video-preview":"max-video-preview:-1"},"canonical":"https:\/\/masterchem.fi\/sv\/produkt\/natriumformiat-cas-141-53-7\/","og_locale":"sv_SE","og_type":"article","og_title":"Natriumformiat (CAS 141-53-7) - MasterChem | kemikaalien tuotanto ja myynti","og_description":"Natriumformiat \u00e4r natriumsaltet av myrsyra, som under normala f\u00f6rh\u00e5llanden \u00e4r fasta vita korn eller kristaller.","og_url":"https:\/\/masterchem.fi\/sv\/produkt\/natriumformiat-cas-141-53-7\/","og_site_name":"MasterChem | kemikaalien tuotanto ja myynti","article_modified_time":"2022-07-05T09:08:29+00:00","og_image":[{"width":1000,"height":1000,"url":"https:\/\/masterchem.fi\/wp-content\/uploads\/2022\/07\/Naatriumformiaat-25kg-MasterChem.jpg","type":"image\/jpeg"}],"twitter_card":"summary_large_image","schema":{"@context":"https:\/\/schema.org","@graph":[{"@type":"WebPage","@id":"https:\/\/masterchem.fi\/sv\/produkt\/natriumformiat-cas-141-53-7\/","url":"https:\/\/masterchem.fi\/sv\/produkt\/natriumformiat-cas-141-53-7\/","name":"Natriumformiat (CAS 141-53-7) - MasterChem | kemikaalien tuotanto ja myynti","isPartOf":{"@id":"https:\/\/masterchem.fi\/sv\/#website"},"primaryImageOfPage":{"@id":"https:\/\/masterchem.fi\/sv\/produkt\/natriumformiat-cas-141-53-7\/#primaryimage"},"image":{"@id":"https:\/\/masterchem.fi\/sv\/produkt\/natriumformiat-cas-141-53-7\/#primaryimage"},"thumbnailUrl":"https:\/\/masterchem.fi\/wp-content\/uploads\/2022\/07\/Naatriumformiaat-25kg-MasterChem.jpg","datePublished":"2022-07-05T09:04:14+00:00","dateModified":"2022-07-05T09:08:29+00:00","description":"Natriumformiat \u00e4r natriumsaltet av myrsyra, som under normala f\u00f6rh\u00e5llanden \u00e4r fasta vita korn eller kristaller.","breadcrumb":{"@id":"https:\/\/masterchem.fi\/sv\/produkt\/natriumformiat-cas-141-53-7\/#breadcrumb"},"inLanguage":"sv-SE","potentialAction":[{"@type":"ReadAction","target":["https:\/\/masterchem.fi\/sv\/produkt\/natriumformiat-cas-141-53-7\/"]}]},{"@type":"ImageObject","inLanguage":"sv-SE","@id":"https:\/\/masterchem.fi\/sv\/produkt\/natriumformiat-cas-141-53-7\/#primaryimage","url":"https:\/\/masterchem.fi\/wp-content\/uploads\/2022\/07\/Naatriumformiaat-25kg-MasterChem.jpg","contentUrl":"https:\/\/masterchem.fi\/wp-content\/uploads\/2022\/07\/Naatriumformiaat-25kg-MasterChem.jpg","width":1000,"height":1000,"caption":"Natriumformiat (CAS 141-53-7) 25kg MasterChem"},{"@type":"BreadcrumbList","@id":"https:\/\/masterchem.fi\/sv\/produkt\/natriumformiat-cas-141-53-7\/#breadcrumb","itemListElement":[{"@type":"ListItem","position":1,"name":"Home","item":"https:\/\/masterchem.fi\/sv\/"},{"@type":"ListItem","position":2,"name":"Butik","item":"https:\/\/masterchem.fi\/sv\/butik\/"},{"@type":"ListItem","position":3,"name":"Natriumformiat (CAS 141-53-7)"}]},{"@type":"WebSite","@id":"https:\/\/masterchem.fi\/sv\/#website","url":"https:\/\/masterchem.fi\/sv\/","name":"MasterChem | kemikaalien tuotanto ja myynti","description":"kemikaalien tuotanto ja myynti","potentialAction":[{"@type":"SearchAction","target":{"@type":"EntryPoint","urlTemplate":"https:\/\/masterchem.fi\/sv\/?s={search_term_string}"},"query-input":{"@type":"PropertyValueSpecification","valueRequired":true,"valueName":"search_term_string"}}],"inLanguage":"sv-SE"}]}},"_links":{"self":[{"href":"https:\/\/masterchem.fi\/sv\/wp-json\/wp\/v2\/product\/10529","targetHints":{"allow":["GET"]}}],"collection":[{"href":"https:\/\/masterchem.fi\/sv\/wp-json\/wp\/v2\/product"}],"about":[{"href":"https:\/\/masterchem.fi\/sv\/wp-json\/wp\/v2\/types\/product"}],"wp:featuredmedia":[{"embeddable":true,"href":"https:\/\/masterchem.fi\/sv\/wp-json\/wp\/v2\/media\/10532"}],"wp:attachment":[{"href":"https:\/\/masterchem.fi\/sv\/wp-json\/wp\/v2\/media?parent=10529"}],"wp:term":[{"taxonomy":"product_brand","embeddable":true,"href":"https:\/\/masterchem.fi\/sv\/wp-json\/wp\/v2\/product_brand?post=10529"},{"taxonomy":"product_cat","embeddable":true,"href":"https:\/\/masterchem.fi\/sv\/wp-json\/wp\/v2\/product_cat?post=10529"},{"taxonomy":"product_tag","embeddable":true,"href":"https:\/\/masterchem.fi\/sv\/wp-json\/wp\/v2\/product_tag?post=10529"}],"curies":[{"name":"wp","href":"https:\/\/api.w.org\/{rel}","templated":true}]}}