{"id":10537,"date":"2022-07-05T12:10:40","date_gmt":"2022-07-05T09:10:41","guid":{"rendered":"https:\/\/masterchem.fi\/?post_type=product&#038;p=10537"},"modified":"2022-07-05T12:13:32","modified_gmt":"2022-07-05T09:13:32","slug":"glycerolmonostearat-cas-123-94-4","status":"publish","type":"product","link":"https:\/\/masterchem.fi\/sv\/produkt\/glycerolmonostearat-cas-123-94-4\/","title":{"rendered":"Glycerolmonostearat (CAS 123-94-4)"},"content":{"rendered":"<p> <strong> Information<\/strong> <\/p>\n<p><strong>Information<\/strong><\/p>\n<p>Branscher: kosmetikindustri, l\u00e4kemedelsindustri<br \/>\nCAS-nummer: 123-94-4<br \/>\nWE-nummer: 204-664-4<br \/>\nKemisk formel: C21H42O4<br \/>\nMolekylvikt: 358,56 g\/mol<br \/>\nTulltaxekod: 29157050<\/p>\n<p><strong>Andra fysiska egenskaper<\/strong><br \/>\npH: 7,8 \u2013 8,4 (50g\/l H2O w 20\u00b0C)<br \/>\nSm\u00e4lt-\/fryspunkt: 52,0 &#8211; 59,0\u00b0C<br \/>\nKokpunkt\/intervall: 250\u00b0C<br \/>\nRelativ densitet: 0,97 g\/cm\u00b3<\/p>\n","protected":false},"excerpt":{"rendered":"<p><strong>Glycermonostearat (CAS 123-94-4)<\/strong><\/p>\n<p>Glycermonostearat, allm\u00e4nt k\u00e4nt som GMS, \u00e4r en monoglycerid som vanligtvis anv\u00e4nds som emulgeringsmedel i livsmedel. Det \u00e4r i form av ett vitt, luktfritt och s\u00f6tsmakande flagnande pulver som \u00e4r hygroskopiskt. Kemiskt \u00e4r det en glycerolester av stearinsyra.<\/p>\n<p>GMS \u00e4r en livsmedelstillsats som anv\u00e4nds som f\u00f6rtjockningsmedel, emulgeringsmedel, antiklumpningsmedel och konserveringsmedel. emulgeringsmedel f\u00f6r oljor, vaxer och l\u00f6sningsmedel; skyddande bel\u00e4ggning f\u00f6r hygroskopiska pulver; stelningsmedel och kontrollerad fris\u00e4ttningsmedel i l\u00e4kemedel; och hartssm\u00f6rjmedel. Det anv\u00e4nds ocks\u00e5 i kosmetika och h\u00e5rv\u00e5rdsprodukter.<\/p>\n<p>GMS anv\u00e4nds ofta i bakprodukter f\u00f6r att l\u00e4gga till &#8220;kropp&#8221; till mat. Det \u00e4r lite ansvarigt f\u00f6r att ge glass och vispgr\u00e4dde en sl\u00e4t konsistens. Det anv\u00e4nds ibland som ett antiklumpningsmedel f\u00f6r br\u00f6d.<\/p>\n<p>Det kan ocks\u00e5 anv\u00e4ndas som en plasttillsats, d\u00e4r GMS fungerar som ett antistatiskt medel och anti-imbildning. Detta \u00e4r vanligt i livsmedelsf\u00f6rpackningar.<\/p>\n","protected":false},"featured_media":10540,"template":"","meta":[],"product_brand":[],"product_cat":[106,116,177],"product_tag":[],"class_list":{"0":"post-10537","1":"product","2":"type-product","3":"status-publish","4":"has-post-thumbnail","6":"product_cat-lakemedelsindustri","7":"product_cat-alla-produkter","8":"product_cat-kosmetikindustrin","10":"first","11":"outofstock","12":"taxable","13":"shipping-taxable","14":"purchasable","15":"product-type-variable","16":"has-default-attributes","17":"rtwpvg-product"},"yoast_head":"<!-- This site is optimized with the Yoast SEO plugin v27.5 - https:\/\/yoast.com\/product\/yoast-seo-wordpress\/ -->\n<title>Glycerolmonostearat (CAS 123-94-4) - MasterChem | kemikaalien tuotanto ja myynti<\/title>\n<meta name=\"description\" content=\"Glycerolmonostearat, allm\u00e4nt k\u00e4nd som GMS, \u00e4r en monoglycerid som vanligtvis anv\u00e4nds som emulgeringsmedel i livsmedel.\" \/>\n<meta name=\"robots\" content=\"index, follow, max-snippet:-1, max-image-preview:large, max-video-preview:-1\" \/>\n<link rel=\"canonical\" href=\"https:\/\/masterchem.fi\/sv\/produkt\/glycerolmonostearat-cas-123-94-4\/\" \/>\n<meta property=\"og:locale\" content=\"sv_SE\" \/>\n<meta property=\"og:type\" content=\"article\" \/>\n<meta property=\"og:title\" content=\"Glycerolmonostearat (CAS 123-94-4) - MasterChem | kemikaalien tuotanto ja myynti\" \/>\n<meta property=\"og:description\" content=\"Glycerolmonostearat, allm\u00e4nt k\u00e4nd som GMS, \u00e4r en monoglycerid som vanligtvis anv\u00e4nds som emulgeringsmedel i livsmedel.\" \/>\n<meta property=\"og:url\" content=\"https:\/\/masterchem.fi\/sv\/produkt\/glycerolmonostearat-cas-123-94-4\/\" \/>\n<meta property=\"og:site_name\" content=\"MasterChem | kemikaalien tuotanto ja myynti\" \/>\n<meta property=\"article:modified_time\" content=\"2022-07-05T09:13:32+00:00\" \/>\n<meta property=\"og:image\" content=\"https:\/\/masterchem.fi\/wp-content\/uploads\/2022\/07\/Glutseroolmonostearaat-25kg-MasterChem.jpg\" \/>\n\t<meta property=\"og:image:width\" content=\"1000\" \/>\n\t<meta property=\"og:image:height\" content=\"1000\" \/>\n\t<meta property=\"og:image:type\" content=\"image\/jpeg\" \/>\n<meta name=\"twitter:card\" content=\"summary_large_image\" \/>\n<script type=\"application\/ld+json\" class=\"yoast-schema-graph\">{\"@context\":\"https:\\\/\\\/schema.org\",\"@graph\":[{\"@type\":\"WebPage\",\"@id\":\"https:\\\/\\\/masterchem.fi\\\/sv\\\/produkt\\\/glycerolmonostearat-cas-123-94-4\\\/\",\"url\":\"https:\\\/\\\/masterchem.fi\\\/sv\\\/produkt\\\/glycerolmonostearat-cas-123-94-4\\\/\",\"name\":\"Glycerolmonostearat (CAS 123-94-4) - MasterChem | kemikaalien tuotanto ja myynti\",\"isPartOf\":{\"@id\":\"https:\\\/\\\/masterchem.fi\\\/sv\\\/#website\"},\"primaryImageOfPage\":{\"@id\":\"https:\\\/\\\/masterchem.fi\\\/sv\\\/produkt\\\/glycerolmonostearat-cas-123-94-4\\\/#primaryimage\"},\"image\":{\"@id\":\"https:\\\/\\\/masterchem.fi\\\/sv\\\/produkt\\\/glycerolmonostearat-cas-123-94-4\\\/#primaryimage\"},\"thumbnailUrl\":\"https:\\\/\\\/masterchem.fi\\\/wp-content\\\/uploads\\\/2022\\\/07\\\/Glutseroolmonostearaat-25kg-MasterChem.jpg\",\"datePublished\":\"2022-07-05T09:10:41+00:00\",\"dateModified\":\"2022-07-05T09:13:32+00:00\",\"description\":\"Glycerolmonostearat, allm\u00e4nt k\u00e4nd som GMS, \u00e4r en monoglycerid som vanligtvis anv\u00e4nds som emulgeringsmedel i livsmedel.\",\"breadcrumb\":{\"@id\":\"https:\\\/\\\/masterchem.fi\\\/sv\\\/produkt\\\/glycerolmonostearat-cas-123-94-4\\\/#breadcrumb\"},\"inLanguage\":\"sv-SE\",\"potentialAction\":[{\"@type\":\"ReadAction\",\"target\":[\"https:\\\/\\\/masterchem.fi\\\/sv\\\/produkt\\\/glycerolmonostearat-cas-123-94-4\\\/\"]}]},{\"@type\":\"ImageObject\",\"inLanguage\":\"sv-SE\",\"@id\":\"https:\\\/\\\/masterchem.fi\\\/sv\\\/produkt\\\/glycerolmonostearat-cas-123-94-4\\\/#primaryimage\",\"url\":\"https:\\\/\\\/masterchem.fi\\\/wp-content\\\/uploads\\\/2022\\\/07\\\/Glutseroolmonostearaat-25kg-MasterChem.jpg\",\"contentUrl\":\"https:\\\/\\\/masterchem.fi\\\/wp-content\\\/uploads\\\/2022\\\/07\\\/Glutseroolmonostearaat-25kg-MasterChem.jpg\",\"width\":1000,\"height\":1000,\"caption\":\"Glycerolmonostearat (CAS 123-94-4) 25kg MasterChem\"},{\"@type\":\"BreadcrumbList\",\"@id\":\"https:\\\/\\\/masterchem.fi\\\/sv\\\/produkt\\\/glycerolmonostearat-cas-123-94-4\\\/#breadcrumb\",\"itemListElement\":[{\"@type\":\"ListItem\",\"position\":1,\"name\":\"Home\",\"item\":\"https:\\\/\\\/masterchem.fi\\\/sv\\\/\"},{\"@type\":\"ListItem\",\"position\":2,\"name\":\"Butik\",\"item\":\"https:\\\/\\\/masterchem.fi\\\/sv\\\/butik\\\/\"},{\"@type\":\"ListItem\",\"position\":3,\"name\":\"Glycerolmonostearat (CAS 123-94-4)\"}]},{\"@type\":\"WebSite\",\"@id\":\"https:\\\/\\\/masterchem.fi\\\/sv\\\/#website\",\"url\":\"https:\\\/\\\/masterchem.fi\\\/sv\\\/\",\"name\":\"MasterChem | kemikaalien tuotanto ja myynti\",\"description\":\"kemikaalien tuotanto ja myynti\",\"potentialAction\":[{\"@type\":\"SearchAction\",\"target\":{\"@type\":\"EntryPoint\",\"urlTemplate\":\"https:\\\/\\\/masterchem.fi\\\/sv\\\/?s={search_term_string}\"},\"query-input\":{\"@type\":\"PropertyValueSpecification\",\"valueRequired\":true,\"valueName\":\"search_term_string\"}}],\"inLanguage\":\"sv-SE\"}]}<\/script>\n<!-- \/ Yoast SEO plugin. -->","yoast_head_json":{"title":"Glycerolmonostearat (CAS 123-94-4) - MasterChem | kemikaalien tuotanto ja myynti","description":"Glycerolmonostearat, allm\u00e4nt k\u00e4nd som GMS, \u00e4r en monoglycerid som vanligtvis anv\u00e4nds som emulgeringsmedel i livsmedel.","robots":{"index":"index","follow":"follow","max-snippet":"max-snippet:-1","max-image-preview":"max-image-preview:large","max-video-preview":"max-video-preview:-1"},"canonical":"https:\/\/masterchem.fi\/sv\/produkt\/glycerolmonostearat-cas-123-94-4\/","og_locale":"sv_SE","og_type":"article","og_title":"Glycerolmonostearat (CAS 123-94-4) - MasterChem | kemikaalien tuotanto ja myynti","og_description":"Glycerolmonostearat, allm\u00e4nt k\u00e4nd som GMS, \u00e4r en monoglycerid som vanligtvis anv\u00e4nds som emulgeringsmedel i livsmedel.","og_url":"https:\/\/masterchem.fi\/sv\/produkt\/glycerolmonostearat-cas-123-94-4\/","og_site_name":"MasterChem | kemikaalien tuotanto ja myynti","article_modified_time":"2022-07-05T09:13:32+00:00","og_image":[{"width":1000,"height":1000,"url":"https:\/\/masterchem.fi\/wp-content\/uploads\/2022\/07\/Glutseroolmonostearaat-25kg-MasterChem.jpg","type":"image\/jpeg"}],"twitter_card":"summary_large_image","schema":{"@context":"https:\/\/schema.org","@graph":[{"@type":"WebPage","@id":"https:\/\/masterchem.fi\/sv\/produkt\/glycerolmonostearat-cas-123-94-4\/","url":"https:\/\/masterchem.fi\/sv\/produkt\/glycerolmonostearat-cas-123-94-4\/","name":"Glycerolmonostearat (CAS 123-94-4) - MasterChem | kemikaalien tuotanto ja myynti","isPartOf":{"@id":"https:\/\/masterchem.fi\/sv\/#website"},"primaryImageOfPage":{"@id":"https:\/\/masterchem.fi\/sv\/produkt\/glycerolmonostearat-cas-123-94-4\/#primaryimage"},"image":{"@id":"https:\/\/masterchem.fi\/sv\/produkt\/glycerolmonostearat-cas-123-94-4\/#primaryimage"},"thumbnailUrl":"https:\/\/masterchem.fi\/wp-content\/uploads\/2022\/07\/Glutseroolmonostearaat-25kg-MasterChem.jpg","datePublished":"2022-07-05T09:10:41+00:00","dateModified":"2022-07-05T09:13:32+00:00","description":"Glycerolmonostearat, allm\u00e4nt k\u00e4nd som GMS, \u00e4r en monoglycerid som vanligtvis anv\u00e4nds som emulgeringsmedel i livsmedel.","breadcrumb":{"@id":"https:\/\/masterchem.fi\/sv\/produkt\/glycerolmonostearat-cas-123-94-4\/#breadcrumb"},"inLanguage":"sv-SE","potentialAction":[{"@type":"ReadAction","target":["https:\/\/masterchem.fi\/sv\/produkt\/glycerolmonostearat-cas-123-94-4\/"]}]},{"@type":"ImageObject","inLanguage":"sv-SE","@id":"https:\/\/masterchem.fi\/sv\/produkt\/glycerolmonostearat-cas-123-94-4\/#primaryimage","url":"https:\/\/masterchem.fi\/wp-content\/uploads\/2022\/07\/Glutseroolmonostearaat-25kg-MasterChem.jpg","contentUrl":"https:\/\/masterchem.fi\/wp-content\/uploads\/2022\/07\/Glutseroolmonostearaat-25kg-MasterChem.jpg","width":1000,"height":1000,"caption":"Glycerolmonostearat (CAS 123-94-4) 25kg MasterChem"},{"@type":"BreadcrumbList","@id":"https:\/\/masterchem.fi\/sv\/produkt\/glycerolmonostearat-cas-123-94-4\/#breadcrumb","itemListElement":[{"@type":"ListItem","position":1,"name":"Home","item":"https:\/\/masterchem.fi\/sv\/"},{"@type":"ListItem","position":2,"name":"Butik","item":"https:\/\/masterchem.fi\/sv\/butik\/"},{"@type":"ListItem","position":3,"name":"Glycerolmonostearat (CAS 123-94-4)"}]},{"@type":"WebSite","@id":"https:\/\/masterchem.fi\/sv\/#website","url":"https:\/\/masterchem.fi\/sv\/","name":"MasterChem | kemikaalien tuotanto ja myynti","description":"kemikaalien tuotanto ja myynti","potentialAction":[{"@type":"SearchAction","target":{"@type":"EntryPoint","urlTemplate":"https:\/\/masterchem.fi\/sv\/?s={search_term_string}"},"query-input":{"@type":"PropertyValueSpecification","valueRequired":true,"valueName":"search_term_string"}}],"inLanguage":"sv-SE"}]}},"_links":{"self":[{"href":"https:\/\/masterchem.fi\/sv\/wp-json\/wp\/v2\/product\/10537","targetHints":{"allow":["GET"]}}],"collection":[{"href":"https:\/\/masterchem.fi\/sv\/wp-json\/wp\/v2\/product"}],"about":[{"href":"https:\/\/masterchem.fi\/sv\/wp-json\/wp\/v2\/types\/product"}],"wp:featuredmedia":[{"embeddable":true,"href":"https:\/\/masterchem.fi\/sv\/wp-json\/wp\/v2\/media\/10540"}],"wp:attachment":[{"href":"https:\/\/masterchem.fi\/sv\/wp-json\/wp\/v2\/media?parent=10537"}],"wp:term":[{"taxonomy":"product_brand","embeddable":true,"href":"https:\/\/masterchem.fi\/sv\/wp-json\/wp\/v2\/product_brand?post=10537"},{"taxonomy":"product_cat","embeddable":true,"href":"https:\/\/masterchem.fi\/sv\/wp-json\/wp\/v2\/product_cat?post=10537"},{"taxonomy":"product_tag","embeddable":true,"href":"https:\/\/masterchem.fi\/sv\/wp-json\/wp\/v2\/product_tag?post=10537"}],"curies":[{"name":"wp","href":"https:\/\/api.w.org\/{rel}","templated":true}]}}