{"id":10545,"date":"2022-07-05T12:15:37","date_gmt":"2022-07-05T09:15:37","guid":{"rendered":"https:\/\/masterchem.fi\/?post_type=product&#038;p=10545"},"modified":"2022-07-05T12:18:56","modified_gmt":"2022-07-05T09:18:56","slug":"ammoniumpersulfat-cas-7727-54-0","status":"publish","type":"product","link":"https:\/\/masterchem.fi\/sv\/produkt\/ammoniumpersulfat-cas-7727-54-0\/","title":{"rendered":"Ammoniumpersulfat (CAS 7727-54-0)"},"content":{"rendered":"<p> <strong> Information<\/strong> <\/p>\n<p>Branscher: Kosmetikindustrin<br \/>\nCAS-nummer: 7727-54-0<br \/>\nWE-nummer: 231-786-5<br \/>\nIndexnummer: 016-060-00-6<br \/>\nKemisk formel: (NH4)2S2O8<br \/>\nMolekylvikt: 228,2 g\/mol<br \/>\nTulltaxekod: 28334000<br \/>\nADR: UN1444<\/p>\n<p><strong>Andra fysiska egenskaper<\/strong><br \/>\npH: 3,2 (10 %, 20\u00b0C)<br \/>\nRelativ densitet: 1 980 g\/cm3 (20\u00b0C )<br \/>\nL\u00f6slighet i vatten: 620 g\/dm3 (20\u00b0C )<\/p>\n","protected":false},"excerpt":{"rendered":"<p><strong>Ammoniumpersulfat (CAS 7727-54-0)<\/strong><\/p>\n<p>Ammoniumpersulfat (APS) \u00e4r en oorganisk f\u00f6rening med formeln (NH4)2S2O8. Det \u00e4r ett f\u00e4rgl\u00f6st (vitt) salt som l\u00f6ser sig bra i vatten, mycket b\u00e4ttre \u00e4n motsvarande kaliumsalt. Det \u00e4r ett starkt oxidationsmedel som anv\u00e4nds i polymerkemi, som etsmedel och som reng\u00f6rings- och blekmedel.<\/p>\n<p>Att l\u00f6sa upp salt i vatten \u00e4r en endoterm process. Som oxidationsmedel och k\u00e4lla till radikaler har APS m\u00e5nga kommersiella till\u00e4mpningar.<\/p>\n<p>Sulfatsalter anv\u00e4nds huvudsakligen som radikalinitiatorer vid polymerisation av vissa alkener. Kommersiellt viktiga polymerer tillverkade med persulfater inkluderar styrenbutadiengummi och polytetrafluoreten.<\/p>\n<p>Ammoniumpersulfat \u00e4r en standardingrediens i h\u00e5rblekning. Persulfater anv\u00e4nds som oxidanter i organisk kemi. Till exempel i Minisci-reaktionen.<\/p>\n","protected":false},"featured_media":10548,"template":"","meta":[],"product_brand":[],"product_cat":[177,116],"product_tag":[],"class_list":{"0":"post-10545","1":"product","2":"type-product","3":"status-publish","4":"has-post-thumbnail","6":"product_cat-kosmetikindustrin","7":"product_cat-alla-produkter","9":"first","10":"outofstock","11":"taxable","12":"shipping-taxable","13":"purchasable","14":"product-type-variable","15":"has-default-attributes","16":"rtwpvg-product"},"yoast_head":"<!-- This site is optimized with the Yoast SEO plugin v27.2 - https:\/\/yoast.com\/product\/yoast-seo-wordpress\/ -->\n<title>Ammoniumpersulfat (CAS 7727-54-0) - MasterChem | kemikaalien tuotanto ja myynti<\/title>\n<meta name=\"description\" content=\"Ammoniumpersulfat (APS) \u00e4r en oorganisk f\u00f6rening med formeln (NH4)2S2O8. Det \u00e4r ett f\u00e4rgl\u00f6st (vitt) salt som l\u00f6ser sig bra i vatten, mycket b\u00e4ttre \u00e4n motsvarande kaliumsalt.\" \/>\n<meta name=\"robots\" content=\"index, follow, max-snippet:-1, max-image-preview:large, max-video-preview:-1\" \/>\n<link rel=\"canonical\" href=\"https:\/\/masterchem.fi\/sv\/produkt\/ammoniumpersulfat-cas-7727-54-0\/\" \/>\n<meta property=\"og:locale\" content=\"sv_SE\" \/>\n<meta property=\"og:type\" content=\"article\" \/>\n<meta property=\"og:title\" content=\"Ammoniumpersulfat (CAS 7727-54-0) - MasterChem | kemikaalien tuotanto ja myynti\" \/>\n<meta property=\"og:description\" content=\"Ammoniumpersulfat (APS) \u00e4r en oorganisk f\u00f6rening med formeln (NH4)2S2O8. Det \u00e4r ett f\u00e4rgl\u00f6st (vitt) salt som l\u00f6ser sig bra i vatten, mycket b\u00e4ttre \u00e4n motsvarande kaliumsalt.\" \/>\n<meta property=\"og:url\" content=\"https:\/\/masterchem.fi\/sv\/produkt\/ammoniumpersulfat-cas-7727-54-0\/\" \/>\n<meta property=\"og:site_name\" content=\"MasterChem | kemikaalien tuotanto ja myynti\" \/>\n<meta property=\"article:modified_time\" content=\"2022-07-05T09:18:56+00:00\" \/>\n<meta property=\"og:image\" content=\"https:\/\/masterchem.fi\/wp-content\/uploads\/2022\/07\/Ammooniumpersulfaat-25kg-MasterChem.jpg\" \/>\n\t<meta property=\"og:image:width\" content=\"1000\" \/>\n\t<meta property=\"og:image:height\" content=\"1000\" \/>\n\t<meta property=\"og:image:type\" content=\"image\/jpeg\" \/>\n<meta name=\"twitter:card\" content=\"summary_large_image\" \/>\n<script type=\"application\/ld+json\" class=\"yoast-schema-graph\">{\"@context\":\"https:\/\/schema.org\",\"@graph\":[{\"@type\":\"WebPage\",\"@id\":\"https:\/\/masterchem.fi\/sv\/produkt\/ammoniumpersulfat-cas-7727-54-0\/\",\"url\":\"https:\/\/masterchem.fi\/sv\/produkt\/ammoniumpersulfat-cas-7727-54-0\/\",\"name\":\"Ammoniumpersulfat (CAS 7727-54-0) - MasterChem | kemikaalien tuotanto ja myynti\",\"isPartOf\":{\"@id\":\"https:\/\/masterchem.fi\/sv\/#website\"},\"primaryImageOfPage\":{\"@id\":\"https:\/\/masterchem.fi\/sv\/produkt\/ammoniumpersulfat-cas-7727-54-0\/#primaryimage\"},\"image\":{\"@id\":\"https:\/\/masterchem.fi\/sv\/produkt\/ammoniumpersulfat-cas-7727-54-0\/#primaryimage\"},\"thumbnailUrl\":\"https:\/\/masterchem.fi\/wp-content\/uploads\/2022\/07\/Ammooniumpersulfaat-25kg-MasterChem.jpg\",\"datePublished\":\"2022-07-05T09:15:37+00:00\",\"dateModified\":\"2022-07-05T09:18:56+00:00\",\"description\":\"Ammoniumpersulfat (APS) \u00e4r en oorganisk f\u00f6rening med formeln (NH4)2S2O8. Det \u00e4r ett f\u00e4rgl\u00f6st (vitt) salt som l\u00f6ser sig bra i vatten, mycket b\u00e4ttre \u00e4n motsvarande kaliumsalt.\",\"breadcrumb\":{\"@id\":\"https:\/\/masterchem.fi\/sv\/produkt\/ammoniumpersulfat-cas-7727-54-0\/#breadcrumb\"},\"inLanguage\":\"sv-SE\",\"potentialAction\":[{\"@type\":\"ReadAction\",\"target\":[\"https:\/\/masterchem.fi\/sv\/produkt\/ammoniumpersulfat-cas-7727-54-0\/\"]}]},{\"@type\":\"ImageObject\",\"inLanguage\":\"sv-SE\",\"@id\":\"https:\/\/masterchem.fi\/sv\/produkt\/ammoniumpersulfat-cas-7727-54-0\/#primaryimage\",\"url\":\"https:\/\/masterchem.fi\/wp-content\/uploads\/2022\/07\/Ammooniumpersulfaat-25kg-MasterChem.jpg\",\"contentUrl\":\"https:\/\/masterchem.fi\/wp-content\/uploads\/2022\/07\/Ammooniumpersulfaat-25kg-MasterChem.jpg\",\"width\":1000,\"height\":1000,\"caption\":\"Ammoniumpersulfat (CAS 7727-54-0) 25kg MasterChem\"},{\"@type\":\"BreadcrumbList\",\"@id\":\"https:\/\/masterchem.fi\/sv\/produkt\/ammoniumpersulfat-cas-7727-54-0\/#breadcrumb\",\"itemListElement\":[{\"@type\":\"ListItem\",\"position\":1,\"name\":\"Home\",\"item\":\"https:\/\/masterchem.fi\/sv\/\"},{\"@type\":\"ListItem\",\"position\":2,\"name\":\"Butik\",\"item\":\"https:\/\/masterchem.fi\/sv\/butik\/\"},{\"@type\":\"ListItem\",\"position\":3,\"name\":\"Ammoniumpersulfat (CAS 7727-54-0)\"}]},{\"@type\":\"WebSite\",\"@id\":\"https:\/\/masterchem.fi\/sv\/#website\",\"url\":\"https:\/\/masterchem.fi\/sv\/\",\"name\":\"MasterChem | kemikaalien tuotanto ja myynti\",\"description\":\"kemikaalien tuotanto ja myynti\",\"potentialAction\":[{\"@type\":\"SearchAction\",\"target\":{\"@type\":\"EntryPoint\",\"urlTemplate\":\"https:\/\/masterchem.fi\/sv\/?s={search_term_string}\"},\"query-input\":{\"@type\":\"PropertyValueSpecification\",\"valueRequired\":true,\"valueName\":\"search_term_string\"}}],\"inLanguage\":\"sv-SE\"}]}<\/script>\n<!-- \/ Yoast SEO plugin. -->","yoast_head_json":{"title":"Ammoniumpersulfat (CAS 7727-54-0) - MasterChem | kemikaalien tuotanto ja myynti","description":"Ammoniumpersulfat (APS) \u00e4r en oorganisk f\u00f6rening med formeln (NH4)2S2O8. Det \u00e4r ett f\u00e4rgl\u00f6st (vitt) salt som l\u00f6ser sig bra i vatten, mycket b\u00e4ttre \u00e4n motsvarande kaliumsalt.","robots":{"index":"index","follow":"follow","max-snippet":"max-snippet:-1","max-image-preview":"max-image-preview:large","max-video-preview":"max-video-preview:-1"},"canonical":"https:\/\/masterchem.fi\/sv\/produkt\/ammoniumpersulfat-cas-7727-54-0\/","og_locale":"sv_SE","og_type":"article","og_title":"Ammoniumpersulfat (CAS 7727-54-0) - MasterChem | kemikaalien tuotanto ja myynti","og_description":"Ammoniumpersulfat (APS) \u00e4r en oorganisk f\u00f6rening med formeln (NH4)2S2O8. Det \u00e4r ett f\u00e4rgl\u00f6st (vitt) salt som l\u00f6ser sig bra i vatten, mycket b\u00e4ttre \u00e4n motsvarande kaliumsalt.","og_url":"https:\/\/masterchem.fi\/sv\/produkt\/ammoniumpersulfat-cas-7727-54-0\/","og_site_name":"MasterChem | kemikaalien tuotanto ja myynti","article_modified_time":"2022-07-05T09:18:56+00:00","og_image":[{"width":1000,"height":1000,"url":"https:\/\/masterchem.fi\/wp-content\/uploads\/2022\/07\/Ammooniumpersulfaat-25kg-MasterChem.jpg","type":"image\/jpeg"}],"twitter_card":"summary_large_image","schema":{"@context":"https:\/\/schema.org","@graph":[{"@type":"WebPage","@id":"https:\/\/masterchem.fi\/sv\/produkt\/ammoniumpersulfat-cas-7727-54-0\/","url":"https:\/\/masterchem.fi\/sv\/produkt\/ammoniumpersulfat-cas-7727-54-0\/","name":"Ammoniumpersulfat (CAS 7727-54-0) - MasterChem | kemikaalien tuotanto ja myynti","isPartOf":{"@id":"https:\/\/masterchem.fi\/sv\/#website"},"primaryImageOfPage":{"@id":"https:\/\/masterchem.fi\/sv\/produkt\/ammoniumpersulfat-cas-7727-54-0\/#primaryimage"},"image":{"@id":"https:\/\/masterchem.fi\/sv\/produkt\/ammoniumpersulfat-cas-7727-54-0\/#primaryimage"},"thumbnailUrl":"https:\/\/masterchem.fi\/wp-content\/uploads\/2022\/07\/Ammooniumpersulfaat-25kg-MasterChem.jpg","datePublished":"2022-07-05T09:15:37+00:00","dateModified":"2022-07-05T09:18:56+00:00","description":"Ammoniumpersulfat (APS) \u00e4r en oorganisk f\u00f6rening med formeln (NH4)2S2O8. Det \u00e4r ett f\u00e4rgl\u00f6st (vitt) salt som l\u00f6ser sig bra i vatten, mycket b\u00e4ttre \u00e4n motsvarande kaliumsalt.","breadcrumb":{"@id":"https:\/\/masterchem.fi\/sv\/produkt\/ammoniumpersulfat-cas-7727-54-0\/#breadcrumb"},"inLanguage":"sv-SE","potentialAction":[{"@type":"ReadAction","target":["https:\/\/masterchem.fi\/sv\/produkt\/ammoniumpersulfat-cas-7727-54-0\/"]}]},{"@type":"ImageObject","inLanguage":"sv-SE","@id":"https:\/\/masterchem.fi\/sv\/produkt\/ammoniumpersulfat-cas-7727-54-0\/#primaryimage","url":"https:\/\/masterchem.fi\/wp-content\/uploads\/2022\/07\/Ammooniumpersulfaat-25kg-MasterChem.jpg","contentUrl":"https:\/\/masterchem.fi\/wp-content\/uploads\/2022\/07\/Ammooniumpersulfaat-25kg-MasterChem.jpg","width":1000,"height":1000,"caption":"Ammoniumpersulfat (CAS 7727-54-0) 25kg MasterChem"},{"@type":"BreadcrumbList","@id":"https:\/\/masterchem.fi\/sv\/produkt\/ammoniumpersulfat-cas-7727-54-0\/#breadcrumb","itemListElement":[{"@type":"ListItem","position":1,"name":"Home","item":"https:\/\/masterchem.fi\/sv\/"},{"@type":"ListItem","position":2,"name":"Butik","item":"https:\/\/masterchem.fi\/sv\/butik\/"},{"@type":"ListItem","position":3,"name":"Ammoniumpersulfat (CAS 7727-54-0)"}]},{"@type":"WebSite","@id":"https:\/\/masterchem.fi\/sv\/#website","url":"https:\/\/masterchem.fi\/sv\/","name":"MasterChem | kemikaalien tuotanto ja myynti","description":"kemikaalien tuotanto ja myynti","potentialAction":[{"@type":"SearchAction","target":{"@type":"EntryPoint","urlTemplate":"https:\/\/masterchem.fi\/sv\/?s={search_term_string}"},"query-input":{"@type":"PropertyValueSpecification","valueRequired":true,"valueName":"search_term_string"}}],"inLanguage":"sv-SE"}]}},"_links":{"self":[{"href":"https:\/\/masterchem.fi\/sv\/wp-json\/wp\/v2\/product\/10545","targetHints":{"allow":["GET"]}}],"collection":[{"href":"https:\/\/masterchem.fi\/sv\/wp-json\/wp\/v2\/product"}],"about":[{"href":"https:\/\/masterchem.fi\/sv\/wp-json\/wp\/v2\/types\/product"}],"wp:featuredmedia":[{"embeddable":true,"href":"https:\/\/masterchem.fi\/sv\/wp-json\/wp\/v2\/media\/10548"}],"wp:attachment":[{"href":"https:\/\/masterchem.fi\/sv\/wp-json\/wp\/v2\/media?parent=10545"}],"wp:term":[{"taxonomy":"product_brand","embeddable":true,"href":"https:\/\/masterchem.fi\/sv\/wp-json\/wp\/v2\/product_brand?post=10545"},{"taxonomy":"product_cat","embeddable":true,"href":"https:\/\/masterchem.fi\/sv\/wp-json\/wp\/v2\/product_cat?post=10545"},{"taxonomy":"product_tag","embeddable":true,"href":"https:\/\/masterchem.fi\/sv\/wp-json\/wp\/v2\/product_tag?post=10545"}],"curies":[{"name":"wp","href":"https:\/\/api.w.org\/{rel}","templated":true}]}}