{"id":10560,"date":"2022-07-05T12:56:43","date_gmt":"2022-07-05T09:56:44","guid":{"rendered":"https:\/\/masterchem.fi\/?post_type=product&#038;p=10560"},"modified":"2022-07-05T13:58:02","modified_gmt":"2022-07-05T10:58:02","slug":"mandelolja-cas-8007-69-0","status":"publish","type":"product","link":"https:\/\/masterchem.fi\/sv\/produkt\/mandelolja-cas-8007-69-0\/","title":{"rendered":"Mandelolja (CAS 8007-69-0)"},"content":{"rendered":"<p> <strong> Information<\/strong> <\/p>\n<p>Branscher: Kosmetikindustrin<br \/>\nCAS-nummer: 8007-69-0<br \/>\nWE-nummer: 291-061-4<\/p>\n<p><strong>Andra fysiska egenskaper<\/strong><br \/>\nRelativ densitet: ~0,92 g\/cm<\/p>\n","protected":false},"excerpt":{"rendered":"<p><strong>Mandelolja (CAS 8007-69-0)<\/strong><\/p>\n<p>Mandelolja \u00e4r bittermandelolja efter att ha tagit bort bl\u00e5v\u00e4tesyra. det \u00e4r en f\u00e4rgl\u00f6s till svagt gulaktig v\u00e4tska med en stark, \u00f6verv\u00e4gande mandelliknande arom. Det anv\u00e4nds fr\u00e4mst inom l\u00e4kemedels- och kosmetikindustrin och \u00e4ven som smak\u00e4mne f\u00f6r livsmedel. S\u00f6tmandelolja \u00e4r ett mjukg\u00f6rande medel med lugnande egenskaper.<\/p>\n<p>Mandelolja anv\u00e4nds terapeutiskt som ett mjukg\u00f6rande medel f\u00f6r att mjuka upp \u00f6ronvax. Som ett farmaceutiskt hj\u00e4lp\u00e4mne anv\u00e4nds det som en vehikel i parenterala preparat, s\u00e5som oljig fenolinjektion. Det anv\u00e4nds ocks\u00e5 i n\u00e4ssprayer och aktuella preparat. Mandelolja anv\u00e4nds ocks\u00e5 som n\u00e4rings\u00e4mne.<\/p>\n","protected":false},"featured_media":10581,"template":"","meta":[],"product_brand":[],"product_cat":[177,116],"product_tag":[],"class_list":{"0":"post-10560","1":"product","2":"type-product","3":"status-publish","4":"has-post-thumbnail","6":"product_cat-kosmetikindustrin","7":"product_cat-alla-produkter","9":"first","10":"outofstock","11":"taxable","12":"shipping-taxable","13":"purchasable","14":"product-type-variable","15":"has-default-attributes","16":"rtwpvg-product"},"yoast_head":"<!-- This site is optimized with the Yoast SEO plugin v27.2 - https:\/\/yoast.com\/product\/yoast-seo-wordpress\/ -->\n<title>Mandelolja (CAS 8007-69-0) - MasterChem | kemikaalien tuotanto ja myynti<\/title>\n<meta name=\"description\" content=\"Mandelolja \u00e4r bittermandelolja efter avl\u00e4gsnande av cyanv\u00e4tesyra. det \u00e4r en f\u00e4rgl\u00f6s till svagt gulaktig v\u00e4tska med en stark, \u00f6verv\u00e4gande mandelliknande arom.\" \/>\n<meta name=\"robots\" content=\"index, follow, max-snippet:-1, max-image-preview:large, max-video-preview:-1\" \/>\n<link rel=\"canonical\" href=\"https:\/\/masterchem.fi\/sv\/produkt\/mandelolja-cas-8007-69-0\/\" \/>\n<meta property=\"og:locale\" content=\"sv_SE\" \/>\n<meta property=\"og:type\" content=\"article\" \/>\n<meta property=\"og:title\" content=\"Mandelolja (CAS 8007-69-0) - MasterChem | kemikaalien tuotanto ja myynti\" \/>\n<meta property=\"og:description\" content=\"Mandelolja \u00e4r bittermandelolja efter avl\u00e4gsnande av cyanv\u00e4tesyra. det \u00e4r en f\u00e4rgl\u00f6s till svagt gulaktig v\u00e4tska med en stark, \u00f6verv\u00e4gande mandelliknande arom.\" \/>\n<meta property=\"og:url\" content=\"https:\/\/masterchem.fi\/sv\/produkt\/mandelolja-cas-8007-69-0\/\" \/>\n<meta property=\"og:site_name\" content=\"MasterChem | kemikaalien tuotanto ja myynti\" \/>\n<meta property=\"article:modified_time\" content=\"2022-07-05T10:58:02+00:00\" \/>\n<meta property=\"og:image\" content=\"https:\/\/masterchem.fi\/wp-content\/uploads\/2022\/07\/Mandlioli-1000l-MasterChem.jpg\" \/>\n\t<meta property=\"og:image:width\" content=\"1000\" \/>\n\t<meta property=\"og:image:height\" content=\"1000\" \/>\n\t<meta property=\"og:image:type\" content=\"image\/jpeg\" \/>\n<meta name=\"twitter:card\" content=\"summary_large_image\" \/>\n<script type=\"application\/ld+json\" class=\"yoast-schema-graph\">{\"@context\":\"https:\/\/schema.org\",\"@graph\":[{\"@type\":\"WebPage\",\"@id\":\"https:\/\/masterchem.fi\/sv\/produkt\/mandelolja-cas-8007-69-0\/\",\"url\":\"https:\/\/masterchem.fi\/sv\/produkt\/mandelolja-cas-8007-69-0\/\",\"name\":\"Mandelolja (CAS 8007-69-0) - MasterChem | kemikaalien tuotanto ja myynti\",\"isPartOf\":{\"@id\":\"https:\/\/masterchem.fi\/sv\/#website\"},\"primaryImageOfPage\":{\"@id\":\"https:\/\/masterchem.fi\/sv\/produkt\/mandelolja-cas-8007-69-0\/#primaryimage\"},\"image\":{\"@id\":\"https:\/\/masterchem.fi\/sv\/produkt\/mandelolja-cas-8007-69-0\/#primaryimage\"},\"thumbnailUrl\":\"https:\/\/masterchem.fi\/wp-content\/uploads\/2022\/07\/Mandlioli-1000l-MasterChem.jpg\",\"datePublished\":\"2022-07-05T09:56:44+00:00\",\"dateModified\":\"2022-07-05T10:58:02+00:00\",\"description\":\"Mandelolja \u00e4r bittermandelolja efter avl\u00e4gsnande av cyanv\u00e4tesyra. det \u00e4r en f\u00e4rgl\u00f6s till svagt gulaktig v\u00e4tska med en stark, \u00f6verv\u00e4gande mandelliknande arom.\",\"breadcrumb\":{\"@id\":\"https:\/\/masterchem.fi\/sv\/produkt\/mandelolja-cas-8007-69-0\/#breadcrumb\"},\"inLanguage\":\"sv-SE\",\"potentialAction\":[{\"@type\":\"ReadAction\",\"target\":[\"https:\/\/masterchem.fi\/sv\/produkt\/mandelolja-cas-8007-69-0\/\"]}]},{\"@type\":\"ImageObject\",\"inLanguage\":\"sv-SE\",\"@id\":\"https:\/\/masterchem.fi\/sv\/produkt\/mandelolja-cas-8007-69-0\/#primaryimage\",\"url\":\"https:\/\/masterchem.fi\/wp-content\/uploads\/2022\/07\/Mandlioli-1000l-MasterChem.jpg\",\"contentUrl\":\"https:\/\/masterchem.fi\/wp-content\/uploads\/2022\/07\/Mandlioli-1000l-MasterChem.jpg\",\"width\":1000,\"height\":1000,\"caption\":\"Mandelolja (CAS 8007-69-0) 500l MaterChem\"},{\"@type\":\"BreadcrumbList\",\"@id\":\"https:\/\/masterchem.fi\/sv\/produkt\/mandelolja-cas-8007-69-0\/#breadcrumb\",\"itemListElement\":[{\"@type\":\"ListItem\",\"position\":1,\"name\":\"Home\",\"item\":\"https:\/\/masterchem.fi\/sv\/\"},{\"@type\":\"ListItem\",\"position\":2,\"name\":\"Butik\",\"item\":\"https:\/\/masterchem.fi\/sv\/butik\/\"},{\"@type\":\"ListItem\",\"position\":3,\"name\":\"Mandelolja (CAS 8007-69-0)\"}]},{\"@type\":\"WebSite\",\"@id\":\"https:\/\/masterchem.fi\/sv\/#website\",\"url\":\"https:\/\/masterchem.fi\/sv\/\",\"name\":\"MasterChem | kemikaalien tuotanto ja myynti\",\"description\":\"kemikaalien tuotanto ja myynti\",\"potentialAction\":[{\"@type\":\"SearchAction\",\"target\":{\"@type\":\"EntryPoint\",\"urlTemplate\":\"https:\/\/masterchem.fi\/sv\/?s={search_term_string}\"},\"query-input\":{\"@type\":\"PropertyValueSpecification\",\"valueRequired\":true,\"valueName\":\"search_term_string\"}}],\"inLanguage\":\"sv-SE\"}]}<\/script>\n<!-- \/ Yoast SEO plugin. -->","yoast_head_json":{"title":"Mandelolja (CAS 8007-69-0) - MasterChem | kemikaalien tuotanto ja myynti","description":"Mandelolja \u00e4r bittermandelolja efter avl\u00e4gsnande av cyanv\u00e4tesyra. det \u00e4r en f\u00e4rgl\u00f6s till svagt gulaktig v\u00e4tska med en stark, \u00f6verv\u00e4gande mandelliknande arom.","robots":{"index":"index","follow":"follow","max-snippet":"max-snippet:-1","max-image-preview":"max-image-preview:large","max-video-preview":"max-video-preview:-1"},"canonical":"https:\/\/masterchem.fi\/sv\/produkt\/mandelolja-cas-8007-69-0\/","og_locale":"sv_SE","og_type":"article","og_title":"Mandelolja (CAS 8007-69-0) - MasterChem | kemikaalien tuotanto ja myynti","og_description":"Mandelolja \u00e4r bittermandelolja efter avl\u00e4gsnande av cyanv\u00e4tesyra. det \u00e4r en f\u00e4rgl\u00f6s till svagt gulaktig v\u00e4tska med en stark, \u00f6verv\u00e4gande mandelliknande arom.","og_url":"https:\/\/masterchem.fi\/sv\/produkt\/mandelolja-cas-8007-69-0\/","og_site_name":"MasterChem | kemikaalien tuotanto ja myynti","article_modified_time":"2022-07-05T10:58:02+00:00","og_image":[{"width":1000,"height":1000,"url":"https:\/\/masterchem.fi\/wp-content\/uploads\/2022\/07\/Mandlioli-1000l-MasterChem.jpg","type":"image\/jpeg"}],"twitter_card":"summary_large_image","schema":{"@context":"https:\/\/schema.org","@graph":[{"@type":"WebPage","@id":"https:\/\/masterchem.fi\/sv\/produkt\/mandelolja-cas-8007-69-0\/","url":"https:\/\/masterchem.fi\/sv\/produkt\/mandelolja-cas-8007-69-0\/","name":"Mandelolja (CAS 8007-69-0) - MasterChem | kemikaalien tuotanto ja myynti","isPartOf":{"@id":"https:\/\/masterchem.fi\/sv\/#website"},"primaryImageOfPage":{"@id":"https:\/\/masterchem.fi\/sv\/produkt\/mandelolja-cas-8007-69-0\/#primaryimage"},"image":{"@id":"https:\/\/masterchem.fi\/sv\/produkt\/mandelolja-cas-8007-69-0\/#primaryimage"},"thumbnailUrl":"https:\/\/masterchem.fi\/wp-content\/uploads\/2022\/07\/Mandlioli-1000l-MasterChem.jpg","datePublished":"2022-07-05T09:56:44+00:00","dateModified":"2022-07-05T10:58:02+00:00","description":"Mandelolja \u00e4r bittermandelolja efter avl\u00e4gsnande av cyanv\u00e4tesyra. det \u00e4r en f\u00e4rgl\u00f6s till svagt gulaktig v\u00e4tska med en stark, \u00f6verv\u00e4gande mandelliknande arom.","breadcrumb":{"@id":"https:\/\/masterchem.fi\/sv\/produkt\/mandelolja-cas-8007-69-0\/#breadcrumb"},"inLanguage":"sv-SE","potentialAction":[{"@type":"ReadAction","target":["https:\/\/masterchem.fi\/sv\/produkt\/mandelolja-cas-8007-69-0\/"]}]},{"@type":"ImageObject","inLanguage":"sv-SE","@id":"https:\/\/masterchem.fi\/sv\/produkt\/mandelolja-cas-8007-69-0\/#primaryimage","url":"https:\/\/masterchem.fi\/wp-content\/uploads\/2022\/07\/Mandlioli-1000l-MasterChem.jpg","contentUrl":"https:\/\/masterchem.fi\/wp-content\/uploads\/2022\/07\/Mandlioli-1000l-MasterChem.jpg","width":1000,"height":1000,"caption":"Mandelolja (CAS 8007-69-0) 500l MaterChem"},{"@type":"BreadcrumbList","@id":"https:\/\/masterchem.fi\/sv\/produkt\/mandelolja-cas-8007-69-0\/#breadcrumb","itemListElement":[{"@type":"ListItem","position":1,"name":"Home","item":"https:\/\/masterchem.fi\/sv\/"},{"@type":"ListItem","position":2,"name":"Butik","item":"https:\/\/masterchem.fi\/sv\/butik\/"},{"@type":"ListItem","position":3,"name":"Mandelolja (CAS 8007-69-0)"}]},{"@type":"WebSite","@id":"https:\/\/masterchem.fi\/sv\/#website","url":"https:\/\/masterchem.fi\/sv\/","name":"MasterChem | kemikaalien tuotanto ja myynti","description":"kemikaalien tuotanto ja myynti","potentialAction":[{"@type":"SearchAction","target":{"@type":"EntryPoint","urlTemplate":"https:\/\/masterchem.fi\/sv\/?s={search_term_string}"},"query-input":{"@type":"PropertyValueSpecification","valueRequired":true,"valueName":"search_term_string"}}],"inLanguage":"sv-SE"}]}},"_links":{"self":[{"href":"https:\/\/masterchem.fi\/sv\/wp-json\/wp\/v2\/product\/10560","targetHints":{"allow":["GET"]}}],"collection":[{"href":"https:\/\/masterchem.fi\/sv\/wp-json\/wp\/v2\/product"}],"about":[{"href":"https:\/\/masterchem.fi\/sv\/wp-json\/wp\/v2\/types\/product"}],"wp:featuredmedia":[{"embeddable":true,"href":"https:\/\/masterchem.fi\/sv\/wp-json\/wp\/v2\/media\/10581"}],"wp:attachment":[{"href":"https:\/\/masterchem.fi\/sv\/wp-json\/wp\/v2\/media?parent=10560"}],"wp:term":[{"taxonomy":"product_brand","embeddable":true,"href":"https:\/\/masterchem.fi\/sv\/wp-json\/wp\/v2\/product_brand?post=10560"},{"taxonomy":"product_cat","embeddable":true,"href":"https:\/\/masterchem.fi\/sv\/wp-json\/wp\/v2\/product_cat?post=10560"},{"taxonomy":"product_tag","embeddable":true,"href":"https:\/\/masterchem.fi\/sv\/wp-json\/wp\/v2\/product_tag?post=10560"}],"curies":[{"name":"wp","href":"https:\/\/api.w.org\/{rel}","templated":true}]}}