{"id":10591,"date":"2022-07-05T14:00:23","date_gmt":"2022-07-05T11:00:24","guid":{"rendered":"https:\/\/masterchem.fi\/?post_type=product&#038;p=10591"},"modified":"2022-07-05T14:06:17","modified_gmt":"2022-07-05T11:06:17","slug":"laurinsyra-cas-143-07-7","status":"publish","type":"product","link":"https:\/\/masterchem.fi\/sv\/produkt\/laurinsyra-cas-143-07-7\/","title":{"rendered":"Laurinsyra (CAS 143-07-7)"},"content":{"rendered":"<p> <strong> Information<\/strong> <\/p>\n<p>Branscher: Kosmetikindustrin<br \/>\nCAS-nummer: 143-07-7<br \/>\nWE-nummer: 205-582-1<br \/>\nKemisk formel: C12H24O2<br \/>\nMolekylvikt: 200 318 g\/mol<br \/>\nTulltaxekod: 29159030<\/p>\n<p><strong>Andra fysiska egenskaper<\/strong><br \/>\nSm\u00e4lt-\/fryspunkt: 43-44\u00b0C<br \/>\nKokpunkt\/intervall: 299\u00b0C (760 mmHg)<br \/>\nRelativ densitet: 1,0099 (35 \u00b0C)<br \/>\nL\u00f6slighet i vatten: 0,000481 g\/100 g (20\u00b0C)<\/p>\n","protected":false},"excerpt":{"rendered":"<p><strong>Laurinsyra (CAS 143-07-7)<\/strong><\/p>\n<p>Laurinsyra eller systematiskt dodekansyra \u00e4r en m\u00e4ttad fettsyra med en kedja av 12 kolatomer och har s\u00e5ledes m\u00e5nga egenskaper hos medelkedjiga fettsyror, det \u00e4r ett ljust vitt pulverformigt fast \u00e4mne med en svag lukt av laurb\u00e6rolja eller tv\u00e5l. Salterna och estrarna av laurinsyra \u00e4r k\u00e4nda som laurater.<\/p>\n<p>Laurinsyra var den mest eftertraktade komponenten vid tillverkning av h\u00f6gkvalitativ napalm. Av detta \u00e4r ~50 % f\u00f6restrat i fettsyrorna i kokosn\u00f6tolja.<\/p>\n","protected":false},"featured_media":10594,"template":"","meta":[],"product_brand":[],"product_cat":[116,177],"product_tag":[],"class_list":{"0":"post-10591","1":"product","2":"type-product","3":"status-publish","4":"has-post-thumbnail","6":"product_cat-alla-produkter","7":"product_cat-kosmetikindustrin","9":"first","10":"outofstock","11":"taxable","12":"shipping-taxable","13":"purchasable","14":"product-type-variable","15":"has-default-attributes","16":"rtwpvg-product"},"yoast_head":"<!-- This site is optimized with the Yoast SEO plugin v27.5 - https:\/\/yoast.com\/product\/yoast-seo-wordpress\/ -->\n<title>Laurinsyra (CAS 143-07-7) - MasterChem | kemikaalien tuotanto ja myynti<\/title>\n<meta name=\"description\" content=\"Laurinsyra, eller systematiskt dodekansyra, \u00e4r en m\u00e4ttad fettsyra med en kedja av 12 kolatomer och har s\u00e5ledes m\u00e5nga av egenskaperna hos medelkedjiga fettsyror, det \u00e4r ett ljust vitt, pulverformigt fast \u00e4mne med en svag lukt av laurb\u00e6rolja eller tv\u00e5l.\" \/>\n<meta name=\"robots\" content=\"index, follow, max-snippet:-1, max-image-preview:large, max-video-preview:-1\" \/>\n<link rel=\"canonical\" href=\"https:\/\/masterchem.fi\/sv\/produkt\/laurinsyra-cas-143-07-7\/\" \/>\n<meta property=\"og:locale\" content=\"sv_SE\" \/>\n<meta property=\"og:type\" content=\"article\" \/>\n<meta property=\"og:title\" content=\"Laurinsyra (CAS 143-07-7) - MasterChem | kemikaalien tuotanto ja myynti\" \/>\n<meta property=\"og:description\" content=\"Laurinsyra, eller systematiskt dodekansyra, \u00e4r en m\u00e4ttad fettsyra med en kedja av 12 kolatomer och har s\u00e5ledes m\u00e5nga av egenskaperna hos medelkedjiga fettsyror, det \u00e4r ett ljust vitt, pulverformigt fast \u00e4mne med en svag lukt av laurb\u00e6rolja eller tv\u00e5l.\" \/>\n<meta property=\"og:url\" content=\"https:\/\/masterchem.fi\/sv\/produkt\/laurinsyra-cas-143-07-7\/\" \/>\n<meta property=\"og:site_name\" content=\"MasterChem | kemikaalien tuotanto ja myynti\" \/>\n<meta property=\"article:modified_time\" content=\"2022-07-05T11:06:17+00:00\" \/>\n<meta property=\"og:image\" content=\"https:\/\/masterchem.fi\/wp-content\/uploads\/2022\/07\/Lauriinhape-25kg-MasterChem.jpg\" \/>\n\t<meta property=\"og:image:width\" content=\"1000\" \/>\n\t<meta property=\"og:image:height\" content=\"1000\" \/>\n\t<meta property=\"og:image:type\" content=\"image\/jpeg\" \/>\n<meta name=\"twitter:card\" content=\"summary_large_image\" \/>\n<script type=\"application\/ld+json\" class=\"yoast-schema-graph\">{\"@context\":\"https:\\\/\\\/schema.org\",\"@graph\":[{\"@type\":\"WebPage\",\"@id\":\"https:\\\/\\\/masterchem.fi\\\/sv\\\/produkt\\\/laurinsyra-cas-143-07-7\\\/\",\"url\":\"https:\\\/\\\/masterchem.fi\\\/sv\\\/produkt\\\/laurinsyra-cas-143-07-7\\\/\",\"name\":\"Laurinsyra (CAS 143-07-7) - MasterChem | kemikaalien tuotanto ja myynti\",\"isPartOf\":{\"@id\":\"https:\\\/\\\/masterchem.fi\\\/sv\\\/#website\"},\"primaryImageOfPage\":{\"@id\":\"https:\\\/\\\/masterchem.fi\\\/sv\\\/produkt\\\/laurinsyra-cas-143-07-7\\\/#primaryimage\"},\"image\":{\"@id\":\"https:\\\/\\\/masterchem.fi\\\/sv\\\/produkt\\\/laurinsyra-cas-143-07-7\\\/#primaryimage\"},\"thumbnailUrl\":\"https:\\\/\\\/masterchem.fi\\\/wp-content\\\/uploads\\\/2022\\\/07\\\/Lauriinhape-25kg-MasterChem.jpg\",\"datePublished\":\"2022-07-05T11:00:24+00:00\",\"dateModified\":\"2022-07-05T11:06:17+00:00\",\"description\":\"Laurinsyra, eller systematiskt dodekansyra, \u00e4r en m\u00e4ttad fettsyra med en kedja av 12 kolatomer och har s\u00e5ledes m\u00e5nga av egenskaperna hos medelkedjiga fettsyror, det \u00e4r ett ljust vitt, pulverformigt fast \u00e4mne med en svag lukt av laurb\u00e6rolja eller tv\u00e5l.\",\"breadcrumb\":{\"@id\":\"https:\\\/\\\/masterchem.fi\\\/sv\\\/produkt\\\/laurinsyra-cas-143-07-7\\\/#breadcrumb\"},\"inLanguage\":\"sv-SE\",\"potentialAction\":[{\"@type\":\"ReadAction\",\"target\":[\"https:\\\/\\\/masterchem.fi\\\/sv\\\/produkt\\\/laurinsyra-cas-143-07-7\\\/\"]}]},{\"@type\":\"ImageObject\",\"inLanguage\":\"sv-SE\",\"@id\":\"https:\\\/\\\/masterchem.fi\\\/sv\\\/produkt\\\/laurinsyra-cas-143-07-7\\\/#primaryimage\",\"url\":\"https:\\\/\\\/masterchem.fi\\\/wp-content\\\/uploads\\\/2022\\\/07\\\/Lauriinhape-25kg-MasterChem.jpg\",\"contentUrl\":\"https:\\\/\\\/masterchem.fi\\\/wp-content\\\/uploads\\\/2022\\\/07\\\/Lauriinhape-25kg-MasterChem.jpg\",\"width\":1000,\"height\":1000,\"caption\":\"Laurinsyra (CAS 143-07-7) 25kg MasterChem\"},{\"@type\":\"BreadcrumbList\",\"@id\":\"https:\\\/\\\/masterchem.fi\\\/sv\\\/produkt\\\/laurinsyra-cas-143-07-7\\\/#breadcrumb\",\"itemListElement\":[{\"@type\":\"ListItem\",\"position\":1,\"name\":\"Home\",\"item\":\"https:\\\/\\\/masterchem.fi\\\/sv\\\/\"},{\"@type\":\"ListItem\",\"position\":2,\"name\":\"Butik\",\"item\":\"https:\\\/\\\/masterchem.fi\\\/sv\\\/butik\\\/\"},{\"@type\":\"ListItem\",\"position\":3,\"name\":\"Laurinsyra (CAS 143-07-7)\"}]},{\"@type\":\"WebSite\",\"@id\":\"https:\\\/\\\/masterchem.fi\\\/sv\\\/#website\",\"url\":\"https:\\\/\\\/masterchem.fi\\\/sv\\\/\",\"name\":\"MasterChem | kemikaalien tuotanto ja myynti\",\"description\":\"kemikaalien tuotanto ja myynti\",\"potentialAction\":[{\"@type\":\"SearchAction\",\"target\":{\"@type\":\"EntryPoint\",\"urlTemplate\":\"https:\\\/\\\/masterchem.fi\\\/sv\\\/?s={search_term_string}\"},\"query-input\":{\"@type\":\"PropertyValueSpecification\",\"valueRequired\":true,\"valueName\":\"search_term_string\"}}],\"inLanguage\":\"sv-SE\"}]}<\/script>\n<!-- \/ Yoast SEO plugin. -->","yoast_head_json":{"title":"Laurinsyra (CAS 143-07-7) - MasterChem | kemikaalien tuotanto ja myynti","description":"Laurinsyra, eller systematiskt dodekansyra, \u00e4r en m\u00e4ttad fettsyra med en kedja av 12 kolatomer och har s\u00e5ledes m\u00e5nga av egenskaperna hos medelkedjiga fettsyror, det \u00e4r ett ljust vitt, pulverformigt fast \u00e4mne med en svag lukt av laurb\u00e6rolja eller tv\u00e5l.","robots":{"index":"index","follow":"follow","max-snippet":"max-snippet:-1","max-image-preview":"max-image-preview:large","max-video-preview":"max-video-preview:-1"},"canonical":"https:\/\/masterchem.fi\/sv\/produkt\/laurinsyra-cas-143-07-7\/","og_locale":"sv_SE","og_type":"article","og_title":"Laurinsyra (CAS 143-07-7) - MasterChem | kemikaalien tuotanto ja myynti","og_description":"Laurinsyra, eller systematiskt dodekansyra, \u00e4r en m\u00e4ttad fettsyra med en kedja av 12 kolatomer och har s\u00e5ledes m\u00e5nga av egenskaperna hos medelkedjiga fettsyror, det \u00e4r ett ljust vitt, pulverformigt fast \u00e4mne med en svag lukt av laurb\u00e6rolja eller tv\u00e5l.","og_url":"https:\/\/masterchem.fi\/sv\/produkt\/laurinsyra-cas-143-07-7\/","og_site_name":"MasterChem | kemikaalien tuotanto ja myynti","article_modified_time":"2022-07-05T11:06:17+00:00","og_image":[{"width":1000,"height":1000,"url":"https:\/\/masterchem.fi\/wp-content\/uploads\/2022\/07\/Lauriinhape-25kg-MasterChem.jpg","type":"image\/jpeg"}],"twitter_card":"summary_large_image","schema":{"@context":"https:\/\/schema.org","@graph":[{"@type":"WebPage","@id":"https:\/\/masterchem.fi\/sv\/produkt\/laurinsyra-cas-143-07-7\/","url":"https:\/\/masterchem.fi\/sv\/produkt\/laurinsyra-cas-143-07-7\/","name":"Laurinsyra (CAS 143-07-7) - MasterChem | kemikaalien tuotanto ja myynti","isPartOf":{"@id":"https:\/\/masterchem.fi\/sv\/#website"},"primaryImageOfPage":{"@id":"https:\/\/masterchem.fi\/sv\/produkt\/laurinsyra-cas-143-07-7\/#primaryimage"},"image":{"@id":"https:\/\/masterchem.fi\/sv\/produkt\/laurinsyra-cas-143-07-7\/#primaryimage"},"thumbnailUrl":"https:\/\/masterchem.fi\/wp-content\/uploads\/2022\/07\/Lauriinhape-25kg-MasterChem.jpg","datePublished":"2022-07-05T11:00:24+00:00","dateModified":"2022-07-05T11:06:17+00:00","description":"Laurinsyra, eller systematiskt dodekansyra, \u00e4r en m\u00e4ttad fettsyra med en kedja av 12 kolatomer och har s\u00e5ledes m\u00e5nga av egenskaperna hos medelkedjiga fettsyror, det \u00e4r ett ljust vitt, pulverformigt fast \u00e4mne med en svag lukt av laurb\u00e6rolja eller tv\u00e5l.","breadcrumb":{"@id":"https:\/\/masterchem.fi\/sv\/produkt\/laurinsyra-cas-143-07-7\/#breadcrumb"},"inLanguage":"sv-SE","potentialAction":[{"@type":"ReadAction","target":["https:\/\/masterchem.fi\/sv\/produkt\/laurinsyra-cas-143-07-7\/"]}]},{"@type":"ImageObject","inLanguage":"sv-SE","@id":"https:\/\/masterchem.fi\/sv\/produkt\/laurinsyra-cas-143-07-7\/#primaryimage","url":"https:\/\/masterchem.fi\/wp-content\/uploads\/2022\/07\/Lauriinhape-25kg-MasterChem.jpg","contentUrl":"https:\/\/masterchem.fi\/wp-content\/uploads\/2022\/07\/Lauriinhape-25kg-MasterChem.jpg","width":1000,"height":1000,"caption":"Laurinsyra (CAS 143-07-7) 25kg MasterChem"},{"@type":"BreadcrumbList","@id":"https:\/\/masterchem.fi\/sv\/produkt\/laurinsyra-cas-143-07-7\/#breadcrumb","itemListElement":[{"@type":"ListItem","position":1,"name":"Home","item":"https:\/\/masterchem.fi\/sv\/"},{"@type":"ListItem","position":2,"name":"Butik","item":"https:\/\/masterchem.fi\/sv\/butik\/"},{"@type":"ListItem","position":3,"name":"Laurinsyra (CAS 143-07-7)"}]},{"@type":"WebSite","@id":"https:\/\/masterchem.fi\/sv\/#website","url":"https:\/\/masterchem.fi\/sv\/","name":"MasterChem | kemikaalien tuotanto ja myynti","description":"kemikaalien tuotanto ja myynti","potentialAction":[{"@type":"SearchAction","target":{"@type":"EntryPoint","urlTemplate":"https:\/\/masterchem.fi\/sv\/?s={search_term_string}"},"query-input":{"@type":"PropertyValueSpecification","valueRequired":true,"valueName":"search_term_string"}}],"inLanguage":"sv-SE"}]}},"_links":{"self":[{"href":"https:\/\/masterchem.fi\/sv\/wp-json\/wp\/v2\/product\/10591","targetHints":{"allow":["GET"]}}],"collection":[{"href":"https:\/\/masterchem.fi\/sv\/wp-json\/wp\/v2\/product"}],"about":[{"href":"https:\/\/masterchem.fi\/sv\/wp-json\/wp\/v2\/types\/product"}],"wp:featuredmedia":[{"embeddable":true,"href":"https:\/\/masterchem.fi\/sv\/wp-json\/wp\/v2\/media\/10594"}],"wp:attachment":[{"href":"https:\/\/masterchem.fi\/sv\/wp-json\/wp\/v2\/media?parent=10591"}],"wp:term":[{"taxonomy":"product_brand","embeddable":true,"href":"https:\/\/masterchem.fi\/sv\/wp-json\/wp\/v2\/product_brand?post=10591"},{"taxonomy":"product_cat","embeddable":true,"href":"https:\/\/masterchem.fi\/sv\/wp-json\/wp\/v2\/product_cat?post=10591"},{"taxonomy":"product_tag","embeddable":true,"href":"https:\/\/masterchem.fi\/sv\/wp-json\/wp\/v2\/product_tag?post=10591"}],"curies":[{"name":"wp","href":"https:\/\/api.w.org\/{rel}","templated":true}]}}