{"id":10598,"date":"2022-07-05T14:08:35","date_gmt":"2022-07-05T11:08:35","guid":{"rendered":"https:\/\/masterchem.fi\/?post_type=product&#038;p=10598"},"modified":"2022-07-05T14:12:07","modified_gmt":"2022-07-05T11:12:07","slug":"sodium-laureth-sulfate-sles-70-cas-9004-82-4","status":"publish","type":"product","link":"https:\/\/masterchem.fi\/sv\/produkt\/sodium-laureth-sulfate-sles-70-cas-9004-82-4\/","title":{"rendered":"Sodium laureth sulfate (SLES) 70 (CAS 9004-82-4)"},"content":{"rendered":"<p> <strong> Information<\/strong> <\/p>\n<p>Bransch: hush\u00e5llskemikalier, kosmetikaindustrin<br \/>\nCAS-nummer: 9004-82-4<\/p>\n<p><strong>Andra fysiska egenskaper<\/strong><br \/>\npH: 7,0 \u2013 10,0 (5 % vikt 20\u00b0C)<br \/>\nSm\u00e4lt-\/fryspunkt: <5\u00b0C<br \/>\nKokpunkt\/intervall: >100\u00b0C<\/p>\n","protected":false},"excerpt":{"rendered":"<p><strong>Sodium laureth sulfate (SLES) 70 (CAS 9004-82-4)<\/strong><\/p>\n<p>Natriumlaurylpolyoxietylenetersulfat, \u00e4ven k\u00e4nd som Sodium laureth sulfate (SLES), \u00e4r ett anjoniskt reng\u00f6ringsmedel och ytaktivt \u00e4mne som ing\u00e5r i m\u00e5nga personliga v\u00e5rdprodukter (tv\u00e5l, schampo, tandkr\u00e4m, etc.). Det \u00e4r ett billigt och mycket effektivt skummedel1. Det anv\u00e4nds ocks\u00e5 i stor utstr\u00e4ckning i reng\u00f6ringsprodukter och kosmetika. Dess anv\u00e4ndning i dessa produkter har noggrant utv\u00e4rderats och fastst\u00e4llts vara s\u00e4ker f\u00f6r konsumenter och milj\u00f62. Denna f\u00f6rening kan dock irritera \u00f6gon och hud och kan inneh\u00e5lla cancerframkallande \u00e4mnen dioxan. Association of Cosmetics, Hygiene Products and Fragrances rekommenderar inte l\u00e5ngvarig anv\u00e4ndning av SLES, f\u00f6rutom i mycket l\u00e5ga koncentrationer. Enligt en studie fr\u00e5n US Environmental Protection Agency orsakade natriumlaurethsulfat som anv\u00e4ndes i koncentrationer \u00f6ver 5 procent allvarlig irritation, h\u00e5ravfall och d\u00f6d hos f\u00f6rs\u00f6ksdjur. Trots kontroversen \u00e4r SLES en vanlig f\u00f6rening.<\/p>\n","protected":false},"featured_media":10601,"template":"","meta":[],"product_brand":[],"product_cat":[105,116,177],"product_tag":[],"class_list":{"0":"post-10598","1":"product","2":"type-product","3":"status-publish","4":"has-post-thumbnail","6":"product_cat-hushallskemikalier-sv","7":"product_cat-alla-produkter","8":"product_cat-kosmetikindustrin","10":"first","11":"outofstock","12":"taxable","13":"shipping-taxable","14":"purchasable","15":"product-type-variable","16":"has-default-attributes","17":"rtwpvg-product"},"yoast_head":"<!-- This site is optimized with the Yoast SEO plugin v27.2 - https:\/\/yoast.com\/product\/yoast-seo-wordpress\/ -->\n<title>Sodium laureth sulfate (SLES) 70 (CAS 9004-82-4) - MasterChem | kemikaalien tuotanto ja myynti<\/title>\n<meta name=\"description\" content=\"Natriumlaurylpolyoxietylenetersulfat, \u00e4ven k\u00e4nt som sodium laureth sulfate (SLES), \u00e4r ett anjoniskt reng\u00f6ringsmedel och ytaktivt \u00e4mne som ing\u00e5r i m\u00e5nga personliga v\u00e5rdprodukter\" \/>\n<meta name=\"robots\" content=\"index, follow, max-snippet:-1, max-image-preview:large, max-video-preview:-1\" \/>\n<link rel=\"canonical\" href=\"https:\/\/masterchem.fi\/sv\/produkt\/sodium-laureth-sulfate-sles-70-cas-9004-82-4\/\" \/>\n<meta property=\"og:locale\" content=\"sv_SE\" \/>\n<meta property=\"og:type\" content=\"article\" \/>\n<meta property=\"og:title\" content=\"Sodium laureth sulfate (SLES) 70 (CAS 9004-82-4) - MasterChem | kemikaalien tuotanto ja myynti\" \/>\n<meta property=\"og:description\" content=\"Natriumlaurylpolyoxietylenetersulfat, \u00e4ven k\u00e4nt som sodium laureth sulfate (SLES), \u00e4r ett anjoniskt reng\u00f6ringsmedel och ytaktivt \u00e4mne som ing\u00e5r i m\u00e5nga personliga v\u00e5rdprodukter\" \/>\n<meta property=\"og:url\" content=\"https:\/\/masterchem.fi\/sv\/produkt\/sodium-laureth-sulfate-sles-70-cas-9004-82-4\/\" \/>\n<meta property=\"og:site_name\" content=\"MasterChem | kemikaalien tuotanto ja myynti\" \/>\n<meta property=\"article:modified_time\" content=\"2022-07-05T11:12:07+00:00\" \/>\n<meta property=\"og:image\" content=\"https:\/\/masterchem.fi\/wp-content\/uploads\/2022\/07\/Naatriumlauretsulfaat-SLES-25kg-MasterChem.jpg\" \/>\n\t<meta property=\"og:image:width\" content=\"1000\" \/>\n\t<meta property=\"og:image:height\" content=\"1000\" \/>\n\t<meta property=\"og:image:type\" content=\"image\/jpeg\" \/>\n<meta name=\"twitter:card\" content=\"summary_large_image\" \/>\n<script type=\"application\/ld+json\" class=\"yoast-schema-graph\">{\"@context\":\"https:\/\/schema.org\",\"@graph\":[{\"@type\":\"WebPage\",\"@id\":\"https:\/\/masterchem.fi\/sv\/produkt\/sodium-laureth-sulfate-sles-70-cas-9004-82-4\/\",\"url\":\"https:\/\/masterchem.fi\/sv\/produkt\/sodium-laureth-sulfate-sles-70-cas-9004-82-4\/\",\"name\":\"Sodium laureth sulfate (SLES) 70 (CAS 9004-82-4) - MasterChem | kemikaalien tuotanto ja myynti\",\"isPartOf\":{\"@id\":\"https:\/\/masterchem.fi\/sv\/#website\"},\"primaryImageOfPage\":{\"@id\":\"https:\/\/masterchem.fi\/sv\/produkt\/sodium-laureth-sulfate-sles-70-cas-9004-82-4\/#primaryimage\"},\"image\":{\"@id\":\"https:\/\/masterchem.fi\/sv\/produkt\/sodium-laureth-sulfate-sles-70-cas-9004-82-4\/#primaryimage\"},\"thumbnailUrl\":\"https:\/\/masterchem.fi\/wp-content\/uploads\/2022\/07\/Naatriumlauretsulfaat-SLES-25kg-MasterChem.jpg\",\"datePublished\":\"2022-07-05T11:08:35+00:00\",\"dateModified\":\"2022-07-05T11:12:07+00:00\",\"description\":\"Natriumlaurylpolyoxietylenetersulfat, \u00e4ven k\u00e4nt som sodium laureth sulfate (SLES), \u00e4r ett anjoniskt reng\u00f6ringsmedel och ytaktivt \u00e4mne som ing\u00e5r i m\u00e5nga personliga v\u00e5rdprodukter\",\"breadcrumb\":{\"@id\":\"https:\/\/masterchem.fi\/sv\/produkt\/sodium-laureth-sulfate-sles-70-cas-9004-82-4\/#breadcrumb\"},\"inLanguage\":\"sv-SE\",\"potentialAction\":[{\"@type\":\"ReadAction\",\"target\":[\"https:\/\/masterchem.fi\/sv\/produkt\/sodium-laureth-sulfate-sles-70-cas-9004-82-4\/\"]}]},{\"@type\":\"ImageObject\",\"inLanguage\":\"sv-SE\",\"@id\":\"https:\/\/masterchem.fi\/sv\/produkt\/sodium-laureth-sulfate-sles-70-cas-9004-82-4\/#primaryimage\",\"url\":\"https:\/\/masterchem.fi\/wp-content\/uploads\/2022\/07\/Naatriumlauretsulfaat-SLES-25kg-MasterChem.jpg\",\"contentUrl\":\"https:\/\/masterchem.fi\/wp-content\/uploads\/2022\/07\/Naatriumlauretsulfaat-SLES-25kg-MasterChem.jpg\",\"width\":1000,\"height\":1000,\"caption\":\"Sodium laureth sulfate (SLES) 70 (CAS 9004-82-4) 25kg MasterChem\"},{\"@type\":\"BreadcrumbList\",\"@id\":\"https:\/\/masterchem.fi\/sv\/produkt\/sodium-laureth-sulfate-sles-70-cas-9004-82-4\/#breadcrumb\",\"itemListElement\":[{\"@type\":\"ListItem\",\"position\":1,\"name\":\"Home\",\"item\":\"https:\/\/masterchem.fi\/sv\/\"},{\"@type\":\"ListItem\",\"position\":2,\"name\":\"Butik\",\"item\":\"https:\/\/masterchem.fi\/sv\/butik\/\"},{\"@type\":\"ListItem\",\"position\":3,\"name\":\"Sodium laureth sulfate (SLES) 70 (CAS 9004-82-4)\"}]},{\"@type\":\"WebSite\",\"@id\":\"https:\/\/masterchem.fi\/sv\/#website\",\"url\":\"https:\/\/masterchem.fi\/sv\/\",\"name\":\"MasterChem | kemikaalien tuotanto ja myynti\",\"description\":\"kemikaalien tuotanto ja myynti\",\"potentialAction\":[{\"@type\":\"SearchAction\",\"target\":{\"@type\":\"EntryPoint\",\"urlTemplate\":\"https:\/\/masterchem.fi\/sv\/?s={search_term_string}\"},\"query-input\":{\"@type\":\"PropertyValueSpecification\",\"valueRequired\":true,\"valueName\":\"search_term_string\"}}],\"inLanguage\":\"sv-SE\"}]}<\/script>\n<!-- \/ Yoast SEO plugin. -->","yoast_head_json":{"title":"Sodium laureth sulfate (SLES) 70 (CAS 9004-82-4) - MasterChem | kemikaalien tuotanto ja myynti","description":"Natriumlaurylpolyoxietylenetersulfat, \u00e4ven k\u00e4nt som sodium laureth sulfate (SLES), \u00e4r ett anjoniskt reng\u00f6ringsmedel och ytaktivt \u00e4mne som ing\u00e5r i m\u00e5nga personliga v\u00e5rdprodukter","robots":{"index":"index","follow":"follow","max-snippet":"max-snippet:-1","max-image-preview":"max-image-preview:large","max-video-preview":"max-video-preview:-1"},"canonical":"https:\/\/masterchem.fi\/sv\/produkt\/sodium-laureth-sulfate-sles-70-cas-9004-82-4\/","og_locale":"sv_SE","og_type":"article","og_title":"Sodium laureth sulfate (SLES) 70 (CAS 9004-82-4) - MasterChem | kemikaalien tuotanto ja myynti","og_description":"Natriumlaurylpolyoxietylenetersulfat, \u00e4ven k\u00e4nt som sodium laureth sulfate (SLES), \u00e4r ett anjoniskt reng\u00f6ringsmedel och ytaktivt \u00e4mne som ing\u00e5r i m\u00e5nga personliga v\u00e5rdprodukter","og_url":"https:\/\/masterchem.fi\/sv\/produkt\/sodium-laureth-sulfate-sles-70-cas-9004-82-4\/","og_site_name":"MasterChem | kemikaalien tuotanto ja myynti","article_modified_time":"2022-07-05T11:12:07+00:00","og_image":[{"width":1000,"height":1000,"url":"https:\/\/masterchem.fi\/wp-content\/uploads\/2022\/07\/Naatriumlauretsulfaat-SLES-25kg-MasterChem.jpg","type":"image\/jpeg"}],"twitter_card":"summary_large_image","schema":{"@context":"https:\/\/schema.org","@graph":[{"@type":"WebPage","@id":"https:\/\/masterchem.fi\/sv\/produkt\/sodium-laureth-sulfate-sles-70-cas-9004-82-4\/","url":"https:\/\/masterchem.fi\/sv\/produkt\/sodium-laureth-sulfate-sles-70-cas-9004-82-4\/","name":"Sodium laureth sulfate (SLES) 70 (CAS 9004-82-4) - MasterChem | kemikaalien tuotanto ja myynti","isPartOf":{"@id":"https:\/\/masterchem.fi\/sv\/#website"},"primaryImageOfPage":{"@id":"https:\/\/masterchem.fi\/sv\/produkt\/sodium-laureth-sulfate-sles-70-cas-9004-82-4\/#primaryimage"},"image":{"@id":"https:\/\/masterchem.fi\/sv\/produkt\/sodium-laureth-sulfate-sles-70-cas-9004-82-4\/#primaryimage"},"thumbnailUrl":"https:\/\/masterchem.fi\/wp-content\/uploads\/2022\/07\/Naatriumlauretsulfaat-SLES-25kg-MasterChem.jpg","datePublished":"2022-07-05T11:08:35+00:00","dateModified":"2022-07-05T11:12:07+00:00","description":"Natriumlaurylpolyoxietylenetersulfat, \u00e4ven k\u00e4nt som sodium laureth sulfate (SLES), \u00e4r ett anjoniskt reng\u00f6ringsmedel och ytaktivt \u00e4mne som ing\u00e5r i m\u00e5nga personliga v\u00e5rdprodukter","breadcrumb":{"@id":"https:\/\/masterchem.fi\/sv\/produkt\/sodium-laureth-sulfate-sles-70-cas-9004-82-4\/#breadcrumb"},"inLanguage":"sv-SE","potentialAction":[{"@type":"ReadAction","target":["https:\/\/masterchem.fi\/sv\/produkt\/sodium-laureth-sulfate-sles-70-cas-9004-82-4\/"]}]},{"@type":"ImageObject","inLanguage":"sv-SE","@id":"https:\/\/masterchem.fi\/sv\/produkt\/sodium-laureth-sulfate-sles-70-cas-9004-82-4\/#primaryimage","url":"https:\/\/masterchem.fi\/wp-content\/uploads\/2022\/07\/Naatriumlauretsulfaat-SLES-25kg-MasterChem.jpg","contentUrl":"https:\/\/masterchem.fi\/wp-content\/uploads\/2022\/07\/Naatriumlauretsulfaat-SLES-25kg-MasterChem.jpg","width":1000,"height":1000,"caption":"Sodium laureth sulfate (SLES) 70 (CAS 9004-82-4) 25kg MasterChem"},{"@type":"BreadcrumbList","@id":"https:\/\/masterchem.fi\/sv\/produkt\/sodium-laureth-sulfate-sles-70-cas-9004-82-4\/#breadcrumb","itemListElement":[{"@type":"ListItem","position":1,"name":"Home","item":"https:\/\/masterchem.fi\/sv\/"},{"@type":"ListItem","position":2,"name":"Butik","item":"https:\/\/masterchem.fi\/sv\/butik\/"},{"@type":"ListItem","position":3,"name":"Sodium laureth sulfate (SLES) 70 (CAS 9004-82-4)"}]},{"@type":"WebSite","@id":"https:\/\/masterchem.fi\/sv\/#website","url":"https:\/\/masterchem.fi\/sv\/","name":"MasterChem | kemikaalien tuotanto ja myynti","description":"kemikaalien tuotanto ja myynti","potentialAction":[{"@type":"SearchAction","target":{"@type":"EntryPoint","urlTemplate":"https:\/\/masterchem.fi\/sv\/?s={search_term_string}"},"query-input":{"@type":"PropertyValueSpecification","valueRequired":true,"valueName":"search_term_string"}}],"inLanguage":"sv-SE"}]}},"_links":{"self":[{"href":"https:\/\/masterchem.fi\/sv\/wp-json\/wp\/v2\/product\/10598","targetHints":{"allow":["GET"]}}],"collection":[{"href":"https:\/\/masterchem.fi\/sv\/wp-json\/wp\/v2\/product"}],"about":[{"href":"https:\/\/masterchem.fi\/sv\/wp-json\/wp\/v2\/types\/product"}],"wp:featuredmedia":[{"embeddable":true,"href":"https:\/\/masterchem.fi\/sv\/wp-json\/wp\/v2\/media\/10601"}],"wp:attachment":[{"href":"https:\/\/masterchem.fi\/sv\/wp-json\/wp\/v2\/media?parent=10598"}],"wp:term":[{"taxonomy":"product_brand","embeddable":true,"href":"https:\/\/masterchem.fi\/sv\/wp-json\/wp\/v2\/product_brand?post=10598"},{"taxonomy":"product_cat","embeddable":true,"href":"https:\/\/masterchem.fi\/sv\/wp-json\/wp\/v2\/product_cat?post=10598"},{"taxonomy":"product_tag","embeddable":true,"href":"https:\/\/masterchem.fi\/sv\/wp-json\/wp\/v2\/product_tag?post=10598"}],"curies":[{"name":"wp","href":"https:\/\/api.w.org\/{rel}","templated":true}]}}