{"id":10605,"date":"2022-07-05T14:22:40","date_gmt":"2022-07-05T11:22:41","guid":{"rendered":"https:\/\/masterchem.fi\/?post_type=product&#038;p=10605"},"modified":"2022-07-05T14:26:31","modified_gmt":"2022-07-05T11:26:31","slug":"dihydroxiaceton-cas-96-26-4","status":"publish","type":"product","link":"https:\/\/masterchem.fi\/sv\/produkt\/dihydroxiaceton-cas-96-26-4\/","title":{"rendered":"Dihydroxiaceton (CAS 96-26-4)"},"content":{"rendered":"<p> <strong> Information<\/strong> <\/p>\n<p>Branscher: kosmetikindustri, l\u00e4kemedelsindustri<br \/>\nCAS-nummer: 96-26-4<br \/>\nKemisk formel: C3H6O3<br \/>\nMolekylvikt: 90,1 g\/mol<br \/>\nTulltaxekod: 29144090<\/p>\n<p><strong>Andra fysiska egenskaper<\/strong><br \/>\npH: 4-6<br \/>\nSm\u00e4lt-\/fryspunkt: 96,5\u00b0C<br \/>\nKokpunkt\/intervall: 188\u00b0C<br \/>\nRelativ densitet: 1,52 g\/cm3 (20\u00b0C)<br \/>\nL\u00f6slighet i vatten: 930 g\/l (20\u00b0C)<\/p>\n","protected":false},"excerpt":{"rendered":"<p><strong>Dihydroxiaceton (CAS 96-26-4)<\/strong><\/p>\n<p>Dihydroxiaceton, \u00e4ven k\u00e4nd som glycerin, \u00e4r en enkel sackarid (trios) med formeln C3H6O3.<\/p>\n<p>DHA anv\u00e4nds fr\u00e4mst som ingrediens i solfria solbr\u00e4nningsprodukter. Det erh\u00e5lls ofta fr\u00e5n v\u00e4xtk\u00e4llor, s\u00e5som sockerbetor och sockerr\u00f6r, och fr\u00e5n j\u00e4sning av glycerin.<\/p>\n<p>DHA \u00e4r ett hygroskopiskt vitt kristallint pulver. Den har en s\u00f6t svalkande smak och karakteristisk lukt. Det \u00e4r den enklaste av alla ketoser och har inget kiralt centrum eller optisk aktivitet. Den normala formen \u00e4r en dimer (2,5-bis(hydroximetyl)-1,4-dioxan-2,5-diol) som l\u00f6ses l\u00e5ngsamt i 1 del vatten och 15 delar etanol. N\u00e4r den \u00e4r nyberedd \u00e5terg\u00e5r den snabbt till monomeren i l\u00f6sning.<\/p>\n","protected":false},"featured_media":10608,"template":"","meta":[],"product_brand":[],"product_cat":[116,177,106],"product_tag":[],"class_list":{"0":"post-10605","1":"product","2":"type-product","3":"status-publish","4":"has-post-thumbnail","6":"product_cat-alla-produkter","7":"product_cat-kosmetikindustrin","8":"product_cat-lakemedelsindustri","10":"first","11":"outofstock","12":"taxable","13":"shipping-taxable","14":"purchasable","15":"product-type-variable","16":"has-default-attributes","17":"rtwpvg-product"},"yoast_head":"<!-- This site is optimized with the Yoast SEO plugin v27.2 - https:\/\/yoast.com\/product\/yoast-seo-wordpress\/ -->\n<title>Dihydroxiaceton (CAS 96-26-4) - MasterChem | kemikaalien tuotanto ja myynti<\/title>\n<meta name=\"description\" content=\"Dihydroxiaceton, \u00e4ven k\u00e4nd som glycerin, \u00e4r en enkel sackarid (trios) med formeln C3H6O3.\" \/>\n<meta name=\"robots\" content=\"index, follow, max-snippet:-1, max-image-preview:large, max-video-preview:-1\" \/>\n<link rel=\"canonical\" href=\"https:\/\/masterchem.fi\/sv\/produkt\/dihydroxiaceton-cas-96-26-4\/\" \/>\n<meta property=\"og:locale\" content=\"sv_SE\" \/>\n<meta property=\"og:type\" content=\"article\" \/>\n<meta property=\"og:title\" content=\"Dihydroxiaceton (CAS 96-26-4) - MasterChem | kemikaalien tuotanto ja myynti\" \/>\n<meta property=\"og:description\" content=\"Dihydroxiaceton, \u00e4ven k\u00e4nd som glycerin, \u00e4r en enkel sackarid (trios) med formeln C3H6O3.\" \/>\n<meta property=\"og:url\" content=\"https:\/\/masterchem.fi\/sv\/produkt\/dihydroxiaceton-cas-96-26-4\/\" \/>\n<meta property=\"og:site_name\" content=\"MasterChem | kemikaalien tuotanto ja myynti\" \/>\n<meta property=\"article:modified_time\" content=\"2022-07-05T11:26:31+00:00\" \/>\n<meta property=\"og:image\" content=\"https:\/\/masterchem.fi\/wp-content\/uploads\/2022\/07\/Dihudroksuatsetoon-25kg-MasterChem.jpg\" \/>\n\t<meta property=\"og:image:width\" content=\"1000\" \/>\n\t<meta property=\"og:image:height\" content=\"1000\" \/>\n\t<meta property=\"og:image:type\" content=\"image\/jpeg\" \/>\n<meta name=\"twitter:card\" content=\"summary_large_image\" \/>\n<script type=\"application\/ld+json\" class=\"yoast-schema-graph\">{\"@context\":\"https:\/\/schema.org\",\"@graph\":[{\"@type\":\"WebPage\",\"@id\":\"https:\/\/masterchem.fi\/sv\/produkt\/dihydroxiaceton-cas-96-26-4\/\",\"url\":\"https:\/\/masterchem.fi\/sv\/produkt\/dihydroxiaceton-cas-96-26-4\/\",\"name\":\"Dihydroxiaceton (CAS 96-26-4) - MasterChem | kemikaalien tuotanto ja myynti\",\"isPartOf\":{\"@id\":\"https:\/\/masterchem.fi\/sv\/#website\"},\"primaryImageOfPage\":{\"@id\":\"https:\/\/masterchem.fi\/sv\/produkt\/dihydroxiaceton-cas-96-26-4\/#primaryimage\"},\"image\":{\"@id\":\"https:\/\/masterchem.fi\/sv\/produkt\/dihydroxiaceton-cas-96-26-4\/#primaryimage\"},\"thumbnailUrl\":\"https:\/\/masterchem.fi\/wp-content\/uploads\/2022\/07\/Dihudroksuatsetoon-25kg-MasterChem.jpg\",\"datePublished\":\"2022-07-05T11:22:41+00:00\",\"dateModified\":\"2022-07-05T11:26:31+00:00\",\"description\":\"Dihydroxiaceton, \u00e4ven k\u00e4nd som glycerin, \u00e4r en enkel sackarid (trios) med formeln C3H6O3.\",\"breadcrumb\":{\"@id\":\"https:\/\/masterchem.fi\/sv\/produkt\/dihydroxiaceton-cas-96-26-4\/#breadcrumb\"},\"inLanguage\":\"sv-SE\",\"potentialAction\":[{\"@type\":\"ReadAction\",\"target\":[\"https:\/\/masterchem.fi\/sv\/produkt\/dihydroxiaceton-cas-96-26-4\/\"]}]},{\"@type\":\"ImageObject\",\"inLanguage\":\"sv-SE\",\"@id\":\"https:\/\/masterchem.fi\/sv\/produkt\/dihydroxiaceton-cas-96-26-4\/#primaryimage\",\"url\":\"https:\/\/masterchem.fi\/wp-content\/uploads\/2022\/07\/Dihudroksuatsetoon-25kg-MasterChem.jpg\",\"contentUrl\":\"https:\/\/masterchem.fi\/wp-content\/uploads\/2022\/07\/Dihudroksuatsetoon-25kg-MasterChem.jpg\",\"width\":1000,\"height\":1000,\"caption\":\"Dihydroxiaceton (CAS 96-26-4) 25kg MasterChem\"},{\"@type\":\"BreadcrumbList\",\"@id\":\"https:\/\/masterchem.fi\/sv\/produkt\/dihydroxiaceton-cas-96-26-4\/#breadcrumb\",\"itemListElement\":[{\"@type\":\"ListItem\",\"position\":1,\"name\":\"Home\",\"item\":\"https:\/\/masterchem.fi\/sv\/\"},{\"@type\":\"ListItem\",\"position\":2,\"name\":\"Butik\",\"item\":\"https:\/\/masterchem.fi\/sv\/butik\/\"},{\"@type\":\"ListItem\",\"position\":3,\"name\":\"Dihydroxiaceton (CAS 96-26-4)\"}]},{\"@type\":\"WebSite\",\"@id\":\"https:\/\/masterchem.fi\/sv\/#website\",\"url\":\"https:\/\/masterchem.fi\/sv\/\",\"name\":\"MasterChem | kemikaalien tuotanto ja myynti\",\"description\":\"kemikaalien tuotanto ja myynti\",\"potentialAction\":[{\"@type\":\"SearchAction\",\"target\":{\"@type\":\"EntryPoint\",\"urlTemplate\":\"https:\/\/masterchem.fi\/sv\/?s={search_term_string}\"},\"query-input\":{\"@type\":\"PropertyValueSpecification\",\"valueRequired\":true,\"valueName\":\"search_term_string\"}}],\"inLanguage\":\"sv-SE\"}]}<\/script>\n<!-- \/ Yoast SEO plugin. -->","yoast_head_json":{"title":"Dihydroxiaceton (CAS 96-26-4) - MasterChem | kemikaalien tuotanto ja myynti","description":"Dihydroxiaceton, \u00e4ven k\u00e4nd som glycerin, \u00e4r en enkel sackarid (trios) med formeln C3H6O3.","robots":{"index":"index","follow":"follow","max-snippet":"max-snippet:-1","max-image-preview":"max-image-preview:large","max-video-preview":"max-video-preview:-1"},"canonical":"https:\/\/masterchem.fi\/sv\/produkt\/dihydroxiaceton-cas-96-26-4\/","og_locale":"sv_SE","og_type":"article","og_title":"Dihydroxiaceton (CAS 96-26-4) - MasterChem | kemikaalien tuotanto ja myynti","og_description":"Dihydroxiaceton, \u00e4ven k\u00e4nd som glycerin, \u00e4r en enkel sackarid (trios) med formeln C3H6O3.","og_url":"https:\/\/masterchem.fi\/sv\/produkt\/dihydroxiaceton-cas-96-26-4\/","og_site_name":"MasterChem | kemikaalien tuotanto ja myynti","article_modified_time":"2022-07-05T11:26:31+00:00","og_image":[{"width":1000,"height":1000,"url":"https:\/\/masterchem.fi\/wp-content\/uploads\/2022\/07\/Dihudroksuatsetoon-25kg-MasterChem.jpg","type":"image\/jpeg"}],"twitter_card":"summary_large_image","schema":{"@context":"https:\/\/schema.org","@graph":[{"@type":"WebPage","@id":"https:\/\/masterchem.fi\/sv\/produkt\/dihydroxiaceton-cas-96-26-4\/","url":"https:\/\/masterchem.fi\/sv\/produkt\/dihydroxiaceton-cas-96-26-4\/","name":"Dihydroxiaceton (CAS 96-26-4) - MasterChem | kemikaalien tuotanto ja myynti","isPartOf":{"@id":"https:\/\/masterchem.fi\/sv\/#website"},"primaryImageOfPage":{"@id":"https:\/\/masterchem.fi\/sv\/produkt\/dihydroxiaceton-cas-96-26-4\/#primaryimage"},"image":{"@id":"https:\/\/masterchem.fi\/sv\/produkt\/dihydroxiaceton-cas-96-26-4\/#primaryimage"},"thumbnailUrl":"https:\/\/masterchem.fi\/wp-content\/uploads\/2022\/07\/Dihudroksuatsetoon-25kg-MasterChem.jpg","datePublished":"2022-07-05T11:22:41+00:00","dateModified":"2022-07-05T11:26:31+00:00","description":"Dihydroxiaceton, \u00e4ven k\u00e4nd som glycerin, \u00e4r en enkel sackarid (trios) med formeln C3H6O3.","breadcrumb":{"@id":"https:\/\/masterchem.fi\/sv\/produkt\/dihydroxiaceton-cas-96-26-4\/#breadcrumb"},"inLanguage":"sv-SE","potentialAction":[{"@type":"ReadAction","target":["https:\/\/masterchem.fi\/sv\/produkt\/dihydroxiaceton-cas-96-26-4\/"]}]},{"@type":"ImageObject","inLanguage":"sv-SE","@id":"https:\/\/masterchem.fi\/sv\/produkt\/dihydroxiaceton-cas-96-26-4\/#primaryimage","url":"https:\/\/masterchem.fi\/wp-content\/uploads\/2022\/07\/Dihudroksuatsetoon-25kg-MasterChem.jpg","contentUrl":"https:\/\/masterchem.fi\/wp-content\/uploads\/2022\/07\/Dihudroksuatsetoon-25kg-MasterChem.jpg","width":1000,"height":1000,"caption":"Dihydroxiaceton (CAS 96-26-4) 25kg MasterChem"},{"@type":"BreadcrumbList","@id":"https:\/\/masterchem.fi\/sv\/produkt\/dihydroxiaceton-cas-96-26-4\/#breadcrumb","itemListElement":[{"@type":"ListItem","position":1,"name":"Home","item":"https:\/\/masterchem.fi\/sv\/"},{"@type":"ListItem","position":2,"name":"Butik","item":"https:\/\/masterchem.fi\/sv\/butik\/"},{"@type":"ListItem","position":3,"name":"Dihydroxiaceton (CAS 96-26-4)"}]},{"@type":"WebSite","@id":"https:\/\/masterchem.fi\/sv\/#website","url":"https:\/\/masterchem.fi\/sv\/","name":"MasterChem | kemikaalien tuotanto ja myynti","description":"kemikaalien tuotanto ja myynti","potentialAction":[{"@type":"SearchAction","target":{"@type":"EntryPoint","urlTemplate":"https:\/\/masterchem.fi\/sv\/?s={search_term_string}"},"query-input":{"@type":"PropertyValueSpecification","valueRequired":true,"valueName":"search_term_string"}}],"inLanguage":"sv-SE"}]}},"_links":{"self":[{"href":"https:\/\/masterchem.fi\/sv\/wp-json\/wp\/v2\/product\/10605","targetHints":{"allow":["GET"]}}],"collection":[{"href":"https:\/\/masterchem.fi\/sv\/wp-json\/wp\/v2\/product"}],"about":[{"href":"https:\/\/masterchem.fi\/sv\/wp-json\/wp\/v2\/types\/product"}],"wp:featuredmedia":[{"embeddable":true,"href":"https:\/\/masterchem.fi\/sv\/wp-json\/wp\/v2\/media\/10608"}],"wp:attachment":[{"href":"https:\/\/masterchem.fi\/sv\/wp-json\/wp\/v2\/media?parent=10605"}],"wp:term":[{"taxonomy":"product_brand","embeddable":true,"href":"https:\/\/masterchem.fi\/sv\/wp-json\/wp\/v2\/product_brand?post=10605"},{"taxonomy":"product_cat","embeddable":true,"href":"https:\/\/masterchem.fi\/sv\/wp-json\/wp\/v2\/product_cat?post=10605"},{"taxonomy":"product_tag","embeddable":true,"href":"https:\/\/masterchem.fi\/sv\/wp-json\/wp\/v2\/product_tag?post=10605"}],"curies":[{"name":"wp","href":"https:\/\/api.w.org\/{rel}","templated":true}]}}