{"id":10619,"date":"2022-07-05T14:32:18","date_gmt":"2022-07-05T11:32:19","guid":{"rendered":"https:\/\/masterchem.fi\/?post_type=product&#038;p=10619"},"modified":"2022-07-05T14:55:58","modified_gmt":"2022-07-05T11:55:58","slug":"sodium-laureth-sulfate-sles-27-cas-68891-38-3","status":"publish","type":"product","link":"https:\/\/masterchem.fi\/sv\/produkt\/sodium-laureth-sulfate-sles-27-cas-68891-38-3\/","title":{"rendered":"Sodium laureth sulfate (SLES) 27 (CAS 68891-38-3)"},"content":{"rendered":"<p> <strong> Information<\/strong> <\/p>\n<p> Branscher: Hush\u00e5llskemikalier, Kosmetikindustri <br \/>\nCAS-nummer: 68891-38-3 <br \/>\nWE-nummer: 500-234-8 <\/p>\n<p> <strong> Andra fysiska egenskaper <\/strong> <br \/>\npH: 7,0 &#8211; 10,0 (5 % vikt 20 \u00b0C) <br \/>\nSm\u00e4ltpunkt: ~ 10 \u00b0C <br \/>\nKokpunkt\/intervall:> 100 \u00b0C <br \/>\nRelativ densitet: 1,11 g\/cm3 (20 \u00b0C) <\/p>\n","protected":false},"excerpt":{"rendered":"<p> <strong> Sodium laureth sulfate (SLES) 27 (CAS 68891-38-3) <\/strong> <\/p>\n<p>Natriumlauryletersulfat eller natriumlauryletersulfat (SLES) \u00e4r ett reng\u00f6ringsmedel och ytaktivt medel som finns i m\u00e5nga personliga hygienprodukter (tv\u00e5l, schampo, tandkr\u00e4m, etc.). SLES \u00e4r ett billigt och mycket effektivt skummedel. SLES, SLS och ALS \u00e4r ytaktiva \u00e4mnen som anv\u00e4nds i m\u00e5nga kosmetiska produkter f\u00f6r deras renande och emulgerande egenskaper. De beter sig p\u00e5 samma s\u00e4tt som tv\u00e5l. <\/p>\n<p> Sodium laureth sulfate \u00e4r ett joniskt ytaktivt \u00e4mne som fr\u00e4mst anv\u00e4nds som ett ytaktivt \u00e4mne. <\/p>\n<p> Ett utm\u00e4rkt skummedel som ger ett h\u00e5llbart och j\u00e4mnt skum med utm\u00e4rkt hudreng\u00f6rande f\u00f6rm\u00e5ga. <\/p>\n<p>Sodium laureth sulfate ger huden mjukg\u00f6rande egenskaper. Sodium laureth sulfate \u00e4r ett joniskt ytaktivt \u00e4mne. <\/p>\n","protected":false},"featured_media":10640,"template":"","meta":[],"product_brand":[],"product_cat":[177,105,116],"product_tag":[],"class_list":{"0":"post-10619","1":"product","2":"type-product","3":"status-publish","4":"has-post-thumbnail","6":"product_cat-kosmetikindustrin","7":"product_cat-hushallskemikalier-sv","8":"product_cat-alla-produkter","10":"first","11":"outofstock","12":"taxable","13":"shipping-taxable","14":"purchasable","15":"product-type-variable","16":"has-default-attributes","17":"rtwpvg-product"},"yoast_head":"<!-- This site is optimized with the Yoast SEO plugin v27.5 - https:\/\/yoast.com\/product\/yoast-seo-wordpress\/ -->\n<title>Sodium laureth sulfate (SLES) 27 (CAS 68891-38-3) - MasterChem | kemikaalien tuotanto ja myynti<\/title>\n<meta name=\"description\" content=\"Natriumlauryletersulfat eller natriumlauryletersulfat (SLES) \u00e4r ett reng\u00f6ringsmedel och ytaktivt \u00e4mne som finns i m\u00e5nga personliga hygienprodukter (tv\u00e5l, schampo, tandkr\u00e4m, etc.).\" \/>\n<meta name=\"robots\" content=\"index, follow, max-snippet:-1, max-image-preview:large, max-video-preview:-1\" \/>\n<link rel=\"canonical\" href=\"https:\/\/masterchem.fi\/sv\/produkt\/sodium-laureth-sulfate-sles-27-cas-68891-38-3\/\" \/>\n<meta property=\"og:locale\" content=\"sv_SE\" \/>\n<meta property=\"og:type\" content=\"article\" \/>\n<meta property=\"og:title\" content=\"Sodium laureth sulfate (SLES) 27 (CAS 68891-38-3) - MasterChem | kemikaalien tuotanto ja myynti\" \/>\n<meta property=\"og:description\" content=\"Natriumlauryletersulfat eller natriumlauryletersulfat (SLES) \u00e4r ett reng\u00f6ringsmedel och ytaktivt \u00e4mne som finns i m\u00e5nga personliga hygienprodukter (tv\u00e5l, schampo, tandkr\u00e4m, etc.).\" \/>\n<meta property=\"og:url\" content=\"https:\/\/masterchem.fi\/sv\/produkt\/sodium-laureth-sulfate-sles-27-cas-68891-38-3\/\" \/>\n<meta property=\"og:site_name\" content=\"MasterChem | kemikaalien tuotanto ja myynti\" \/>\n<meta property=\"article:modified_time\" content=\"2022-07-05T11:55:58+00:00\" \/>\n<meta property=\"og:image\" content=\"https:\/\/masterchem.fi\/wp-content\/uploads\/2022\/07\/Naatriumlauretsulfaat-SLES-27-1000l-MasterChem.jpg\" \/>\n\t<meta property=\"og:image:width\" content=\"1000\" \/>\n\t<meta property=\"og:image:height\" content=\"1000\" \/>\n\t<meta property=\"og:image:type\" content=\"image\/jpeg\" \/>\n<meta name=\"twitter:card\" content=\"summary_large_image\" \/>\n<script type=\"application\/ld+json\" class=\"yoast-schema-graph\">{\"@context\":\"https:\\\/\\\/schema.org\",\"@graph\":[{\"@type\":\"WebPage\",\"@id\":\"https:\\\/\\\/masterchem.fi\\\/sv\\\/produkt\\\/sodium-laureth-sulfate-sles-27-cas-68891-38-3\\\/\",\"url\":\"https:\\\/\\\/masterchem.fi\\\/sv\\\/produkt\\\/sodium-laureth-sulfate-sles-27-cas-68891-38-3\\\/\",\"name\":\"Sodium laureth sulfate (SLES) 27 (CAS 68891-38-3) - MasterChem | kemikaalien tuotanto ja myynti\",\"isPartOf\":{\"@id\":\"https:\\\/\\\/masterchem.fi\\\/sv\\\/#website\"},\"primaryImageOfPage\":{\"@id\":\"https:\\\/\\\/masterchem.fi\\\/sv\\\/produkt\\\/sodium-laureth-sulfate-sles-27-cas-68891-38-3\\\/#primaryimage\"},\"image\":{\"@id\":\"https:\\\/\\\/masterchem.fi\\\/sv\\\/produkt\\\/sodium-laureth-sulfate-sles-27-cas-68891-38-3\\\/#primaryimage\"},\"thumbnailUrl\":\"https:\\\/\\\/masterchem.fi\\\/wp-content\\\/uploads\\\/2022\\\/07\\\/Naatriumlauretsulfaat-SLES-27-1000l-MasterChem.jpg\",\"datePublished\":\"2022-07-05T11:32:19+00:00\",\"dateModified\":\"2022-07-05T11:55:58+00:00\",\"description\":\"Natriumlauryletersulfat eller natriumlauryletersulfat (SLES) \u00e4r ett reng\u00f6ringsmedel och ytaktivt \u00e4mne som finns i m\u00e5nga personliga hygienprodukter (tv\u00e5l, schampo, tandkr\u00e4m, etc.).\",\"breadcrumb\":{\"@id\":\"https:\\\/\\\/masterchem.fi\\\/sv\\\/produkt\\\/sodium-laureth-sulfate-sles-27-cas-68891-38-3\\\/#breadcrumb\"},\"inLanguage\":\"sv-SE\",\"potentialAction\":[{\"@type\":\"ReadAction\",\"target\":[\"https:\\\/\\\/masterchem.fi\\\/sv\\\/produkt\\\/sodium-laureth-sulfate-sles-27-cas-68891-38-3\\\/\"]}]},{\"@type\":\"ImageObject\",\"inLanguage\":\"sv-SE\",\"@id\":\"https:\\\/\\\/masterchem.fi\\\/sv\\\/produkt\\\/sodium-laureth-sulfate-sles-27-cas-68891-38-3\\\/#primaryimage\",\"url\":\"https:\\\/\\\/masterchem.fi\\\/wp-content\\\/uploads\\\/2022\\\/07\\\/Naatriumlauretsulfaat-SLES-27-1000l-MasterChem.jpg\",\"contentUrl\":\"https:\\\/\\\/masterchem.fi\\\/wp-content\\\/uploads\\\/2022\\\/07\\\/Naatriumlauretsulfaat-SLES-27-1000l-MasterChem.jpg\",\"width\":1000,\"height\":1000,\"caption\":\"Sodium laureth sulfate (SLES) 27 (CAS 68891-38-3) 1000l MaterChem\"},{\"@type\":\"BreadcrumbList\",\"@id\":\"https:\\\/\\\/masterchem.fi\\\/sv\\\/produkt\\\/sodium-laureth-sulfate-sles-27-cas-68891-38-3\\\/#breadcrumb\",\"itemListElement\":[{\"@type\":\"ListItem\",\"position\":1,\"name\":\"Home\",\"item\":\"https:\\\/\\\/masterchem.fi\\\/sv\\\/\"},{\"@type\":\"ListItem\",\"position\":2,\"name\":\"Butik\",\"item\":\"https:\\\/\\\/masterchem.fi\\\/sv\\\/butik\\\/\"},{\"@type\":\"ListItem\",\"position\":3,\"name\":\"Sodium laureth sulfate (SLES) 27 (CAS 68891-38-3)\"}]},{\"@type\":\"WebSite\",\"@id\":\"https:\\\/\\\/masterchem.fi\\\/sv\\\/#website\",\"url\":\"https:\\\/\\\/masterchem.fi\\\/sv\\\/\",\"name\":\"MasterChem | kemikaalien tuotanto ja myynti\",\"description\":\"kemikaalien tuotanto ja myynti\",\"potentialAction\":[{\"@type\":\"SearchAction\",\"target\":{\"@type\":\"EntryPoint\",\"urlTemplate\":\"https:\\\/\\\/masterchem.fi\\\/sv\\\/?s={search_term_string}\"},\"query-input\":{\"@type\":\"PropertyValueSpecification\",\"valueRequired\":true,\"valueName\":\"search_term_string\"}}],\"inLanguage\":\"sv-SE\"}]}<\/script>\n<!-- \/ Yoast SEO plugin. -->","yoast_head_json":{"title":"Sodium laureth sulfate (SLES) 27 (CAS 68891-38-3) - MasterChem | kemikaalien tuotanto ja myynti","description":"Natriumlauryletersulfat eller natriumlauryletersulfat (SLES) \u00e4r ett reng\u00f6ringsmedel och ytaktivt \u00e4mne som finns i m\u00e5nga personliga hygienprodukter (tv\u00e5l, schampo, tandkr\u00e4m, etc.).","robots":{"index":"index","follow":"follow","max-snippet":"max-snippet:-1","max-image-preview":"max-image-preview:large","max-video-preview":"max-video-preview:-1"},"canonical":"https:\/\/masterchem.fi\/sv\/produkt\/sodium-laureth-sulfate-sles-27-cas-68891-38-3\/","og_locale":"sv_SE","og_type":"article","og_title":"Sodium laureth sulfate (SLES) 27 (CAS 68891-38-3) - MasterChem | kemikaalien tuotanto ja myynti","og_description":"Natriumlauryletersulfat eller natriumlauryletersulfat (SLES) \u00e4r ett reng\u00f6ringsmedel och ytaktivt \u00e4mne som finns i m\u00e5nga personliga hygienprodukter (tv\u00e5l, schampo, tandkr\u00e4m, etc.).","og_url":"https:\/\/masterchem.fi\/sv\/produkt\/sodium-laureth-sulfate-sles-27-cas-68891-38-3\/","og_site_name":"MasterChem | kemikaalien tuotanto ja myynti","article_modified_time":"2022-07-05T11:55:58+00:00","og_image":[{"width":1000,"height":1000,"url":"https:\/\/masterchem.fi\/wp-content\/uploads\/2022\/07\/Naatriumlauretsulfaat-SLES-27-1000l-MasterChem.jpg","type":"image\/jpeg"}],"twitter_card":"summary_large_image","schema":{"@context":"https:\/\/schema.org","@graph":[{"@type":"WebPage","@id":"https:\/\/masterchem.fi\/sv\/produkt\/sodium-laureth-sulfate-sles-27-cas-68891-38-3\/","url":"https:\/\/masterchem.fi\/sv\/produkt\/sodium-laureth-sulfate-sles-27-cas-68891-38-3\/","name":"Sodium laureth sulfate (SLES) 27 (CAS 68891-38-3) - MasterChem | kemikaalien tuotanto ja myynti","isPartOf":{"@id":"https:\/\/masterchem.fi\/sv\/#website"},"primaryImageOfPage":{"@id":"https:\/\/masterchem.fi\/sv\/produkt\/sodium-laureth-sulfate-sles-27-cas-68891-38-3\/#primaryimage"},"image":{"@id":"https:\/\/masterchem.fi\/sv\/produkt\/sodium-laureth-sulfate-sles-27-cas-68891-38-3\/#primaryimage"},"thumbnailUrl":"https:\/\/masterchem.fi\/wp-content\/uploads\/2022\/07\/Naatriumlauretsulfaat-SLES-27-1000l-MasterChem.jpg","datePublished":"2022-07-05T11:32:19+00:00","dateModified":"2022-07-05T11:55:58+00:00","description":"Natriumlauryletersulfat eller natriumlauryletersulfat (SLES) \u00e4r ett reng\u00f6ringsmedel och ytaktivt \u00e4mne som finns i m\u00e5nga personliga hygienprodukter (tv\u00e5l, schampo, tandkr\u00e4m, etc.).","breadcrumb":{"@id":"https:\/\/masterchem.fi\/sv\/produkt\/sodium-laureth-sulfate-sles-27-cas-68891-38-3\/#breadcrumb"},"inLanguage":"sv-SE","potentialAction":[{"@type":"ReadAction","target":["https:\/\/masterchem.fi\/sv\/produkt\/sodium-laureth-sulfate-sles-27-cas-68891-38-3\/"]}]},{"@type":"ImageObject","inLanguage":"sv-SE","@id":"https:\/\/masterchem.fi\/sv\/produkt\/sodium-laureth-sulfate-sles-27-cas-68891-38-3\/#primaryimage","url":"https:\/\/masterchem.fi\/wp-content\/uploads\/2022\/07\/Naatriumlauretsulfaat-SLES-27-1000l-MasterChem.jpg","contentUrl":"https:\/\/masterchem.fi\/wp-content\/uploads\/2022\/07\/Naatriumlauretsulfaat-SLES-27-1000l-MasterChem.jpg","width":1000,"height":1000,"caption":"Sodium laureth sulfate (SLES) 27 (CAS 68891-38-3) 1000l MaterChem"},{"@type":"BreadcrumbList","@id":"https:\/\/masterchem.fi\/sv\/produkt\/sodium-laureth-sulfate-sles-27-cas-68891-38-3\/#breadcrumb","itemListElement":[{"@type":"ListItem","position":1,"name":"Home","item":"https:\/\/masterchem.fi\/sv\/"},{"@type":"ListItem","position":2,"name":"Butik","item":"https:\/\/masterchem.fi\/sv\/butik\/"},{"@type":"ListItem","position":3,"name":"Sodium laureth sulfate (SLES) 27 (CAS 68891-38-3)"}]},{"@type":"WebSite","@id":"https:\/\/masterchem.fi\/sv\/#website","url":"https:\/\/masterchem.fi\/sv\/","name":"MasterChem | kemikaalien tuotanto ja myynti","description":"kemikaalien tuotanto ja myynti","potentialAction":[{"@type":"SearchAction","target":{"@type":"EntryPoint","urlTemplate":"https:\/\/masterchem.fi\/sv\/?s={search_term_string}"},"query-input":{"@type":"PropertyValueSpecification","valueRequired":true,"valueName":"search_term_string"}}],"inLanguage":"sv-SE"}]}},"_links":{"self":[{"href":"https:\/\/masterchem.fi\/sv\/wp-json\/wp\/v2\/product\/10619","targetHints":{"allow":["GET"]}}],"collection":[{"href":"https:\/\/masterchem.fi\/sv\/wp-json\/wp\/v2\/product"}],"about":[{"href":"https:\/\/masterchem.fi\/sv\/wp-json\/wp\/v2\/types\/product"}],"wp:featuredmedia":[{"embeddable":true,"href":"https:\/\/masterchem.fi\/sv\/wp-json\/wp\/v2\/media\/10640"}],"wp:attachment":[{"href":"https:\/\/masterchem.fi\/sv\/wp-json\/wp\/v2\/media?parent=10619"}],"wp:term":[{"taxonomy":"product_brand","embeddable":true,"href":"https:\/\/masterchem.fi\/sv\/wp-json\/wp\/v2\/product_brand?post=10619"},{"taxonomy":"product_cat","embeddable":true,"href":"https:\/\/masterchem.fi\/sv\/wp-json\/wp\/v2\/product_cat?post=10619"},{"taxonomy":"product_tag","embeddable":true,"href":"https:\/\/masterchem.fi\/sv\/wp-json\/wp\/v2\/product_tag?post=10619"}],"curies":[{"name":"wp","href":"https:\/\/api.w.org\/{rel}","templated":true}]}}