{"id":10650,"date":"2022-07-05T14:57:14","date_gmt":"2022-07-05T11:57:14","guid":{"rendered":"https:\/\/masterchem.fi\/?post_type=product&#038;p=10650"},"modified":"2022-07-05T15:03:27","modified_gmt":"2022-07-05T12:03:27","slug":"natriumsalicylat-cas-54-21-7","status":"publish","type":"product","link":"https:\/\/masterchem.fi\/sv\/produkt\/natriumsalicylat-cas-54-21-7\/","title":{"rendered":"Natriumsalicylat (CAS 54-21-7)"},"content":{"rendered":"<p> <strong> Information<\/strong> <\/p>\n<p>Branscher: kosmetikindustri, l\u00e4kemedelsindustri<br \/>\nCAS-nummer: 54-21-7<br \/>\nWE-nummer: 200-198-0<br \/>\nKemisk formel: C7H5O3Na<br \/>\nMolekylvikt: 160,11 g\/mol<br \/>\nTulltaxekod: 29182100<\/p>\n<p><strong>Andra fysiska egenskaper<\/strong><br \/>\npH: 6,5<br \/>\nSm\u00e4lt-\/fryspunkt: 200\u00b0C<br \/>\nRelativ densitet: 320 kg\/m\u00b3<\/p>\n","protected":false},"excerpt":{"rendered":"<p><strong>Natriumsalicylat (CAS 54-21-7)<\/strong><\/p>\n<p>Natriumsalicylat \u00e4r natriumsaltet av salicylsyra. Den kan tillverkas av natriumfenolat och koldioxid vid h\u00f6gre temperatur och tryck. Historiskt sett har det syntetiserats genom att \u00e5terloppskoka metylsalicylat (vintergr\u00f6n olja) med \u00f6verskott av natriumhydroxid.<\/p>\n<p>Det anv\u00e4nds inom medicin som ett sm\u00e4rt- och feberd\u00e4mpande medel. Natriumsalicylat fungerar ocks\u00e5 som ett icke-steroid antiinflammatoriskt l\u00e4kemedel (NSAID) och inducerar apoptos i cancerceller och \u00e4ven nekros. Det \u00e4r ocks\u00e5 ett m\u00f6jligt substitut f\u00f6r aspirin f\u00f6r personer som \u00e4r k\u00e4nsliga f\u00f6r det. Den kan ocks\u00e5 anv\u00e4ndas som en fosfor f\u00f6r att uppt\u00e4cka vakuum ultraviolett str\u00e5lning och elektroner.<\/p>\n","protected":false},"featured_media":10653,"template":"","meta":[],"product_brand":[],"product_cat":[106,116,177],"product_tag":[],"class_list":{"0":"post-10650","1":"product","2":"type-product","3":"status-publish","4":"has-post-thumbnail","6":"product_cat-lakemedelsindustri","7":"product_cat-alla-produkter","8":"product_cat-kosmetikindustrin","10":"first","11":"outofstock","12":"taxable","13":"shipping-taxable","14":"purchasable","15":"product-type-variable","16":"has-default-attributes","17":"rtwpvg-product"},"yoast_head":"<!-- This site is optimized with the Yoast SEO plugin v27.5 - https:\/\/yoast.com\/product\/yoast-seo-wordpress\/ -->\n<title>Natriumsalicylat (CAS 54-21-7) - MasterChem | kemikaalien tuotanto ja myynti<\/title>\n<meta name=\"description\" content=\"Natriumsalicylat \u00e4r natriumsaltet av salicylsyra. Den kan tillverkas av natriumfenolat och koldioxid vid h\u00f6gre temperatur och tryck.\" \/>\n<meta name=\"robots\" content=\"index, follow, max-snippet:-1, max-image-preview:large, max-video-preview:-1\" \/>\n<link rel=\"canonical\" href=\"https:\/\/masterchem.fi\/sv\/produkt\/natriumsalicylat-cas-54-21-7\/\" \/>\n<meta property=\"og:locale\" content=\"sv_SE\" \/>\n<meta property=\"og:type\" content=\"article\" \/>\n<meta property=\"og:title\" content=\"Natriumsalicylat (CAS 54-21-7) - MasterChem | kemikaalien tuotanto ja myynti\" \/>\n<meta property=\"og:description\" content=\"Natriumsalicylat \u00e4r natriumsaltet av salicylsyra. Den kan tillverkas av natriumfenolat och koldioxid vid h\u00f6gre temperatur och tryck.\" \/>\n<meta property=\"og:url\" content=\"https:\/\/masterchem.fi\/sv\/produkt\/natriumsalicylat-cas-54-21-7\/\" \/>\n<meta property=\"og:site_name\" content=\"MasterChem | kemikaalien tuotanto ja myynti\" \/>\n<meta property=\"article:modified_time\" content=\"2022-07-05T12:03:27+00:00\" \/>\n<meta property=\"og:image\" content=\"https:\/\/masterchem.fi\/wp-content\/uploads\/2022\/07\/Naatriumsalitsulaat-25kg-MasterChem.jpg\" \/>\n\t<meta property=\"og:image:width\" content=\"1000\" \/>\n\t<meta property=\"og:image:height\" content=\"1000\" \/>\n\t<meta property=\"og:image:type\" content=\"image\/jpeg\" \/>\n<meta name=\"twitter:card\" content=\"summary_large_image\" \/>\n<script type=\"application\/ld+json\" class=\"yoast-schema-graph\">{\"@context\":\"https:\\\/\\\/schema.org\",\"@graph\":[{\"@type\":\"WebPage\",\"@id\":\"https:\\\/\\\/masterchem.fi\\\/sv\\\/produkt\\\/natriumsalicylat-cas-54-21-7\\\/\",\"url\":\"https:\\\/\\\/masterchem.fi\\\/sv\\\/produkt\\\/natriumsalicylat-cas-54-21-7\\\/\",\"name\":\"Natriumsalicylat (CAS 54-21-7) - MasterChem | kemikaalien tuotanto ja myynti\",\"isPartOf\":{\"@id\":\"https:\\\/\\\/masterchem.fi\\\/sv\\\/#website\"},\"primaryImageOfPage\":{\"@id\":\"https:\\\/\\\/masterchem.fi\\\/sv\\\/produkt\\\/natriumsalicylat-cas-54-21-7\\\/#primaryimage\"},\"image\":{\"@id\":\"https:\\\/\\\/masterchem.fi\\\/sv\\\/produkt\\\/natriumsalicylat-cas-54-21-7\\\/#primaryimage\"},\"thumbnailUrl\":\"https:\\\/\\\/masterchem.fi\\\/wp-content\\\/uploads\\\/2022\\\/07\\\/Naatriumsalitsulaat-25kg-MasterChem.jpg\",\"datePublished\":\"2022-07-05T11:57:14+00:00\",\"dateModified\":\"2022-07-05T12:03:27+00:00\",\"description\":\"Natriumsalicylat \u00e4r natriumsaltet av salicylsyra. Den kan tillverkas av natriumfenolat och koldioxid vid h\u00f6gre temperatur och tryck.\",\"breadcrumb\":{\"@id\":\"https:\\\/\\\/masterchem.fi\\\/sv\\\/produkt\\\/natriumsalicylat-cas-54-21-7\\\/#breadcrumb\"},\"inLanguage\":\"sv-SE\",\"potentialAction\":[{\"@type\":\"ReadAction\",\"target\":[\"https:\\\/\\\/masterchem.fi\\\/sv\\\/produkt\\\/natriumsalicylat-cas-54-21-7\\\/\"]}]},{\"@type\":\"ImageObject\",\"inLanguage\":\"sv-SE\",\"@id\":\"https:\\\/\\\/masterchem.fi\\\/sv\\\/produkt\\\/natriumsalicylat-cas-54-21-7\\\/#primaryimage\",\"url\":\"https:\\\/\\\/masterchem.fi\\\/wp-content\\\/uploads\\\/2022\\\/07\\\/Naatriumsalitsulaat-25kg-MasterChem.jpg\",\"contentUrl\":\"https:\\\/\\\/masterchem.fi\\\/wp-content\\\/uploads\\\/2022\\\/07\\\/Naatriumsalitsulaat-25kg-MasterChem.jpg\",\"width\":1000,\"height\":1000,\"caption\":\"Natriumsalicylat (CAS 54-21-7) 25kg MasterChem\"},{\"@type\":\"BreadcrumbList\",\"@id\":\"https:\\\/\\\/masterchem.fi\\\/sv\\\/produkt\\\/natriumsalicylat-cas-54-21-7\\\/#breadcrumb\",\"itemListElement\":[{\"@type\":\"ListItem\",\"position\":1,\"name\":\"Home\",\"item\":\"https:\\\/\\\/masterchem.fi\\\/sv\\\/\"},{\"@type\":\"ListItem\",\"position\":2,\"name\":\"Butik\",\"item\":\"https:\\\/\\\/masterchem.fi\\\/sv\\\/butik\\\/\"},{\"@type\":\"ListItem\",\"position\":3,\"name\":\"Natriumsalicylat (CAS 54-21-7)\"}]},{\"@type\":\"WebSite\",\"@id\":\"https:\\\/\\\/masterchem.fi\\\/sv\\\/#website\",\"url\":\"https:\\\/\\\/masterchem.fi\\\/sv\\\/\",\"name\":\"MasterChem | kemikaalien tuotanto ja myynti\",\"description\":\"kemikaalien tuotanto ja myynti\",\"potentialAction\":[{\"@type\":\"SearchAction\",\"target\":{\"@type\":\"EntryPoint\",\"urlTemplate\":\"https:\\\/\\\/masterchem.fi\\\/sv\\\/?s={search_term_string}\"},\"query-input\":{\"@type\":\"PropertyValueSpecification\",\"valueRequired\":true,\"valueName\":\"search_term_string\"}}],\"inLanguage\":\"sv-SE\"}]}<\/script>\n<!-- \/ Yoast SEO plugin. -->","yoast_head_json":{"title":"Natriumsalicylat (CAS 54-21-7) - MasterChem | kemikaalien tuotanto ja myynti","description":"Natriumsalicylat \u00e4r natriumsaltet av salicylsyra. Den kan tillverkas av natriumfenolat och koldioxid vid h\u00f6gre temperatur och tryck.","robots":{"index":"index","follow":"follow","max-snippet":"max-snippet:-1","max-image-preview":"max-image-preview:large","max-video-preview":"max-video-preview:-1"},"canonical":"https:\/\/masterchem.fi\/sv\/produkt\/natriumsalicylat-cas-54-21-7\/","og_locale":"sv_SE","og_type":"article","og_title":"Natriumsalicylat (CAS 54-21-7) - MasterChem | kemikaalien tuotanto ja myynti","og_description":"Natriumsalicylat \u00e4r natriumsaltet av salicylsyra. Den kan tillverkas av natriumfenolat och koldioxid vid h\u00f6gre temperatur och tryck.","og_url":"https:\/\/masterchem.fi\/sv\/produkt\/natriumsalicylat-cas-54-21-7\/","og_site_name":"MasterChem | kemikaalien tuotanto ja myynti","article_modified_time":"2022-07-05T12:03:27+00:00","og_image":[{"width":1000,"height":1000,"url":"https:\/\/masterchem.fi\/wp-content\/uploads\/2022\/07\/Naatriumsalitsulaat-25kg-MasterChem.jpg","type":"image\/jpeg"}],"twitter_card":"summary_large_image","schema":{"@context":"https:\/\/schema.org","@graph":[{"@type":"WebPage","@id":"https:\/\/masterchem.fi\/sv\/produkt\/natriumsalicylat-cas-54-21-7\/","url":"https:\/\/masterchem.fi\/sv\/produkt\/natriumsalicylat-cas-54-21-7\/","name":"Natriumsalicylat (CAS 54-21-7) - MasterChem | kemikaalien tuotanto ja myynti","isPartOf":{"@id":"https:\/\/masterchem.fi\/sv\/#website"},"primaryImageOfPage":{"@id":"https:\/\/masterchem.fi\/sv\/produkt\/natriumsalicylat-cas-54-21-7\/#primaryimage"},"image":{"@id":"https:\/\/masterchem.fi\/sv\/produkt\/natriumsalicylat-cas-54-21-7\/#primaryimage"},"thumbnailUrl":"https:\/\/masterchem.fi\/wp-content\/uploads\/2022\/07\/Naatriumsalitsulaat-25kg-MasterChem.jpg","datePublished":"2022-07-05T11:57:14+00:00","dateModified":"2022-07-05T12:03:27+00:00","description":"Natriumsalicylat \u00e4r natriumsaltet av salicylsyra. Den kan tillverkas av natriumfenolat och koldioxid vid h\u00f6gre temperatur och tryck.","breadcrumb":{"@id":"https:\/\/masterchem.fi\/sv\/produkt\/natriumsalicylat-cas-54-21-7\/#breadcrumb"},"inLanguage":"sv-SE","potentialAction":[{"@type":"ReadAction","target":["https:\/\/masterchem.fi\/sv\/produkt\/natriumsalicylat-cas-54-21-7\/"]}]},{"@type":"ImageObject","inLanguage":"sv-SE","@id":"https:\/\/masterchem.fi\/sv\/produkt\/natriumsalicylat-cas-54-21-7\/#primaryimage","url":"https:\/\/masterchem.fi\/wp-content\/uploads\/2022\/07\/Naatriumsalitsulaat-25kg-MasterChem.jpg","contentUrl":"https:\/\/masterchem.fi\/wp-content\/uploads\/2022\/07\/Naatriumsalitsulaat-25kg-MasterChem.jpg","width":1000,"height":1000,"caption":"Natriumsalicylat (CAS 54-21-7) 25kg MasterChem"},{"@type":"BreadcrumbList","@id":"https:\/\/masterchem.fi\/sv\/produkt\/natriumsalicylat-cas-54-21-7\/#breadcrumb","itemListElement":[{"@type":"ListItem","position":1,"name":"Home","item":"https:\/\/masterchem.fi\/sv\/"},{"@type":"ListItem","position":2,"name":"Butik","item":"https:\/\/masterchem.fi\/sv\/butik\/"},{"@type":"ListItem","position":3,"name":"Natriumsalicylat (CAS 54-21-7)"}]},{"@type":"WebSite","@id":"https:\/\/masterchem.fi\/sv\/#website","url":"https:\/\/masterchem.fi\/sv\/","name":"MasterChem | kemikaalien tuotanto ja myynti","description":"kemikaalien tuotanto ja myynti","potentialAction":[{"@type":"SearchAction","target":{"@type":"EntryPoint","urlTemplate":"https:\/\/masterchem.fi\/sv\/?s={search_term_string}"},"query-input":{"@type":"PropertyValueSpecification","valueRequired":true,"valueName":"search_term_string"}}],"inLanguage":"sv-SE"}]}},"_links":{"self":[{"href":"https:\/\/masterchem.fi\/sv\/wp-json\/wp\/v2\/product\/10650","targetHints":{"allow":["GET"]}}],"collection":[{"href":"https:\/\/masterchem.fi\/sv\/wp-json\/wp\/v2\/product"}],"about":[{"href":"https:\/\/masterchem.fi\/sv\/wp-json\/wp\/v2\/types\/product"}],"wp:featuredmedia":[{"embeddable":true,"href":"https:\/\/masterchem.fi\/sv\/wp-json\/wp\/v2\/media\/10653"}],"wp:attachment":[{"href":"https:\/\/masterchem.fi\/sv\/wp-json\/wp\/v2\/media?parent=10650"}],"wp:term":[{"taxonomy":"product_brand","embeddable":true,"href":"https:\/\/masterchem.fi\/sv\/wp-json\/wp\/v2\/product_brand?post=10650"},{"taxonomy":"product_cat","embeddable":true,"href":"https:\/\/masterchem.fi\/sv\/wp-json\/wp\/v2\/product_cat?post=10650"},{"taxonomy":"product_tag","embeddable":true,"href":"https:\/\/masterchem.fi\/sv\/wp-json\/wp\/v2\/product_tag?post=10650"}],"curies":[{"name":"wp","href":"https:\/\/api.w.org\/{rel}","templated":true}]}}