{"id":10694,"date":"2022-07-05T15:13:07","date_gmt":"2022-07-05T12:13:07","guid":{"rendered":"https:\/\/masterchem.fi\/?post_type=product&#038;p=10694"},"modified":"2022-07-05T15:16:30","modified_gmt":"2022-07-05T12:16:30","slug":"l-askorbinsyra-cas-50-81-7","status":"publish","type":"product","link":"https:\/\/masterchem.fi\/sv\/produkt\/l-askorbinsyra-cas-50-81-7\/","title":{"rendered":"L-askorbinsyra (CAS 50-81-7)"},"content":{"rendered":"<p> <strong> Information<\/strong> <\/p>\n<p>Bransch: g\u00f6dningsmedel, kosmetikindustri, l\u00e4kemedelsindustri, livsmedelsindustri<br \/>\nCAS-nummer: 50-81-7<br \/>\nWE-nummer: 200-066-2<br \/>\nKemisk formel: C6H8O6<br \/>\nMolekylvikt: 176,13 g\/mol<br \/>\nTulltaxekod: 29262700<\/p>\n<p><strong>Andra fysiska egenskaper<\/strong><br \/>\npH: 2,1 \u2013 2,6 (5%)<br \/>\nSm\u00e4lt-\/fryspunkt: ~190\u00b0C<\/p>\n","protected":false},"excerpt":{"rendered":"<p><strong>L-askorbinsyra (CAS 50-81-7)<\/strong><\/p>\n<p>C-vitamin st\u00e5r f\u00f6r L-askorbinsyra, vilket \u00e4r ett vitamin f\u00f6r m\u00e4nniskor och vissa organismer. Dessutom kan det betyda dehydroaskorbinsyra (DHA). DHA kan omvandlas till L-askorbinsyra hos djur. Enligt den breda definitionen \u00e4r C-vitamin namnet p\u00e5 alla \u00e4mnen som har samma funktioner i organismer som L-askorbinsyra.<\/p>\n<p>Vertebrater beh\u00f6ver L-askorbinsyra (eller DHA). F\u00f6r de flesta \u00e4r det fortfarande inte ett vitamin, eftersom huvuddelen kan producera det. Bland annat m\u00e4nniskor, andra primater och marsvin producerar inte askorbinsyra. De m\u00e5ste f\u00e5 det fr\u00e5n mat. Dess brist orsakar sk\u00f6rbjugg hos m\u00e4nniskor. Askorbinsyradoser p\u00e5 3\u20134 g\/dag eller mer som intas av m\u00e4nniskor kan orsaka diarr\u00e9, men \u00e4r annars inte skadligt f\u00f6r h\u00e4lsan.<\/p>\n","protected":false},"featured_media":10697,"template":"","meta":[],"product_brand":[],"product_cat":[106,116,171,173,177],"product_tag":[],"class_list":{"0":"post-10694","1":"product","2":"type-product","3":"status-publish","4":"has-post-thumbnail","6":"product_cat-lakemedelsindustri","7":"product_cat-alla-produkter","8":"product_cat-livsmedelsindustrin","9":"product_cat-godselmedel","10":"product_cat-kosmetikindustrin","12":"first","13":"outofstock","14":"taxable","15":"shipping-taxable","16":"purchasable","17":"product-type-variable","18":"has-default-attributes","19":"rtwpvg-product"},"yoast_head":"<!-- This site is optimized with the Yoast SEO plugin v27.5 - https:\/\/yoast.com\/product\/yoast-seo-wordpress\/ -->\n<title>L-askorbinsyra (CAS 50-81-7) - MasterChem | kemikaalien tuotanto ja myynti<\/title>\n<meta name=\"description\" content=\"Vitamin C st\u00e5r f\u00f6r L-askorbinsyra, vilket \u00e4r ett vitamin f\u00f6r m\u00e4nniskor och vissa organismer.\" \/>\n<meta name=\"robots\" content=\"index, follow, max-snippet:-1, max-image-preview:large, max-video-preview:-1\" \/>\n<link rel=\"canonical\" href=\"https:\/\/masterchem.fi\/sv\/produkt\/l-askorbinsyra-cas-50-81-7\/\" \/>\n<meta property=\"og:locale\" content=\"sv_SE\" \/>\n<meta property=\"og:type\" content=\"article\" \/>\n<meta property=\"og:title\" content=\"L-askorbinsyra (CAS 50-81-7) - MasterChem | kemikaalien tuotanto ja myynti\" \/>\n<meta property=\"og:description\" content=\"Vitamin C st\u00e5r f\u00f6r L-askorbinsyra, vilket \u00e4r ett vitamin f\u00f6r m\u00e4nniskor och vissa organismer.\" \/>\n<meta property=\"og:url\" content=\"https:\/\/masterchem.fi\/sv\/produkt\/l-askorbinsyra-cas-50-81-7\/\" \/>\n<meta property=\"og:site_name\" content=\"MasterChem | kemikaalien tuotanto ja myynti\" \/>\n<meta property=\"article:modified_time\" content=\"2022-07-05T12:16:30+00:00\" \/>\n<meta property=\"og:image\" content=\"https:\/\/masterchem.fi\/wp-content\/uploads\/2022\/07\/L-askorbiinhape-25kg-MasterChem.jpg\" \/>\n\t<meta property=\"og:image:width\" content=\"1000\" \/>\n\t<meta property=\"og:image:height\" content=\"1000\" \/>\n\t<meta property=\"og:image:type\" content=\"image\/jpeg\" \/>\n<meta name=\"twitter:card\" content=\"summary_large_image\" \/>\n<script type=\"application\/ld+json\" class=\"yoast-schema-graph\">{\"@context\":\"https:\\\/\\\/schema.org\",\"@graph\":[{\"@type\":\"WebPage\",\"@id\":\"https:\\\/\\\/masterchem.fi\\\/sv\\\/produkt\\\/l-askorbinsyra-cas-50-81-7\\\/\",\"url\":\"https:\\\/\\\/masterchem.fi\\\/sv\\\/produkt\\\/l-askorbinsyra-cas-50-81-7\\\/\",\"name\":\"L-askorbinsyra (CAS 50-81-7) - MasterChem | kemikaalien tuotanto ja myynti\",\"isPartOf\":{\"@id\":\"https:\\\/\\\/masterchem.fi\\\/sv\\\/#website\"},\"primaryImageOfPage\":{\"@id\":\"https:\\\/\\\/masterchem.fi\\\/sv\\\/produkt\\\/l-askorbinsyra-cas-50-81-7\\\/#primaryimage\"},\"image\":{\"@id\":\"https:\\\/\\\/masterchem.fi\\\/sv\\\/produkt\\\/l-askorbinsyra-cas-50-81-7\\\/#primaryimage\"},\"thumbnailUrl\":\"https:\\\/\\\/masterchem.fi\\\/wp-content\\\/uploads\\\/2022\\\/07\\\/L-askorbiinhape-25kg-MasterChem.jpg\",\"datePublished\":\"2022-07-05T12:13:07+00:00\",\"dateModified\":\"2022-07-05T12:16:30+00:00\",\"description\":\"Vitamin C st\u00e5r f\u00f6r L-askorbinsyra, vilket \u00e4r ett vitamin f\u00f6r m\u00e4nniskor och vissa organismer.\",\"breadcrumb\":{\"@id\":\"https:\\\/\\\/masterchem.fi\\\/sv\\\/produkt\\\/l-askorbinsyra-cas-50-81-7\\\/#breadcrumb\"},\"inLanguage\":\"sv-SE\",\"potentialAction\":[{\"@type\":\"ReadAction\",\"target\":[\"https:\\\/\\\/masterchem.fi\\\/sv\\\/produkt\\\/l-askorbinsyra-cas-50-81-7\\\/\"]}]},{\"@type\":\"ImageObject\",\"inLanguage\":\"sv-SE\",\"@id\":\"https:\\\/\\\/masterchem.fi\\\/sv\\\/produkt\\\/l-askorbinsyra-cas-50-81-7\\\/#primaryimage\",\"url\":\"https:\\\/\\\/masterchem.fi\\\/wp-content\\\/uploads\\\/2022\\\/07\\\/L-askorbiinhape-25kg-MasterChem.jpg\",\"contentUrl\":\"https:\\\/\\\/masterchem.fi\\\/wp-content\\\/uploads\\\/2022\\\/07\\\/L-askorbiinhape-25kg-MasterChem.jpg\",\"width\":1000,\"height\":1000,\"caption\":\"L-askorbinsyra (CAS 50-81-7) 25kg MasterChem\"},{\"@type\":\"BreadcrumbList\",\"@id\":\"https:\\\/\\\/masterchem.fi\\\/sv\\\/produkt\\\/l-askorbinsyra-cas-50-81-7\\\/#breadcrumb\",\"itemListElement\":[{\"@type\":\"ListItem\",\"position\":1,\"name\":\"Home\",\"item\":\"https:\\\/\\\/masterchem.fi\\\/sv\\\/\"},{\"@type\":\"ListItem\",\"position\":2,\"name\":\"Butik\",\"item\":\"https:\\\/\\\/masterchem.fi\\\/sv\\\/butik\\\/\"},{\"@type\":\"ListItem\",\"position\":3,\"name\":\"L-askorbinsyra (CAS 50-81-7)\"}]},{\"@type\":\"WebSite\",\"@id\":\"https:\\\/\\\/masterchem.fi\\\/sv\\\/#website\",\"url\":\"https:\\\/\\\/masterchem.fi\\\/sv\\\/\",\"name\":\"MasterChem | kemikaalien tuotanto ja myynti\",\"description\":\"kemikaalien tuotanto ja myynti\",\"potentialAction\":[{\"@type\":\"SearchAction\",\"target\":{\"@type\":\"EntryPoint\",\"urlTemplate\":\"https:\\\/\\\/masterchem.fi\\\/sv\\\/?s={search_term_string}\"},\"query-input\":{\"@type\":\"PropertyValueSpecification\",\"valueRequired\":true,\"valueName\":\"search_term_string\"}}],\"inLanguage\":\"sv-SE\"}]}<\/script>\n<!-- \/ Yoast SEO plugin. -->","yoast_head_json":{"title":"L-askorbinsyra (CAS 50-81-7) - MasterChem | kemikaalien tuotanto ja myynti","description":"Vitamin C st\u00e5r f\u00f6r L-askorbinsyra, vilket \u00e4r ett vitamin f\u00f6r m\u00e4nniskor och vissa organismer.","robots":{"index":"index","follow":"follow","max-snippet":"max-snippet:-1","max-image-preview":"max-image-preview:large","max-video-preview":"max-video-preview:-1"},"canonical":"https:\/\/masterchem.fi\/sv\/produkt\/l-askorbinsyra-cas-50-81-7\/","og_locale":"sv_SE","og_type":"article","og_title":"L-askorbinsyra (CAS 50-81-7) - MasterChem | kemikaalien tuotanto ja myynti","og_description":"Vitamin C st\u00e5r f\u00f6r L-askorbinsyra, vilket \u00e4r ett vitamin f\u00f6r m\u00e4nniskor och vissa organismer.","og_url":"https:\/\/masterchem.fi\/sv\/produkt\/l-askorbinsyra-cas-50-81-7\/","og_site_name":"MasterChem | kemikaalien tuotanto ja myynti","article_modified_time":"2022-07-05T12:16:30+00:00","og_image":[{"width":1000,"height":1000,"url":"https:\/\/masterchem.fi\/wp-content\/uploads\/2022\/07\/L-askorbiinhape-25kg-MasterChem.jpg","type":"image\/jpeg"}],"twitter_card":"summary_large_image","schema":{"@context":"https:\/\/schema.org","@graph":[{"@type":"WebPage","@id":"https:\/\/masterchem.fi\/sv\/produkt\/l-askorbinsyra-cas-50-81-7\/","url":"https:\/\/masterchem.fi\/sv\/produkt\/l-askorbinsyra-cas-50-81-7\/","name":"L-askorbinsyra (CAS 50-81-7) - MasterChem | kemikaalien tuotanto ja myynti","isPartOf":{"@id":"https:\/\/masterchem.fi\/sv\/#website"},"primaryImageOfPage":{"@id":"https:\/\/masterchem.fi\/sv\/produkt\/l-askorbinsyra-cas-50-81-7\/#primaryimage"},"image":{"@id":"https:\/\/masterchem.fi\/sv\/produkt\/l-askorbinsyra-cas-50-81-7\/#primaryimage"},"thumbnailUrl":"https:\/\/masterchem.fi\/wp-content\/uploads\/2022\/07\/L-askorbiinhape-25kg-MasterChem.jpg","datePublished":"2022-07-05T12:13:07+00:00","dateModified":"2022-07-05T12:16:30+00:00","description":"Vitamin C st\u00e5r f\u00f6r L-askorbinsyra, vilket \u00e4r ett vitamin f\u00f6r m\u00e4nniskor och vissa organismer.","breadcrumb":{"@id":"https:\/\/masterchem.fi\/sv\/produkt\/l-askorbinsyra-cas-50-81-7\/#breadcrumb"},"inLanguage":"sv-SE","potentialAction":[{"@type":"ReadAction","target":["https:\/\/masterchem.fi\/sv\/produkt\/l-askorbinsyra-cas-50-81-7\/"]}]},{"@type":"ImageObject","inLanguage":"sv-SE","@id":"https:\/\/masterchem.fi\/sv\/produkt\/l-askorbinsyra-cas-50-81-7\/#primaryimage","url":"https:\/\/masterchem.fi\/wp-content\/uploads\/2022\/07\/L-askorbiinhape-25kg-MasterChem.jpg","contentUrl":"https:\/\/masterchem.fi\/wp-content\/uploads\/2022\/07\/L-askorbiinhape-25kg-MasterChem.jpg","width":1000,"height":1000,"caption":"L-askorbinsyra (CAS 50-81-7) 25kg MasterChem"},{"@type":"BreadcrumbList","@id":"https:\/\/masterchem.fi\/sv\/produkt\/l-askorbinsyra-cas-50-81-7\/#breadcrumb","itemListElement":[{"@type":"ListItem","position":1,"name":"Home","item":"https:\/\/masterchem.fi\/sv\/"},{"@type":"ListItem","position":2,"name":"Butik","item":"https:\/\/masterchem.fi\/sv\/butik\/"},{"@type":"ListItem","position":3,"name":"L-askorbinsyra (CAS 50-81-7)"}]},{"@type":"WebSite","@id":"https:\/\/masterchem.fi\/sv\/#website","url":"https:\/\/masterchem.fi\/sv\/","name":"MasterChem | kemikaalien tuotanto ja myynti","description":"kemikaalien tuotanto ja myynti","potentialAction":[{"@type":"SearchAction","target":{"@type":"EntryPoint","urlTemplate":"https:\/\/masterchem.fi\/sv\/?s={search_term_string}"},"query-input":{"@type":"PropertyValueSpecification","valueRequired":true,"valueName":"search_term_string"}}],"inLanguage":"sv-SE"}]}},"_links":{"self":[{"href":"https:\/\/masterchem.fi\/sv\/wp-json\/wp\/v2\/product\/10694","targetHints":{"allow":["GET"]}}],"collection":[{"href":"https:\/\/masterchem.fi\/sv\/wp-json\/wp\/v2\/product"}],"about":[{"href":"https:\/\/masterchem.fi\/sv\/wp-json\/wp\/v2\/types\/product"}],"wp:featuredmedia":[{"embeddable":true,"href":"https:\/\/masterchem.fi\/sv\/wp-json\/wp\/v2\/media\/10697"}],"wp:attachment":[{"href":"https:\/\/masterchem.fi\/sv\/wp-json\/wp\/v2\/media?parent=10694"}],"wp:term":[{"taxonomy":"product_brand","embeddable":true,"href":"https:\/\/masterchem.fi\/sv\/wp-json\/wp\/v2\/product_brand?post=10694"},{"taxonomy":"product_cat","embeddable":true,"href":"https:\/\/masterchem.fi\/sv\/wp-json\/wp\/v2\/product_cat?post=10694"},{"taxonomy":"product_tag","embeddable":true,"href":"https:\/\/masterchem.fi\/sv\/wp-json\/wp\/v2\/product_tag?post=10694"}],"curies":[{"name":"wp","href":"https:\/\/api.w.org\/{rel}","templated":true}]}}