{"id":10707,"date":"2022-07-05T15:29:06","date_gmt":"2022-07-05T12:29:07","guid":{"rendered":"https:\/\/masterchem.fi\/?post_type=product&#038;p=10707"},"modified":"2022-07-05T15:36:08","modified_gmt":"2022-07-05T12:36:08","slug":"pepparmyntsolja-cas-90063-97-1","status":"publish","type":"product","link":"https:\/\/masterchem.fi\/sv\/produkt\/pepparmyntsolja-cas-90063-97-1\/","title":{"rendered":"Pepparmyntsolja (CAS 90063-97-1)"},"content":{"rendered":"<p> <strong> Information<\/strong> <\/p>\n<p>Branscher: Kosmetikindustrin<br \/>\nCAS-nummer: 90063-97-1<br \/>\nWE-nummer: 290-058-5<\/p>\n<p><strong>Andra fysiska egenskaper<\/strong><br \/>\npH: 11,0 \u2013 11,8 (1%)<br \/>\nSm\u00e4lt-\/fryspunkt: -25\u00b0C<br \/>\nKokpunkt\/intervall: 106\u00b0C<br \/>\nRelativ densitet: 0,892 \u2013 0,910 g\/cm3<\/p>\n","protected":false},"excerpt":{"rendered":"<p><strong>Pepparmyntsolja (CAS 90063-97-1)<\/strong><\/p>\n<p>Pepparmyntsolja anv\u00e4nds i stor utstr\u00e4ckning som ett carminativt, antiseptiskt och lokalbed\u00f6vningsmedel vid beredning av f\u00f6rkylningar, hosta och andra preparat (pastiller, sirap, kr\u00e4mer, tabletter, etc.). Enterisk \u00f6verdragna pepparmyntsoljekapslar har studerats som en anv\u00e4ndbar behandling f\u00f6r irritabel tarm; den enteriska bel\u00e4ggningen till\u00e5ter oljan att komma in i tjocktarmen i ett ometaboliserat tillst\u00e5nd; behandlingen \u00e4r kontraindicerad vid m\u00e5ltider och vid achlorhydria. Pepparmyntsolja har rekommenderats som ett komplement till koloskopi; en utsp\u00e4dd oljesuspension injiceras i endoskopet f\u00f6r att minska spasmer i tjocktarmen. <\/p>\n","protected":false},"featured_media":10728,"template":"","meta":[],"product_brand":[],"product_cat":[177,116],"product_tag":[],"class_list":{"0":"post-10707","1":"product","2":"type-product","3":"status-publish","4":"has-post-thumbnail","6":"product_cat-kosmetikindustrin","7":"product_cat-alla-produkter","9":"first","10":"outofstock","11":"taxable","12":"shipping-taxable","13":"purchasable","14":"product-type-variable","15":"has-default-attributes","16":"rtwpvg-product"},"yoast_head":"<!-- This site is optimized with the Yoast SEO plugin v27.2 - https:\/\/yoast.com\/product\/yoast-seo-wordpress\/ -->\n<title>Pepparmyntsolja (CAS 90063-97-1) - MasterChem | kemikaalien tuotanto ja myynti<\/title>\n<meta name=\"description\" content=\"Pepparmyntsolja anv\u00e4nds ofta som ett carminativt, antiseptiskt och lokalbed\u00f6vningsmedel vid beredning av f\u00f6rkylningar, hosta och andra preparat (pastiller, sirap, salvor, tabletter, etc.).\" \/>\n<meta name=\"robots\" content=\"index, follow, max-snippet:-1, max-image-preview:large, max-video-preview:-1\" \/>\n<link rel=\"canonical\" href=\"https:\/\/masterchem.fi\/sv\/produkt\/pepparmyntsolja-cas-90063-97-1\/\" \/>\n<meta property=\"og:locale\" content=\"sv_SE\" \/>\n<meta property=\"og:type\" content=\"article\" \/>\n<meta property=\"og:title\" content=\"Pepparmyntsolja (CAS 90063-97-1) - MasterChem | kemikaalien tuotanto ja myynti\" \/>\n<meta property=\"og:description\" content=\"Pepparmyntsolja anv\u00e4nds ofta som ett carminativt, antiseptiskt och lokalbed\u00f6vningsmedel vid beredning av f\u00f6rkylningar, hosta och andra preparat (pastiller, sirap, salvor, tabletter, etc.).\" \/>\n<meta property=\"og:url\" content=\"https:\/\/masterchem.fi\/sv\/produkt\/pepparmyntsolja-cas-90063-97-1\/\" \/>\n<meta property=\"og:site_name\" content=\"MasterChem | kemikaalien tuotanto ja myynti\" \/>\n<meta property=\"article:modified_time\" content=\"2022-07-05T12:36:08+00:00\" \/>\n<meta property=\"og:image\" content=\"https:\/\/masterchem.fi\/wp-content\/uploads\/2022\/07\/Piparmundioli-1000l-MasterChem.jpg\" \/>\n\t<meta property=\"og:image:width\" content=\"1000\" \/>\n\t<meta property=\"og:image:height\" content=\"1000\" \/>\n\t<meta property=\"og:image:type\" content=\"image\/jpeg\" \/>\n<meta name=\"twitter:card\" content=\"summary_large_image\" \/>\n<script type=\"application\/ld+json\" class=\"yoast-schema-graph\">{\"@context\":\"https:\/\/schema.org\",\"@graph\":[{\"@type\":\"WebPage\",\"@id\":\"https:\/\/masterchem.fi\/sv\/produkt\/pepparmyntsolja-cas-90063-97-1\/\",\"url\":\"https:\/\/masterchem.fi\/sv\/produkt\/pepparmyntsolja-cas-90063-97-1\/\",\"name\":\"Pepparmyntsolja (CAS 90063-97-1) - MasterChem | kemikaalien tuotanto ja myynti\",\"isPartOf\":{\"@id\":\"https:\/\/masterchem.fi\/sv\/#website\"},\"primaryImageOfPage\":{\"@id\":\"https:\/\/masterchem.fi\/sv\/produkt\/pepparmyntsolja-cas-90063-97-1\/#primaryimage\"},\"image\":{\"@id\":\"https:\/\/masterchem.fi\/sv\/produkt\/pepparmyntsolja-cas-90063-97-1\/#primaryimage\"},\"thumbnailUrl\":\"https:\/\/masterchem.fi\/wp-content\/uploads\/2022\/07\/Piparmundioli-1000l-MasterChem.jpg\",\"datePublished\":\"2022-07-05T12:29:07+00:00\",\"dateModified\":\"2022-07-05T12:36:08+00:00\",\"description\":\"Pepparmyntsolja anv\u00e4nds ofta som ett carminativt, antiseptiskt och lokalbed\u00f6vningsmedel vid beredning av f\u00f6rkylningar, hosta och andra preparat (pastiller, sirap, salvor, tabletter, etc.).\",\"breadcrumb\":{\"@id\":\"https:\/\/masterchem.fi\/sv\/produkt\/pepparmyntsolja-cas-90063-97-1\/#breadcrumb\"},\"inLanguage\":\"sv-SE\",\"potentialAction\":[{\"@type\":\"ReadAction\",\"target\":[\"https:\/\/masterchem.fi\/sv\/produkt\/pepparmyntsolja-cas-90063-97-1\/\"]}]},{\"@type\":\"ImageObject\",\"inLanguage\":\"sv-SE\",\"@id\":\"https:\/\/masterchem.fi\/sv\/produkt\/pepparmyntsolja-cas-90063-97-1\/#primaryimage\",\"url\":\"https:\/\/masterchem.fi\/wp-content\/uploads\/2022\/07\/Piparmundioli-1000l-MasterChem.jpg\",\"contentUrl\":\"https:\/\/masterchem.fi\/wp-content\/uploads\/2022\/07\/Piparmundioli-1000l-MasterChem.jpg\",\"width\":1000,\"height\":1000,\"caption\":\"Rosmarinolja 1000l MasterChem\"},{\"@type\":\"BreadcrumbList\",\"@id\":\"https:\/\/masterchem.fi\/sv\/produkt\/pepparmyntsolja-cas-90063-97-1\/#breadcrumb\",\"itemListElement\":[{\"@type\":\"ListItem\",\"position\":1,\"name\":\"Home\",\"item\":\"https:\/\/masterchem.fi\/sv\/\"},{\"@type\":\"ListItem\",\"position\":2,\"name\":\"Butik\",\"item\":\"https:\/\/masterchem.fi\/sv\/butik\/\"},{\"@type\":\"ListItem\",\"position\":3,\"name\":\"Pepparmyntsolja (CAS 90063-97-1)\"}]},{\"@type\":\"WebSite\",\"@id\":\"https:\/\/masterchem.fi\/sv\/#website\",\"url\":\"https:\/\/masterchem.fi\/sv\/\",\"name\":\"MasterChem | kemikaalien tuotanto ja myynti\",\"description\":\"kemikaalien tuotanto ja myynti\",\"potentialAction\":[{\"@type\":\"SearchAction\",\"target\":{\"@type\":\"EntryPoint\",\"urlTemplate\":\"https:\/\/masterchem.fi\/sv\/?s={search_term_string}\"},\"query-input\":{\"@type\":\"PropertyValueSpecification\",\"valueRequired\":true,\"valueName\":\"search_term_string\"}}],\"inLanguage\":\"sv-SE\"}]}<\/script>\n<!-- \/ Yoast SEO plugin. -->","yoast_head_json":{"title":"Pepparmyntsolja (CAS 90063-97-1) - MasterChem | kemikaalien tuotanto ja myynti","description":"Pepparmyntsolja anv\u00e4nds ofta som ett carminativt, antiseptiskt och lokalbed\u00f6vningsmedel vid beredning av f\u00f6rkylningar, hosta och andra preparat (pastiller, sirap, salvor, tabletter, etc.).","robots":{"index":"index","follow":"follow","max-snippet":"max-snippet:-1","max-image-preview":"max-image-preview:large","max-video-preview":"max-video-preview:-1"},"canonical":"https:\/\/masterchem.fi\/sv\/produkt\/pepparmyntsolja-cas-90063-97-1\/","og_locale":"sv_SE","og_type":"article","og_title":"Pepparmyntsolja (CAS 90063-97-1) - MasterChem | kemikaalien tuotanto ja myynti","og_description":"Pepparmyntsolja anv\u00e4nds ofta som ett carminativt, antiseptiskt och lokalbed\u00f6vningsmedel vid beredning av f\u00f6rkylningar, hosta och andra preparat (pastiller, sirap, salvor, tabletter, etc.).","og_url":"https:\/\/masterchem.fi\/sv\/produkt\/pepparmyntsolja-cas-90063-97-1\/","og_site_name":"MasterChem | kemikaalien tuotanto ja myynti","article_modified_time":"2022-07-05T12:36:08+00:00","og_image":[{"width":1000,"height":1000,"url":"https:\/\/masterchem.fi\/wp-content\/uploads\/2022\/07\/Piparmundioli-1000l-MasterChem.jpg","type":"image\/jpeg"}],"twitter_card":"summary_large_image","schema":{"@context":"https:\/\/schema.org","@graph":[{"@type":"WebPage","@id":"https:\/\/masterchem.fi\/sv\/produkt\/pepparmyntsolja-cas-90063-97-1\/","url":"https:\/\/masterchem.fi\/sv\/produkt\/pepparmyntsolja-cas-90063-97-1\/","name":"Pepparmyntsolja (CAS 90063-97-1) - MasterChem | kemikaalien tuotanto ja myynti","isPartOf":{"@id":"https:\/\/masterchem.fi\/sv\/#website"},"primaryImageOfPage":{"@id":"https:\/\/masterchem.fi\/sv\/produkt\/pepparmyntsolja-cas-90063-97-1\/#primaryimage"},"image":{"@id":"https:\/\/masterchem.fi\/sv\/produkt\/pepparmyntsolja-cas-90063-97-1\/#primaryimage"},"thumbnailUrl":"https:\/\/masterchem.fi\/wp-content\/uploads\/2022\/07\/Piparmundioli-1000l-MasterChem.jpg","datePublished":"2022-07-05T12:29:07+00:00","dateModified":"2022-07-05T12:36:08+00:00","description":"Pepparmyntsolja anv\u00e4nds ofta som ett carminativt, antiseptiskt och lokalbed\u00f6vningsmedel vid beredning av f\u00f6rkylningar, hosta och andra preparat (pastiller, sirap, salvor, tabletter, etc.).","breadcrumb":{"@id":"https:\/\/masterchem.fi\/sv\/produkt\/pepparmyntsolja-cas-90063-97-1\/#breadcrumb"},"inLanguage":"sv-SE","potentialAction":[{"@type":"ReadAction","target":["https:\/\/masterchem.fi\/sv\/produkt\/pepparmyntsolja-cas-90063-97-1\/"]}]},{"@type":"ImageObject","inLanguage":"sv-SE","@id":"https:\/\/masterchem.fi\/sv\/produkt\/pepparmyntsolja-cas-90063-97-1\/#primaryimage","url":"https:\/\/masterchem.fi\/wp-content\/uploads\/2022\/07\/Piparmundioli-1000l-MasterChem.jpg","contentUrl":"https:\/\/masterchem.fi\/wp-content\/uploads\/2022\/07\/Piparmundioli-1000l-MasterChem.jpg","width":1000,"height":1000,"caption":"Rosmarinolja 1000l MasterChem"},{"@type":"BreadcrumbList","@id":"https:\/\/masterchem.fi\/sv\/produkt\/pepparmyntsolja-cas-90063-97-1\/#breadcrumb","itemListElement":[{"@type":"ListItem","position":1,"name":"Home","item":"https:\/\/masterchem.fi\/sv\/"},{"@type":"ListItem","position":2,"name":"Butik","item":"https:\/\/masterchem.fi\/sv\/butik\/"},{"@type":"ListItem","position":3,"name":"Pepparmyntsolja (CAS 90063-97-1)"}]},{"@type":"WebSite","@id":"https:\/\/masterchem.fi\/sv\/#website","url":"https:\/\/masterchem.fi\/sv\/","name":"MasterChem | kemikaalien tuotanto ja myynti","description":"kemikaalien tuotanto ja myynti","potentialAction":[{"@type":"SearchAction","target":{"@type":"EntryPoint","urlTemplate":"https:\/\/masterchem.fi\/sv\/?s={search_term_string}"},"query-input":{"@type":"PropertyValueSpecification","valueRequired":true,"valueName":"search_term_string"}}],"inLanguage":"sv-SE"}]}},"_links":{"self":[{"href":"https:\/\/masterchem.fi\/sv\/wp-json\/wp\/v2\/product\/10707","targetHints":{"allow":["GET"]}}],"collection":[{"href":"https:\/\/masterchem.fi\/sv\/wp-json\/wp\/v2\/product"}],"about":[{"href":"https:\/\/masterchem.fi\/sv\/wp-json\/wp\/v2\/types\/product"}],"wp:featuredmedia":[{"embeddable":true,"href":"https:\/\/masterchem.fi\/sv\/wp-json\/wp\/v2\/media\/10728"}],"wp:attachment":[{"href":"https:\/\/masterchem.fi\/sv\/wp-json\/wp\/v2\/media?parent=10707"}],"wp:term":[{"taxonomy":"product_brand","embeddable":true,"href":"https:\/\/masterchem.fi\/sv\/wp-json\/wp\/v2\/product_brand?post=10707"},{"taxonomy":"product_cat","embeddable":true,"href":"https:\/\/masterchem.fi\/sv\/wp-json\/wp\/v2\/product_cat?post=10707"},{"taxonomy":"product_tag","embeddable":true,"href":"https:\/\/masterchem.fi\/sv\/wp-json\/wp\/v2\/product_tag?post=10707"}],"curies":[{"name":"wp","href":"https:\/\/api.w.org\/{rel}","templated":true}]}}