{"id":10744,"date":"2022-07-05T15:40:09","date_gmt":"2022-07-05T12:40:10","guid":{"rendered":"https:\/\/masterchem.fi\/?post_type=product&#038;p=10744"},"modified":"2022-07-05T15:51:33","modified_gmt":"2022-07-05T12:51:33","slug":"rosmarinolja","status":"publish","type":"product","link":"https:\/\/masterchem.fi\/sv\/produkt\/rosmarinolja\/","title":{"rendered":"Rosmarinolja"},"content":{"rendered":"","protected":false},"excerpt":{"rendered":"<p><strong>Rosmarinolja<\/strong><\/p>\n<p>Rosmarinolja \u00e4r en popul\u00e4r infunderad olja som anv\u00e4nds i matlagning och sk\u00f6nhetsbehandlingar. Rosmarinus officinalis \u00e4r en vintergr\u00f6n buske med n\u00e5lliknande blad och en tr\u00e4ig doft. Naturalin \u00e4ger rosmarinv\u00e4xtbest\u00e5ndet, som har ett helt processkontrollsystem fr\u00e5n r\u00e5varor till produktbearbetning, vilket s\u00e4kerst\u00e4ller kvaliteten p\u00e5 rosmarinseriens produkter.<\/p>\n<p><strong>Funktioner:<\/strong><br \/>\n1. Naturligt konserveringsmedel;<br \/>\n2. Antioxidant, tar bort fria radikaler, anti-aging;<br \/>\n3. F\u00f6rb\u00e4ttra hj\u00e4rnans funktion och minne;<br \/>\n4. Stimulering av h\u00e5rv\u00e4xt;<br \/>\n5. Sl\u00e4pp stress och \u00f6ka blodcirkulationen.<\/p>\n<p><strong>Applikationer:<\/strong><br \/>\n1. I personliga hygienprodukter: rosmarinolja stimulerar blodcirkulationen i h\u00e5rbotten, steriliserar och f\u00f6rebygger kl\u00e5da. Det anv\u00e4nds ofta i h\u00e5rv\u00e5rdsprodukter;<br \/>\n2. Inom livsmedelsindustrin: mycket effektiv antioxidant; antibakteriell; naturligt konserveringsmedel;<br \/>\n3. Anpassad: den kan modifieras efter kundens speciella behov.<\/p>\n","protected":false},"featured_media":10728,"template":"","meta":[],"product_brand":[],"product_cat":[177,116],"product_tag":[],"class_list":{"0":"post-10744","1":"product","2":"type-product","3":"status-publish","4":"has-post-thumbnail","6":"product_cat-kosmetikindustrin","7":"product_cat-alla-produkter","9":"first","10":"outofstock","11":"taxable","12":"shipping-taxable","13":"purchasable","14":"product-type-variable","15":"has-default-attributes","16":"rtwpvg-product"},"yoast_head":"<!-- This site is optimized with the Yoast SEO plugin v27.2 - https:\/\/yoast.com\/product\/yoast-seo-wordpress\/ -->\n<title>Rosmarinolja - MasterChem | kemikaalien tuotanto ja myynti<\/title>\n<meta name=\"description\" content=\"Rosmarinolja \u00e4r en popul\u00e4r infunderad olja som anv\u00e4nds i matlagning och sk\u00f6nhetsbehandlingar.\" \/>\n<meta name=\"robots\" content=\"index, follow, max-snippet:-1, max-image-preview:large, max-video-preview:-1\" \/>\n<link rel=\"canonical\" href=\"https:\/\/masterchem.fi\/sv\/produkt\/rosmarinolja\/\" \/>\n<meta property=\"og:locale\" content=\"sv_SE\" \/>\n<meta property=\"og:type\" content=\"article\" \/>\n<meta property=\"og:title\" content=\"Rosmarinolja - MasterChem | kemikaalien tuotanto ja myynti\" \/>\n<meta property=\"og:description\" content=\"Rosmarinolja \u00e4r en popul\u00e4r infunderad olja som anv\u00e4nds i matlagning och sk\u00f6nhetsbehandlingar.\" \/>\n<meta property=\"og:url\" content=\"https:\/\/masterchem.fi\/sv\/produkt\/rosmarinolja\/\" \/>\n<meta property=\"og:site_name\" content=\"MasterChem | kemikaalien tuotanto ja myynti\" \/>\n<meta property=\"article:modified_time\" content=\"2022-07-05T12:51:33+00:00\" \/>\n<meta property=\"og:image\" content=\"https:\/\/masterchem.fi\/wp-content\/uploads\/2022\/07\/Piparmundioli-1000l-MasterChem.jpg\" \/>\n\t<meta property=\"og:image:width\" content=\"1000\" \/>\n\t<meta property=\"og:image:height\" content=\"1000\" \/>\n\t<meta property=\"og:image:type\" content=\"image\/jpeg\" \/>\n<meta name=\"twitter:card\" content=\"summary_large_image\" \/>\n<script type=\"application\/ld+json\" class=\"yoast-schema-graph\">{\"@context\":\"https:\/\/schema.org\",\"@graph\":[{\"@type\":\"WebPage\",\"@id\":\"https:\/\/masterchem.fi\/sv\/produkt\/rosmarinolja\/\",\"url\":\"https:\/\/masterchem.fi\/sv\/produkt\/rosmarinolja\/\",\"name\":\"Rosmarinolja - MasterChem | kemikaalien tuotanto ja myynti\",\"isPartOf\":{\"@id\":\"https:\/\/masterchem.fi\/sv\/#website\"},\"primaryImageOfPage\":{\"@id\":\"https:\/\/masterchem.fi\/sv\/produkt\/rosmarinolja\/#primaryimage\"},\"image\":{\"@id\":\"https:\/\/masterchem.fi\/sv\/produkt\/rosmarinolja\/#primaryimage\"},\"thumbnailUrl\":\"https:\/\/masterchem.fi\/wp-content\/uploads\/2022\/07\/Piparmundioli-1000l-MasterChem.jpg\",\"datePublished\":\"2022-07-05T12:40:10+00:00\",\"dateModified\":\"2022-07-05T12:51:33+00:00\",\"description\":\"Rosmarinolja \u00e4r en popul\u00e4r infunderad olja som anv\u00e4nds i matlagning och sk\u00f6nhetsbehandlingar.\",\"breadcrumb\":{\"@id\":\"https:\/\/masterchem.fi\/sv\/produkt\/rosmarinolja\/#breadcrumb\"},\"inLanguage\":\"sv-SE\",\"potentialAction\":[{\"@type\":\"ReadAction\",\"target\":[\"https:\/\/masterchem.fi\/sv\/produkt\/rosmarinolja\/\"]}]},{\"@type\":\"ImageObject\",\"inLanguage\":\"sv-SE\",\"@id\":\"https:\/\/masterchem.fi\/sv\/produkt\/rosmarinolja\/#primaryimage\",\"url\":\"https:\/\/masterchem.fi\/wp-content\/uploads\/2022\/07\/Piparmundioli-1000l-MasterChem.jpg\",\"contentUrl\":\"https:\/\/masterchem.fi\/wp-content\/uploads\/2022\/07\/Piparmundioli-1000l-MasterChem.jpg\",\"width\":1000,\"height\":1000,\"caption\":\"Rosmarinolja 1000l MasterChem\"},{\"@type\":\"BreadcrumbList\",\"@id\":\"https:\/\/masterchem.fi\/sv\/produkt\/rosmarinolja\/#breadcrumb\",\"itemListElement\":[{\"@type\":\"ListItem\",\"position\":1,\"name\":\"Home\",\"item\":\"https:\/\/masterchem.fi\/sv\/\"},{\"@type\":\"ListItem\",\"position\":2,\"name\":\"Butik\",\"item\":\"https:\/\/masterchem.fi\/sv\/butik\/\"},{\"@type\":\"ListItem\",\"position\":3,\"name\":\"Rosmarinolja\"}]},{\"@type\":\"WebSite\",\"@id\":\"https:\/\/masterchem.fi\/sv\/#website\",\"url\":\"https:\/\/masterchem.fi\/sv\/\",\"name\":\"MasterChem | kemikaalien tuotanto ja myynti\",\"description\":\"kemikaalien tuotanto ja myynti\",\"potentialAction\":[{\"@type\":\"SearchAction\",\"target\":{\"@type\":\"EntryPoint\",\"urlTemplate\":\"https:\/\/masterchem.fi\/sv\/?s={search_term_string}\"},\"query-input\":{\"@type\":\"PropertyValueSpecification\",\"valueRequired\":true,\"valueName\":\"search_term_string\"}}],\"inLanguage\":\"sv-SE\"}]}<\/script>\n<!-- \/ Yoast SEO plugin. -->","yoast_head_json":{"title":"Rosmarinolja - MasterChem | kemikaalien tuotanto ja myynti","description":"Rosmarinolja \u00e4r en popul\u00e4r infunderad olja som anv\u00e4nds i matlagning och sk\u00f6nhetsbehandlingar.","robots":{"index":"index","follow":"follow","max-snippet":"max-snippet:-1","max-image-preview":"max-image-preview:large","max-video-preview":"max-video-preview:-1"},"canonical":"https:\/\/masterchem.fi\/sv\/produkt\/rosmarinolja\/","og_locale":"sv_SE","og_type":"article","og_title":"Rosmarinolja - MasterChem | kemikaalien tuotanto ja myynti","og_description":"Rosmarinolja \u00e4r en popul\u00e4r infunderad olja som anv\u00e4nds i matlagning och sk\u00f6nhetsbehandlingar.","og_url":"https:\/\/masterchem.fi\/sv\/produkt\/rosmarinolja\/","og_site_name":"MasterChem | kemikaalien tuotanto ja myynti","article_modified_time":"2022-07-05T12:51:33+00:00","og_image":[{"width":1000,"height":1000,"url":"https:\/\/masterchem.fi\/wp-content\/uploads\/2022\/07\/Piparmundioli-1000l-MasterChem.jpg","type":"image\/jpeg"}],"twitter_card":"summary_large_image","schema":{"@context":"https:\/\/schema.org","@graph":[{"@type":"WebPage","@id":"https:\/\/masterchem.fi\/sv\/produkt\/rosmarinolja\/","url":"https:\/\/masterchem.fi\/sv\/produkt\/rosmarinolja\/","name":"Rosmarinolja - MasterChem | kemikaalien tuotanto ja myynti","isPartOf":{"@id":"https:\/\/masterchem.fi\/sv\/#website"},"primaryImageOfPage":{"@id":"https:\/\/masterchem.fi\/sv\/produkt\/rosmarinolja\/#primaryimage"},"image":{"@id":"https:\/\/masterchem.fi\/sv\/produkt\/rosmarinolja\/#primaryimage"},"thumbnailUrl":"https:\/\/masterchem.fi\/wp-content\/uploads\/2022\/07\/Piparmundioli-1000l-MasterChem.jpg","datePublished":"2022-07-05T12:40:10+00:00","dateModified":"2022-07-05T12:51:33+00:00","description":"Rosmarinolja \u00e4r en popul\u00e4r infunderad olja som anv\u00e4nds i matlagning och sk\u00f6nhetsbehandlingar.","breadcrumb":{"@id":"https:\/\/masterchem.fi\/sv\/produkt\/rosmarinolja\/#breadcrumb"},"inLanguage":"sv-SE","potentialAction":[{"@type":"ReadAction","target":["https:\/\/masterchem.fi\/sv\/produkt\/rosmarinolja\/"]}]},{"@type":"ImageObject","inLanguage":"sv-SE","@id":"https:\/\/masterchem.fi\/sv\/produkt\/rosmarinolja\/#primaryimage","url":"https:\/\/masterchem.fi\/wp-content\/uploads\/2022\/07\/Piparmundioli-1000l-MasterChem.jpg","contentUrl":"https:\/\/masterchem.fi\/wp-content\/uploads\/2022\/07\/Piparmundioli-1000l-MasterChem.jpg","width":1000,"height":1000,"caption":"Rosmarinolja 1000l MasterChem"},{"@type":"BreadcrumbList","@id":"https:\/\/masterchem.fi\/sv\/produkt\/rosmarinolja\/#breadcrumb","itemListElement":[{"@type":"ListItem","position":1,"name":"Home","item":"https:\/\/masterchem.fi\/sv\/"},{"@type":"ListItem","position":2,"name":"Butik","item":"https:\/\/masterchem.fi\/sv\/butik\/"},{"@type":"ListItem","position":3,"name":"Rosmarinolja"}]},{"@type":"WebSite","@id":"https:\/\/masterchem.fi\/sv\/#website","url":"https:\/\/masterchem.fi\/sv\/","name":"MasterChem | kemikaalien tuotanto ja myynti","description":"kemikaalien tuotanto ja myynti","potentialAction":[{"@type":"SearchAction","target":{"@type":"EntryPoint","urlTemplate":"https:\/\/masterchem.fi\/sv\/?s={search_term_string}"},"query-input":{"@type":"PropertyValueSpecification","valueRequired":true,"valueName":"search_term_string"}}],"inLanguage":"sv-SE"}]}},"_links":{"self":[{"href":"https:\/\/masterchem.fi\/sv\/wp-json\/wp\/v2\/product\/10744","targetHints":{"allow":["GET"]}}],"collection":[{"href":"https:\/\/masterchem.fi\/sv\/wp-json\/wp\/v2\/product"}],"about":[{"href":"https:\/\/masterchem.fi\/sv\/wp-json\/wp\/v2\/types\/product"}],"wp:featuredmedia":[{"embeddable":true,"href":"https:\/\/masterchem.fi\/sv\/wp-json\/wp\/v2\/media\/10728"}],"wp:attachment":[{"href":"https:\/\/masterchem.fi\/sv\/wp-json\/wp\/v2\/media?parent=10744"}],"wp:term":[{"taxonomy":"product_brand","embeddable":true,"href":"https:\/\/masterchem.fi\/sv\/wp-json\/wp\/v2\/product_brand?post=10744"},{"taxonomy":"product_cat","embeddable":true,"href":"https:\/\/masterchem.fi\/sv\/wp-json\/wp\/v2\/product_cat?post=10744"},{"taxonomy":"product_tag","embeddable":true,"href":"https:\/\/masterchem.fi\/sv\/wp-json\/wp\/v2\/product_tag?post=10744"}],"curies":[{"name":"wp","href":"https:\/\/api.w.org\/{rel}","templated":true}]}}