{"id":10767,"date":"2022-07-05T15:59:36","date_gmt":"2022-07-05T12:59:37","guid":{"rendered":"https:\/\/masterchem.fi\/?post_type=product&#038;p=10767"},"modified":"2022-07-05T16:08:09","modified_gmt":"2022-07-05T13:08:09","slug":"lavendelolja","status":"publish","type":"product","link":"https:\/\/masterchem.fi\/sv\/produkt\/lavendelolja\/","title":{"rendered":"Lavendelolja"},"content":{"rendered":"","protected":false},"excerpt":{"rendered":"<p><strong>Lavendelolja<\/strong><\/p>\n<p>Lavendelolja \u00e4r en eterisk olja som erh\u00e5lls genom att destillera delar av blompiggarna hos vissa lavendelarter. Det finns mer \u00e4n 400 lavendelarter i v\u00e4rlden med olika dofter och egenskaper. Tv\u00e5 former s\u00e4rskiljs: lavendelblomolja, en f\u00e4rgl\u00f6s olja, ol\u00f6slig i vatten, med en densitet av 0,885 g\/ml; och lavendelspikolja, ett destillat av \u00f6rten Lavandula latifolia, med en densitet p\u00e5 0,905 g\/ml. Som alla eteriska oljor \u00e4r det inte en ren f\u00f6rening; det \u00e4r en komplex blandning av fytokemikalier inklusive linalool och linalylacetat.<\/p>\n<p>Lavendelolja har l\u00e4nge anv\u00e4nts som parfym, i aromaterapi och i hudapplikationer.:\u200a184\u2013186\u200a Lavendelolja anv\u00e4nds i massageterapi f\u00f6r avkoppling genom direkt hudkontakt. Lavendelolja anv\u00e4ndes som l\u00f6sningsmedel i oljem\u00e5lning, fr\u00e4mst innan anv\u00e4ndningen av destillerad terpentin blev vanlig.<\/p>\n","protected":false},"featured_media":10788,"template":"","meta":[],"product_brand":[],"product_cat":[177,116],"product_tag":[],"class_list":{"0":"post-10767","1":"product","2":"type-product","3":"status-publish","4":"has-post-thumbnail","6":"product_cat-kosmetikindustrin","7":"product_cat-alla-produkter","9":"first","10":"outofstock","11":"taxable","12":"shipping-taxable","13":"purchasable","14":"product-type-variable","15":"has-default-attributes","16":"rtwpvg-product"},"yoast_head":"<!-- This site is optimized with the Yoast SEO plugin v27.2 - https:\/\/yoast.com\/product\/yoast-seo-wordpress\/ -->\n<title>Lavendelolja - MasterChem | kemikaalien tuotanto ja myynti<\/title>\n<meta name=\"description\" content=\"Lavendelolja \u00e4r en eterisk olja som erh\u00e5lls genom att destillera delar av blompiggarna hos vissa lavendelarter.\" \/>\n<meta name=\"robots\" content=\"index, follow, max-snippet:-1, max-image-preview:large, max-video-preview:-1\" \/>\n<link rel=\"canonical\" href=\"https:\/\/masterchem.fi\/sv\/produkt\/lavendelolja\/\" \/>\n<meta property=\"og:locale\" content=\"sv_SE\" \/>\n<meta property=\"og:type\" content=\"article\" \/>\n<meta property=\"og:title\" content=\"Lavendelolja - MasterChem | kemikaalien tuotanto ja myynti\" \/>\n<meta property=\"og:description\" content=\"Lavendelolja \u00e4r en eterisk olja som erh\u00e5lls genom att destillera delar av blompiggarna hos vissa lavendelarter.\" \/>\n<meta property=\"og:url\" content=\"https:\/\/masterchem.fi\/sv\/produkt\/lavendelolja\/\" \/>\n<meta property=\"og:site_name\" content=\"MasterChem | kemikaalien tuotanto ja myynti\" \/>\n<meta property=\"article:modified_time\" content=\"2022-07-05T13:08:09+00:00\" \/>\n<meta property=\"og:image\" content=\"https:\/\/masterchem.fi\/wp-content\/uploads\/2022\/07\/Lavendlioli-1000l-MasterChem.jpg\" \/>\n\t<meta property=\"og:image:width\" content=\"1000\" \/>\n\t<meta property=\"og:image:height\" content=\"1000\" \/>\n\t<meta property=\"og:image:type\" content=\"image\/jpeg\" \/>\n<meta name=\"twitter:card\" content=\"summary_large_image\" \/>\n<script type=\"application\/ld+json\" class=\"yoast-schema-graph\">{\"@context\":\"https:\/\/schema.org\",\"@graph\":[{\"@type\":\"WebPage\",\"@id\":\"https:\/\/masterchem.fi\/sv\/produkt\/lavendelolja\/\",\"url\":\"https:\/\/masterchem.fi\/sv\/produkt\/lavendelolja\/\",\"name\":\"Lavendelolja - MasterChem | kemikaalien tuotanto ja myynti\",\"isPartOf\":{\"@id\":\"https:\/\/masterchem.fi\/sv\/#website\"},\"primaryImageOfPage\":{\"@id\":\"https:\/\/masterchem.fi\/sv\/produkt\/lavendelolja\/#primaryimage\"},\"image\":{\"@id\":\"https:\/\/masterchem.fi\/sv\/produkt\/lavendelolja\/#primaryimage\"},\"thumbnailUrl\":\"https:\/\/masterchem.fi\/wp-content\/uploads\/2022\/07\/Lavendlioli-1000l-MasterChem.jpg\",\"datePublished\":\"2022-07-05T12:59:37+00:00\",\"dateModified\":\"2022-07-05T13:08:09+00:00\",\"description\":\"Lavendelolja \u00e4r en eterisk olja som erh\u00e5lls genom att destillera delar av blompiggarna hos vissa lavendelarter.\",\"breadcrumb\":{\"@id\":\"https:\/\/masterchem.fi\/sv\/produkt\/lavendelolja\/#breadcrumb\"},\"inLanguage\":\"sv-SE\",\"potentialAction\":[{\"@type\":\"ReadAction\",\"target\":[\"https:\/\/masterchem.fi\/sv\/produkt\/lavendelolja\/\"]}]},{\"@type\":\"ImageObject\",\"inLanguage\":\"sv-SE\",\"@id\":\"https:\/\/masterchem.fi\/sv\/produkt\/lavendelolja\/#primaryimage\",\"url\":\"https:\/\/masterchem.fi\/wp-content\/uploads\/2022\/07\/Lavendlioli-1000l-MasterChem.jpg\",\"contentUrl\":\"https:\/\/masterchem.fi\/wp-content\/uploads\/2022\/07\/Lavendlioli-1000l-MasterChem.jpg\",\"width\":1000,\"height\":1000,\"caption\":\"Lavendelolja 1000l MasterChem\"},{\"@type\":\"BreadcrumbList\",\"@id\":\"https:\/\/masterchem.fi\/sv\/produkt\/lavendelolja\/#breadcrumb\",\"itemListElement\":[{\"@type\":\"ListItem\",\"position\":1,\"name\":\"Home\",\"item\":\"https:\/\/masterchem.fi\/sv\/\"},{\"@type\":\"ListItem\",\"position\":2,\"name\":\"Butik\",\"item\":\"https:\/\/masterchem.fi\/sv\/butik\/\"},{\"@type\":\"ListItem\",\"position\":3,\"name\":\"Lavendelolja\"}]},{\"@type\":\"WebSite\",\"@id\":\"https:\/\/masterchem.fi\/sv\/#website\",\"url\":\"https:\/\/masterchem.fi\/sv\/\",\"name\":\"MasterChem | kemikaalien tuotanto ja myynti\",\"description\":\"kemikaalien tuotanto ja myynti\",\"potentialAction\":[{\"@type\":\"SearchAction\",\"target\":{\"@type\":\"EntryPoint\",\"urlTemplate\":\"https:\/\/masterchem.fi\/sv\/?s={search_term_string}\"},\"query-input\":{\"@type\":\"PropertyValueSpecification\",\"valueRequired\":true,\"valueName\":\"search_term_string\"}}],\"inLanguage\":\"sv-SE\"}]}<\/script>\n<!-- \/ Yoast SEO plugin. -->","yoast_head_json":{"title":"Lavendelolja - MasterChem | kemikaalien tuotanto ja myynti","description":"Lavendelolja \u00e4r en eterisk olja som erh\u00e5lls genom att destillera delar av blompiggarna hos vissa lavendelarter.","robots":{"index":"index","follow":"follow","max-snippet":"max-snippet:-1","max-image-preview":"max-image-preview:large","max-video-preview":"max-video-preview:-1"},"canonical":"https:\/\/masterchem.fi\/sv\/produkt\/lavendelolja\/","og_locale":"sv_SE","og_type":"article","og_title":"Lavendelolja - MasterChem | kemikaalien tuotanto ja myynti","og_description":"Lavendelolja \u00e4r en eterisk olja som erh\u00e5lls genom att destillera delar av blompiggarna hos vissa lavendelarter.","og_url":"https:\/\/masterchem.fi\/sv\/produkt\/lavendelolja\/","og_site_name":"MasterChem | kemikaalien tuotanto ja myynti","article_modified_time":"2022-07-05T13:08:09+00:00","og_image":[{"width":1000,"height":1000,"url":"https:\/\/masterchem.fi\/wp-content\/uploads\/2022\/07\/Lavendlioli-1000l-MasterChem.jpg","type":"image\/jpeg"}],"twitter_card":"summary_large_image","schema":{"@context":"https:\/\/schema.org","@graph":[{"@type":"WebPage","@id":"https:\/\/masterchem.fi\/sv\/produkt\/lavendelolja\/","url":"https:\/\/masterchem.fi\/sv\/produkt\/lavendelolja\/","name":"Lavendelolja - MasterChem | kemikaalien tuotanto ja myynti","isPartOf":{"@id":"https:\/\/masterchem.fi\/sv\/#website"},"primaryImageOfPage":{"@id":"https:\/\/masterchem.fi\/sv\/produkt\/lavendelolja\/#primaryimage"},"image":{"@id":"https:\/\/masterchem.fi\/sv\/produkt\/lavendelolja\/#primaryimage"},"thumbnailUrl":"https:\/\/masterchem.fi\/wp-content\/uploads\/2022\/07\/Lavendlioli-1000l-MasterChem.jpg","datePublished":"2022-07-05T12:59:37+00:00","dateModified":"2022-07-05T13:08:09+00:00","description":"Lavendelolja \u00e4r en eterisk olja som erh\u00e5lls genom att destillera delar av blompiggarna hos vissa lavendelarter.","breadcrumb":{"@id":"https:\/\/masterchem.fi\/sv\/produkt\/lavendelolja\/#breadcrumb"},"inLanguage":"sv-SE","potentialAction":[{"@type":"ReadAction","target":["https:\/\/masterchem.fi\/sv\/produkt\/lavendelolja\/"]}]},{"@type":"ImageObject","inLanguage":"sv-SE","@id":"https:\/\/masterchem.fi\/sv\/produkt\/lavendelolja\/#primaryimage","url":"https:\/\/masterchem.fi\/wp-content\/uploads\/2022\/07\/Lavendlioli-1000l-MasterChem.jpg","contentUrl":"https:\/\/masterchem.fi\/wp-content\/uploads\/2022\/07\/Lavendlioli-1000l-MasterChem.jpg","width":1000,"height":1000,"caption":"Lavendelolja 1000l MasterChem"},{"@type":"BreadcrumbList","@id":"https:\/\/masterchem.fi\/sv\/produkt\/lavendelolja\/#breadcrumb","itemListElement":[{"@type":"ListItem","position":1,"name":"Home","item":"https:\/\/masterchem.fi\/sv\/"},{"@type":"ListItem","position":2,"name":"Butik","item":"https:\/\/masterchem.fi\/sv\/butik\/"},{"@type":"ListItem","position":3,"name":"Lavendelolja"}]},{"@type":"WebSite","@id":"https:\/\/masterchem.fi\/sv\/#website","url":"https:\/\/masterchem.fi\/sv\/","name":"MasterChem | kemikaalien tuotanto ja myynti","description":"kemikaalien tuotanto ja myynti","potentialAction":[{"@type":"SearchAction","target":{"@type":"EntryPoint","urlTemplate":"https:\/\/masterchem.fi\/sv\/?s={search_term_string}"},"query-input":{"@type":"PropertyValueSpecification","valueRequired":true,"valueName":"search_term_string"}}],"inLanguage":"sv-SE"}]}},"_links":{"self":[{"href":"https:\/\/masterchem.fi\/sv\/wp-json\/wp\/v2\/product\/10767","targetHints":{"allow":["GET"]}}],"collection":[{"href":"https:\/\/masterchem.fi\/sv\/wp-json\/wp\/v2\/product"}],"about":[{"href":"https:\/\/masterchem.fi\/sv\/wp-json\/wp\/v2\/types\/product"}],"wp:featuredmedia":[{"embeddable":true,"href":"https:\/\/masterchem.fi\/sv\/wp-json\/wp\/v2\/media\/10788"}],"wp:attachment":[{"href":"https:\/\/masterchem.fi\/sv\/wp-json\/wp\/v2\/media?parent=10767"}],"wp:term":[{"taxonomy":"product_brand","embeddable":true,"href":"https:\/\/masterchem.fi\/sv\/wp-json\/wp\/v2\/product_brand?post=10767"},{"taxonomy":"product_cat","embeddable":true,"href":"https:\/\/masterchem.fi\/sv\/wp-json\/wp\/v2\/product_cat?post=10767"},{"taxonomy":"product_tag","embeddable":true,"href":"https:\/\/masterchem.fi\/sv\/wp-json\/wp\/v2\/product_tag?post=10767"}],"curies":[{"name":"wp","href":"https:\/\/api.w.org\/{rel}","templated":true}]}}