{"id":10798,"date":"2022-07-05T16:26:18","date_gmt":"2022-07-05T13:26:19","guid":{"rendered":"https:\/\/masterchem.fi\/?post_type=product&#038;p=10798"},"modified":"2022-07-05T16:30:29","modified_gmt":"2022-07-05T13:30:29","slug":"laktobionsyra-cas-96-82-2","status":"publish","type":"product","link":"https:\/\/masterchem.fi\/sv\/produkt\/laktobionsyra-cas-96-82-2\/","title":{"rendered":"Laktobionsyra (CAS 96-82-2)"},"content":{"rendered":"<p> <strong> Information<\/strong> <\/p>\n<p>Branscher: Kosmetikindustrin<br \/>\nCAS-nummer: 96-82-2<br \/>\nWE-nummer: 202-538-3<br \/>\nKemisk formel: C12H22O12<br \/>\nTulltaxekod: 29329900<\/p>\n<p><strong>Andra fysiska egenskaper<\/strong><br \/>\npH: okej. 3,5 5 % r-r<\/p>\n","protected":false},"excerpt":{"rendered":"<p><strong>Laktobionsyra (CAS 96-82-2)<\/strong><\/p>\n<p>Laktobionsyra (4-O-\u03b2-galaktopyranosyl-D-glukonsyra) \u00e4r en sockersyra. Det \u00e4r en disackarid som bildas av glukonsyra och galaktos. Det kan bildas fr\u00e5n oxidation av laktos. Karboxylatanjonen av laktobionsyra \u00e4r k\u00e4nd som laktobionat.<\/p>\n<p>Som en syra kan laktobionsyra bilda salter med mineralkatjoner som kalcium, kalium, natrium och zink. Kalciumlaktobionat \u00e4r en livsmedelstillsats som anv\u00e4nds som stabilisator. Kaliumlaktobionat tills\u00e4tts till organkonserveringsl\u00f6sningar som Viaspan eller CoStorSol f\u00f6r att ge osmotiskt st\u00f6d och f\u00f6rhindra cellsvullnad. Mineralsalter av laktobionsyra anv\u00e4nds ocks\u00e5 som mineraltillskott.<\/p>\n<p>Laktobionsyra anv\u00e4nds ocks\u00e5 i kosmetikaindustrin som antioxidant och i l\u00e4kemedelsindustrin som formuleringshj\u00e4lpmedel. Till exempel anv\u00e4nds antibiotikumet erytromycin som ett salt, erytromycinlaktobionat, som ges intraven\u00f6st.<\/p>\n","protected":false},"featured_media":10801,"template":"","meta":[],"product_brand":[],"product_cat":[177,116],"product_tag":[],"class_list":{"0":"post-10798","1":"product","2":"type-product","3":"status-publish","4":"has-post-thumbnail","6":"product_cat-kosmetikindustrin","7":"product_cat-alla-produkter","9":"first","10":"outofstock","11":"taxable","12":"shipping-taxable","13":"purchasable","14":"product-type-variable","15":"has-default-attributes","16":"rtwpvg-product"},"yoast_head":"<!-- This site is optimized with the Yoast SEO plugin v27.2 - https:\/\/yoast.com\/product\/yoast-seo-wordpress\/ -->\n<title>Laktobionsyra (CAS 96-82-2) - MasterChem | kemikaalien tuotanto ja myynti<\/title>\n<meta name=\"description\" content=\"Laktobionsyra (4-O-\u03b2-galaktopyranosyl-D-glukonsyra) \u00e4r en sockersyra. Det \u00e4r en disackarid som bildas av glukonsyra och galaktos.\" \/>\n<meta name=\"robots\" content=\"index, follow, max-snippet:-1, max-image-preview:large, max-video-preview:-1\" \/>\n<link rel=\"canonical\" href=\"https:\/\/masterchem.fi\/sv\/produkt\/laktobionsyra-cas-96-82-2\/\" \/>\n<meta property=\"og:locale\" content=\"sv_SE\" \/>\n<meta property=\"og:type\" content=\"article\" \/>\n<meta property=\"og:title\" content=\"Laktobionsyra (CAS 96-82-2) - MasterChem | kemikaalien tuotanto ja myynti\" \/>\n<meta property=\"og:description\" content=\"Laktobionsyra (4-O-\u03b2-galaktopyranosyl-D-glukonsyra) \u00e4r en sockersyra. Det \u00e4r en disackarid som bildas av glukonsyra och galaktos.\" \/>\n<meta property=\"og:url\" content=\"https:\/\/masterchem.fi\/sv\/produkt\/laktobionsyra-cas-96-82-2\/\" \/>\n<meta property=\"og:site_name\" content=\"MasterChem | kemikaalien tuotanto ja myynti\" \/>\n<meta property=\"article:modified_time\" content=\"2022-07-05T13:30:29+00:00\" \/>\n<meta property=\"og:image\" content=\"https:\/\/masterchem.fi\/wp-content\/uploads\/2022\/07\/Laktobioonhape-25kg-MasterChem.jpg\" \/>\n\t<meta property=\"og:image:width\" content=\"1000\" \/>\n\t<meta property=\"og:image:height\" content=\"1000\" \/>\n\t<meta property=\"og:image:type\" content=\"image\/jpeg\" \/>\n<meta name=\"twitter:card\" content=\"summary_large_image\" \/>\n<script type=\"application\/ld+json\" class=\"yoast-schema-graph\">{\"@context\":\"https:\/\/schema.org\",\"@graph\":[{\"@type\":\"WebPage\",\"@id\":\"https:\/\/masterchem.fi\/sv\/produkt\/laktobionsyra-cas-96-82-2\/\",\"url\":\"https:\/\/masterchem.fi\/sv\/produkt\/laktobionsyra-cas-96-82-2\/\",\"name\":\"Laktobionsyra (CAS 96-82-2) - MasterChem | kemikaalien tuotanto ja myynti\",\"isPartOf\":{\"@id\":\"https:\/\/masterchem.fi\/sv\/#website\"},\"primaryImageOfPage\":{\"@id\":\"https:\/\/masterchem.fi\/sv\/produkt\/laktobionsyra-cas-96-82-2\/#primaryimage\"},\"image\":{\"@id\":\"https:\/\/masterchem.fi\/sv\/produkt\/laktobionsyra-cas-96-82-2\/#primaryimage\"},\"thumbnailUrl\":\"https:\/\/masterchem.fi\/wp-content\/uploads\/2022\/07\/Laktobioonhape-25kg-MasterChem.jpg\",\"datePublished\":\"2022-07-05T13:26:19+00:00\",\"dateModified\":\"2022-07-05T13:30:29+00:00\",\"description\":\"Laktobionsyra (4-O-\u03b2-galaktopyranosyl-D-glukonsyra) \u00e4r en sockersyra. Det \u00e4r en disackarid som bildas av glukonsyra och galaktos.\",\"breadcrumb\":{\"@id\":\"https:\/\/masterchem.fi\/sv\/produkt\/laktobionsyra-cas-96-82-2\/#breadcrumb\"},\"inLanguage\":\"sv-SE\",\"potentialAction\":[{\"@type\":\"ReadAction\",\"target\":[\"https:\/\/masterchem.fi\/sv\/produkt\/laktobionsyra-cas-96-82-2\/\"]}]},{\"@type\":\"ImageObject\",\"inLanguage\":\"sv-SE\",\"@id\":\"https:\/\/masterchem.fi\/sv\/produkt\/laktobionsyra-cas-96-82-2\/#primaryimage\",\"url\":\"https:\/\/masterchem.fi\/wp-content\/uploads\/2022\/07\/Laktobioonhape-25kg-MasterChem.jpg\",\"contentUrl\":\"https:\/\/masterchem.fi\/wp-content\/uploads\/2022\/07\/Laktobioonhape-25kg-MasterChem.jpg\",\"width\":1000,\"height\":1000,\"caption\":\"Laktobionsyra (CAS 96-82-2) 25kg MasterChem\"},{\"@type\":\"BreadcrumbList\",\"@id\":\"https:\/\/masterchem.fi\/sv\/produkt\/laktobionsyra-cas-96-82-2\/#breadcrumb\",\"itemListElement\":[{\"@type\":\"ListItem\",\"position\":1,\"name\":\"Home\",\"item\":\"https:\/\/masterchem.fi\/sv\/\"},{\"@type\":\"ListItem\",\"position\":2,\"name\":\"Butik\",\"item\":\"https:\/\/masterchem.fi\/sv\/butik\/\"},{\"@type\":\"ListItem\",\"position\":3,\"name\":\"Laktobionsyra (CAS 96-82-2)\"}]},{\"@type\":\"WebSite\",\"@id\":\"https:\/\/masterchem.fi\/sv\/#website\",\"url\":\"https:\/\/masterchem.fi\/sv\/\",\"name\":\"MasterChem | kemikaalien tuotanto ja myynti\",\"description\":\"kemikaalien tuotanto ja myynti\",\"potentialAction\":[{\"@type\":\"SearchAction\",\"target\":{\"@type\":\"EntryPoint\",\"urlTemplate\":\"https:\/\/masterchem.fi\/sv\/?s={search_term_string}\"},\"query-input\":{\"@type\":\"PropertyValueSpecification\",\"valueRequired\":true,\"valueName\":\"search_term_string\"}}],\"inLanguage\":\"sv-SE\"}]}<\/script>\n<!-- \/ Yoast SEO plugin. -->","yoast_head_json":{"title":"Laktobionsyra (CAS 96-82-2) - MasterChem | kemikaalien tuotanto ja myynti","description":"Laktobionsyra (4-O-\u03b2-galaktopyranosyl-D-glukonsyra) \u00e4r en sockersyra. Det \u00e4r en disackarid som bildas av glukonsyra och galaktos.","robots":{"index":"index","follow":"follow","max-snippet":"max-snippet:-1","max-image-preview":"max-image-preview:large","max-video-preview":"max-video-preview:-1"},"canonical":"https:\/\/masterchem.fi\/sv\/produkt\/laktobionsyra-cas-96-82-2\/","og_locale":"sv_SE","og_type":"article","og_title":"Laktobionsyra (CAS 96-82-2) - MasterChem | kemikaalien tuotanto ja myynti","og_description":"Laktobionsyra (4-O-\u03b2-galaktopyranosyl-D-glukonsyra) \u00e4r en sockersyra. Det \u00e4r en disackarid som bildas av glukonsyra och galaktos.","og_url":"https:\/\/masterchem.fi\/sv\/produkt\/laktobionsyra-cas-96-82-2\/","og_site_name":"MasterChem | kemikaalien tuotanto ja myynti","article_modified_time":"2022-07-05T13:30:29+00:00","og_image":[{"width":1000,"height":1000,"url":"https:\/\/masterchem.fi\/wp-content\/uploads\/2022\/07\/Laktobioonhape-25kg-MasterChem.jpg","type":"image\/jpeg"}],"twitter_card":"summary_large_image","schema":{"@context":"https:\/\/schema.org","@graph":[{"@type":"WebPage","@id":"https:\/\/masterchem.fi\/sv\/produkt\/laktobionsyra-cas-96-82-2\/","url":"https:\/\/masterchem.fi\/sv\/produkt\/laktobionsyra-cas-96-82-2\/","name":"Laktobionsyra (CAS 96-82-2) - MasterChem | kemikaalien tuotanto ja myynti","isPartOf":{"@id":"https:\/\/masterchem.fi\/sv\/#website"},"primaryImageOfPage":{"@id":"https:\/\/masterchem.fi\/sv\/produkt\/laktobionsyra-cas-96-82-2\/#primaryimage"},"image":{"@id":"https:\/\/masterchem.fi\/sv\/produkt\/laktobionsyra-cas-96-82-2\/#primaryimage"},"thumbnailUrl":"https:\/\/masterchem.fi\/wp-content\/uploads\/2022\/07\/Laktobioonhape-25kg-MasterChem.jpg","datePublished":"2022-07-05T13:26:19+00:00","dateModified":"2022-07-05T13:30:29+00:00","description":"Laktobionsyra (4-O-\u03b2-galaktopyranosyl-D-glukonsyra) \u00e4r en sockersyra. Det \u00e4r en disackarid som bildas av glukonsyra och galaktos.","breadcrumb":{"@id":"https:\/\/masterchem.fi\/sv\/produkt\/laktobionsyra-cas-96-82-2\/#breadcrumb"},"inLanguage":"sv-SE","potentialAction":[{"@type":"ReadAction","target":["https:\/\/masterchem.fi\/sv\/produkt\/laktobionsyra-cas-96-82-2\/"]}]},{"@type":"ImageObject","inLanguage":"sv-SE","@id":"https:\/\/masterchem.fi\/sv\/produkt\/laktobionsyra-cas-96-82-2\/#primaryimage","url":"https:\/\/masterchem.fi\/wp-content\/uploads\/2022\/07\/Laktobioonhape-25kg-MasterChem.jpg","contentUrl":"https:\/\/masterchem.fi\/wp-content\/uploads\/2022\/07\/Laktobioonhape-25kg-MasterChem.jpg","width":1000,"height":1000,"caption":"Laktobionsyra (CAS 96-82-2) 25kg MasterChem"},{"@type":"BreadcrumbList","@id":"https:\/\/masterchem.fi\/sv\/produkt\/laktobionsyra-cas-96-82-2\/#breadcrumb","itemListElement":[{"@type":"ListItem","position":1,"name":"Home","item":"https:\/\/masterchem.fi\/sv\/"},{"@type":"ListItem","position":2,"name":"Butik","item":"https:\/\/masterchem.fi\/sv\/butik\/"},{"@type":"ListItem","position":3,"name":"Laktobionsyra (CAS 96-82-2)"}]},{"@type":"WebSite","@id":"https:\/\/masterchem.fi\/sv\/#website","url":"https:\/\/masterchem.fi\/sv\/","name":"MasterChem | kemikaalien tuotanto ja myynti","description":"kemikaalien tuotanto ja myynti","potentialAction":[{"@type":"SearchAction","target":{"@type":"EntryPoint","urlTemplate":"https:\/\/masterchem.fi\/sv\/?s={search_term_string}"},"query-input":{"@type":"PropertyValueSpecification","valueRequired":true,"valueName":"search_term_string"}}],"inLanguage":"sv-SE"}]}},"_links":{"self":[{"href":"https:\/\/masterchem.fi\/sv\/wp-json\/wp\/v2\/product\/10798","targetHints":{"allow":["GET"]}}],"collection":[{"href":"https:\/\/masterchem.fi\/sv\/wp-json\/wp\/v2\/product"}],"about":[{"href":"https:\/\/masterchem.fi\/sv\/wp-json\/wp\/v2\/types\/product"}],"wp:featuredmedia":[{"embeddable":true,"href":"https:\/\/masterchem.fi\/sv\/wp-json\/wp\/v2\/media\/10801"}],"wp:attachment":[{"href":"https:\/\/masterchem.fi\/sv\/wp-json\/wp\/v2\/media?parent=10798"}],"wp:term":[{"taxonomy":"product_brand","embeddable":true,"href":"https:\/\/masterchem.fi\/sv\/wp-json\/wp\/v2\/product_brand?post=10798"},{"taxonomy":"product_cat","embeddable":true,"href":"https:\/\/masterchem.fi\/sv\/wp-json\/wp\/v2\/product_cat?post=10798"},{"taxonomy":"product_tag","embeddable":true,"href":"https:\/\/masterchem.fi\/sv\/wp-json\/wp\/v2\/product_tag?post=10798"}],"curies":[{"name":"wp","href":"https:\/\/api.w.org\/{rel}","templated":true}]}}