{"id":10893,"date":"2022-07-13T09:06:43","date_gmt":"2022-07-13T06:06:45","guid":{"rendered":"https:\/\/masterchem.fi\/?post_type=product&#038;p=10893"},"modified":"2022-07-13T09:15:48","modified_gmt":"2022-07-13T06:15:48","slug":"sojabonsolja","status":"publish","type":"product","link":"https:\/\/masterchem.fi\/sv\/produkt\/sojabonsolja\/","title":{"rendered":"Sojab\u00f6nsolja"},"content":{"rendered":"","protected":false},"excerpt":{"rendered":"<p><strong>Sojaolja<\/strong><\/p>\n<p>Sojaolja \u00e4r matolja som pressats fr\u00e5n sojab\u00f6nor (Soya hispida). Det \u00e4r den n\u00e4st mest anv\u00e4nda vegetabiliska oljan i v\u00e4rlden, som \u00e4r s\u00e4rskilt popul\u00e4r i Asien och Amerika.<\/p>\n<p>Sojaolja \u00e4r rik p\u00e5 linolsyra.<\/p>\n<p>Biprodukten fr\u00e5n produktionen av sojaolja \u00e4r sojaprotein (sojamj\u00f6l), som anv\u00e4nds som ers\u00e4ttning f\u00f6r k\u00f6ttf\u00e4rs och s\u00e4rskilt som djurfoder, och sojalecitin, som anv\u00e4nds av livsmedelsindustrin som antioxidant och emulgeringsmedel .<\/p>\n","protected":false},"featured_media":10915,"template":"","meta":[],"product_brand":[],"product_cat":[109,116],"product_tag":[150,152],"class_list":{"0":"post-10893","1":"product","2":"type-product","3":"status-publish","4":"has-post-thumbnail","6":"product_cat-plast","7":"product_cat-alla-produkter","8":"product_tag-kotitalouskemikaalit-sv","9":"product_tag-lasikuitu-sv","11":"first","12":"outofstock","13":"featured","14":"taxable","15":"shipping-taxable","16":"purchasable","17":"product-type-variable","18":"has-default-attributes","19":"rtwpvg-product"},"yoast_head":"<!-- This site is optimized with the Yoast SEO plugin v27.2 - https:\/\/yoast.com\/product\/yoast-seo-wordpress\/ -->\n<title>Sojab\u00f6nsolja - MasterChem | kemikaalien tuotanto ja myynti<\/title>\n<meta name=\"description\" content=\"Sojab\u00f6nolja \u00e4r matolja som pressats fr\u00e5n sojab\u00f6nor (Soya hispida). Det \u00e4r den n\u00e4st mest anv\u00e4nda vegetabiliska oljan i v\u00e4rlden, som \u00e4r s\u00e4rskilt popul\u00e4r i Asien och Amerika.\" \/>\n<meta name=\"robots\" content=\"index, follow, max-snippet:-1, max-image-preview:large, max-video-preview:-1\" \/>\n<link rel=\"canonical\" href=\"https:\/\/masterchem.fi\/sv\/produkt\/sojabonsolja\/\" \/>\n<meta property=\"og:locale\" content=\"sv_SE\" \/>\n<meta property=\"og:type\" content=\"article\" \/>\n<meta property=\"og:title\" content=\"Sojab\u00f6nsolja - MasterChem | kemikaalien tuotanto ja myynti\" \/>\n<meta property=\"og:description\" content=\"Sojab\u00f6nolja \u00e4r matolja som pressats fr\u00e5n sojab\u00f6nor (Soya hispida). Det \u00e4r den n\u00e4st mest anv\u00e4nda vegetabiliska oljan i v\u00e4rlden, som \u00e4r s\u00e4rskilt popul\u00e4r i Asien och Amerika.\" \/>\n<meta property=\"og:url\" content=\"https:\/\/masterchem.fi\/sv\/produkt\/sojabonsolja\/\" \/>\n<meta property=\"og:site_name\" content=\"MasterChem | kemikaalien tuotanto ja myynti\" \/>\n<meta property=\"article:modified_time\" content=\"2022-07-13T06:15:48+00:00\" \/>\n<meta property=\"og:image\" content=\"https:\/\/masterchem.fi\/wp-content\/uploads\/2022\/07\/Sojaoli-1000l-MasterChem.jpg\" \/>\n\t<meta property=\"og:image:width\" content=\"1000\" \/>\n\t<meta property=\"og:image:height\" content=\"1000\" \/>\n\t<meta property=\"og:image:type\" content=\"image\/jpeg\" \/>\n<meta name=\"twitter:card\" content=\"summary_large_image\" \/>\n<script type=\"application\/ld+json\" class=\"yoast-schema-graph\">{\"@context\":\"https:\/\/schema.org\",\"@graph\":[{\"@type\":\"WebPage\",\"@id\":\"https:\/\/masterchem.fi\/sv\/produkt\/sojabonsolja\/\",\"url\":\"https:\/\/masterchem.fi\/sv\/produkt\/sojabonsolja\/\",\"name\":\"Sojab\u00f6nsolja - MasterChem | kemikaalien tuotanto ja myynti\",\"isPartOf\":{\"@id\":\"https:\/\/masterchem.fi\/sv\/#website\"},\"primaryImageOfPage\":{\"@id\":\"https:\/\/masterchem.fi\/sv\/produkt\/sojabonsolja\/#primaryimage\"},\"image\":{\"@id\":\"https:\/\/masterchem.fi\/sv\/produkt\/sojabonsolja\/#primaryimage\"},\"thumbnailUrl\":\"https:\/\/masterchem.fi\/wp-content\/uploads\/2022\/07\/Sojaoli-1000l-MasterChem.jpg\",\"datePublished\":\"2022-07-13T06:06:45+00:00\",\"dateModified\":\"2022-07-13T06:15:48+00:00\",\"description\":\"Sojab\u00f6nolja \u00e4r matolja som pressats fr\u00e5n sojab\u00f6nor (Soya hispida). Det \u00e4r den n\u00e4st mest anv\u00e4nda vegetabiliska oljan i v\u00e4rlden, som \u00e4r s\u00e4rskilt popul\u00e4r i Asien och Amerika.\",\"breadcrumb\":{\"@id\":\"https:\/\/masterchem.fi\/sv\/produkt\/sojabonsolja\/#breadcrumb\"},\"inLanguage\":\"sv-SE\",\"potentialAction\":[{\"@type\":\"ReadAction\",\"target\":[\"https:\/\/masterchem.fi\/sv\/produkt\/sojabonsolja\/\"]}]},{\"@type\":\"ImageObject\",\"inLanguage\":\"sv-SE\",\"@id\":\"https:\/\/masterchem.fi\/sv\/produkt\/sojabonsolja\/#primaryimage\",\"url\":\"https:\/\/masterchem.fi\/wp-content\/uploads\/2022\/07\/Sojaoli-1000l-MasterChem.jpg\",\"contentUrl\":\"https:\/\/masterchem.fi\/wp-content\/uploads\/2022\/07\/Sojaoli-1000l-MasterChem.jpg\",\"width\":1000,\"height\":1000,\"caption\":\"Sojab\u00f6nsolja 1000l MasterChem\"},{\"@type\":\"BreadcrumbList\",\"@id\":\"https:\/\/masterchem.fi\/sv\/produkt\/sojabonsolja\/#breadcrumb\",\"itemListElement\":[{\"@type\":\"ListItem\",\"position\":1,\"name\":\"Home\",\"item\":\"https:\/\/masterchem.fi\/sv\/\"},{\"@type\":\"ListItem\",\"position\":2,\"name\":\"Butik\",\"item\":\"https:\/\/masterchem.fi\/sv\/butik\/\"},{\"@type\":\"ListItem\",\"position\":3,\"name\":\"Sojab\u00f6nsolja\"}]},{\"@type\":\"WebSite\",\"@id\":\"https:\/\/masterchem.fi\/sv\/#website\",\"url\":\"https:\/\/masterchem.fi\/sv\/\",\"name\":\"MasterChem | kemikaalien tuotanto ja myynti\",\"description\":\"kemikaalien tuotanto ja myynti\",\"potentialAction\":[{\"@type\":\"SearchAction\",\"target\":{\"@type\":\"EntryPoint\",\"urlTemplate\":\"https:\/\/masterchem.fi\/sv\/?s={search_term_string}\"},\"query-input\":{\"@type\":\"PropertyValueSpecification\",\"valueRequired\":true,\"valueName\":\"search_term_string\"}}],\"inLanguage\":\"sv-SE\"}]}<\/script>\n<!-- \/ Yoast SEO plugin. -->","yoast_head_json":{"title":"Sojab\u00f6nsolja - MasterChem | kemikaalien tuotanto ja myynti","description":"Sojab\u00f6nolja \u00e4r matolja som pressats fr\u00e5n sojab\u00f6nor (Soya hispida). Det \u00e4r den n\u00e4st mest anv\u00e4nda vegetabiliska oljan i v\u00e4rlden, som \u00e4r s\u00e4rskilt popul\u00e4r i Asien och Amerika.","robots":{"index":"index","follow":"follow","max-snippet":"max-snippet:-1","max-image-preview":"max-image-preview:large","max-video-preview":"max-video-preview:-1"},"canonical":"https:\/\/masterchem.fi\/sv\/produkt\/sojabonsolja\/","og_locale":"sv_SE","og_type":"article","og_title":"Sojab\u00f6nsolja - MasterChem | kemikaalien tuotanto ja myynti","og_description":"Sojab\u00f6nolja \u00e4r matolja som pressats fr\u00e5n sojab\u00f6nor (Soya hispida). Det \u00e4r den n\u00e4st mest anv\u00e4nda vegetabiliska oljan i v\u00e4rlden, som \u00e4r s\u00e4rskilt popul\u00e4r i Asien och Amerika.","og_url":"https:\/\/masterchem.fi\/sv\/produkt\/sojabonsolja\/","og_site_name":"MasterChem | kemikaalien tuotanto ja myynti","article_modified_time":"2022-07-13T06:15:48+00:00","og_image":[{"width":1000,"height":1000,"url":"https:\/\/masterchem.fi\/wp-content\/uploads\/2022\/07\/Sojaoli-1000l-MasterChem.jpg","type":"image\/jpeg"}],"twitter_card":"summary_large_image","schema":{"@context":"https:\/\/schema.org","@graph":[{"@type":"WebPage","@id":"https:\/\/masterchem.fi\/sv\/produkt\/sojabonsolja\/","url":"https:\/\/masterchem.fi\/sv\/produkt\/sojabonsolja\/","name":"Sojab\u00f6nsolja - MasterChem | kemikaalien tuotanto ja myynti","isPartOf":{"@id":"https:\/\/masterchem.fi\/sv\/#website"},"primaryImageOfPage":{"@id":"https:\/\/masterchem.fi\/sv\/produkt\/sojabonsolja\/#primaryimage"},"image":{"@id":"https:\/\/masterchem.fi\/sv\/produkt\/sojabonsolja\/#primaryimage"},"thumbnailUrl":"https:\/\/masterchem.fi\/wp-content\/uploads\/2022\/07\/Sojaoli-1000l-MasterChem.jpg","datePublished":"2022-07-13T06:06:45+00:00","dateModified":"2022-07-13T06:15:48+00:00","description":"Sojab\u00f6nolja \u00e4r matolja som pressats fr\u00e5n sojab\u00f6nor (Soya hispida). Det \u00e4r den n\u00e4st mest anv\u00e4nda vegetabiliska oljan i v\u00e4rlden, som \u00e4r s\u00e4rskilt popul\u00e4r i Asien och Amerika.","breadcrumb":{"@id":"https:\/\/masterchem.fi\/sv\/produkt\/sojabonsolja\/#breadcrumb"},"inLanguage":"sv-SE","potentialAction":[{"@type":"ReadAction","target":["https:\/\/masterchem.fi\/sv\/produkt\/sojabonsolja\/"]}]},{"@type":"ImageObject","inLanguage":"sv-SE","@id":"https:\/\/masterchem.fi\/sv\/produkt\/sojabonsolja\/#primaryimage","url":"https:\/\/masterchem.fi\/wp-content\/uploads\/2022\/07\/Sojaoli-1000l-MasterChem.jpg","contentUrl":"https:\/\/masterchem.fi\/wp-content\/uploads\/2022\/07\/Sojaoli-1000l-MasterChem.jpg","width":1000,"height":1000,"caption":"Sojab\u00f6nsolja 1000l MasterChem"},{"@type":"BreadcrumbList","@id":"https:\/\/masterchem.fi\/sv\/produkt\/sojabonsolja\/#breadcrumb","itemListElement":[{"@type":"ListItem","position":1,"name":"Home","item":"https:\/\/masterchem.fi\/sv\/"},{"@type":"ListItem","position":2,"name":"Butik","item":"https:\/\/masterchem.fi\/sv\/butik\/"},{"@type":"ListItem","position":3,"name":"Sojab\u00f6nsolja"}]},{"@type":"WebSite","@id":"https:\/\/masterchem.fi\/sv\/#website","url":"https:\/\/masterchem.fi\/sv\/","name":"MasterChem | kemikaalien tuotanto ja myynti","description":"kemikaalien tuotanto ja myynti","potentialAction":[{"@type":"SearchAction","target":{"@type":"EntryPoint","urlTemplate":"https:\/\/masterchem.fi\/sv\/?s={search_term_string}"},"query-input":{"@type":"PropertyValueSpecification","valueRequired":true,"valueName":"search_term_string"}}],"inLanguage":"sv-SE"}]}},"_links":{"self":[{"href":"https:\/\/masterchem.fi\/sv\/wp-json\/wp\/v2\/product\/10893","targetHints":{"allow":["GET"]}}],"collection":[{"href":"https:\/\/masterchem.fi\/sv\/wp-json\/wp\/v2\/product"}],"about":[{"href":"https:\/\/masterchem.fi\/sv\/wp-json\/wp\/v2\/types\/product"}],"wp:featuredmedia":[{"embeddable":true,"href":"https:\/\/masterchem.fi\/sv\/wp-json\/wp\/v2\/media\/10915"}],"wp:attachment":[{"href":"https:\/\/masterchem.fi\/sv\/wp-json\/wp\/v2\/media?parent=10893"}],"wp:term":[{"taxonomy":"product_brand","embeddable":true,"href":"https:\/\/masterchem.fi\/sv\/wp-json\/wp\/v2\/product_brand?post=10893"},{"taxonomy":"product_cat","embeddable":true,"href":"https:\/\/masterchem.fi\/sv\/wp-json\/wp\/v2\/product_cat?post=10893"},{"taxonomy":"product_tag","embeddable":true,"href":"https:\/\/masterchem.fi\/sv\/wp-json\/wp\/v2\/product_tag?post=10893"}],"curies":[{"name":"wp","href":"https:\/\/api.w.org\/{rel}","templated":true}]}}