{"id":10933,"date":"2022-07-13T09:19:19","date_gmt":"2022-07-13T06:19:22","guid":{"rendered":"https:\/\/masterchem.fi\/?post_type=product&#038;p=10933"},"modified":"2022-07-13T09:26:48","modified_gmt":"2022-07-13T06:26:48","slug":"coolant-mastercoolant-nitritfri-38c-gul","status":"publish","type":"product","link":"https:\/\/masterchem.fi\/sv\/produkt\/coolant-mastercoolant-nitritfri-38c-gul\/","title":{"rendered":"Coolant MasterCoolant Nitritfri \u2013 38\u00b0C gul"},"content":{"rendered":"<p>Anv\u00e4ndningss\u00e4kerhet<br \/>\n(H302) Farligt vid f\u00f6rt\u00e4ring.<br \/>\n(P102) F\u00f6rvaras utom r\u00e4ckh\u00e5ll f\u00f6r barn. (P264) Tv\u00e4tta &#8230; noggrant efter hantering. (P270) \u00c4ta, dricka och r\u00f6ka f\u00f6rbjudet vid anv\u00e4ndning av kemikalien. (P301+P312) OM KEMIKALISKT F\u00d6RT\u00c4RS: Kontakta GIFTINFORMATIONSCENTRAL eller l\u00e4kare om du k\u00e4nner dig illam\u00e5ende. (P330) Sk\u00f6lj munnen. (P501) Kassera inneh\u00e5ll\/f\u00f6rpackning i enlighet med lokala\/regionala\/nationella\/internationella best\u00e4mmelser (specificeras).<\/p>\n<p>Skadar inte gummi- eller plastdelar. Tillverkad av MasterChem.<br \/>\nSAMMANS\u00c4TTNING: etylenglykol, vatten, tillsatser.<br \/>\nTILLVERKARE: MASTERCHEM O\u00dc, Reg.nr 10755076 LAO 4, Maardu 74114 Estland www.masterchem.ee Tel. +372 55513600<\/p>\n<p><img loading=\"lazy\" decoding=\"async\" src=\"https:\/\/masterchem.ee\/wp-content\/uploads\/2022\/01\/exclamation_sign.jpg\" alt=\"\" width=\"176\" height=\"176\" class=\"alignnone size-full wp-image-17206\" \/> <img loading=\"lazy\" decoding=\"async\" src=\"https:\/\/masterchem.ee\/wp-content\/uploads\/2022\/01\/hazard_sign.jpg\" alt=\"\" width=\"176\" height=\"176\" class=\"alignnone size-medium wp-image-17210\" \/><\/p>\n<p>5L \u2013 EAN 4742668002083 10L \u2013 EAN 4742668002090<\/p>\n","protected":false},"excerpt":{"rendered":"<p><strong>Kylv\u00e4tska MasterCoolant Nitritfri \u2013 38\u00b0C gul<\/strong> <\/p>\n<p>MasterCoolant EXTRA LONGLIFE &#8211; 38 \u00b0C \u00e4r en h\u00f6gpresterande kylv\u00e4tska med f\u00f6rl\u00e4ngd livsl\u00e4ngd designad f\u00f6r optimal v\u00e4rme\u00f6verf\u00f6ring och l\u00e5ngsiktigt skydd av kylsystemen i station\u00e4ra gasmotorer och de flesta motorer som anv\u00e4nds inom konstruktion, gruvdrift, jordbruk, j\u00e4rnv\u00e4g och marina. utrustning.<br \/>\nUtm\u00e4rkande egenskaper<br \/>\n\u2022 Avancerad slitagefri korrosionsinhibitor ger l\u00e5ng livsl\u00e4ngd med minimalt underh\u00e5ll och problemfri motordrift<br \/>\n\u2022 Designad f\u00f6r ett brett utbud av fordon och \u00e4r designad f\u00f6r anv\u00e4ndning med \u00f6ver 650 000 km intervaller p\u00e5 lastbilar och bussar och 32 000 timmars intervaller p\u00e5 station\u00e4ra motorer<br \/>\n\u2022 Ger tillf\u00f6rlitlighet och korrosionsskydd f\u00f6r termostater, radiatorer, vattenpumpar och andra k\u00e4nsliga delar av kylsystemet<br \/>\n\u2022 Mycket effektiv formula utan silikater och fosfater ger stabil prestanda vid utsp\u00e4dning i h\u00e5rt vatten<br \/>\n\u2022 Skyddar moderna motorer fr\u00e5n korrosion vid h\u00f6g temperatur, vilket minskar underh\u00e5llstid, kostnad, stillest\u00e5ndstid och avfall.<\/p>\n<p>Kompatibla med standarder: ASTM D3306, ASTM D4985, ASTM D6210, BS 6580 (2010), MB-Approval 326.3, WSS-M97B44-D, RP 364, VCS 418-0001<\/p>\n<p><strong>Kylv\u00e4tska MasterCoolant Nitrit Free \u00e4r l\u00e4mplig f\u00f6r anv\u00e4ndning i f\u00f6ljande motorer:<\/strong><\/p>\n<p>\u2022 Motorer f\u00f6r General Motors fordon efter 1995<br \/>\n\u2022 Motorer f\u00f6r Chrysler-bilar efter 2001<br \/>\n\u2022 Ford-motorer efter 2003<br \/>\n\u2022 Fasta dieselmotorer Deutz<br \/>\n\u2022 Hino lastbilsdieselmotorer<br \/>\n\u2022 Isuzu dieselmotorer f\u00f6r lastbilar<br \/>\n\u2022 Dieselmotorer f\u00f6r Kobelco entreprenadmaskiner<br \/>\n\u2022 Dieselmotorer f\u00f6r Komatsu entreprenadmaskiner<br \/>\n\u2022 Motorer Navistar \u2122 MAXXFORCE<br \/>\n\u2022 Scania lastbilsdieselmotorer<br \/>\n\u2022 Dieselmotorer f\u00f6r Volvo entreprenadmaskiner<br \/>\n\u2022 Volvo och Mack lastbilsdieselmotorer<br \/>\n\u2022 Fasta W\u00e4rtsil\u00e4 dieselmotorer<br \/>\n\u2022 Europeiska OEM-motorer som kr\u00e4ver fosfat- och nitritfria formuleringar<br \/>\n\u2022 Kraftiga japanska OEM-motorer som kr\u00e4ver silikatfria formuleringar<\/p>\n<p><strong>Produktfunktioner<\/strong><br \/>\nProdukttyp: F\u00e4rdig att anv\u00e4nda<br \/>\nUrsprungsland: Estland<br \/>\nFryspunkt -38\u00b0C<br \/>\nKokpunkt (\u00b0C): 108\u00b0C<br \/>\nDensitet vid 20 \u00b0C: 1 078 g \/ cm3<br \/>\nRekommenderad lagringstemperatur minimum: 0 C max: 30 C<br \/>\nF\u00e4rg: gul<br \/>\npH (ASTM D-1119): 8,6<br \/>\nH\u00e5llbarhet 36 m\u00e5nader.<br \/>\nCode Master EWS-55i3y<\/p>\n<p><a class=\"pdf\" title=\"MasterCoolant Nitrite Free \u2013 38\u00b0C yellow TDS\" href=\"https:\/\/masterchem.ee\/wp-content\/uploads\/2022\/01\/Jahutusvedelik_kollane_MasterCoolant_Nitrite_Free_38_TDS_EST.pdf\" target=\"_blank\" rel=\"noopener\">J\u00e4\u00e4hdytisneste MasterCoolant Nitrite Free \u2013 38\u00b0C (TDS)<\/a><\/p>\n","protected":false},"featured_media":10943,"template":"","meta":[],"product_brand":[],"product_cat":[103,104,105,108,109,111,113,114,116],"product_tag":[150,152],"class_list":{"0":"post-10933","1":"product","2":"type-product","3":"status-publish","4":"has-post-thumbnail","6":"product_cat-frostskydd","7":"product_cat-bil-och-maskinkemikalier","8":"product_cat-hushallskemikalier-sv","9":"product_cat-metallkemikalier","10":"product_cat-plast","11":"product_cat-trabearbetningskemikalier","12":"product_cat-vaggmalning","13":"product_cat-typografiska-kemikalier","14":"product_cat-alla-produkter","15":"product_tag-kotitalouskemikaalit-sv","16":"product_tag-lasikuitu-sv","18":"first","19":"outofstock","20":"featured","21":"taxable","22":"shipping-taxable","23":"purchasable","24":"product-type-variable","25":"has-default-attributes","26":"rtwpvg-product"},"yoast_head":"<!-- This site is optimized with the Yoast SEO plugin v27.5 - https:\/\/yoast.com\/product\/yoast-seo-wordpress\/ -->\n<title>Coolant MasterCoolant Nitritfri \u2013 38\u00b0C gul - MasterChem | kemikaalien tuotanto ja myynti<\/title>\n<meta name=\"description\" content=\"Coolant MasterCoolant Nitritfri \u2013 38\u00b0C gul 5l MaterChem. Den f\u00e4rdiga fordonskylv\u00e4tskan \u00e4r avsedd att anv\u00e4ndas i alla typer av moderna kylsystem i enlighet med fordonstillverkarens anvisningar.\" \/>\n<meta name=\"robots\" content=\"index, follow, max-snippet:-1, max-image-preview:large, max-video-preview:-1\" \/>\n<link rel=\"canonical\" href=\"https:\/\/masterchem.fi\/sv\/produkt\/coolant-mastercoolant-nitritfri-38c-gul\/\" \/>\n<meta property=\"og:locale\" content=\"sv_SE\" \/>\n<meta property=\"og:type\" content=\"article\" \/>\n<meta property=\"og:title\" content=\"Coolant MasterCoolant Nitritfri \u2013 38\u00b0C gul - MasterChem | kemikaalien tuotanto ja myynti\" \/>\n<meta property=\"og:description\" content=\"Coolant MasterCoolant Nitritfri \u2013 38\u00b0C gul 5l MaterChem. Den f\u00e4rdiga fordonskylv\u00e4tskan \u00e4r avsedd att anv\u00e4ndas i alla typer av moderna kylsystem i enlighet med fordonstillverkarens anvisningar.\" \/>\n<meta property=\"og:url\" content=\"https:\/\/masterchem.fi\/sv\/produkt\/coolant-mastercoolant-nitritfri-38c-gul\/\" \/>\n<meta property=\"og:site_name\" content=\"MasterChem | kemikaalien tuotanto ja myynti\" \/>\n<meta property=\"article:modified_time\" content=\"2022-07-13T06:26:48+00:00\" \/>\n<meta property=\"og:image\" content=\"https:\/\/masterchem.fi\/wp-content\/uploads\/2022\/07\/Jahutusvedelik-MasterCoolant-Nitrite-Free-38-C-kollane-5l-MaterChem.jpg\" \/>\n\t<meta property=\"og:image:width\" content=\"700\" \/>\n\t<meta property=\"og:image:height\" content=\"700\" \/>\n\t<meta property=\"og:image:type\" content=\"image\/jpeg\" \/>\n<meta name=\"twitter:card\" content=\"summary_large_image\" \/>\n<meta name=\"twitter:label1\" content=\"Ber\u00e4knad l\u00e4stid\" \/>\n\t<meta name=\"twitter:data1\" content=\"1 minut\" \/>\n<script type=\"application\/ld+json\" class=\"yoast-schema-graph\">{\"@context\":\"https:\\\/\\\/schema.org\",\"@graph\":[{\"@type\":\"WebPage\",\"@id\":\"https:\\\/\\\/masterchem.fi\\\/sv\\\/produkt\\\/coolant-mastercoolant-nitritfri-38c-gul\\\/\",\"url\":\"https:\\\/\\\/masterchem.fi\\\/sv\\\/produkt\\\/coolant-mastercoolant-nitritfri-38c-gul\\\/\",\"name\":\"Coolant MasterCoolant Nitritfri \u2013 38\u00b0C gul - MasterChem | kemikaalien tuotanto ja myynti\",\"isPartOf\":{\"@id\":\"https:\\\/\\\/masterchem.fi\\\/sv\\\/#website\"},\"primaryImageOfPage\":{\"@id\":\"https:\\\/\\\/masterchem.fi\\\/sv\\\/produkt\\\/coolant-mastercoolant-nitritfri-38c-gul\\\/#primaryimage\"},\"image\":{\"@id\":\"https:\\\/\\\/masterchem.fi\\\/sv\\\/produkt\\\/coolant-mastercoolant-nitritfri-38c-gul\\\/#primaryimage\"},\"thumbnailUrl\":\"https:\\\/\\\/masterchem.fi\\\/wp-content\\\/uploads\\\/2022\\\/07\\\/Jahutusvedelik-MasterCoolant-Nitrite-Free-38-C-kollane-5l-MaterChem.jpg\",\"datePublished\":\"2022-07-13T06:19:22+00:00\",\"dateModified\":\"2022-07-13T06:26:48+00:00\",\"description\":\"Coolant MasterCoolant Nitritfri \u2013 38\u00b0C gul 5l MaterChem. Den f\u00e4rdiga fordonskylv\u00e4tskan \u00e4r avsedd att anv\u00e4ndas i alla typer av moderna kylsystem i enlighet med fordonstillverkarens anvisningar.\",\"breadcrumb\":{\"@id\":\"https:\\\/\\\/masterchem.fi\\\/sv\\\/produkt\\\/coolant-mastercoolant-nitritfri-38c-gul\\\/#breadcrumb\"},\"inLanguage\":\"sv-SE\",\"potentialAction\":[{\"@type\":\"ReadAction\",\"target\":[\"https:\\\/\\\/masterchem.fi\\\/sv\\\/produkt\\\/coolant-mastercoolant-nitritfri-38c-gul\\\/\"]}]},{\"@type\":\"ImageObject\",\"inLanguage\":\"sv-SE\",\"@id\":\"https:\\\/\\\/masterchem.fi\\\/sv\\\/produkt\\\/coolant-mastercoolant-nitritfri-38c-gul\\\/#primaryimage\",\"url\":\"https:\\\/\\\/masterchem.fi\\\/wp-content\\\/uploads\\\/2022\\\/07\\\/Jahutusvedelik-MasterCoolant-Nitrite-Free-38-C-kollane-5l-MaterChem.jpg\",\"contentUrl\":\"https:\\\/\\\/masterchem.fi\\\/wp-content\\\/uploads\\\/2022\\\/07\\\/Jahutusvedelik-MasterCoolant-Nitrite-Free-38-C-kollane-5l-MaterChem.jpg\",\"width\":700,\"height\":700},{\"@type\":\"BreadcrumbList\",\"@id\":\"https:\\\/\\\/masterchem.fi\\\/sv\\\/produkt\\\/coolant-mastercoolant-nitritfri-38c-gul\\\/#breadcrumb\",\"itemListElement\":[{\"@type\":\"ListItem\",\"position\":1,\"name\":\"Home\",\"item\":\"https:\\\/\\\/masterchem.fi\\\/sv\\\/\"},{\"@type\":\"ListItem\",\"position\":2,\"name\":\"Butik\",\"item\":\"https:\\\/\\\/masterchem.fi\\\/sv\\\/butik\\\/\"},{\"@type\":\"ListItem\",\"position\":3,\"name\":\"Coolant MasterCoolant Nitritfri \u2013 38\u00b0C gul\"}]},{\"@type\":\"WebSite\",\"@id\":\"https:\\\/\\\/masterchem.fi\\\/sv\\\/#website\",\"url\":\"https:\\\/\\\/masterchem.fi\\\/sv\\\/\",\"name\":\"MasterChem | kemikaalien tuotanto ja myynti\",\"description\":\"kemikaalien tuotanto ja myynti\",\"potentialAction\":[{\"@type\":\"SearchAction\",\"target\":{\"@type\":\"EntryPoint\",\"urlTemplate\":\"https:\\\/\\\/masterchem.fi\\\/sv\\\/?s={search_term_string}\"},\"query-input\":{\"@type\":\"PropertyValueSpecification\",\"valueRequired\":true,\"valueName\":\"search_term_string\"}}],\"inLanguage\":\"sv-SE\"}]}<\/script>\n<!-- \/ Yoast SEO plugin. -->","yoast_head_json":{"title":"Coolant MasterCoolant Nitritfri \u2013 38\u00b0C gul - MasterChem | kemikaalien tuotanto ja myynti","description":"Coolant MasterCoolant Nitritfri \u2013 38\u00b0C gul 5l MaterChem. Den f\u00e4rdiga fordonskylv\u00e4tskan \u00e4r avsedd att anv\u00e4ndas i alla typer av moderna kylsystem i enlighet med fordonstillverkarens anvisningar.","robots":{"index":"index","follow":"follow","max-snippet":"max-snippet:-1","max-image-preview":"max-image-preview:large","max-video-preview":"max-video-preview:-1"},"canonical":"https:\/\/masterchem.fi\/sv\/produkt\/coolant-mastercoolant-nitritfri-38c-gul\/","og_locale":"sv_SE","og_type":"article","og_title":"Coolant MasterCoolant Nitritfri \u2013 38\u00b0C gul - MasterChem | kemikaalien tuotanto ja myynti","og_description":"Coolant MasterCoolant Nitritfri \u2013 38\u00b0C gul 5l MaterChem. Den f\u00e4rdiga fordonskylv\u00e4tskan \u00e4r avsedd att anv\u00e4ndas i alla typer av moderna kylsystem i enlighet med fordonstillverkarens anvisningar.","og_url":"https:\/\/masterchem.fi\/sv\/produkt\/coolant-mastercoolant-nitritfri-38c-gul\/","og_site_name":"MasterChem | kemikaalien tuotanto ja myynti","article_modified_time":"2022-07-13T06:26:48+00:00","og_image":[{"width":700,"height":700,"url":"https:\/\/masterchem.fi\/wp-content\/uploads\/2022\/07\/Jahutusvedelik-MasterCoolant-Nitrite-Free-38-C-kollane-5l-MaterChem.jpg","type":"image\/jpeg"}],"twitter_card":"summary_large_image","twitter_misc":{"Ber\u00e4knad l\u00e4stid":"1 minut"},"schema":{"@context":"https:\/\/schema.org","@graph":[{"@type":"WebPage","@id":"https:\/\/masterchem.fi\/sv\/produkt\/coolant-mastercoolant-nitritfri-38c-gul\/","url":"https:\/\/masterchem.fi\/sv\/produkt\/coolant-mastercoolant-nitritfri-38c-gul\/","name":"Coolant MasterCoolant Nitritfri \u2013 38\u00b0C gul - MasterChem | kemikaalien tuotanto ja myynti","isPartOf":{"@id":"https:\/\/masterchem.fi\/sv\/#website"},"primaryImageOfPage":{"@id":"https:\/\/masterchem.fi\/sv\/produkt\/coolant-mastercoolant-nitritfri-38c-gul\/#primaryimage"},"image":{"@id":"https:\/\/masterchem.fi\/sv\/produkt\/coolant-mastercoolant-nitritfri-38c-gul\/#primaryimage"},"thumbnailUrl":"https:\/\/masterchem.fi\/wp-content\/uploads\/2022\/07\/Jahutusvedelik-MasterCoolant-Nitrite-Free-38-C-kollane-5l-MaterChem.jpg","datePublished":"2022-07-13T06:19:22+00:00","dateModified":"2022-07-13T06:26:48+00:00","description":"Coolant MasterCoolant Nitritfri \u2013 38\u00b0C gul 5l MaterChem. Den f\u00e4rdiga fordonskylv\u00e4tskan \u00e4r avsedd att anv\u00e4ndas i alla typer av moderna kylsystem i enlighet med fordonstillverkarens anvisningar.","breadcrumb":{"@id":"https:\/\/masterchem.fi\/sv\/produkt\/coolant-mastercoolant-nitritfri-38c-gul\/#breadcrumb"},"inLanguage":"sv-SE","potentialAction":[{"@type":"ReadAction","target":["https:\/\/masterchem.fi\/sv\/produkt\/coolant-mastercoolant-nitritfri-38c-gul\/"]}]},{"@type":"ImageObject","inLanguage":"sv-SE","@id":"https:\/\/masterchem.fi\/sv\/produkt\/coolant-mastercoolant-nitritfri-38c-gul\/#primaryimage","url":"https:\/\/masterchem.fi\/wp-content\/uploads\/2022\/07\/Jahutusvedelik-MasterCoolant-Nitrite-Free-38-C-kollane-5l-MaterChem.jpg","contentUrl":"https:\/\/masterchem.fi\/wp-content\/uploads\/2022\/07\/Jahutusvedelik-MasterCoolant-Nitrite-Free-38-C-kollane-5l-MaterChem.jpg","width":700,"height":700},{"@type":"BreadcrumbList","@id":"https:\/\/masterchem.fi\/sv\/produkt\/coolant-mastercoolant-nitritfri-38c-gul\/#breadcrumb","itemListElement":[{"@type":"ListItem","position":1,"name":"Home","item":"https:\/\/masterchem.fi\/sv\/"},{"@type":"ListItem","position":2,"name":"Butik","item":"https:\/\/masterchem.fi\/sv\/butik\/"},{"@type":"ListItem","position":3,"name":"Coolant MasterCoolant Nitritfri \u2013 38\u00b0C gul"}]},{"@type":"WebSite","@id":"https:\/\/masterchem.fi\/sv\/#website","url":"https:\/\/masterchem.fi\/sv\/","name":"MasterChem | kemikaalien tuotanto ja myynti","description":"kemikaalien tuotanto ja myynti","potentialAction":[{"@type":"SearchAction","target":{"@type":"EntryPoint","urlTemplate":"https:\/\/masterchem.fi\/sv\/?s={search_term_string}"},"query-input":{"@type":"PropertyValueSpecification","valueRequired":true,"valueName":"search_term_string"}}],"inLanguage":"sv-SE"}]}},"_links":{"self":[{"href":"https:\/\/masterchem.fi\/sv\/wp-json\/wp\/v2\/product\/10933","targetHints":{"allow":["GET"]}}],"collection":[{"href":"https:\/\/masterchem.fi\/sv\/wp-json\/wp\/v2\/product"}],"about":[{"href":"https:\/\/masterchem.fi\/sv\/wp-json\/wp\/v2\/types\/product"}],"wp:featuredmedia":[{"embeddable":true,"href":"https:\/\/masterchem.fi\/sv\/wp-json\/wp\/v2\/media\/10943"}],"wp:attachment":[{"href":"https:\/\/masterchem.fi\/sv\/wp-json\/wp\/v2\/media?parent=10933"}],"wp:term":[{"taxonomy":"product_brand","embeddable":true,"href":"https:\/\/masterchem.fi\/sv\/wp-json\/wp\/v2\/product_brand?post=10933"},{"taxonomy":"product_cat","embeddable":true,"href":"https:\/\/masterchem.fi\/sv\/wp-json\/wp\/v2\/product_cat?post=10933"},{"taxonomy":"product_tag","embeddable":true,"href":"https:\/\/masterchem.fi\/sv\/wp-json\/wp\/v2\/product_tag?post=10933"}],"curies":[{"name":"wp","href":"https:\/\/api.w.org\/{rel}","templated":true}]}}