{"id":10962,"date":"2022-07-13T09:36:18","date_gmt":"2022-07-13T06:36:19","guid":{"rendered":"https:\/\/masterchem.fi\/?post_type=product&#038;p=10962"},"modified":"2022-07-13T09:41:53","modified_gmt":"2022-07-13T06:41:53","slug":"tetranatriumpyrofosfat-cas-7722-88-5","status":"publish","type":"product","link":"https:\/\/masterchem.fi\/sv\/produkt\/tetranatriumpyrofosfat-cas-7722-88-5\/","title":{"rendered":"Tetranatriumpyrofosfat (CAS 7722-88-5)"},"content":{"rendered":"<p> <strong> Information<\/strong> <\/p>\n<p>Bransch: livsmedelsindustri<br \/>\nCAS-nummer: 7722-88-5<br \/>\nWE-nummer: 231-767-1<br \/>\nKemisk formel: Na4P2O7<br \/>\nTulltaxekod: 28353900<\/p>\n<p><strong>Andra fysiska egenskaper<\/strong><br \/>\npH: 9,8-9,9 (1% r-r)<br \/>\nSm\u00e4lt-\/fryspunkt: > 800\u00b0C<br \/>\nRelativ densitet: 2,62 g\/cm3 (21,0\u00b0C)<br \/>\nL\u00f6slighet i vatten: 58,5 g\/l (19,5-20,5\u00b0C)<\/p>\n","protected":false},"excerpt":{"rendered":"<p><strong>Tetranatriumpyrofosfat (CAS 7722-88-5)<\/strong><\/p>\n<p>Tetranatriumpyrofosfat, \u00e4ven kallat natriumpyrofosfat, tetranatriumfosfat eller TSPP, \u00e4r en oorganisk f\u00f6rening med formeln Na4P2O7. Som ett salt \u00e4r det ett vitt, vattenl\u00f6sligt fast \u00e4mne. Den best\u00e5r av pyrofosfatanjoner och natriumjoner. Toxiciteten \u00e4r ungef\u00e4r dubbelt s\u00e5 stor som bordssalt n\u00e4r det tas oralt. \u00c4ven k\u00e4nd som dekahydrat Na4P2O7 \u00b7 10(H2O).<\/p>\n<p>Tetranatriumpyrofosfat anv\u00e4nds som buffertmedel, emulgeringsmedel, dispergeringsmedel och f\u00f6rtjockningsmedel, och anv\u00e4nds ofta som livsmedelstillsats. Vanliga livsmedel som inneh\u00e5ller tetranatriumpyrofosfat inkluderar kycklingnuggets, marshmallows, pudding, krabbk\u00f6tt, krabbimitation, konserverad tonfisk och sojabaserade k\u00f6ttalternativ, och kattmat och kattgodis d\u00e4r det anv\u00e4nds som en smakf\u00f6rst\u00e4rkare.<\/p>\n<p>Tetranatriumpyrofosfat fungerar i tandkr\u00e4m och tandtr\u00e5d som ett anti-tandstensmedel som tar bort kalcium och magnesium fr\u00e5n saliv och d\u00e4rmed f\u00f6rhindrar att de samlas p\u00e5 t\u00e4nderna. Tetranatriumpyrofosfat anv\u00e4nds i kommersiella tandsk\u00f6ljningar f\u00f6re borstning f\u00f6r att minska plack.<\/p>\n<p>Tetranatriumpyrofosfat anv\u00e4nds ibland i hush\u00e5llstv\u00e4ttmedel f\u00f6r att f\u00f6rhindra liknande avlagring p\u00e5 kl\u00e4der, men p\u00e5 grund av dess fosfatinneh\u00e5ll orsakar det vatten\u00f6verg\u00f6dning och fr\u00e4mjar tillv\u00e4xten av alger.<\/p>\n","protected":false},"featured_media":10965,"template":"","meta":[],"product_brand":[],"product_cat":[116,171],"product_tag":[],"class_list":{"0":"post-10962","1":"product","2":"type-product","3":"status-publish","4":"has-post-thumbnail","6":"product_cat-alla-produkter","7":"product_cat-livsmedelsindustrin","9":"first","10":"outofstock","11":"taxable","12":"shipping-taxable","13":"purchasable","14":"product-type-variable","15":"has-default-attributes","16":"rtwpvg-product"},"yoast_head":"<!-- This site is optimized with the Yoast SEO plugin v27.2 - https:\/\/yoast.com\/product\/yoast-seo-wordpress\/ -->\n<title>Tetranatriumpyrofosfat (CAS 7722-88-5) - MasterChem | kemikaalien tuotanto ja myynti<\/title>\n<meta name=\"description\" content=\"Tetranatriumpyrofosfat, \u00e4ven kallat natriumpyrofosfat, tetranatriumfosfat eller TSPP, \u00e4r en oorganisk f\u00f6rening med formeln Na4P2O7.\" \/>\n<meta name=\"robots\" content=\"index, follow, max-snippet:-1, max-image-preview:large, max-video-preview:-1\" \/>\n<link rel=\"canonical\" href=\"https:\/\/masterchem.fi\/sv\/produkt\/tetranatriumpyrofosfat-cas-7722-88-5\/\" \/>\n<meta property=\"og:locale\" content=\"sv_SE\" \/>\n<meta property=\"og:type\" content=\"article\" \/>\n<meta property=\"og:title\" content=\"Tetranatriumpyrofosfat (CAS 7722-88-5) - MasterChem | kemikaalien tuotanto ja myynti\" \/>\n<meta property=\"og:description\" content=\"Tetranatriumpyrofosfat, \u00e4ven kallat natriumpyrofosfat, tetranatriumfosfat eller TSPP, \u00e4r en oorganisk f\u00f6rening med formeln Na4P2O7.\" \/>\n<meta property=\"og:url\" content=\"https:\/\/masterchem.fi\/sv\/produkt\/tetranatriumpyrofosfat-cas-7722-88-5\/\" \/>\n<meta property=\"og:site_name\" content=\"MasterChem | kemikaalien tuotanto ja myynti\" \/>\n<meta property=\"article:modified_time\" content=\"2022-07-13T06:41:53+00:00\" \/>\n<meta property=\"og:image\" content=\"https:\/\/masterchem.fi\/wp-content\/uploads\/2022\/07\/Tetranaatriumpurofosfaat-25kg-MasterChem.jpg\" \/>\n\t<meta property=\"og:image:width\" content=\"1000\" \/>\n\t<meta property=\"og:image:height\" content=\"1000\" \/>\n\t<meta property=\"og:image:type\" content=\"image\/jpeg\" \/>\n<meta name=\"twitter:card\" content=\"summary_large_image\" \/>\n<script type=\"application\/ld+json\" class=\"yoast-schema-graph\">{\"@context\":\"https:\/\/schema.org\",\"@graph\":[{\"@type\":\"WebPage\",\"@id\":\"https:\/\/masterchem.fi\/sv\/produkt\/tetranatriumpyrofosfat-cas-7722-88-5\/\",\"url\":\"https:\/\/masterchem.fi\/sv\/produkt\/tetranatriumpyrofosfat-cas-7722-88-5\/\",\"name\":\"Tetranatriumpyrofosfat (CAS 7722-88-5) - MasterChem | kemikaalien tuotanto ja myynti\",\"isPartOf\":{\"@id\":\"https:\/\/masterchem.fi\/sv\/#website\"},\"primaryImageOfPage\":{\"@id\":\"https:\/\/masterchem.fi\/sv\/produkt\/tetranatriumpyrofosfat-cas-7722-88-5\/#primaryimage\"},\"image\":{\"@id\":\"https:\/\/masterchem.fi\/sv\/produkt\/tetranatriumpyrofosfat-cas-7722-88-5\/#primaryimage\"},\"thumbnailUrl\":\"https:\/\/masterchem.fi\/wp-content\/uploads\/2022\/07\/Tetranaatriumpurofosfaat-25kg-MasterChem.jpg\",\"datePublished\":\"2022-07-13T06:36:19+00:00\",\"dateModified\":\"2022-07-13T06:41:53+00:00\",\"description\":\"Tetranatriumpyrofosfat, \u00e4ven kallat natriumpyrofosfat, tetranatriumfosfat eller TSPP, \u00e4r en oorganisk f\u00f6rening med formeln Na4P2O7.\",\"breadcrumb\":{\"@id\":\"https:\/\/masterchem.fi\/sv\/produkt\/tetranatriumpyrofosfat-cas-7722-88-5\/#breadcrumb\"},\"inLanguage\":\"sv-SE\",\"potentialAction\":[{\"@type\":\"ReadAction\",\"target\":[\"https:\/\/masterchem.fi\/sv\/produkt\/tetranatriumpyrofosfat-cas-7722-88-5\/\"]}]},{\"@type\":\"ImageObject\",\"inLanguage\":\"sv-SE\",\"@id\":\"https:\/\/masterchem.fi\/sv\/produkt\/tetranatriumpyrofosfat-cas-7722-88-5\/#primaryimage\",\"url\":\"https:\/\/masterchem.fi\/wp-content\/uploads\/2022\/07\/Tetranaatriumpurofosfaat-25kg-MasterChem.jpg\",\"contentUrl\":\"https:\/\/masterchem.fi\/wp-content\/uploads\/2022\/07\/Tetranaatriumpurofosfaat-25kg-MasterChem.jpg\",\"width\":1000,\"height\":1000,\"caption\":\"Tetranatriumpyrofosfat (CAS 7722-88-5) 25kg MasterChem\"},{\"@type\":\"BreadcrumbList\",\"@id\":\"https:\/\/masterchem.fi\/sv\/produkt\/tetranatriumpyrofosfat-cas-7722-88-5\/#breadcrumb\",\"itemListElement\":[{\"@type\":\"ListItem\",\"position\":1,\"name\":\"Home\",\"item\":\"https:\/\/masterchem.fi\/sv\/\"},{\"@type\":\"ListItem\",\"position\":2,\"name\":\"Butik\",\"item\":\"https:\/\/masterchem.fi\/sv\/butik\/\"},{\"@type\":\"ListItem\",\"position\":3,\"name\":\"Tetranatriumpyrofosfat (CAS 7722-88-5)\"}]},{\"@type\":\"WebSite\",\"@id\":\"https:\/\/masterchem.fi\/sv\/#website\",\"url\":\"https:\/\/masterchem.fi\/sv\/\",\"name\":\"MasterChem | kemikaalien tuotanto ja myynti\",\"description\":\"kemikaalien tuotanto ja myynti\",\"potentialAction\":[{\"@type\":\"SearchAction\",\"target\":{\"@type\":\"EntryPoint\",\"urlTemplate\":\"https:\/\/masterchem.fi\/sv\/?s={search_term_string}\"},\"query-input\":{\"@type\":\"PropertyValueSpecification\",\"valueRequired\":true,\"valueName\":\"search_term_string\"}}],\"inLanguage\":\"sv-SE\"}]}<\/script>\n<!-- \/ Yoast SEO plugin. -->","yoast_head_json":{"title":"Tetranatriumpyrofosfat (CAS 7722-88-5) - MasterChem | kemikaalien tuotanto ja myynti","description":"Tetranatriumpyrofosfat, \u00e4ven kallat natriumpyrofosfat, tetranatriumfosfat eller TSPP, \u00e4r en oorganisk f\u00f6rening med formeln Na4P2O7.","robots":{"index":"index","follow":"follow","max-snippet":"max-snippet:-1","max-image-preview":"max-image-preview:large","max-video-preview":"max-video-preview:-1"},"canonical":"https:\/\/masterchem.fi\/sv\/produkt\/tetranatriumpyrofosfat-cas-7722-88-5\/","og_locale":"sv_SE","og_type":"article","og_title":"Tetranatriumpyrofosfat (CAS 7722-88-5) - MasterChem | kemikaalien tuotanto ja myynti","og_description":"Tetranatriumpyrofosfat, \u00e4ven kallat natriumpyrofosfat, tetranatriumfosfat eller TSPP, \u00e4r en oorganisk f\u00f6rening med formeln Na4P2O7.","og_url":"https:\/\/masterchem.fi\/sv\/produkt\/tetranatriumpyrofosfat-cas-7722-88-5\/","og_site_name":"MasterChem | kemikaalien tuotanto ja myynti","article_modified_time":"2022-07-13T06:41:53+00:00","og_image":[{"width":1000,"height":1000,"url":"https:\/\/masterchem.fi\/wp-content\/uploads\/2022\/07\/Tetranaatriumpurofosfaat-25kg-MasterChem.jpg","type":"image\/jpeg"}],"twitter_card":"summary_large_image","schema":{"@context":"https:\/\/schema.org","@graph":[{"@type":"WebPage","@id":"https:\/\/masterchem.fi\/sv\/produkt\/tetranatriumpyrofosfat-cas-7722-88-5\/","url":"https:\/\/masterchem.fi\/sv\/produkt\/tetranatriumpyrofosfat-cas-7722-88-5\/","name":"Tetranatriumpyrofosfat (CAS 7722-88-5) - MasterChem | kemikaalien tuotanto ja myynti","isPartOf":{"@id":"https:\/\/masterchem.fi\/sv\/#website"},"primaryImageOfPage":{"@id":"https:\/\/masterchem.fi\/sv\/produkt\/tetranatriumpyrofosfat-cas-7722-88-5\/#primaryimage"},"image":{"@id":"https:\/\/masterchem.fi\/sv\/produkt\/tetranatriumpyrofosfat-cas-7722-88-5\/#primaryimage"},"thumbnailUrl":"https:\/\/masterchem.fi\/wp-content\/uploads\/2022\/07\/Tetranaatriumpurofosfaat-25kg-MasterChem.jpg","datePublished":"2022-07-13T06:36:19+00:00","dateModified":"2022-07-13T06:41:53+00:00","description":"Tetranatriumpyrofosfat, \u00e4ven kallat natriumpyrofosfat, tetranatriumfosfat eller TSPP, \u00e4r en oorganisk f\u00f6rening med formeln Na4P2O7.","breadcrumb":{"@id":"https:\/\/masterchem.fi\/sv\/produkt\/tetranatriumpyrofosfat-cas-7722-88-5\/#breadcrumb"},"inLanguage":"sv-SE","potentialAction":[{"@type":"ReadAction","target":["https:\/\/masterchem.fi\/sv\/produkt\/tetranatriumpyrofosfat-cas-7722-88-5\/"]}]},{"@type":"ImageObject","inLanguage":"sv-SE","@id":"https:\/\/masterchem.fi\/sv\/produkt\/tetranatriumpyrofosfat-cas-7722-88-5\/#primaryimage","url":"https:\/\/masterchem.fi\/wp-content\/uploads\/2022\/07\/Tetranaatriumpurofosfaat-25kg-MasterChem.jpg","contentUrl":"https:\/\/masterchem.fi\/wp-content\/uploads\/2022\/07\/Tetranaatriumpurofosfaat-25kg-MasterChem.jpg","width":1000,"height":1000,"caption":"Tetranatriumpyrofosfat (CAS 7722-88-5) 25kg MasterChem"},{"@type":"BreadcrumbList","@id":"https:\/\/masterchem.fi\/sv\/produkt\/tetranatriumpyrofosfat-cas-7722-88-5\/#breadcrumb","itemListElement":[{"@type":"ListItem","position":1,"name":"Home","item":"https:\/\/masterchem.fi\/sv\/"},{"@type":"ListItem","position":2,"name":"Butik","item":"https:\/\/masterchem.fi\/sv\/butik\/"},{"@type":"ListItem","position":3,"name":"Tetranatriumpyrofosfat (CAS 7722-88-5)"}]},{"@type":"WebSite","@id":"https:\/\/masterchem.fi\/sv\/#website","url":"https:\/\/masterchem.fi\/sv\/","name":"MasterChem | kemikaalien tuotanto ja myynti","description":"kemikaalien tuotanto ja myynti","potentialAction":[{"@type":"SearchAction","target":{"@type":"EntryPoint","urlTemplate":"https:\/\/masterchem.fi\/sv\/?s={search_term_string}"},"query-input":{"@type":"PropertyValueSpecification","valueRequired":true,"valueName":"search_term_string"}}],"inLanguage":"sv-SE"}]}},"_links":{"self":[{"href":"https:\/\/masterchem.fi\/sv\/wp-json\/wp\/v2\/product\/10962","targetHints":{"allow":["GET"]}}],"collection":[{"href":"https:\/\/masterchem.fi\/sv\/wp-json\/wp\/v2\/product"}],"about":[{"href":"https:\/\/masterchem.fi\/sv\/wp-json\/wp\/v2\/types\/product"}],"wp:featuredmedia":[{"embeddable":true,"href":"https:\/\/masterchem.fi\/sv\/wp-json\/wp\/v2\/media\/10965"}],"wp:attachment":[{"href":"https:\/\/masterchem.fi\/sv\/wp-json\/wp\/v2\/media?parent=10962"}],"wp:term":[{"taxonomy":"product_brand","embeddable":true,"href":"https:\/\/masterchem.fi\/sv\/wp-json\/wp\/v2\/product_brand?post=10962"},{"taxonomy":"product_cat","embeddable":true,"href":"https:\/\/masterchem.fi\/sv\/wp-json\/wp\/v2\/product_cat?post=10962"},{"taxonomy":"product_tag","embeddable":true,"href":"https:\/\/masterchem.fi\/sv\/wp-json\/wp\/v2\/product_tag?post=10962"}],"curies":[{"name":"wp","href":"https:\/\/api.w.org\/{rel}","templated":true}]}}