{"id":10969,"date":"2022-07-13T09:42:51","date_gmt":"2022-07-13T06:42:52","guid":{"rendered":"https:\/\/masterchem.fi\/?post_type=product&#038;p=10969"},"modified":"2022-07-13T09:46:24","modified_gmt":"2022-07-13T06:46:24","slug":"natriumacetat-cas-127-09-3","status":"publish","type":"product","link":"https:\/\/masterchem.fi\/sv\/produkt\/natriumacetat-cas-127-09-3\/","title":{"rendered":"Natriumacetat (CAS 127-09-3)"},"content":{"rendered":"<p> <strong> Information<\/strong> <\/p>\n<p>Bransch: livsmedelsindustri<br \/>\nCAS-nummer: 127-09-3<br \/>\nWE-nummer: 204-823-8<br \/>\nKemisk formel: CH3COONa<br \/>\nMolekylvikt: 82,03 g\/mol<br \/>\nTulltaxekod: 29152900<\/p>\n<p><strong>Andra fysiska egenskaper<\/strong><br \/>\npH: 7,5-9,2<br \/>\nSm\u00e4lt-\/fryspunkt: 58\u00b0C<\/p>\n<p>Kokpunkt\/intervall: 123\u00b0C (1013 hPa)<br \/>\nRelativ densitet: 1,42 g\/cm3 (20\u00b0C)<br \/>\nL\u00f6slighet i vatten: 76,2 g\/100 ml<\/p>\n","protected":false},"excerpt":{"rendered":"<p><strong>Natriumacetat (CAS 127-09-3)<\/strong><\/p>\n<p>Den kemiska formeln f\u00f6r natriumacetat \u00e4r NaC2H3O2 och strukturformeln \u00e4r CH3COONa. Det \u00e4r natriumsaltet av \u00e4ttiksyra (CH3COOH). Vattenfritt natriumacetat \u00e4r under normala f\u00f6rh\u00e5llanden ett vitt, hygroskopiskt (absorberar l\u00e4tt fukt fr\u00e5n luften), kristallint pulver med en molmassa p\u00e5 82,04 g\/mol, sm\u00e4ltpunkt 324 \u00b0C, l\u00f6slighet i vatten 47 g\/100 ml vid en temperatur p\u00e5 20 \u00b0C, sj\u00e4lvant\u00e4ndningstemperatur 607 \u00b0C och CAS-nummer 127-09-3.<\/p>\n<p>Granul\u00e4rt natriumacetat anv\u00e4nds t.ex. i anti-halk av flygplatser f\u00f6r borttagning av tjockare is. Natriumacetat anv\u00e4nds fr\u00e4mst i livsmedel som konserveringsmedel och surhetsreglerande medel. Dess E-kod \u00e4r E262.<\/p>\n","protected":false},"featured_media":10972,"template":"","meta":[],"product_brand":[],"product_cat":[116,171],"product_tag":[],"class_list":{"0":"post-10969","1":"product","2":"type-product","3":"status-publish","4":"has-post-thumbnail","6":"product_cat-alla-produkter","7":"product_cat-livsmedelsindustrin","9":"first","10":"outofstock","11":"taxable","12":"shipping-taxable","13":"purchasable","14":"product-type-variable","15":"has-default-attributes","16":"rtwpvg-product"},"yoast_head":"<!-- This site is optimized with the Yoast SEO plugin v27.5 - https:\/\/yoast.com\/product\/yoast-seo-wordpress\/ -->\n<title>Natriumacetat (CAS 127-09-3) - MasterChem | kemikaalien tuotanto ja myynti<\/title>\n<meta name=\"description\" content=\"Den kemiska formeln f\u00f6r natriumacetat \u00e4r NaC2H3O2 och strukturformeln \u00e4r CH3COONa. Det \u00e4r natriumsaltet av \u00e4ttiksyra (CH3COOH).\" \/>\n<meta name=\"robots\" content=\"index, follow, max-snippet:-1, max-image-preview:large, max-video-preview:-1\" \/>\n<link rel=\"canonical\" href=\"https:\/\/masterchem.fi\/sv\/produkt\/natriumacetat-cas-127-09-3\/\" \/>\n<meta property=\"og:locale\" content=\"sv_SE\" \/>\n<meta property=\"og:type\" content=\"article\" \/>\n<meta property=\"og:title\" content=\"Natriumacetat (CAS 127-09-3) - MasterChem | kemikaalien tuotanto ja myynti\" \/>\n<meta property=\"og:description\" content=\"Den kemiska formeln f\u00f6r natriumacetat \u00e4r NaC2H3O2 och strukturformeln \u00e4r CH3COONa. Det \u00e4r natriumsaltet av \u00e4ttiksyra (CH3COOH).\" \/>\n<meta property=\"og:url\" content=\"https:\/\/masterchem.fi\/sv\/produkt\/natriumacetat-cas-127-09-3\/\" \/>\n<meta property=\"og:site_name\" content=\"MasterChem | kemikaalien tuotanto ja myynti\" \/>\n<meta property=\"article:modified_time\" content=\"2022-07-13T06:46:24+00:00\" \/>\n<meta property=\"og:image\" content=\"https:\/\/masterchem.fi\/wp-content\/uploads\/2022\/07\/Naatriumatsetaat-25kg-MasterChem.jpg\" \/>\n\t<meta property=\"og:image:width\" content=\"1000\" \/>\n\t<meta property=\"og:image:height\" content=\"1000\" \/>\n\t<meta property=\"og:image:type\" content=\"image\/jpeg\" \/>\n<meta name=\"twitter:card\" content=\"summary_large_image\" \/>\n<script type=\"application\/ld+json\" class=\"yoast-schema-graph\">{\"@context\":\"https:\\\/\\\/schema.org\",\"@graph\":[{\"@type\":\"WebPage\",\"@id\":\"https:\\\/\\\/masterchem.fi\\\/sv\\\/produkt\\\/natriumacetat-cas-127-09-3\\\/\",\"url\":\"https:\\\/\\\/masterchem.fi\\\/sv\\\/produkt\\\/natriumacetat-cas-127-09-3\\\/\",\"name\":\"Natriumacetat (CAS 127-09-3) - MasterChem | kemikaalien tuotanto ja myynti\",\"isPartOf\":{\"@id\":\"https:\\\/\\\/masterchem.fi\\\/sv\\\/#website\"},\"primaryImageOfPage\":{\"@id\":\"https:\\\/\\\/masterchem.fi\\\/sv\\\/produkt\\\/natriumacetat-cas-127-09-3\\\/#primaryimage\"},\"image\":{\"@id\":\"https:\\\/\\\/masterchem.fi\\\/sv\\\/produkt\\\/natriumacetat-cas-127-09-3\\\/#primaryimage\"},\"thumbnailUrl\":\"https:\\\/\\\/masterchem.fi\\\/wp-content\\\/uploads\\\/2022\\\/07\\\/Naatriumatsetaat-25kg-MasterChem.jpg\",\"datePublished\":\"2022-07-13T06:42:52+00:00\",\"dateModified\":\"2022-07-13T06:46:24+00:00\",\"description\":\"Den kemiska formeln f\u00f6r natriumacetat \u00e4r NaC2H3O2 och strukturformeln \u00e4r CH3COONa. Det \u00e4r natriumsaltet av \u00e4ttiksyra (CH3COOH).\",\"breadcrumb\":{\"@id\":\"https:\\\/\\\/masterchem.fi\\\/sv\\\/produkt\\\/natriumacetat-cas-127-09-3\\\/#breadcrumb\"},\"inLanguage\":\"sv-SE\",\"potentialAction\":[{\"@type\":\"ReadAction\",\"target\":[\"https:\\\/\\\/masterchem.fi\\\/sv\\\/produkt\\\/natriumacetat-cas-127-09-3\\\/\"]}]},{\"@type\":\"ImageObject\",\"inLanguage\":\"sv-SE\",\"@id\":\"https:\\\/\\\/masterchem.fi\\\/sv\\\/produkt\\\/natriumacetat-cas-127-09-3\\\/#primaryimage\",\"url\":\"https:\\\/\\\/masterchem.fi\\\/wp-content\\\/uploads\\\/2022\\\/07\\\/Naatriumatsetaat-25kg-MasterChem.jpg\",\"contentUrl\":\"https:\\\/\\\/masterchem.fi\\\/wp-content\\\/uploads\\\/2022\\\/07\\\/Naatriumatsetaat-25kg-MasterChem.jpg\",\"width\":1000,\"height\":1000,\"caption\":\"Natriumacetat (CAS 127-09-3) 25kg MasterChem\"},{\"@type\":\"BreadcrumbList\",\"@id\":\"https:\\\/\\\/masterchem.fi\\\/sv\\\/produkt\\\/natriumacetat-cas-127-09-3\\\/#breadcrumb\",\"itemListElement\":[{\"@type\":\"ListItem\",\"position\":1,\"name\":\"Home\",\"item\":\"https:\\\/\\\/masterchem.fi\\\/sv\\\/\"},{\"@type\":\"ListItem\",\"position\":2,\"name\":\"Butik\",\"item\":\"https:\\\/\\\/masterchem.fi\\\/sv\\\/butik\\\/\"},{\"@type\":\"ListItem\",\"position\":3,\"name\":\"Natriumacetat (CAS 127-09-3)\"}]},{\"@type\":\"WebSite\",\"@id\":\"https:\\\/\\\/masterchem.fi\\\/sv\\\/#website\",\"url\":\"https:\\\/\\\/masterchem.fi\\\/sv\\\/\",\"name\":\"MasterChem | kemikaalien tuotanto ja myynti\",\"description\":\"kemikaalien tuotanto ja myynti\",\"potentialAction\":[{\"@type\":\"SearchAction\",\"target\":{\"@type\":\"EntryPoint\",\"urlTemplate\":\"https:\\\/\\\/masterchem.fi\\\/sv\\\/?s={search_term_string}\"},\"query-input\":{\"@type\":\"PropertyValueSpecification\",\"valueRequired\":true,\"valueName\":\"search_term_string\"}}],\"inLanguage\":\"sv-SE\"}]}<\/script>\n<!-- \/ Yoast SEO plugin. -->","yoast_head_json":{"title":"Natriumacetat (CAS 127-09-3) - MasterChem | kemikaalien tuotanto ja myynti","description":"Den kemiska formeln f\u00f6r natriumacetat \u00e4r NaC2H3O2 och strukturformeln \u00e4r CH3COONa. Det \u00e4r natriumsaltet av \u00e4ttiksyra (CH3COOH).","robots":{"index":"index","follow":"follow","max-snippet":"max-snippet:-1","max-image-preview":"max-image-preview:large","max-video-preview":"max-video-preview:-1"},"canonical":"https:\/\/masterchem.fi\/sv\/produkt\/natriumacetat-cas-127-09-3\/","og_locale":"sv_SE","og_type":"article","og_title":"Natriumacetat (CAS 127-09-3) - MasterChem | kemikaalien tuotanto ja myynti","og_description":"Den kemiska formeln f\u00f6r natriumacetat \u00e4r NaC2H3O2 och strukturformeln \u00e4r CH3COONa. Det \u00e4r natriumsaltet av \u00e4ttiksyra (CH3COOH).","og_url":"https:\/\/masterchem.fi\/sv\/produkt\/natriumacetat-cas-127-09-3\/","og_site_name":"MasterChem | kemikaalien tuotanto ja myynti","article_modified_time":"2022-07-13T06:46:24+00:00","og_image":[{"width":1000,"height":1000,"url":"https:\/\/masterchem.fi\/wp-content\/uploads\/2022\/07\/Naatriumatsetaat-25kg-MasterChem.jpg","type":"image\/jpeg"}],"twitter_card":"summary_large_image","schema":{"@context":"https:\/\/schema.org","@graph":[{"@type":"WebPage","@id":"https:\/\/masterchem.fi\/sv\/produkt\/natriumacetat-cas-127-09-3\/","url":"https:\/\/masterchem.fi\/sv\/produkt\/natriumacetat-cas-127-09-3\/","name":"Natriumacetat (CAS 127-09-3) - MasterChem | kemikaalien tuotanto ja myynti","isPartOf":{"@id":"https:\/\/masterchem.fi\/sv\/#website"},"primaryImageOfPage":{"@id":"https:\/\/masterchem.fi\/sv\/produkt\/natriumacetat-cas-127-09-3\/#primaryimage"},"image":{"@id":"https:\/\/masterchem.fi\/sv\/produkt\/natriumacetat-cas-127-09-3\/#primaryimage"},"thumbnailUrl":"https:\/\/masterchem.fi\/wp-content\/uploads\/2022\/07\/Naatriumatsetaat-25kg-MasterChem.jpg","datePublished":"2022-07-13T06:42:52+00:00","dateModified":"2022-07-13T06:46:24+00:00","description":"Den kemiska formeln f\u00f6r natriumacetat \u00e4r NaC2H3O2 och strukturformeln \u00e4r CH3COONa. Det \u00e4r natriumsaltet av \u00e4ttiksyra (CH3COOH).","breadcrumb":{"@id":"https:\/\/masterchem.fi\/sv\/produkt\/natriumacetat-cas-127-09-3\/#breadcrumb"},"inLanguage":"sv-SE","potentialAction":[{"@type":"ReadAction","target":["https:\/\/masterchem.fi\/sv\/produkt\/natriumacetat-cas-127-09-3\/"]}]},{"@type":"ImageObject","inLanguage":"sv-SE","@id":"https:\/\/masterchem.fi\/sv\/produkt\/natriumacetat-cas-127-09-3\/#primaryimage","url":"https:\/\/masterchem.fi\/wp-content\/uploads\/2022\/07\/Naatriumatsetaat-25kg-MasterChem.jpg","contentUrl":"https:\/\/masterchem.fi\/wp-content\/uploads\/2022\/07\/Naatriumatsetaat-25kg-MasterChem.jpg","width":1000,"height":1000,"caption":"Natriumacetat (CAS 127-09-3) 25kg MasterChem"},{"@type":"BreadcrumbList","@id":"https:\/\/masterchem.fi\/sv\/produkt\/natriumacetat-cas-127-09-3\/#breadcrumb","itemListElement":[{"@type":"ListItem","position":1,"name":"Home","item":"https:\/\/masterchem.fi\/sv\/"},{"@type":"ListItem","position":2,"name":"Butik","item":"https:\/\/masterchem.fi\/sv\/butik\/"},{"@type":"ListItem","position":3,"name":"Natriumacetat (CAS 127-09-3)"}]},{"@type":"WebSite","@id":"https:\/\/masterchem.fi\/sv\/#website","url":"https:\/\/masterchem.fi\/sv\/","name":"MasterChem | kemikaalien tuotanto ja myynti","description":"kemikaalien tuotanto ja myynti","potentialAction":[{"@type":"SearchAction","target":{"@type":"EntryPoint","urlTemplate":"https:\/\/masterchem.fi\/sv\/?s={search_term_string}"},"query-input":{"@type":"PropertyValueSpecification","valueRequired":true,"valueName":"search_term_string"}}],"inLanguage":"sv-SE"}]}},"_links":{"self":[{"href":"https:\/\/masterchem.fi\/sv\/wp-json\/wp\/v2\/product\/10969","targetHints":{"allow":["GET"]}}],"collection":[{"href":"https:\/\/masterchem.fi\/sv\/wp-json\/wp\/v2\/product"}],"about":[{"href":"https:\/\/masterchem.fi\/sv\/wp-json\/wp\/v2\/types\/product"}],"wp:featuredmedia":[{"embeddable":true,"href":"https:\/\/masterchem.fi\/sv\/wp-json\/wp\/v2\/media\/10972"}],"wp:attachment":[{"href":"https:\/\/masterchem.fi\/sv\/wp-json\/wp\/v2\/media?parent=10969"}],"wp:term":[{"taxonomy":"product_brand","embeddable":true,"href":"https:\/\/masterchem.fi\/sv\/wp-json\/wp\/v2\/product_brand?post=10969"},{"taxonomy":"product_cat","embeddable":true,"href":"https:\/\/masterchem.fi\/sv\/wp-json\/wp\/v2\/product_cat?post=10969"},{"taxonomy":"product_tag","embeddable":true,"href":"https:\/\/masterchem.fi\/sv\/wp-json\/wp\/v2\/product_tag?post=10969"}],"curies":[{"name":"wp","href":"https:\/\/api.w.org\/{rel}","templated":true}]}}