{"id":10976,"date":"2022-07-13T09:47:52","date_gmt":"2022-07-13T06:47:53","guid":{"rendered":"https:\/\/masterchem.fi\/?post_type=product&#038;p=10976"},"modified":"2022-07-13T09:50:52","modified_gmt":"2022-07-13T06:50:52","slug":"ammoniumacetat-cas-631-61-8","status":"publish","type":"product","link":"https:\/\/masterchem.fi\/sv\/produkt\/ammoniumacetat-cas-631-61-8\/","title":{"rendered":"Ammoniumacetat (CAS 631-61-8)"},"content":{"rendered":"<p> <strong> Information<\/strong> <\/p>\n<p>Bransch: livsmedelsindustri<br \/>\nCAS-nummer: 631-61-8<br \/>\nWE-nummer: 211-162-9<br \/>\nKemisk formel: CH3COONH4<br \/>\nMolekylvikt: 77,08 g\/mol<br \/>\nTulltaxekod: 29152900<\/p>\n<p><strong>Andra fysiska egenskaper<\/strong><br \/>\nRelativ densitet: 1 073 g\/cm\u00b3 (20 \u00b0C )<\/p>\n","protected":false},"excerpt":{"rendered":"<p><strong>Ammoniumacetat (CAS 631-61-8)<\/strong><\/p>\n<p>Ammoniumacetat \u00e4r en kemisk f\u00f6rening med formeln C2H3O2NH4 och molekylformeln CH3COONH4. Det \u00e4r en f\u00e4rgl\u00f6s eller vit fast substans som best\u00e5r av genomskinliga rombiska kristaller, som framst\u00e4lls genom att reagera ammoniak och \u00e4ttiksyra tillsammans.<\/p>\n","protected":false},"featured_media":10979,"template":"","meta":[],"product_brand":[],"product_cat":[116,171],"product_tag":[],"class_list":{"0":"post-10976","1":"product","2":"type-product","3":"status-publish","4":"has-post-thumbnail","6":"product_cat-alla-produkter","7":"product_cat-livsmedelsindustrin","9":"first","10":"outofstock","11":"taxable","12":"shipping-taxable","13":"purchasable","14":"product-type-variable","15":"has-default-attributes","16":"rtwpvg-product"},"yoast_head":"<!-- This site is optimized with the Yoast SEO plugin v27.2 - https:\/\/yoast.com\/product\/yoast-seo-wordpress\/ -->\n<title>Ammoniumacetat (CAS 631-61-8) - MasterChem | kemikaalien tuotanto ja myynti<\/title>\n<meta name=\"description\" content=\"Ammoniumacetat \u00e4r en kemisk f\u00f6rening med formeln C2H3O2NH4 och molekylformeln CH3COONH4.\" \/>\n<meta name=\"robots\" content=\"index, follow, max-snippet:-1, max-image-preview:large, max-video-preview:-1\" \/>\n<link rel=\"canonical\" href=\"https:\/\/masterchem.fi\/sv\/produkt\/ammoniumacetat-cas-631-61-8\/\" \/>\n<meta property=\"og:locale\" content=\"sv_SE\" \/>\n<meta property=\"og:type\" content=\"article\" \/>\n<meta property=\"og:title\" content=\"Ammoniumacetat (CAS 631-61-8) - MasterChem | kemikaalien tuotanto ja myynti\" \/>\n<meta property=\"og:description\" content=\"Ammoniumacetat \u00e4r en kemisk f\u00f6rening med formeln C2H3O2NH4 och molekylformeln CH3COONH4.\" \/>\n<meta property=\"og:url\" content=\"https:\/\/masterchem.fi\/sv\/produkt\/ammoniumacetat-cas-631-61-8\/\" \/>\n<meta property=\"og:site_name\" content=\"MasterChem | kemikaalien tuotanto ja myynti\" \/>\n<meta property=\"article:modified_time\" content=\"2022-07-13T06:50:52+00:00\" \/>\n<meta property=\"og:image\" content=\"https:\/\/masterchem.fi\/wp-content\/uploads\/2022\/07\/Ammooniumatsetaat-25kg-MasterChem.jpg\" \/>\n\t<meta property=\"og:image:width\" content=\"1000\" \/>\n\t<meta property=\"og:image:height\" content=\"1000\" \/>\n\t<meta property=\"og:image:type\" content=\"image\/jpeg\" \/>\n<meta name=\"twitter:card\" content=\"summary_large_image\" \/>\n<script type=\"application\/ld+json\" class=\"yoast-schema-graph\">{\"@context\":\"https:\/\/schema.org\",\"@graph\":[{\"@type\":\"WebPage\",\"@id\":\"https:\/\/masterchem.fi\/sv\/produkt\/ammoniumacetat-cas-631-61-8\/\",\"url\":\"https:\/\/masterchem.fi\/sv\/produkt\/ammoniumacetat-cas-631-61-8\/\",\"name\":\"Ammoniumacetat (CAS 631-61-8) - MasterChem | kemikaalien tuotanto ja myynti\",\"isPartOf\":{\"@id\":\"https:\/\/masterchem.fi\/sv\/#website\"},\"primaryImageOfPage\":{\"@id\":\"https:\/\/masterchem.fi\/sv\/produkt\/ammoniumacetat-cas-631-61-8\/#primaryimage\"},\"image\":{\"@id\":\"https:\/\/masterchem.fi\/sv\/produkt\/ammoniumacetat-cas-631-61-8\/#primaryimage\"},\"thumbnailUrl\":\"https:\/\/masterchem.fi\/wp-content\/uploads\/2022\/07\/Ammooniumatsetaat-25kg-MasterChem.jpg\",\"datePublished\":\"2022-07-13T06:47:53+00:00\",\"dateModified\":\"2022-07-13T06:50:52+00:00\",\"description\":\"Ammoniumacetat \u00e4r en kemisk f\u00f6rening med formeln C2H3O2NH4 och molekylformeln CH3COONH4.\",\"breadcrumb\":{\"@id\":\"https:\/\/masterchem.fi\/sv\/produkt\/ammoniumacetat-cas-631-61-8\/#breadcrumb\"},\"inLanguage\":\"sv-SE\",\"potentialAction\":[{\"@type\":\"ReadAction\",\"target\":[\"https:\/\/masterchem.fi\/sv\/produkt\/ammoniumacetat-cas-631-61-8\/\"]}]},{\"@type\":\"ImageObject\",\"inLanguage\":\"sv-SE\",\"@id\":\"https:\/\/masterchem.fi\/sv\/produkt\/ammoniumacetat-cas-631-61-8\/#primaryimage\",\"url\":\"https:\/\/masterchem.fi\/wp-content\/uploads\/2022\/07\/Ammooniumatsetaat-25kg-MasterChem.jpg\",\"contentUrl\":\"https:\/\/masterchem.fi\/wp-content\/uploads\/2022\/07\/Ammooniumatsetaat-25kg-MasterChem.jpg\",\"width\":1000,\"height\":1000,\"caption\":\"Ammoniumacetat (CAS 631-61-8) 25kg MasterChem\"},{\"@type\":\"BreadcrumbList\",\"@id\":\"https:\/\/masterchem.fi\/sv\/produkt\/ammoniumacetat-cas-631-61-8\/#breadcrumb\",\"itemListElement\":[{\"@type\":\"ListItem\",\"position\":1,\"name\":\"Home\",\"item\":\"https:\/\/masterchem.fi\/sv\/\"},{\"@type\":\"ListItem\",\"position\":2,\"name\":\"Butik\",\"item\":\"https:\/\/masterchem.fi\/sv\/butik\/\"},{\"@type\":\"ListItem\",\"position\":3,\"name\":\"Ammoniumacetat (CAS 631-61-8)\"}]},{\"@type\":\"WebSite\",\"@id\":\"https:\/\/masterchem.fi\/sv\/#website\",\"url\":\"https:\/\/masterchem.fi\/sv\/\",\"name\":\"MasterChem | kemikaalien tuotanto ja myynti\",\"description\":\"kemikaalien tuotanto ja myynti\",\"potentialAction\":[{\"@type\":\"SearchAction\",\"target\":{\"@type\":\"EntryPoint\",\"urlTemplate\":\"https:\/\/masterchem.fi\/sv\/?s={search_term_string}\"},\"query-input\":{\"@type\":\"PropertyValueSpecification\",\"valueRequired\":true,\"valueName\":\"search_term_string\"}}],\"inLanguage\":\"sv-SE\"}]}<\/script>\n<!-- \/ Yoast SEO plugin. -->","yoast_head_json":{"title":"Ammoniumacetat (CAS 631-61-8) - MasterChem | kemikaalien tuotanto ja myynti","description":"Ammoniumacetat \u00e4r en kemisk f\u00f6rening med formeln C2H3O2NH4 och molekylformeln CH3COONH4.","robots":{"index":"index","follow":"follow","max-snippet":"max-snippet:-1","max-image-preview":"max-image-preview:large","max-video-preview":"max-video-preview:-1"},"canonical":"https:\/\/masterchem.fi\/sv\/produkt\/ammoniumacetat-cas-631-61-8\/","og_locale":"sv_SE","og_type":"article","og_title":"Ammoniumacetat (CAS 631-61-8) - MasterChem | kemikaalien tuotanto ja myynti","og_description":"Ammoniumacetat \u00e4r en kemisk f\u00f6rening med formeln C2H3O2NH4 och molekylformeln CH3COONH4.","og_url":"https:\/\/masterchem.fi\/sv\/produkt\/ammoniumacetat-cas-631-61-8\/","og_site_name":"MasterChem | kemikaalien tuotanto ja myynti","article_modified_time":"2022-07-13T06:50:52+00:00","og_image":[{"width":1000,"height":1000,"url":"https:\/\/masterchem.fi\/wp-content\/uploads\/2022\/07\/Ammooniumatsetaat-25kg-MasterChem.jpg","type":"image\/jpeg"}],"twitter_card":"summary_large_image","schema":{"@context":"https:\/\/schema.org","@graph":[{"@type":"WebPage","@id":"https:\/\/masterchem.fi\/sv\/produkt\/ammoniumacetat-cas-631-61-8\/","url":"https:\/\/masterchem.fi\/sv\/produkt\/ammoniumacetat-cas-631-61-8\/","name":"Ammoniumacetat (CAS 631-61-8) - MasterChem | kemikaalien tuotanto ja myynti","isPartOf":{"@id":"https:\/\/masterchem.fi\/sv\/#website"},"primaryImageOfPage":{"@id":"https:\/\/masterchem.fi\/sv\/produkt\/ammoniumacetat-cas-631-61-8\/#primaryimage"},"image":{"@id":"https:\/\/masterchem.fi\/sv\/produkt\/ammoniumacetat-cas-631-61-8\/#primaryimage"},"thumbnailUrl":"https:\/\/masterchem.fi\/wp-content\/uploads\/2022\/07\/Ammooniumatsetaat-25kg-MasterChem.jpg","datePublished":"2022-07-13T06:47:53+00:00","dateModified":"2022-07-13T06:50:52+00:00","description":"Ammoniumacetat \u00e4r en kemisk f\u00f6rening med formeln C2H3O2NH4 och molekylformeln CH3COONH4.","breadcrumb":{"@id":"https:\/\/masterchem.fi\/sv\/produkt\/ammoniumacetat-cas-631-61-8\/#breadcrumb"},"inLanguage":"sv-SE","potentialAction":[{"@type":"ReadAction","target":["https:\/\/masterchem.fi\/sv\/produkt\/ammoniumacetat-cas-631-61-8\/"]}]},{"@type":"ImageObject","inLanguage":"sv-SE","@id":"https:\/\/masterchem.fi\/sv\/produkt\/ammoniumacetat-cas-631-61-8\/#primaryimage","url":"https:\/\/masterchem.fi\/wp-content\/uploads\/2022\/07\/Ammooniumatsetaat-25kg-MasterChem.jpg","contentUrl":"https:\/\/masterchem.fi\/wp-content\/uploads\/2022\/07\/Ammooniumatsetaat-25kg-MasterChem.jpg","width":1000,"height":1000,"caption":"Ammoniumacetat (CAS 631-61-8) 25kg MasterChem"},{"@type":"BreadcrumbList","@id":"https:\/\/masterchem.fi\/sv\/produkt\/ammoniumacetat-cas-631-61-8\/#breadcrumb","itemListElement":[{"@type":"ListItem","position":1,"name":"Home","item":"https:\/\/masterchem.fi\/sv\/"},{"@type":"ListItem","position":2,"name":"Butik","item":"https:\/\/masterchem.fi\/sv\/butik\/"},{"@type":"ListItem","position":3,"name":"Ammoniumacetat (CAS 631-61-8)"}]},{"@type":"WebSite","@id":"https:\/\/masterchem.fi\/sv\/#website","url":"https:\/\/masterchem.fi\/sv\/","name":"MasterChem | kemikaalien tuotanto ja myynti","description":"kemikaalien tuotanto ja myynti","potentialAction":[{"@type":"SearchAction","target":{"@type":"EntryPoint","urlTemplate":"https:\/\/masterchem.fi\/sv\/?s={search_term_string}"},"query-input":{"@type":"PropertyValueSpecification","valueRequired":true,"valueName":"search_term_string"}}],"inLanguage":"sv-SE"}]}},"_links":{"self":[{"href":"https:\/\/masterchem.fi\/sv\/wp-json\/wp\/v2\/product\/10976","targetHints":{"allow":["GET"]}}],"collection":[{"href":"https:\/\/masterchem.fi\/sv\/wp-json\/wp\/v2\/product"}],"about":[{"href":"https:\/\/masterchem.fi\/sv\/wp-json\/wp\/v2\/types\/product"}],"wp:featuredmedia":[{"embeddable":true,"href":"https:\/\/masterchem.fi\/sv\/wp-json\/wp\/v2\/media\/10979"}],"wp:attachment":[{"href":"https:\/\/masterchem.fi\/sv\/wp-json\/wp\/v2\/media?parent=10976"}],"wp:term":[{"taxonomy":"product_brand","embeddable":true,"href":"https:\/\/masterchem.fi\/sv\/wp-json\/wp\/v2\/product_brand?post=10976"},{"taxonomy":"product_cat","embeddable":true,"href":"https:\/\/masterchem.fi\/sv\/wp-json\/wp\/v2\/product_cat?post=10976"},{"taxonomy":"product_tag","embeddable":true,"href":"https:\/\/masterchem.fi\/sv\/wp-json\/wp\/v2\/product_tag?post=10976"}],"curies":[{"name":"wp","href":"https:\/\/api.w.org\/{rel}","templated":true}]}}