{"id":10991,"date":"2022-07-13T10:00:07","date_gmt":"2022-07-13T07:00:08","guid":{"rendered":"https:\/\/masterchem.fi\/?post_type=product&#038;p=10991"},"modified":"2022-07-13T10:05:11","modified_gmt":"2022-07-13T07:05:11","slug":"sojalecitin-cas-8002-43-5","status":"publish","type":"product","link":"https:\/\/masterchem.fi\/sv\/produkt\/sojalecitin-cas-8002-43-5\/","title":{"rendered":"Sojalecitin (CAS 8002-43-5)"},"content":{"rendered":"<p> <strong> Information<\/strong> <\/p>\n<p>Branscher: L\u00e4kemedelsindustri, Livsmedelsindustri<br \/>\nCAS-nummer: 8002-43-5<br \/>\nWE-nummer: 232-307-2<br \/>\nTulltaxekod: 29232000<\/p>\n<p><strong>Andra fysiska egenskaper<\/strong><br \/>\npH: 5-6 (100g\/l H2O, 20\u00b0C)<br \/>\nSm\u00e4lt-\/fryspunkt: 263-265\u00b0C<br \/>\nRelativ densitet: 360 kg\/m3<br \/>\nL\u00f6slighet i vatten: 420 g\/l (20\u00b0C)<\/p>\n","protected":false},"excerpt":{"rendered":"<p><strong>Sojalecitin (CAS 8002-43-5)<\/strong><\/p>\n<p>Lecitin av livsmedelskvalitet erh\u00e5lls fr\u00e5n sojab\u00f6nor och andra v\u00e4xtk\u00e4llor. Det \u00e4r en komplex blandning av acetonol\u00f6sliga fosfatider, huvudsakligen best\u00e5ende av fosfatidylkolin, fosfatidyletanolamin och fosfatidylinositol i kombination med olika m\u00e4ngder av andra \u00e4mnen som triglycerider, fettsyror och kolhydrater. Raffinerade lecitinkvaliteter kan inneh\u00e5lla vilken som helst av dessa komponenter i olika proportioner och kombinationer beroende p\u00e5 vilken typ av fraktionering som anv\u00e4nds. I sin oljefria form avl\u00e4gsnas de flesta triglyceriderna och fettsyrorna och produkten inneh\u00e5ller 90 % eller mer fosfatider, vilket representerar hela fosfatidkomplexet eller vissa fraktioner. B\u00e5de naturliga och bearbetade lecitinkvaliteter kan variera i konsistens fr\u00e5n plast till flytande beroende p\u00e5 koncentrationen av fria fettsyror och oljor och n\u00e4rvaron eller fr\u00e5nvaron av andra sp\u00e4dningsmedel. Dess f\u00e4rg varierar fr\u00e5n ljusgul till brun beroende p\u00e5 k\u00e4llan, gr\u00f6dor och om den \u00e4r blekt eller oblekt. Den \u00e4r luktfri eller har en karakteristisk, l\u00e4tt n\u00f6tig doft och mild smak. \u00c4tliga utsp\u00e4dningsmedel som kakaosm\u00f6r och vegetabiliska oljor ers\u00e4tter ofta sojab\u00f6nolja f\u00f6r att f\u00f6rb\u00e4ttra funktionella egenskaper och smakegenskaper. Lecitin \u00e4r endast delvis l\u00f6sligt i vatten, men hydratiserar l\u00e4tt och bildar emulsioner. Oljefria fosfatider \u00e4r l\u00f6sliga i fettsyror, men \u00e4r praktiskt taget ol\u00f6sliga i fettoljor. N\u00e4r alla fosfatidfraktioner \u00e4r n\u00e4rvarande \u00e4r lecitin delvis l\u00f6sligt i alkohol och praktiskt taget ol\u00f6sligt i aceton.<\/p>\n","protected":false},"featured_media":10994,"template":"","meta":[],"product_brand":[],"product_cat":[106,116,171],"product_tag":[],"class_list":{"0":"post-10991","1":"product","2":"type-product","3":"status-publish","4":"has-post-thumbnail","6":"product_cat-lakemedelsindustri","7":"product_cat-alla-produkter","8":"product_cat-livsmedelsindustrin","10":"first","11":"outofstock","12":"taxable","13":"shipping-taxable","14":"purchasable","15":"product-type-variable","16":"has-default-attributes","17":"rtwpvg-product"},"yoast_head":"<!-- This site is optimized with the Yoast SEO plugin v27.5 - https:\/\/yoast.com\/product\/yoast-seo-wordpress\/ -->\n<title>Sojalecitin (CAS 8002-43-5) - MasterChem | kemikaalien tuotanto ja myynti<\/title>\n<meta name=\"description\" content=\"Lecitin av livsmedelskvalitet erh\u00e5lls fr\u00e5n sojab\u00f6nor och andra v\u00e4xtk\u00e4llor.\" \/>\n<meta name=\"robots\" content=\"index, follow, max-snippet:-1, max-image-preview:large, max-video-preview:-1\" \/>\n<link rel=\"canonical\" href=\"https:\/\/masterchem.fi\/sv\/produkt\/sojalecitin-cas-8002-43-5\/\" \/>\n<meta property=\"og:locale\" content=\"sv_SE\" \/>\n<meta property=\"og:type\" content=\"article\" \/>\n<meta property=\"og:title\" content=\"Sojalecitin (CAS 8002-43-5) - MasterChem | kemikaalien tuotanto ja myynti\" \/>\n<meta property=\"og:description\" content=\"Lecitin av livsmedelskvalitet erh\u00e5lls fr\u00e5n sojab\u00f6nor och andra v\u00e4xtk\u00e4llor.\" \/>\n<meta property=\"og:url\" content=\"https:\/\/masterchem.fi\/sv\/produkt\/sojalecitin-cas-8002-43-5\/\" \/>\n<meta property=\"og:site_name\" content=\"MasterChem | kemikaalien tuotanto ja myynti\" \/>\n<meta property=\"article:modified_time\" content=\"2022-07-13T07:05:11+00:00\" \/>\n<meta property=\"og:image\" content=\"https:\/\/masterchem.fi\/wp-content\/uploads\/2022\/07\/Sojaletsitiin-25kg-MasterChem.jpg\" \/>\n\t<meta property=\"og:image:width\" content=\"1000\" \/>\n\t<meta property=\"og:image:height\" content=\"1000\" \/>\n\t<meta property=\"og:image:type\" content=\"image\/jpeg\" \/>\n<meta name=\"twitter:card\" content=\"summary_large_image\" \/>\n<script type=\"application\/ld+json\" class=\"yoast-schema-graph\">{\"@context\":\"https:\\\/\\\/schema.org\",\"@graph\":[{\"@type\":\"WebPage\",\"@id\":\"https:\\\/\\\/masterchem.fi\\\/sv\\\/produkt\\\/sojalecitin-cas-8002-43-5\\\/\",\"url\":\"https:\\\/\\\/masterchem.fi\\\/sv\\\/produkt\\\/sojalecitin-cas-8002-43-5\\\/\",\"name\":\"Sojalecitin (CAS 8002-43-5) - MasterChem | kemikaalien tuotanto ja myynti\",\"isPartOf\":{\"@id\":\"https:\\\/\\\/masterchem.fi\\\/sv\\\/#website\"},\"primaryImageOfPage\":{\"@id\":\"https:\\\/\\\/masterchem.fi\\\/sv\\\/produkt\\\/sojalecitin-cas-8002-43-5\\\/#primaryimage\"},\"image\":{\"@id\":\"https:\\\/\\\/masterchem.fi\\\/sv\\\/produkt\\\/sojalecitin-cas-8002-43-5\\\/#primaryimage\"},\"thumbnailUrl\":\"https:\\\/\\\/masterchem.fi\\\/wp-content\\\/uploads\\\/2022\\\/07\\\/Sojaletsitiin-25kg-MasterChem.jpg\",\"datePublished\":\"2022-07-13T07:00:08+00:00\",\"dateModified\":\"2022-07-13T07:05:11+00:00\",\"description\":\"Lecitin av livsmedelskvalitet erh\u00e5lls fr\u00e5n sojab\u00f6nor och andra v\u00e4xtk\u00e4llor.\",\"breadcrumb\":{\"@id\":\"https:\\\/\\\/masterchem.fi\\\/sv\\\/produkt\\\/sojalecitin-cas-8002-43-5\\\/#breadcrumb\"},\"inLanguage\":\"sv-SE\",\"potentialAction\":[{\"@type\":\"ReadAction\",\"target\":[\"https:\\\/\\\/masterchem.fi\\\/sv\\\/produkt\\\/sojalecitin-cas-8002-43-5\\\/\"]}]},{\"@type\":\"ImageObject\",\"inLanguage\":\"sv-SE\",\"@id\":\"https:\\\/\\\/masterchem.fi\\\/sv\\\/produkt\\\/sojalecitin-cas-8002-43-5\\\/#primaryimage\",\"url\":\"https:\\\/\\\/masterchem.fi\\\/wp-content\\\/uploads\\\/2022\\\/07\\\/Sojaletsitiin-25kg-MasterChem.jpg\",\"contentUrl\":\"https:\\\/\\\/masterchem.fi\\\/wp-content\\\/uploads\\\/2022\\\/07\\\/Sojaletsitiin-25kg-MasterChem.jpg\",\"width\":1000,\"height\":1000,\"caption\":\"Laktos (CAS 63-42-3) 25kg MasterChem\"},{\"@type\":\"BreadcrumbList\",\"@id\":\"https:\\\/\\\/masterchem.fi\\\/sv\\\/produkt\\\/sojalecitin-cas-8002-43-5\\\/#breadcrumb\",\"itemListElement\":[{\"@type\":\"ListItem\",\"position\":1,\"name\":\"Home\",\"item\":\"https:\\\/\\\/masterchem.fi\\\/sv\\\/\"},{\"@type\":\"ListItem\",\"position\":2,\"name\":\"Butik\",\"item\":\"https:\\\/\\\/masterchem.fi\\\/sv\\\/butik\\\/\"},{\"@type\":\"ListItem\",\"position\":3,\"name\":\"Sojalecitin (CAS 8002-43-5)\"}]},{\"@type\":\"WebSite\",\"@id\":\"https:\\\/\\\/masterchem.fi\\\/sv\\\/#website\",\"url\":\"https:\\\/\\\/masterchem.fi\\\/sv\\\/\",\"name\":\"MasterChem | kemikaalien tuotanto ja myynti\",\"description\":\"kemikaalien tuotanto ja myynti\",\"potentialAction\":[{\"@type\":\"SearchAction\",\"target\":{\"@type\":\"EntryPoint\",\"urlTemplate\":\"https:\\\/\\\/masterchem.fi\\\/sv\\\/?s={search_term_string}\"},\"query-input\":{\"@type\":\"PropertyValueSpecification\",\"valueRequired\":true,\"valueName\":\"search_term_string\"}}],\"inLanguage\":\"sv-SE\"}]}<\/script>\n<!-- \/ Yoast SEO plugin. -->","yoast_head_json":{"title":"Sojalecitin (CAS 8002-43-5) - MasterChem | kemikaalien tuotanto ja myynti","description":"Lecitin av livsmedelskvalitet erh\u00e5lls fr\u00e5n sojab\u00f6nor och andra v\u00e4xtk\u00e4llor.","robots":{"index":"index","follow":"follow","max-snippet":"max-snippet:-1","max-image-preview":"max-image-preview:large","max-video-preview":"max-video-preview:-1"},"canonical":"https:\/\/masterchem.fi\/sv\/produkt\/sojalecitin-cas-8002-43-5\/","og_locale":"sv_SE","og_type":"article","og_title":"Sojalecitin (CAS 8002-43-5) - MasterChem | kemikaalien tuotanto ja myynti","og_description":"Lecitin av livsmedelskvalitet erh\u00e5lls fr\u00e5n sojab\u00f6nor och andra v\u00e4xtk\u00e4llor.","og_url":"https:\/\/masterchem.fi\/sv\/produkt\/sojalecitin-cas-8002-43-5\/","og_site_name":"MasterChem | kemikaalien tuotanto ja myynti","article_modified_time":"2022-07-13T07:05:11+00:00","og_image":[{"width":1000,"height":1000,"url":"https:\/\/masterchem.fi\/wp-content\/uploads\/2022\/07\/Sojaletsitiin-25kg-MasterChem.jpg","type":"image\/jpeg"}],"twitter_card":"summary_large_image","schema":{"@context":"https:\/\/schema.org","@graph":[{"@type":"WebPage","@id":"https:\/\/masterchem.fi\/sv\/produkt\/sojalecitin-cas-8002-43-5\/","url":"https:\/\/masterchem.fi\/sv\/produkt\/sojalecitin-cas-8002-43-5\/","name":"Sojalecitin (CAS 8002-43-5) - MasterChem | kemikaalien tuotanto ja myynti","isPartOf":{"@id":"https:\/\/masterchem.fi\/sv\/#website"},"primaryImageOfPage":{"@id":"https:\/\/masterchem.fi\/sv\/produkt\/sojalecitin-cas-8002-43-5\/#primaryimage"},"image":{"@id":"https:\/\/masterchem.fi\/sv\/produkt\/sojalecitin-cas-8002-43-5\/#primaryimage"},"thumbnailUrl":"https:\/\/masterchem.fi\/wp-content\/uploads\/2022\/07\/Sojaletsitiin-25kg-MasterChem.jpg","datePublished":"2022-07-13T07:00:08+00:00","dateModified":"2022-07-13T07:05:11+00:00","description":"Lecitin av livsmedelskvalitet erh\u00e5lls fr\u00e5n sojab\u00f6nor och andra v\u00e4xtk\u00e4llor.","breadcrumb":{"@id":"https:\/\/masterchem.fi\/sv\/produkt\/sojalecitin-cas-8002-43-5\/#breadcrumb"},"inLanguage":"sv-SE","potentialAction":[{"@type":"ReadAction","target":["https:\/\/masterchem.fi\/sv\/produkt\/sojalecitin-cas-8002-43-5\/"]}]},{"@type":"ImageObject","inLanguage":"sv-SE","@id":"https:\/\/masterchem.fi\/sv\/produkt\/sojalecitin-cas-8002-43-5\/#primaryimage","url":"https:\/\/masterchem.fi\/wp-content\/uploads\/2022\/07\/Sojaletsitiin-25kg-MasterChem.jpg","contentUrl":"https:\/\/masterchem.fi\/wp-content\/uploads\/2022\/07\/Sojaletsitiin-25kg-MasterChem.jpg","width":1000,"height":1000,"caption":"Laktos (CAS 63-42-3) 25kg MasterChem"},{"@type":"BreadcrumbList","@id":"https:\/\/masterchem.fi\/sv\/produkt\/sojalecitin-cas-8002-43-5\/#breadcrumb","itemListElement":[{"@type":"ListItem","position":1,"name":"Home","item":"https:\/\/masterchem.fi\/sv\/"},{"@type":"ListItem","position":2,"name":"Butik","item":"https:\/\/masterchem.fi\/sv\/butik\/"},{"@type":"ListItem","position":3,"name":"Sojalecitin (CAS 8002-43-5)"}]},{"@type":"WebSite","@id":"https:\/\/masterchem.fi\/sv\/#website","url":"https:\/\/masterchem.fi\/sv\/","name":"MasterChem | kemikaalien tuotanto ja myynti","description":"kemikaalien tuotanto ja myynti","potentialAction":[{"@type":"SearchAction","target":{"@type":"EntryPoint","urlTemplate":"https:\/\/masterchem.fi\/sv\/?s={search_term_string}"},"query-input":{"@type":"PropertyValueSpecification","valueRequired":true,"valueName":"search_term_string"}}],"inLanguage":"sv-SE"}]}},"_links":{"self":[{"href":"https:\/\/masterchem.fi\/sv\/wp-json\/wp\/v2\/product\/10991","targetHints":{"allow":["GET"]}}],"collection":[{"href":"https:\/\/masterchem.fi\/sv\/wp-json\/wp\/v2\/product"}],"about":[{"href":"https:\/\/masterchem.fi\/sv\/wp-json\/wp\/v2\/types\/product"}],"wp:featuredmedia":[{"embeddable":true,"href":"https:\/\/masterchem.fi\/sv\/wp-json\/wp\/v2\/media\/10994"}],"wp:attachment":[{"href":"https:\/\/masterchem.fi\/sv\/wp-json\/wp\/v2\/media?parent=10991"}],"wp:term":[{"taxonomy":"product_brand","embeddable":true,"href":"https:\/\/masterchem.fi\/sv\/wp-json\/wp\/v2\/product_brand?post=10991"},{"taxonomy":"product_cat","embeddable":true,"href":"https:\/\/masterchem.fi\/sv\/wp-json\/wp\/v2\/product_cat?post=10991"},{"taxonomy":"product_tag","embeddable":true,"href":"https:\/\/masterchem.fi\/sv\/wp-json\/wp\/v2\/product_tag?post=10991"}],"curies":[{"name":"wp","href":"https:\/\/api.w.org\/{rel}","templated":true}]}}