{"id":11020,"date":"2022-07-13T10:23:25","date_gmt":"2022-07-13T07:23:28","guid":{"rendered":"https:\/\/masterchem.fi\/?post_type=product&#038;p=11020"},"modified":"2022-07-13T10:32:32","modified_gmt":"2022-07-13T07:32:32","slug":"luftfri-vindrutsvaka-20-c","status":"publish","type":"product","link":"https:\/\/masterchem.fi\/sv\/produkt\/luftfri-vindrutsvaka-20-c\/","title":{"rendered":"LUFTFRI VINDRUTSVAKA -20 \u00b0C"},"content":{"rendered":"<p>VARNING &#8211; Brandfarlig v\u00e4tska och \u00e5nga. Giftigt vid f\u00f6rt\u00e4ring, vid hudkontakt eller inandning. Orsakar skador p\u00e5 organ.<br \/>\nF\u00f6rvara utom r\u00e4ckh\u00e5ll f\u00f6r barn. F\u00f6rvara beh\u00e5llaren v\u00e4l tillsluten. Tv\u00e4tta h\u00e4nderna noggrant efter hantering. \u00c4t, drick eller r\u00f6k inte n\u00e4r du hanterar denna produkt.<br \/>\nH\u00e5ll borta fr\u00e5n v\u00e4rme, heta ytor, gnistor, \u00f6ppen l\u00e5ga och andra ant\u00e4ndningsk\u00e4llor.<br \/>\nOM KEMIKALET HAR ANDAS IN: Flytta offret till frisk luft och h\u00e5ll i vilol\u00e4ge d\u00e4r andningen \u00e4r l\u00e4tt.<br \/>\nOM KEMISKA KONTAKTER HUD (eller h\u00e5r): Ta omedelbart av alla f\u00f6rorenade kl\u00e4der. Sk\u00f6lj huden med vatten\/dusch.<br \/>\nOM KEMIKALET HAR SV\u00c4LTS: Kontakta omedelbart ett GIFTINFORMATIONSCENTRAL eller l\u00e4kare.<\/p>\n<p><img loading=\"lazy\" decoding=\"async\" src=\"https:\/\/masterchem.ee\/wp-content\/uploads\/2022\/02\/GHSO2.jpg\" alt=\"\" width=\"100\" height=\"100\" class=\"alignnone size- full wp-image-17720\" \/> <img loading=\"lazy\" decoding=\"async\" src=\"https:\/\/masterchem.ee\/wp-content\/uploads\/2022\/01\/hazard_sign.jpg\" alt=\"\" width=\"100\" height=\"100\" class=\"alignnone size-medium wp-image-17210\"\/> <img decoding=\"async\" src=\"https:\/\/masterchem.ee\/wp-content\/uploads\/2022\/02\/GHSO6.jpg\" alt=\"\" width= \"100 \" height=\"100\" class=\"alignnone size-medium wp-image-17724\" \/><\/p>\n<p><strong style=\"color:red\">INNEH\u00c5LLER METANOL OCH 1230<\/strong><br \/>\nEAN: 4742668000324<br \/>\nSammans\u00e4ttning: metanol, ytaktiva \u00e4mnen, f\u00e4rg\u00e4mne, vatten<br \/>\nTillverkare: MASTERCHEM O\u00dc, Reg.nr.10755076, Lao 4, Maardu, 74114 Estland Tel. +37255513600<\/p>\n","protected":false},"excerpt":{"rendered":"<p><strong>LUFTFRI VINDRUTSVAKA -20 \u00b0C<\/strong><\/p>\n<p><strong style=\"color:red\">Endast f\u00f6r professionellt bruk!<\/strong><br \/>\nBilvindrutespolare f\u00f6r \u00e5rlig anv\u00e4ndning. Frys inte tv\u00e4ttsystemet upp till -20\u00b0C. Kaitseb glas \u00e4r motst\u00e5ndskraftigt mot sprickbildning och slitage. Heade pesevate s\u00e4yt\u00e4t\u00e4ga. Eemaldab tar utm\u00e4rkt bort all slags smuts och fettrester. Bildar inga irriterande filmer, varken Riku kummi eller plastmassa.<\/p>\n","protected":false},"featured_media":11043,"template":"","meta":[],"product_brand":[],"product_cat":[113,114,116,103,104,105,108,109,111],"product_tag":[150,152],"class_list":{"0":"post-11020","1":"product","2":"type-product","3":"status-publish","4":"has-post-thumbnail","6":"product_cat-vaggmalning","7":"product_cat-typografiska-kemikalier","8":"product_cat-alla-produkter","9":"product_cat-frostskydd","10":"product_cat-bil-och-maskinkemikalier","11":"product_cat-hushallskemikalier-sv","12":"product_cat-metallkemikalier","13":"product_cat-plast","14":"product_cat-trabearbetningskemikalier","15":"product_tag-kotitalouskemikaalit-sv","16":"product_tag-lasikuitu-sv","18":"first","19":"instock","20":"featured","21":"taxable","22":"shipping-taxable","23":"purchasable","24":"product-type-variable","25":"has-default-attributes","26":"rtwpvg-product"},"yoast_head":"<!-- This site is optimized with the Yoast SEO plugin v27.2 - https:\/\/yoast.com\/product\/yoast-seo-wordpress\/ -->\n<title>LUFTFRI VINDRUTSVAKA -20 \u00b0C - MasterChem | kemikaalien tuotanto ja myynti<\/title>\n<meta name=\"description\" content=\"Bilvindrutespolare f\u00f6r \u00e5rlig anv\u00e4ndning. Frys inte tv\u00e4ttsystemet upp till -20\u00b0C.\" \/>\n<meta name=\"robots\" content=\"index, follow, max-snippet:-1, max-image-preview:large, max-video-preview:-1\" \/>\n<link rel=\"canonical\" href=\"https:\/\/masterchem.fi\/sv\/produkt\/luftfri-vindrutsvaka-20-c\/\" \/>\n<meta property=\"og:locale\" content=\"sv_SE\" \/>\n<meta property=\"og:type\" content=\"article\" \/>\n<meta property=\"og:title\" content=\"LUFTFRI VINDRUTSVAKA -20 \u00b0C - MasterChem | kemikaalien tuotanto ja myynti\" \/>\n<meta property=\"og:description\" content=\"Bilvindrutespolare f\u00f6r \u00e5rlig anv\u00e4ndning. Frys inte tv\u00e4ttsystemet upp till -20\u00b0C.\" \/>\n<meta property=\"og:url\" content=\"https:\/\/masterchem.fi\/sv\/produkt\/luftfri-vindrutsvaka-20-c\/\" \/>\n<meta property=\"og:site_name\" content=\"MasterChem | kemikaalien tuotanto ja myynti\" \/>\n<meta property=\"article:modified_time\" content=\"2022-07-13T07:32:32+00:00\" \/>\n<meta property=\"og:image\" content=\"https:\/\/masterchem.fi\/wp-content\/uploads\/2022\/07\/KLAASIPESUVEDELIK_LOHNATU_-20C_1000L_MasterChem.jpg\" \/>\n\t<meta property=\"og:image:width\" content=\"700\" \/>\n\t<meta property=\"og:image:height\" content=\"700\" \/>\n\t<meta property=\"og:image:type\" content=\"image\/jpeg\" \/>\n<meta name=\"twitter:card\" content=\"summary_large_image\" \/>\n<meta name=\"twitter:label1\" content=\"Ber\u00e4knad l\u00e4stid\" \/>\n\t<meta name=\"twitter:data1\" content=\"1 minut\" \/>\n<script type=\"application\/ld+json\" class=\"yoast-schema-graph\">{\"@context\":\"https:\/\/schema.org\",\"@graph\":[{\"@type\":\"WebPage\",\"@id\":\"https:\/\/masterchem.fi\/sv\/produkt\/luftfri-vindrutsvaka-20-c\/\",\"url\":\"https:\/\/masterchem.fi\/sv\/produkt\/luftfri-vindrutsvaka-20-c\/\",\"name\":\"LUFTFRI VINDRUTSVAKA -20 \u00b0C - MasterChem | kemikaalien tuotanto ja myynti\",\"isPartOf\":{\"@id\":\"https:\/\/masterchem.fi\/sv\/#website\"},\"primaryImageOfPage\":{\"@id\":\"https:\/\/masterchem.fi\/sv\/produkt\/luftfri-vindrutsvaka-20-c\/#primaryimage\"},\"image\":{\"@id\":\"https:\/\/masterchem.fi\/sv\/produkt\/luftfri-vindrutsvaka-20-c\/#primaryimage\"},\"thumbnailUrl\":\"https:\/\/masterchem.fi\/wp-content\/uploads\/2022\/07\/KLAASIPESUVEDELIK_LOHNATU_-20C_1000L_MasterChem.jpg\",\"datePublished\":\"2022-07-13T07:23:28+00:00\",\"dateModified\":\"2022-07-13T07:32:32+00:00\",\"description\":\"Bilvindrutespolare f\u00f6r \u00e5rlig anv\u00e4ndning. Frys inte tv\u00e4ttsystemet upp till -20\u00b0C.\",\"breadcrumb\":{\"@id\":\"https:\/\/masterchem.fi\/sv\/produkt\/luftfri-vindrutsvaka-20-c\/#breadcrumb\"},\"inLanguage\":\"sv-SE\",\"potentialAction\":[{\"@type\":\"ReadAction\",\"target\":[\"https:\/\/masterchem.fi\/sv\/produkt\/luftfri-vindrutsvaka-20-c\/\"]}]},{\"@type\":\"ImageObject\",\"inLanguage\":\"sv-SE\",\"@id\":\"https:\/\/masterchem.fi\/sv\/produkt\/luftfri-vindrutsvaka-20-c\/#primaryimage\",\"url\":\"https:\/\/masterchem.fi\/wp-content\/uploads\/2022\/07\/KLAASIPESUVEDELIK_LOHNATU_-20C_1000L_MasterChem.jpg\",\"contentUrl\":\"https:\/\/masterchem.fi\/wp-content\/uploads\/2022\/07\/KLAASIPESUVEDELIK_LOHNATU_-20C_1000L_MasterChem.jpg\",\"width\":700,\"height\":700,\"caption\":\"LUFTFRI VINDRUTSVAKA -20 \u00b0C 1000L MasterChem\"},{\"@type\":\"BreadcrumbList\",\"@id\":\"https:\/\/masterchem.fi\/sv\/produkt\/luftfri-vindrutsvaka-20-c\/#breadcrumb\",\"itemListElement\":[{\"@type\":\"ListItem\",\"position\":1,\"name\":\"Home\",\"item\":\"https:\/\/masterchem.fi\/sv\/\"},{\"@type\":\"ListItem\",\"position\":2,\"name\":\"Butik\",\"item\":\"https:\/\/masterchem.fi\/sv\/butik\/\"},{\"@type\":\"ListItem\",\"position\":3,\"name\":\"LUFTFRI VINDRUTSVAKA -20 \u00b0C\"}]},{\"@type\":\"WebSite\",\"@id\":\"https:\/\/masterchem.fi\/sv\/#website\",\"url\":\"https:\/\/masterchem.fi\/sv\/\",\"name\":\"MasterChem | kemikaalien tuotanto ja myynti\",\"description\":\"kemikaalien tuotanto ja myynti\",\"potentialAction\":[{\"@type\":\"SearchAction\",\"target\":{\"@type\":\"EntryPoint\",\"urlTemplate\":\"https:\/\/masterchem.fi\/sv\/?s={search_term_string}\"},\"query-input\":{\"@type\":\"PropertyValueSpecification\",\"valueRequired\":true,\"valueName\":\"search_term_string\"}}],\"inLanguage\":\"sv-SE\"}]}<\/script>\n<!-- \/ Yoast SEO plugin. -->","yoast_head_json":{"title":"LUFTFRI VINDRUTSVAKA -20 \u00b0C - MasterChem | kemikaalien tuotanto ja myynti","description":"Bilvindrutespolare f\u00f6r \u00e5rlig anv\u00e4ndning. Frys inte tv\u00e4ttsystemet upp till -20\u00b0C.","robots":{"index":"index","follow":"follow","max-snippet":"max-snippet:-1","max-image-preview":"max-image-preview:large","max-video-preview":"max-video-preview:-1"},"canonical":"https:\/\/masterchem.fi\/sv\/produkt\/luftfri-vindrutsvaka-20-c\/","og_locale":"sv_SE","og_type":"article","og_title":"LUFTFRI VINDRUTSVAKA -20 \u00b0C - MasterChem | kemikaalien tuotanto ja myynti","og_description":"Bilvindrutespolare f\u00f6r \u00e5rlig anv\u00e4ndning. Frys inte tv\u00e4ttsystemet upp till -20\u00b0C.","og_url":"https:\/\/masterchem.fi\/sv\/produkt\/luftfri-vindrutsvaka-20-c\/","og_site_name":"MasterChem | kemikaalien tuotanto ja myynti","article_modified_time":"2022-07-13T07:32:32+00:00","og_image":[{"width":700,"height":700,"url":"https:\/\/masterchem.fi\/wp-content\/uploads\/2022\/07\/KLAASIPESUVEDELIK_LOHNATU_-20C_1000L_MasterChem.jpg","type":"image\/jpeg"}],"twitter_card":"summary_large_image","twitter_misc":{"Ber\u00e4knad l\u00e4stid":"1 minut"},"schema":{"@context":"https:\/\/schema.org","@graph":[{"@type":"WebPage","@id":"https:\/\/masterchem.fi\/sv\/produkt\/luftfri-vindrutsvaka-20-c\/","url":"https:\/\/masterchem.fi\/sv\/produkt\/luftfri-vindrutsvaka-20-c\/","name":"LUFTFRI VINDRUTSVAKA -20 \u00b0C - MasterChem | kemikaalien tuotanto ja myynti","isPartOf":{"@id":"https:\/\/masterchem.fi\/sv\/#website"},"primaryImageOfPage":{"@id":"https:\/\/masterchem.fi\/sv\/produkt\/luftfri-vindrutsvaka-20-c\/#primaryimage"},"image":{"@id":"https:\/\/masterchem.fi\/sv\/produkt\/luftfri-vindrutsvaka-20-c\/#primaryimage"},"thumbnailUrl":"https:\/\/masterchem.fi\/wp-content\/uploads\/2022\/07\/KLAASIPESUVEDELIK_LOHNATU_-20C_1000L_MasterChem.jpg","datePublished":"2022-07-13T07:23:28+00:00","dateModified":"2022-07-13T07:32:32+00:00","description":"Bilvindrutespolare f\u00f6r \u00e5rlig anv\u00e4ndning. Frys inte tv\u00e4ttsystemet upp till -20\u00b0C.","breadcrumb":{"@id":"https:\/\/masterchem.fi\/sv\/produkt\/luftfri-vindrutsvaka-20-c\/#breadcrumb"},"inLanguage":"sv-SE","potentialAction":[{"@type":"ReadAction","target":["https:\/\/masterchem.fi\/sv\/produkt\/luftfri-vindrutsvaka-20-c\/"]}]},{"@type":"ImageObject","inLanguage":"sv-SE","@id":"https:\/\/masterchem.fi\/sv\/produkt\/luftfri-vindrutsvaka-20-c\/#primaryimage","url":"https:\/\/masterchem.fi\/wp-content\/uploads\/2022\/07\/KLAASIPESUVEDELIK_LOHNATU_-20C_1000L_MasterChem.jpg","contentUrl":"https:\/\/masterchem.fi\/wp-content\/uploads\/2022\/07\/KLAASIPESUVEDELIK_LOHNATU_-20C_1000L_MasterChem.jpg","width":700,"height":700,"caption":"LUFTFRI VINDRUTSVAKA -20 \u00b0C 1000L MasterChem"},{"@type":"BreadcrumbList","@id":"https:\/\/masterchem.fi\/sv\/produkt\/luftfri-vindrutsvaka-20-c\/#breadcrumb","itemListElement":[{"@type":"ListItem","position":1,"name":"Home","item":"https:\/\/masterchem.fi\/sv\/"},{"@type":"ListItem","position":2,"name":"Butik","item":"https:\/\/masterchem.fi\/sv\/butik\/"},{"@type":"ListItem","position":3,"name":"LUFTFRI VINDRUTSVAKA -20 \u00b0C"}]},{"@type":"WebSite","@id":"https:\/\/masterchem.fi\/sv\/#website","url":"https:\/\/masterchem.fi\/sv\/","name":"MasterChem | kemikaalien tuotanto ja myynti","description":"kemikaalien tuotanto ja myynti","potentialAction":[{"@type":"SearchAction","target":{"@type":"EntryPoint","urlTemplate":"https:\/\/masterchem.fi\/sv\/?s={search_term_string}"},"query-input":{"@type":"PropertyValueSpecification","valueRequired":true,"valueName":"search_term_string"}}],"inLanguage":"sv-SE"}]}},"_links":{"self":[{"href":"https:\/\/masterchem.fi\/sv\/wp-json\/wp\/v2\/product\/11020","targetHints":{"allow":["GET"]}}],"collection":[{"href":"https:\/\/masterchem.fi\/sv\/wp-json\/wp\/v2\/product"}],"about":[{"href":"https:\/\/masterchem.fi\/sv\/wp-json\/wp\/v2\/types\/product"}],"wp:featuredmedia":[{"embeddable":true,"href":"https:\/\/masterchem.fi\/sv\/wp-json\/wp\/v2\/media\/11043"}],"wp:attachment":[{"href":"https:\/\/masterchem.fi\/sv\/wp-json\/wp\/v2\/media?parent=11020"}],"wp:term":[{"taxonomy":"product_brand","embeddable":true,"href":"https:\/\/masterchem.fi\/sv\/wp-json\/wp\/v2\/product_brand?post=11020"},{"taxonomy":"product_cat","embeddable":true,"href":"https:\/\/masterchem.fi\/sv\/wp-json\/wp\/v2\/product_cat?post=11020"},{"taxonomy":"product_tag","embeddable":true,"href":"https:\/\/masterchem.fi\/sv\/wp-json\/wp\/v2\/product_tag?post=11020"}],"curies":[{"name":"wp","href":"https:\/\/api.w.org\/{rel}","templated":true}]}}