{"id":11049,"date":"2022-07-13T11:38:51","date_gmt":"2022-07-13T08:38:52","guid":{"rendered":"https:\/\/masterchem.fi\/?post_type=product&#038;p=11049"},"modified":"2022-07-13T11:42:02","modified_gmt":"2022-07-13T08:42:02","slug":"kaliumjodid-cas-7681-11-0","status":"publish","type":"product","link":"https:\/\/masterchem.fi\/sv\/produkt\/kaliumjodid-cas-7681-11-0\/","title":{"rendered":"Kaliumjodid (CAS 7681-11-0)"},"content":{"rendered":"<p> <strong> Information<\/strong> <\/p>\n<p>Branscher: L\u00e4kemedelsindustri, Livsmedelsindustri<br \/>\nCAS: 7681-11-0<br \/>\nWE: 231-659-4<br \/>\nKemisk formel: KI<br \/>\nMolekylvikt: 166,01 g\/mol<br \/>\nTulltaxekod: 28276000<\/p>\n<p><strong>Andra fysiska egenskaper<\/strong><br \/>\npH: 7,0 &#8211; 9,5 (5%)<br \/>\nSm\u00e4lt-\/fryspunkt: 681\u00b0C<br \/>\nKokpunkt\/intervall: 1323\u00b0C (101,3 kPa)<br \/>\nL\u00f6slighet i vatten: ~1429 g\/l (25\u00b0C)<\/p>\n","protected":false},"excerpt":{"rendered":"<p><strong>Kaliumjodid (CAS 7681-11-0)<\/strong><\/p>\n<p>Kaliumjodid (KI) \u00e4r en f\u00f6rening av kalium och jod, ett f\u00e4rgl\u00f6st salt som best\u00e5r av positiva kaliumjoner, K+ och negativa jodidjoner (I-). Det \u00e4r den kommersiellt viktigaste jodf\u00f6reningen och 1985 producerades 37 000 ton. Det \u00e4r mindre hygroskopiskt \u00e4n natriumjodid, vilket g\u00f6r det l\u00e4ttare att hantera. Med tiden blir kaliumjodidproverna gula eftersom en del av jodidjonerna oxideras till fritt jod.<\/p>\n","protected":false},"featured_media":11052,"template":"","meta":[],"product_brand":[],"product_cat":[171,106,116],"product_tag":[],"class_list":{"0":"post-11049","1":"product","2":"type-product","3":"status-publish","4":"has-post-thumbnail","6":"product_cat-livsmedelsindustrin","7":"product_cat-lakemedelsindustri","8":"product_cat-alla-produkter","10":"first","11":"outofstock","12":"taxable","13":"shipping-taxable","14":"purchasable","15":"product-type-variable","16":"has-default-attributes","17":"rtwpvg-product"},"yoast_head":"<!-- This site is optimized with the Yoast SEO plugin v27.5 - https:\/\/yoast.com\/product\/yoast-seo-wordpress\/ -->\n<title>Kaliumjodid (CAS 7681-11-0) - MasterChem | kemikaalien tuotanto ja myynti<\/title>\n<meta name=\"description\" content=\"Kaliumjodid (KI) \u00e4r en f\u00f6rening av kalium och jod, ett f\u00e4rgl\u00f6st salt som best\u00e5r av positiva kaliumjoner, K+, och negativa jodidjoner (I-).\" \/>\n<meta name=\"robots\" content=\"index, follow, max-snippet:-1, max-image-preview:large, max-video-preview:-1\" \/>\n<link rel=\"canonical\" href=\"https:\/\/masterchem.fi\/sv\/produkt\/kaliumjodid-cas-7681-11-0\/\" \/>\n<meta property=\"og:locale\" content=\"sv_SE\" \/>\n<meta property=\"og:type\" content=\"article\" \/>\n<meta property=\"og:title\" content=\"Kaliumjodid (CAS 7681-11-0) - MasterChem | kemikaalien tuotanto ja myynti\" \/>\n<meta property=\"og:description\" content=\"Kaliumjodid (KI) \u00e4r en f\u00f6rening av kalium och jod, ett f\u00e4rgl\u00f6st salt som best\u00e5r av positiva kaliumjoner, K+, och negativa jodidjoner (I-).\" \/>\n<meta property=\"og:url\" content=\"https:\/\/masterchem.fi\/sv\/produkt\/kaliumjodid-cas-7681-11-0\/\" \/>\n<meta property=\"og:site_name\" content=\"MasterChem | kemikaalien tuotanto ja myynti\" \/>\n<meta property=\"article:modified_time\" content=\"2022-07-13T08:42:02+00:00\" \/>\n<meta property=\"og:image\" content=\"https:\/\/masterchem.fi\/wp-content\/uploads\/2022\/07\/kaaliumjodiid-25kg-MasterChem.jpg\" \/>\n\t<meta property=\"og:image:width\" content=\"1000\" \/>\n\t<meta property=\"og:image:height\" content=\"1000\" \/>\n\t<meta property=\"og:image:type\" content=\"image\/jpeg\" \/>\n<meta name=\"twitter:card\" content=\"summary_large_image\" \/>\n<script type=\"application\/ld+json\" class=\"yoast-schema-graph\">{\"@context\":\"https:\\\/\\\/schema.org\",\"@graph\":[{\"@type\":\"WebPage\",\"@id\":\"https:\\\/\\\/masterchem.fi\\\/sv\\\/produkt\\\/kaliumjodid-cas-7681-11-0\\\/\",\"url\":\"https:\\\/\\\/masterchem.fi\\\/sv\\\/produkt\\\/kaliumjodid-cas-7681-11-0\\\/\",\"name\":\"Kaliumjodid (CAS 7681-11-0) - MasterChem | kemikaalien tuotanto ja myynti\",\"isPartOf\":{\"@id\":\"https:\\\/\\\/masterchem.fi\\\/sv\\\/#website\"},\"primaryImageOfPage\":{\"@id\":\"https:\\\/\\\/masterchem.fi\\\/sv\\\/produkt\\\/kaliumjodid-cas-7681-11-0\\\/#primaryimage\"},\"image\":{\"@id\":\"https:\\\/\\\/masterchem.fi\\\/sv\\\/produkt\\\/kaliumjodid-cas-7681-11-0\\\/#primaryimage\"},\"thumbnailUrl\":\"https:\\\/\\\/masterchem.fi\\\/wp-content\\\/uploads\\\/2022\\\/07\\\/kaaliumjodiid-25kg-MasterChem.jpg\",\"datePublished\":\"2022-07-13T08:38:52+00:00\",\"dateModified\":\"2022-07-13T08:42:02+00:00\",\"description\":\"Kaliumjodid (KI) \u00e4r en f\u00f6rening av kalium och jod, ett f\u00e4rgl\u00f6st salt som best\u00e5r av positiva kaliumjoner, K+, och negativa jodidjoner (I-).\",\"breadcrumb\":{\"@id\":\"https:\\\/\\\/masterchem.fi\\\/sv\\\/produkt\\\/kaliumjodid-cas-7681-11-0\\\/#breadcrumb\"},\"inLanguage\":\"sv-SE\",\"potentialAction\":[{\"@type\":\"ReadAction\",\"target\":[\"https:\\\/\\\/masterchem.fi\\\/sv\\\/produkt\\\/kaliumjodid-cas-7681-11-0\\\/\"]}]},{\"@type\":\"ImageObject\",\"inLanguage\":\"sv-SE\",\"@id\":\"https:\\\/\\\/masterchem.fi\\\/sv\\\/produkt\\\/kaliumjodid-cas-7681-11-0\\\/#primaryimage\",\"url\":\"https:\\\/\\\/masterchem.fi\\\/wp-content\\\/uploads\\\/2022\\\/07\\\/kaaliumjodiid-25kg-MasterChem.jpg\",\"contentUrl\":\"https:\\\/\\\/masterchem.fi\\\/wp-content\\\/uploads\\\/2022\\\/07\\\/kaaliumjodiid-25kg-MasterChem.jpg\",\"width\":1000,\"height\":1000,\"caption\":\"Kaliumjodid (CAS 7681-11-0) 25kg MasterChem\"},{\"@type\":\"BreadcrumbList\",\"@id\":\"https:\\\/\\\/masterchem.fi\\\/sv\\\/produkt\\\/kaliumjodid-cas-7681-11-0\\\/#breadcrumb\",\"itemListElement\":[{\"@type\":\"ListItem\",\"position\":1,\"name\":\"Home\",\"item\":\"https:\\\/\\\/masterchem.fi\\\/sv\\\/\"},{\"@type\":\"ListItem\",\"position\":2,\"name\":\"Butik\",\"item\":\"https:\\\/\\\/masterchem.fi\\\/sv\\\/butik\\\/\"},{\"@type\":\"ListItem\",\"position\":3,\"name\":\"Kaliumjodid (CAS 7681-11-0)\"}]},{\"@type\":\"WebSite\",\"@id\":\"https:\\\/\\\/masterchem.fi\\\/sv\\\/#website\",\"url\":\"https:\\\/\\\/masterchem.fi\\\/sv\\\/\",\"name\":\"MasterChem | kemikaalien tuotanto ja myynti\",\"description\":\"kemikaalien tuotanto ja myynti\",\"potentialAction\":[{\"@type\":\"SearchAction\",\"target\":{\"@type\":\"EntryPoint\",\"urlTemplate\":\"https:\\\/\\\/masterchem.fi\\\/sv\\\/?s={search_term_string}\"},\"query-input\":{\"@type\":\"PropertyValueSpecification\",\"valueRequired\":true,\"valueName\":\"search_term_string\"}}],\"inLanguage\":\"sv-SE\"}]}<\/script>\n<!-- \/ Yoast SEO plugin. -->","yoast_head_json":{"title":"Kaliumjodid (CAS 7681-11-0) - MasterChem | kemikaalien tuotanto ja myynti","description":"Kaliumjodid (KI) \u00e4r en f\u00f6rening av kalium och jod, ett f\u00e4rgl\u00f6st salt som best\u00e5r av positiva kaliumjoner, K+, och negativa jodidjoner (I-).","robots":{"index":"index","follow":"follow","max-snippet":"max-snippet:-1","max-image-preview":"max-image-preview:large","max-video-preview":"max-video-preview:-1"},"canonical":"https:\/\/masterchem.fi\/sv\/produkt\/kaliumjodid-cas-7681-11-0\/","og_locale":"sv_SE","og_type":"article","og_title":"Kaliumjodid (CAS 7681-11-0) - MasterChem | kemikaalien tuotanto ja myynti","og_description":"Kaliumjodid (KI) \u00e4r en f\u00f6rening av kalium och jod, ett f\u00e4rgl\u00f6st salt som best\u00e5r av positiva kaliumjoner, K+, och negativa jodidjoner (I-).","og_url":"https:\/\/masterchem.fi\/sv\/produkt\/kaliumjodid-cas-7681-11-0\/","og_site_name":"MasterChem | kemikaalien tuotanto ja myynti","article_modified_time":"2022-07-13T08:42:02+00:00","og_image":[{"width":1000,"height":1000,"url":"https:\/\/masterchem.fi\/wp-content\/uploads\/2022\/07\/kaaliumjodiid-25kg-MasterChem.jpg","type":"image\/jpeg"}],"twitter_card":"summary_large_image","schema":{"@context":"https:\/\/schema.org","@graph":[{"@type":"WebPage","@id":"https:\/\/masterchem.fi\/sv\/produkt\/kaliumjodid-cas-7681-11-0\/","url":"https:\/\/masterchem.fi\/sv\/produkt\/kaliumjodid-cas-7681-11-0\/","name":"Kaliumjodid (CAS 7681-11-0) - MasterChem | kemikaalien tuotanto ja myynti","isPartOf":{"@id":"https:\/\/masterchem.fi\/sv\/#website"},"primaryImageOfPage":{"@id":"https:\/\/masterchem.fi\/sv\/produkt\/kaliumjodid-cas-7681-11-0\/#primaryimage"},"image":{"@id":"https:\/\/masterchem.fi\/sv\/produkt\/kaliumjodid-cas-7681-11-0\/#primaryimage"},"thumbnailUrl":"https:\/\/masterchem.fi\/wp-content\/uploads\/2022\/07\/kaaliumjodiid-25kg-MasterChem.jpg","datePublished":"2022-07-13T08:38:52+00:00","dateModified":"2022-07-13T08:42:02+00:00","description":"Kaliumjodid (KI) \u00e4r en f\u00f6rening av kalium och jod, ett f\u00e4rgl\u00f6st salt som best\u00e5r av positiva kaliumjoner, K+, och negativa jodidjoner (I-).","breadcrumb":{"@id":"https:\/\/masterchem.fi\/sv\/produkt\/kaliumjodid-cas-7681-11-0\/#breadcrumb"},"inLanguage":"sv-SE","potentialAction":[{"@type":"ReadAction","target":["https:\/\/masterchem.fi\/sv\/produkt\/kaliumjodid-cas-7681-11-0\/"]}]},{"@type":"ImageObject","inLanguage":"sv-SE","@id":"https:\/\/masterchem.fi\/sv\/produkt\/kaliumjodid-cas-7681-11-0\/#primaryimage","url":"https:\/\/masterchem.fi\/wp-content\/uploads\/2022\/07\/kaaliumjodiid-25kg-MasterChem.jpg","contentUrl":"https:\/\/masterchem.fi\/wp-content\/uploads\/2022\/07\/kaaliumjodiid-25kg-MasterChem.jpg","width":1000,"height":1000,"caption":"Kaliumjodid (CAS 7681-11-0) 25kg MasterChem"},{"@type":"BreadcrumbList","@id":"https:\/\/masterchem.fi\/sv\/produkt\/kaliumjodid-cas-7681-11-0\/#breadcrumb","itemListElement":[{"@type":"ListItem","position":1,"name":"Home","item":"https:\/\/masterchem.fi\/sv\/"},{"@type":"ListItem","position":2,"name":"Butik","item":"https:\/\/masterchem.fi\/sv\/butik\/"},{"@type":"ListItem","position":3,"name":"Kaliumjodid (CAS 7681-11-0)"}]},{"@type":"WebSite","@id":"https:\/\/masterchem.fi\/sv\/#website","url":"https:\/\/masterchem.fi\/sv\/","name":"MasterChem | kemikaalien tuotanto ja myynti","description":"kemikaalien tuotanto ja myynti","potentialAction":[{"@type":"SearchAction","target":{"@type":"EntryPoint","urlTemplate":"https:\/\/masterchem.fi\/sv\/?s={search_term_string}"},"query-input":{"@type":"PropertyValueSpecification","valueRequired":true,"valueName":"search_term_string"}}],"inLanguage":"sv-SE"}]}},"_links":{"self":[{"href":"https:\/\/masterchem.fi\/sv\/wp-json\/wp\/v2\/product\/11049","targetHints":{"allow":["GET"]}}],"collection":[{"href":"https:\/\/masterchem.fi\/sv\/wp-json\/wp\/v2\/product"}],"about":[{"href":"https:\/\/masterchem.fi\/sv\/wp-json\/wp\/v2\/types\/product"}],"wp:featuredmedia":[{"embeddable":true,"href":"https:\/\/masterchem.fi\/sv\/wp-json\/wp\/v2\/media\/11052"}],"wp:attachment":[{"href":"https:\/\/masterchem.fi\/sv\/wp-json\/wp\/v2\/media?parent=11049"}],"wp:term":[{"taxonomy":"product_brand","embeddable":true,"href":"https:\/\/masterchem.fi\/sv\/wp-json\/wp\/v2\/product_brand?post=11049"},{"taxonomy":"product_cat","embeddable":true,"href":"https:\/\/masterchem.fi\/sv\/wp-json\/wp\/v2\/product_cat?post=11049"},{"taxonomy":"product_tag","embeddable":true,"href":"https:\/\/masterchem.fi\/sv\/wp-json\/wp\/v2\/product_tag?post=11049"}],"curies":[{"name":"wp","href":"https:\/\/api.w.org\/{rel}","templated":true}]}}