{"id":11064,"date":"2022-07-13T11:49:59","date_gmt":"2022-07-13T08:49:59","guid":{"rendered":"https:\/\/masterchem.fi\/?post_type=product&#038;p=11064"},"modified":"2022-07-13T11:54:41","modified_gmt":"2022-07-13T08:54:41","slug":"mononatriumglutamatmonohydrat-cas-142-47-2","status":"publish","type":"product","link":"https:\/\/masterchem.fi\/sv\/produkt\/mononatriumglutamatmonohydrat-cas-142-47-2\/","title":{"rendered":"Mononatriumglutamatmonohydrat (CAS 142-47-2)"},"content":{"rendered":"<p> <strong> Information<\/strong> <\/p>\n<p>Bransch: livsmedelsindustri<br \/>\nCAS: 142-47-2<br \/>\nWE: 205-538-1<br \/>\nKemisk formel: C5H8NO4\u00b7Na<br \/>\nMolekylvikt: 169,11 g\/mol<br \/>\nTulltaxekod: 29224200<\/p>\n<p><strong>Andra fysiska egenskaper<\/strong><br \/>\npH: 6,7-7,2 (2%)<br \/>\nSm\u00e4lt-\/fryspunkt: 225 &#8211; 240\u00b0C<br \/>\nRelativ densitet: 2,66 g\/cm3 (20\u00b0C)<\/p>\n","protected":false},"excerpt":{"rendered":"<p><strong>Natriumglutamatmonohydrat (CAS 142-47-2)<\/strong><\/p>\n<p>L-(+)natriumglutamat (mononatrium-L-glutamat, MSG) har en unik smak k\u00e4nd som &#8220;umami&#8221; som skiljer sig fr\u00e5n de fyra grundsmakerna: s\u00f6tt, salt, surt och bittert.<br \/ ><br \/>\nMSG anv\u00e4nds i stora m\u00e4ngder som smakf\u00f6rst\u00e4rkare \u00f6ver hela v\u00e4rlden. MSG \u00e4r inte en direkt smakf\u00f6rst\u00e4rkare, utan en komplex smakf\u00f6rst\u00e4rkare f\u00f6r s\u00e5ser, k\u00f6tt, f\u00e5gel, s\u00e5ser och andra kombinationer. MSG anv\u00e4nds ocks\u00e5 f\u00f6r att f\u00f6rb\u00e4ttra smaken av tobak och f\u00f6r att behandla leverkoma. Som ett aminosyrasalt \u00e4r MSG ocks\u00e5 s\u00e4kert vid anv\u00e4ndning och koncentration av kosmetika, s\u00e5som hudv\u00e5rdsprodukter.<\/p>\n","protected":false},"featured_media":11067,"template":"","meta":[],"product_brand":[],"product_cat":[116,171],"product_tag":[],"class_list":{"0":"post-11064","1":"product","2":"type-product","3":"status-publish","4":"has-post-thumbnail","6":"product_cat-alla-produkter","7":"product_cat-livsmedelsindustrin","9":"first","10":"outofstock","11":"taxable","12":"shipping-taxable","13":"purchasable","14":"product-type-variable","15":"has-default-attributes","16":"rtwpvg-product"},"yoast_head":"<!-- This site is optimized with the Yoast SEO plugin v27.5 - https:\/\/yoast.com\/product\/yoast-seo-wordpress\/ -->\n<title>Mononatriumglutamatmonohydrat (CAS 142-47-2) - MasterChem | kemikaalien tuotanto ja myynti<\/title>\n<meta name=\"description\" content=\"L-(+)mononatriumglutamat (mononatrium-L-glutamat, MSG) har en unik smak som kallas &quot;umami&quot;, som skiljer sig fr\u00e5n de fyra grundsmakerna: s\u00f6tt, salt, surt och bittert.\" \/>\n<meta name=\"robots\" content=\"index, follow, max-snippet:-1, max-image-preview:large, max-video-preview:-1\" \/>\n<link rel=\"canonical\" href=\"https:\/\/masterchem.fi\/sv\/produkt\/mononatriumglutamatmonohydrat-cas-142-47-2\/\" \/>\n<meta property=\"og:locale\" content=\"sv_SE\" \/>\n<meta property=\"og:type\" content=\"article\" \/>\n<meta property=\"og:title\" content=\"Mononatriumglutamatmonohydrat (CAS 142-47-2) - MasterChem | kemikaalien tuotanto ja myynti\" \/>\n<meta property=\"og:description\" content=\"L-(+)mononatriumglutamat (mononatrium-L-glutamat, MSG) har en unik smak som kallas &quot;umami&quot;, som skiljer sig fr\u00e5n de fyra grundsmakerna: s\u00f6tt, salt, surt och bittert.\" \/>\n<meta property=\"og:url\" content=\"https:\/\/masterchem.fi\/sv\/produkt\/mononatriumglutamatmonohydrat-cas-142-47-2\/\" \/>\n<meta property=\"og:site_name\" content=\"MasterChem | kemikaalien tuotanto ja myynti\" \/>\n<meta property=\"article:modified_time\" content=\"2022-07-13T08:54:41+00:00\" \/>\n<meta property=\"og:image\" content=\"https:\/\/masterchem.fi\/wp-content\/uploads\/2022\/07\/Naatriumglutamaadi-monohudraat-25kg-MasterChem.jpg\" \/>\n\t<meta property=\"og:image:width\" content=\"1000\" \/>\n\t<meta property=\"og:image:height\" content=\"1000\" \/>\n\t<meta property=\"og:image:type\" content=\"image\/jpeg\" \/>\n<meta name=\"twitter:card\" content=\"summary_large_image\" \/>\n<script type=\"application\/ld+json\" class=\"yoast-schema-graph\">{\"@context\":\"https:\\\/\\\/schema.org\",\"@graph\":[{\"@type\":\"WebPage\",\"@id\":\"https:\\\/\\\/masterchem.fi\\\/sv\\\/produkt\\\/mononatriumglutamatmonohydrat-cas-142-47-2\\\/\",\"url\":\"https:\\\/\\\/masterchem.fi\\\/sv\\\/produkt\\\/mononatriumglutamatmonohydrat-cas-142-47-2\\\/\",\"name\":\"Mononatriumglutamatmonohydrat (CAS 142-47-2) - MasterChem | kemikaalien tuotanto ja myynti\",\"isPartOf\":{\"@id\":\"https:\\\/\\\/masterchem.fi\\\/sv\\\/#website\"},\"primaryImageOfPage\":{\"@id\":\"https:\\\/\\\/masterchem.fi\\\/sv\\\/produkt\\\/mononatriumglutamatmonohydrat-cas-142-47-2\\\/#primaryimage\"},\"image\":{\"@id\":\"https:\\\/\\\/masterchem.fi\\\/sv\\\/produkt\\\/mononatriumglutamatmonohydrat-cas-142-47-2\\\/#primaryimage\"},\"thumbnailUrl\":\"https:\\\/\\\/masterchem.fi\\\/wp-content\\\/uploads\\\/2022\\\/07\\\/Naatriumglutamaadi-monohudraat-25kg-MasterChem.jpg\",\"datePublished\":\"2022-07-13T08:49:59+00:00\",\"dateModified\":\"2022-07-13T08:54:41+00:00\",\"description\":\"L-(+)mononatriumglutamat (mononatrium-L-glutamat, MSG) har en unik smak som kallas \\\"umami\\\", som skiljer sig fr\u00e5n de fyra grundsmakerna: s\u00f6tt, salt, surt och bittert.\",\"breadcrumb\":{\"@id\":\"https:\\\/\\\/masterchem.fi\\\/sv\\\/produkt\\\/mononatriumglutamatmonohydrat-cas-142-47-2\\\/#breadcrumb\"},\"inLanguage\":\"sv-SE\",\"potentialAction\":[{\"@type\":\"ReadAction\",\"target\":[\"https:\\\/\\\/masterchem.fi\\\/sv\\\/produkt\\\/mononatriumglutamatmonohydrat-cas-142-47-2\\\/\"]}]},{\"@type\":\"ImageObject\",\"inLanguage\":\"sv-SE\",\"@id\":\"https:\\\/\\\/masterchem.fi\\\/sv\\\/produkt\\\/mononatriumglutamatmonohydrat-cas-142-47-2\\\/#primaryimage\",\"url\":\"https:\\\/\\\/masterchem.fi\\\/wp-content\\\/uploads\\\/2022\\\/07\\\/Naatriumglutamaadi-monohudraat-25kg-MasterChem.jpg\",\"contentUrl\":\"https:\\\/\\\/masterchem.fi\\\/wp-content\\\/uploads\\\/2022\\\/07\\\/Naatriumglutamaadi-monohudraat-25kg-MasterChem.jpg\",\"width\":1000,\"height\":1000,\"caption\":\"Mononatriumglutamatmonohydrat (CAS 142-47-2) 25kg MasterChem\"},{\"@type\":\"BreadcrumbList\",\"@id\":\"https:\\\/\\\/masterchem.fi\\\/sv\\\/produkt\\\/mononatriumglutamatmonohydrat-cas-142-47-2\\\/#breadcrumb\",\"itemListElement\":[{\"@type\":\"ListItem\",\"position\":1,\"name\":\"Home\",\"item\":\"https:\\\/\\\/masterchem.fi\\\/sv\\\/\"},{\"@type\":\"ListItem\",\"position\":2,\"name\":\"Butik\",\"item\":\"https:\\\/\\\/masterchem.fi\\\/sv\\\/butik\\\/\"},{\"@type\":\"ListItem\",\"position\":3,\"name\":\"Mononatriumglutamatmonohydrat (CAS 142-47-2)\"}]},{\"@type\":\"WebSite\",\"@id\":\"https:\\\/\\\/masterchem.fi\\\/sv\\\/#website\",\"url\":\"https:\\\/\\\/masterchem.fi\\\/sv\\\/\",\"name\":\"MasterChem | kemikaalien tuotanto ja myynti\",\"description\":\"kemikaalien tuotanto ja myynti\",\"potentialAction\":[{\"@type\":\"SearchAction\",\"target\":{\"@type\":\"EntryPoint\",\"urlTemplate\":\"https:\\\/\\\/masterchem.fi\\\/sv\\\/?s={search_term_string}\"},\"query-input\":{\"@type\":\"PropertyValueSpecification\",\"valueRequired\":true,\"valueName\":\"search_term_string\"}}],\"inLanguage\":\"sv-SE\"}]}<\/script>\n<!-- \/ Yoast SEO plugin. -->","yoast_head_json":{"title":"Mononatriumglutamatmonohydrat (CAS 142-47-2) - MasterChem | kemikaalien tuotanto ja myynti","description":"L-(+)mononatriumglutamat (mononatrium-L-glutamat, MSG) har en unik smak som kallas \"umami\", som skiljer sig fr\u00e5n de fyra grundsmakerna: s\u00f6tt, salt, surt och bittert.","robots":{"index":"index","follow":"follow","max-snippet":"max-snippet:-1","max-image-preview":"max-image-preview:large","max-video-preview":"max-video-preview:-1"},"canonical":"https:\/\/masterchem.fi\/sv\/produkt\/mononatriumglutamatmonohydrat-cas-142-47-2\/","og_locale":"sv_SE","og_type":"article","og_title":"Mononatriumglutamatmonohydrat (CAS 142-47-2) - MasterChem | kemikaalien tuotanto ja myynti","og_description":"L-(+)mononatriumglutamat (mononatrium-L-glutamat, MSG) har en unik smak som kallas \"umami\", som skiljer sig fr\u00e5n de fyra grundsmakerna: s\u00f6tt, salt, surt och bittert.","og_url":"https:\/\/masterchem.fi\/sv\/produkt\/mononatriumglutamatmonohydrat-cas-142-47-2\/","og_site_name":"MasterChem | kemikaalien tuotanto ja myynti","article_modified_time":"2022-07-13T08:54:41+00:00","og_image":[{"width":1000,"height":1000,"url":"https:\/\/masterchem.fi\/wp-content\/uploads\/2022\/07\/Naatriumglutamaadi-monohudraat-25kg-MasterChem.jpg","type":"image\/jpeg"}],"twitter_card":"summary_large_image","schema":{"@context":"https:\/\/schema.org","@graph":[{"@type":"WebPage","@id":"https:\/\/masterchem.fi\/sv\/produkt\/mononatriumglutamatmonohydrat-cas-142-47-2\/","url":"https:\/\/masterchem.fi\/sv\/produkt\/mononatriumglutamatmonohydrat-cas-142-47-2\/","name":"Mononatriumglutamatmonohydrat (CAS 142-47-2) - MasterChem | kemikaalien tuotanto ja myynti","isPartOf":{"@id":"https:\/\/masterchem.fi\/sv\/#website"},"primaryImageOfPage":{"@id":"https:\/\/masterchem.fi\/sv\/produkt\/mononatriumglutamatmonohydrat-cas-142-47-2\/#primaryimage"},"image":{"@id":"https:\/\/masterchem.fi\/sv\/produkt\/mononatriumglutamatmonohydrat-cas-142-47-2\/#primaryimage"},"thumbnailUrl":"https:\/\/masterchem.fi\/wp-content\/uploads\/2022\/07\/Naatriumglutamaadi-monohudraat-25kg-MasterChem.jpg","datePublished":"2022-07-13T08:49:59+00:00","dateModified":"2022-07-13T08:54:41+00:00","description":"L-(+)mononatriumglutamat (mononatrium-L-glutamat, MSG) har en unik smak som kallas \"umami\", som skiljer sig fr\u00e5n de fyra grundsmakerna: s\u00f6tt, salt, surt och bittert.","breadcrumb":{"@id":"https:\/\/masterchem.fi\/sv\/produkt\/mononatriumglutamatmonohydrat-cas-142-47-2\/#breadcrumb"},"inLanguage":"sv-SE","potentialAction":[{"@type":"ReadAction","target":["https:\/\/masterchem.fi\/sv\/produkt\/mononatriumglutamatmonohydrat-cas-142-47-2\/"]}]},{"@type":"ImageObject","inLanguage":"sv-SE","@id":"https:\/\/masterchem.fi\/sv\/produkt\/mononatriumglutamatmonohydrat-cas-142-47-2\/#primaryimage","url":"https:\/\/masterchem.fi\/wp-content\/uploads\/2022\/07\/Naatriumglutamaadi-monohudraat-25kg-MasterChem.jpg","contentUrl":"https:\/\/masterchem.fi\/wp-content\/uploads\/2022\/07\/Naatriumglutamaadi-monohudraat-25kg-MasterChem.jpg","width":1000,"height":1000,"caption":"Mononatriumglutamatmonohydrat (CAS 142-47-2) 25kg MasterChem"},{"@type":"BreadcrumbList","@id":"https:\/\/masterchem.fi\/sv\/produkt\/mononatriumglutamatmonohydrat-cas-142-47-2\/#breadcrumb","itemListElement":[{"@type":"ListItem","position":1,"name":"Home","item":"https:\/\/masterchem.fi\/sv\/"},{"@type":"ListItem","position":2,"name":"Butik","item":"https:\/\/masterchem.fi\/sv\/butik\/"},{"@type":"ListItem","position":3,"name":"Mononatriumglutamatmonohydrat (CAS 142-47-2)"}]},{"@type":"WebSite","@id":"https:\/\/masterchem.fi\/sv\/#website","url":"https:\/\/masterchem.fi\/sv\/","name":"MasterChem | kemikaalien tuotanto ja myynti","description":"kemikaalien tuotanto ja myynti","potentialAction":[{"@type":"SearchAction","target":{"@type":"EntryPoint","urlTemplate":"https:\/\/masterchem.fi\/sv\/?s={search_term_string}"},"query-input":{"@type":"PropertyValueSpecification","valueRequired":true,"valueName":"search_term_string"}}],"inLanguage":"sv-SE"}]}},"_links":{"self":[{"href":"https:\/\/masterchem.fi\/sv\/wp-json\/wp\/v2\/product\/11064","targetHints":{"allow":["GET"]}}],"collection":[{"href":"https:\/\/masterchem.fi\/sv\/wp-json\/wp\/v2\/product"}],"about":[{"href":"https:\/\/masterchem.fi\/sv\/wp-json\/wp\/v2\/types\/product"}],"wp:featuredmedia":[{"embeddable":true,"href":"https:\/\/masterchem.fi\/sv\/wp-json\/wp\/v2\/media\/11067"}],"wp:attachment":[{"href":"https:\/\/masterchem.fi\/sv\/wp-json\/wp\/v2\/media?parent=11064"}],"wp:term":[{"taxonomy":"product_brand","embeddable":true,"href":"https:\/\/masterchem.fi\/sv\/wp-json\/wp\/v2\/product_brand?post=11064"},{"taxonomy":"product_cat","embeddable":true,"href":"https:\/\/masterchem.fi\/sv\/wp-json\/wp\/v2\/product_cat?post=11064"},{"taxonomy":"product_tag","embeddable":true,"href":"https:\/\/masterchem.fi\/sv\/wp-json\/wp\/v2\/product_tag?post=11064"}],"curies":[{"name":"wp","href":"https:\/\/api.w.org\/{rel}","templated":true}]}}